{"id":9613,"date":"2022-07-14T15:06:26","date_gmt":"2022-07-14T14:06:26","guid":{"rendered":"https:\/\/ssl.ma\/product\/sectigo-ov-ssl-multi-domain-ucc\/"},"modified":"2024-11-29T21:50:46","modified_gmt":"2024-11-29T20:50:46","slug":"sectigo-ov-ssl-multi-domain-ucc","status":"publish","type":"product","link":"https:\/\/ssl.ma\/en\/product\/sectigo-ov-ssl-multi-domain-ucc\/","title":{"rendered":"Sectigo OV Multi-Domain\/UCC"},"content":{"rendered":"<p>Le certificat Sectigo <strong>OV SSL Multi-Domain\/UCC<\/strong> est une option <strong>SSL\/TLS<\/strong> souple et abordable, id\u00e9ale pour les intranets d&#8217;entreprise et les connexions r\u00e9alis\u00e9es derri\u00e8re des pare-feu r\u00e9seau.<br \/>\nEssentiellement, l\u00e0 o\u00f9 il ne serait pas logique d&#8217;opter pour un certificat EV. Les certificats Sectigo<strong> OV SSL Multi-Domain\/UCC<\/strong> fonctionnent sur tous les types de serveurs, y compris les serveurs Microsoft Exchange et Office Communications.<br \/>\nTous les certificats <strong>SSL\/TLS Sectigo<\/strong> r\u00e9pondent ou d\u00e9passent les normes de l&#8217;industrie en mati\u00e8re de chiffrement et sont accompagn\u00e9s de garanties g\u00e9n\u00e9reuses ainsi que d&#8217;une garantie de remboursement de <strong>30 jours<\/strong>.<br \/>\nEt surtout, vous pouvez \u00e9conomiser du temps et de l&#8217;argent en chiffrant jusqu&#8217;\u00e0 <strong>250 domaines<\/strong> diff\u00e9rents avec un seul certificat.<\/p>\n","protected":false},"excerpt":{"rendered":"<p>Le certificat Sectigo OV SSL Multi-Domain\/UCC est une option SSL\/TLS souple et abordable, id\u00e9ale pour les intranets d&#8217;entreprise et les connexions r\u00e9alis\u00e9es derri\u00e8re des pare-feu r\u00e9seau. Essentiellement, l\u00e0 o\u00f9 il ne serait pas logique d&#8217;opter pour un certificat EV. Les certificats Sectigo OV SSL Multi-Domain\/UCC fonctionnent sur tous les types de serveurs, y compris les serveurs Microsoft Exchange et Office Communications. Tous les certificats SSL\/TLS Sectigo r\u00e9pondent ou d\u00e9passent les normes de l&#8217;industrie en mati\u00e8re [&hellip;]<\/p>\n","protected":false},"featured_media":6211,"template":"","meta":{"_acf_changed":false},"product_brand":[],"product_cat":[121,148],"product_tag":[],"class_list":{"0":"post-9613","1":"product","2":"type-product","3":"status-publish","4":"has-post-thumbnail","6":"product_cat-ssl-ov-morocco","7":"product_cat-ssl-ucc-microsoft-exchange-morocco","9":"first","10":"instock","11":"shipping-taxable","12":"purchasable","13":"product-type-variable","14":"has-default-attributes"},"acf":[],"yoast_head":"<!-- This site is optimized with the Yoast SEO plugin v27.4 - https:\/\/yoast.com\/product\/yoast-seo-wordpress\/ -->\n<title>Sectigo OV Multi-Domain\/UCC - Certificat Ssl Maroc SECTIGO Maroc GEOTRUST Maroc DIGICERT Maroc<\/title>\n<meta name=\"robots\" content=\"index, follow, max-snippet:-1, max-image-preview:large, max-video-preview:-1\" \/>\n<link rel=\"canonical\" href=\"https:\/\/ssl.ma\/en\/product\/sectigo-ov-ssl-multi-domain-ucc\/\" \/>\n<meta property=\"og:locale\" content=\"en_US\" \/>\n<meta property=\"og:type\" content=\"article\" \/>\n<meta property=\"og:title\" content=\"Sectigo OV Multi-Domain\/UCC - Certificat Ssl Maroc SECTIGO Maroc GEOTRUST Maroc DIGICERT Maroc\" \/>\n<meta property=\"og:description\" content=\"Le certificat Sectigo OV SSL Multi-Domain\/UCC est une option SSL\/TLS souple et abordable, id\u00e9ale pour les intranets d&#8217;entreprise et les connexions r\u00e9alis\u00e9es derri\u00e8re des pare-feu r\u00e9seau. Essentiellement, l\u00e0 o\u00f9 il ne serait pas logique d&#8217;opter pour un certificat EV. Les certificats Sectigo OV SSL Multi-Domain\/UCC fonctionnent sur tous les types de serveurs, y compris les serveurs Microsoft Exchange et Office Communications. Tous les certificats SSL\/TLS Sectigo r\u00e9pondent ou d\u00e9passent les normes de l&#8217;industrie en mati\u00e8re [&hellip;]\" \/>\n<meta property=\"og:url\" content=\"https:\/\/ssl.ma\/en\/product\/sectigo-ov-ssl-multi-domain-ucc\/\" \/>\n<meta property=\"og:site_name\" content=\"Certificat Ssl Maroc SECTIGO Maroc GEOTRUST Maroc DIGICERT Maroc\" \/>\n<meta property=\"article:publisher\" content=\"https:\/\/web.facebook.com\/HeberDomaine?_rdc=1&amp;_rdr\" \/>\n<meta property=\"article:modified_time\" content=\"2024-11-29T20:50:46+00:00\" \/>\n<meta property=\"og:image\" content=\"https:\/\/ssl.ma\/wp-content\/uploads\/2022\/07\/brand-sectigo2.jpg\" \/>\n\t<meta property=\"og:image:width\" content=\"1280\" \/>\n\t<meta property=\"og:image:height\" content=\"329\" \/>\n\t<meta property=\"og:image:type\" content=\"image\/jpeg\" \/>\n<meta name=\"twitter:card\" content=\"summary_large_image\" \/>\n<meta name=\"twitter:site\" content=\"@heberdomaine\" \/>\n<meta name=\"twitter:label1\" content=\"Est. reading time\" \/>\n\t<meta name=\"twitter:data1\" content=\"1 minute\" \/>\n<script type=\"application\/ld+json\" class=\"yoast-schema-graph\">{\"@context\":\"https:\\\/\\\/schema.org\",\"@graph\":[{\"@type\":\"WebPage\",\"@id\":\"https:\\\/\\\/ssl.ma\\\/en\\\/product\\\/sectigo-ov-ssl-multi-domain-ucc\\\/\",\"url\":\"https:\\\/\\\/ssl.ma\\\/en\\\/product\\\/sectigo-ov-ssl-multi-domain-ucc\\\/\",\"name\":\"Sectigo OV Multi-Domain\\\/UCC - Certificat Ssl Maroc SECTIGO Maroc GEOTRUST Maroc DIGICERT Maroc\",\"isPartOf\":{\"@id\":\"https:\\\/\\\/ssl.ma\\\/#website\"},\"primaryImageOfPage\":{\"@id\":\"https:\\\/\\\/ssl.ma\\\/en\\\/product\\\/sectigo-ov-ssl-multi-domain-ucc\\\/#primaryimage\"},\"image\":{\"@id\":\"https:\\\/\\\/ssl.ma\\\/en\\\/product\\\/sectigo-ov-ssl-multi-domain-ucc\\\/#primaryimage\"},\"thumbnailUrl\":\"https:\\\/\\\/ssl.ma\\\/wp-content\\\/uploads\\\/2022\\\/07\\\/brand-sectigo2.jpg\",\"datePublished\":\"2022-07-14T14:06:26+00:00\",\"dateModified\":\"2024-11-29T20:50:46+00:00\",\"breadcrumb\":{\"@id\":\"https:\\\/\\\/ssl.ma\\\/en\\\/product\\\/sectigo-ov-ssl-multi-domain-ucc\\\/#breadcrumb\"},\"inLanguage\":\"en-US\",\"potentialAction\":[{\"@type\":\"ReadAction\",\"target\":[\"https:\\\/\\\/ssl.ma\\\/en\\\/product\\\/sectigo-ov-ssl-multi-domain-ucc\\\/\"]}]},{\"@type\":\"ImageObject\",\"inLanguage\":\"en-US\",\"@id\":\"https:\\\/\\\/ssl.ma\\\/en\\\/product\\\/sectigo-ov-ssl-multi-domain-ucc\\\/#primaryimage\",\"url\":\"https:\\\/\\\/ssl.ma\\\/wp-content\\\/uploads\\\/2022\\\/07\\\/brand-sectigo2.jpg\",\"contentUrl\":\"https:\\\/\\\/ssl.ma\\\/wp-content\\\/uploads\\\/2022\\\/07\\\/brand-sectigo2.jpg\",\"width\":1280,\"height\":329,\"caption\":\"Acheter certificat HTTPS Maroc - Prot\u00e9gez votre site web et vos utilisateurs avec un certificat SSL fiable et performant\"},{\"@type\":\"BreadcrumbList\",\"@id\":\"https:\\\/\\\/ssl.ma\\\/en\\\/product\\\/sectigo-ov-ssl-multi-domain-ucc\\\/#breadcrumb\",\"itemListElement\":[{\"@type\":\"ListItem\",\"position\":1,\"name\":\"Home\",\"item\":\"https:\\\/\\\/ssl.ma\\\/en\\\/\"},{\"@type\":\"ListItem\",\"position\":2,\"name\":\"Sectigo OV Multi-Domain\\\/UCC\"}]},{\"@type\":\"WebSite\",\"@id\":\"https:\\\/\\\/ssl.ma\\\/#website\",\"url\":\"https:\\\/\\\/ssl.ma\\\/\",\"name\":\"Certificat Ssl Maroc SECTIGO DIGICERT Maroc GEOTRUST Thawt\",\"description\":\"Certificat SSL Maroc  SSL Wildcard pas cher Achat Certificat SSL Maroc Sectigo Wildcard SSL Free SSL\",\"potentialAction\":[{\"@type\":\"SearchAction\",\"target\":{\"@type\":\"EntryPoint\",\"urlTemplate\":\"https:\\\/\\\/ssl.ma\\\/?s={search_term_string}\"},\"query-input\":{\"@type\":\"PropertyValueSpecification\",\"valueRequired\":true,\"valueName\":\"search_term_string\"}}],\"inLanguage\":\"en-US\"}]}<\/script>\n<!-- \/ Yoast SEO plugin. -->","yoast_head_json":{"title":"Sectigo OV Multi-Domain\/UCC - Certificat Ssl Maroc SECTIGO Maroc GEOTRUST Maroc DIGICERT Maroc","robots":{"index":"index","follow":"follow","max-snippet":"max-snippet:-1","max-image-preview":"max-image-preview:large","max-video-preview":"max-video-preview:-1"},"canonical":"https:\/\/ssl.ma\/en\/product\/sectigo-ov-ssl-multi-domain-ucc\/","og_locale":"en_US","og_type":"article","og_title":"Sectigo OV Multi-Domain\/UCC - Certificat Ssl Maroc SECTIGO Maroc GEOTRUST Maroc DIGICERT Maroc","og_description":"Le certificat Sectigo OV SSL Multi-Domain\/UCC est une option SSL\/TLS souple et abordable, id\u00e9ale pour les intranets d&#8217;entreprise et les connexions r\u00e9alis\u00e9es derri\u00e8re des pare-feu r\u00e9seau. Essentiellement, l\u00e0 o\u00f9 il ne serait pas logique d&#8217;opter pour un certificat EV. Les certificats Sectigo OV SSL Multi-Domain\/UCC fonctionnent sur tous les types de serveurs, y compris les serveurs Microsoft Exchange et Office Communications. Tous les certificats SSL\/TLS Sectigo r\u00e9pondent ou d\u00e9passent les normes de l&#8217;industrie en mati\u00e8re [&hellip;]","og_url":"https:\/\/ssl.ma\/en\/product\/sectigo-ov-ssl-multi-domain-ucc\/","og_site_name":"Certificat Ssl Maroc SECTIGO Maroc GEOTRUST Maroc DIGICERT Maroc","article_publisher":"https:\/\/web.facebook.com\/HeberDomaine?_rdc=1&_rdr","article_modified_time":"2024-11-29T20:50:46+00:00","og_image":[{"width":1280,"height":329,"url":"https:\/\/ssl.ma\/wp-content\/uploads\/2022\/07\/brand-sectigo2.jpg","type":"image\/jpeg"}],"twitter_card":"summary_large_image","twitter_site":"@heberdomaine","twitter_misc":{"Est. reading time":"1 minute"},"schema":{"@context":"https:\/\/schema.org","@graph":[{"@type":"WebPage","@id":"https:\/\/ssl.ma\/en\/product\/sectigo-ov-ssl-multi-domain-ucc\/","url":"https:\/\/ssl.ma\/en\/product\/sectigo-ov-ssl-multi-domain-ucc\/","name":"Sectigo OV Multi-Domain\/UCC - Certificat Ssl Maroc SECTIGO Maroc GEOTRUST Maroc DIGICERT Maroc","isPartOf":{"@id":"https:\/\/ssl.ma\/#website"},"primaryImageOfPage":{"@id":"https:\/\/ssl.ma\/en\/product\/sectigo-ov-ssl-multi-domain-ucc\/#primaryimage"},"image":{"@id":"https:\/\/ssl.ma\/en\/product\/sectigo-ov-ssl-multi-domain-ucc\/#primaryimage"},"thumbnailUrl":"https:\/\/ssl.ma\/wp-content\/uploads\/2022\/07\/brand-sectigo2.jpg","datePublished":"2022-07-14T14:06:26+00:00","dateModified":"2024-11-29T20:50:46+00:00","breadcrumb":{"@id":"https:\/\/ssl.ma\/en\/product\/sectigo-ov-ssl-multi-domain-ucc\/#breadcrumb"},"inLanguage":"en-US","potentialAction":[{"@type":"ReadAction","target":["https:\/\/ssl.ma\/en\/product\/sectigo-ov-ssl-multi-domain-ucc\/"]}]},{"@type":"ImageObject","inLanguage":"en-US","@id":"https:\/\/ssl.ma\/en\/product\/sectigo-ov-ssl-multi-domain-ucc\/#primaryimage","url":"https:\/\/ssl.ma\/wp-content\/uploads\/2022\/07\/brand-sectigo2.jpg","contentUrl":"https:\/\/ssl.ma\/wp-content\/uploads\/2022\/07\/brand-sectigo2.jpg","width":1280,"height":329,"caption":"Acheter certificat HTTPS Maroc - Prot\u00e9gez votre site web et vos utilisateurs avec un certificat SSL fiable et performant"},{"@type":"BreadcrumbList","@id":"https:\/\/ssl.ma\/en\/product\/sectigo-ov-ssl-multi-domain-ucc\/#breadcrumb","itemListElement":[{"@type":"ListItem","position":1,"name":"Home","item":"https:\/\/ssl.ma\/en\/"},{"@type":"ListItem","position":2,"name":"Sectigo OV Multi-Domain\/UCC"}]},{"@type":"WebSite","@id":"https:\/\/ssl.ma\/#website","url":"https:\/\/ssl.ma\/","name":"Certificat Ssl Maroc SECTIGO DIGICERT Maroc GEOTRUST Thawt","description":"Certificat SSL Maroc  SSL Wildcard pas cher Achat Certificat SSL Maroc Sectigo Wildcard SSL Free SSL","potentialAction":[{"@type":"SearchAction","target":{"@type":"EntryPoint","urlTemplate":"https:\/\/ssl.ma\/?s={search_term_string}"},"query-input":{"@type":"PropertyValueSpecification","valueRequired":true,"valueName":"search_term_string"}}],"inLanguage":"en-US"}]}},"_links":{"self":[{"href":"https:\/\/ssl.ma\/en\/wp-json\/wp\/v2\/product\/9613","targetHints":{"allow":["GET"]}}],"collection":[{"href":"https:\/\/ssl.ma\/en\/wp-json\/wp\/v2\/product"}],"about":[{"href":"https:\/\/ssl.ma\/en\/wp-json\/wp\/v2\/types\/product"}],"version-history":[{"count":2,"href":"https:\/\/ssl.ma\/en\/wp-json\/wp\/v2\/product\/9613\/revisions"}],"predecessor-version":[{"id":10065,"href":"https:\/\/ssl.ma\/en\/wp-json\/wp\/v2\/product\/9613\/revisions\/10065"}],"wp:featuredmedia":[{"embeddable":true,"href":"https:\/\/ssl.ma\/en\/wp-json\/wp\/v2\/media\/6211"}],"wp:attachment":[{"href":"https:\/\/ssl.ma\/en\/wp-json\/wp\/v2\/media?parent=9613"}],"wp:term":[{"taxonomy":"product_brand","embeddable":true,"href":"https:\/\/ssl.ma\/en\/wp-json\/wp\/v2\/product_brand?post=9613"},{"taxonomy":"product_cat","embeddable":true,"href":"https:\/\/ssl.ma\/en\/wp-json\/wp\/v2\/product_cat?post=9613"},{"taxonomy":"product_tag","embeddable":true,"href":"https:\/\/ssl.ma\/en\/wp-json\/wp\/v2\/product_tag?post=9613"}],"curies":[{"name":"wp","href":"https:\/\/api.w.org\/{rel}","templated":true}]}}