{"id":9339,"date":"2022-07-14T15:09:21","date_gmt":"2022-07-14T14:09:21","guid":{"rendered":"https:\/\/ssl.ma\/product\/geotrust-quickssl-premium-wildcard\/"},"modified":"2024-11-21T13:09:50","modified_gmt":"2024-11-21T12:09:50","slug":"geotrust-quickssl-premium-wildcard","status":"publish","type":"product","link":"https:\/\/ssl.ma\/en\/product\/geotrust-quickssl-premium-wildcard\/","title":{"rendered":"GeoTrust QuickSSL Premium Wildcard"},"content":{"rendered":"<p>Le certificat GeoTrust <strong>QuickSSL Premium Wildcard<\/strong> offre une s\u00e9curit\u00e9 de premier ordre en permettant de s\u00e9curiser rapidement et facilement votre domaine principal ainsi que tous ses sous-domaines.<br \/>\nEn tant que produit de confiance de <strong>GeoTrust<\/strong>, un acteur majeur dans l&#8217;industrie des certificats SSL, le <strong>QuickSSL Premium Wildcard a<\/strong>ssure un chiffrement robuste de 256 bits, renfor\u00e7ant la confiance de vos visiteurs en la s\u00e9curit\u00e9 de votre site. Reconnu par plus de 99 % des navigateurs, ce certificat wildcard de <strong>validation de domaine (DV)<\/strong> est r\u00e9put\u00e9 pour son \u00e9mission rapide et son co\u00fbt comp\u00e9titif. Id\u00e9al pour les sites web d&#8217;entr\u00e9e de gamme et les applications en ligne, il permet de s\u00e9curiser aussi bien votre domaine principal (<strong>www et non-www)<\/strong> que tous les sous-domaines associ\u00e9s, offrant ainsi une solution compl\u00e8te et \u00e9conomique.<br \/>\nChoisissez la fiabilit\u00e9 de <strong>GeoTrust QuickSSL<\/strong> Premium Wildcard pour une protection \u00e9tendue, une mise en \u0153uvre rapide et une exp\u00e9rience en ligne s\u00e9curis\u00e9e.<\/p>\n","protected":false},"excerpt":{"rendered":"<p>Le certificat GeoTrust QuickSSL Premium Wildcard offre une s\u00e9curit\u00e9 de premier ordre en permettant de s\u00e9curiser rapidement et facilement votre domaine principal ainsi que tous ses sous-domaines. En tant que produit de confiance de GeoTrust, un acteur majeur dans l&#8217;industrie des certificats SSL, le QuickSSL Premium Wildcard assure un chiffrement robuste de 256 bits, renfor\u00e7ant la confiance de vos visiteurs en la s\u00e9curit\u00e9 de votre site. Reconnu par plus de 99 % des navigateurs, ce [&hellip;]<\/p>\n","protected":false},"featured_media":6218,"template":"","meta":{"_acf_changed":false},"product_brand":[],"product_cat":[119,122],"product_tag":[112],"class_list":{"0":"post-9339","1":"product","2":"type-product","3":"status-publish","4":"has-post-thumbnail","6":"product_cat-ssl-dv-morocco-certificat","7":"product_cat-ssl-wildcard-morocco","8":"product_tag-geotrust-morocco-ssl","10":"first","11":"instock","12":"shipping-taxable","13":"purchasable","14":"product-type-variable","15":"has-default-attributes"},"acf":[],"yoast_head":"<!-- This site is optimized with the Yoast SEO plugin v27.3 - https:\/\/yoast.com\/product\/yoast-seo-wordpress\/ -->\n<title>GeoTrust QuickSSL Premium Wildcard - Certificat Ssl Maroc SECTIGO Maroc GEOTRUST Maroc DIGICERT Maroc<\/title>\n<meta name=\"robots\" content=\"index, follow, max-snippet:-1, max-image-preview:large, max-video-preview:-1\" \/>\n<link rel=\"canonical\" href=\"https:\/\/ssl.ma\/en\/product\/geotrust-quickssl-premium-wildcard\/\" \/>\n<meta property=\"og:locale\" content=\"en_US\" \/>\n<meta property=\"og:type\" content=\"article\" \/>\n<meta property=\"og:title\" content=\"GeoTrust QuickSSL Premium Wildcard - Certificat Ssl Maroc SECTIGO Maroc GEOTRUST Maroc DIGICERT Maroc\" \/>\n<meta property=\"og:description\" content=\"Le certificat GeoTrust QuickSSL Premium Wildcard offre une s\u00e9curit\u00e9 de premier ordre en permettant de s\u00e9curiser rapidement et facilement votre domaine principal ainsi que tous ses sous-domaines. En tant que produit de confiance de GeoTrust, un acteur majeur dans l&#8217;industrie des certificats SSL, le QuickSSL Premium Wildcard assure un chiffrement robuste de 256 bits, renfor\u00e7ant la confiance de vos visiteurs en la s\u00e9curit\u00e9 de votre site. Reconnu par plus de 99 % des navigateurs, ce [&hellip;]\" \/>\n<meta property=\"og:url\" content=\"https:\/\/ssl.ma\/en\/product\/geotrust-quickssl-premium-wildcard\/\" \/>\n<meta property=\"og:site_name\" content=\"Certificat Ssl Maroc SECTIGO Maroc GEOTRUST Maroc DIGICERT Maroc\" \/>\n<meta property=\"article:publisher\" content=\"https:\/\/web.facebook.com\/HeberDomaine?_rdc=1&amp;_rdr\" \/>\n<meta property=\"article:modified_time\" content=\"2024-11-21T12:09:50+00:00\" \/>\n<meta property=\"og:image\" content=\"https:\/\/ssl.ma\/wp-content\/uploads\/2022\/07\/brand-geotrust.jpg\" \/>\n\t<meta property=\"og:image:width\" content=\"1280\" \/>\n\t<meta property=\"og:image:height\" content=\"329\" \/>\n\t<meta property=\"og:image:type\" content=\"image\/jpeg\" \/>\n<meta name=\"twitter:card\" content=\"summary_large_image\" \/>\n<meta name=\"twitter:site\" content=\"@heberdomaine\" \/>\n<meta name=\"twitter:label1\" content=\"Est. reading time\" \/>\n\t<meta name=\"twitter:data1\" content=\"1 minute\" \/>\n<script type=\"application\/ld+json\" class=\"yoast-schema-graph\">{\"@context\":\"https:\\\/\\\/schema.org\",\"@graph\":[{\"@type\":\"WebPage\",\"@id\":\"https:\\\/\\\/ssl.ma\\\/en\\\/product\\\/geotrust-quickssl-premium-wildcard\\\/\",\"url\":\"https:\\\/\\\/ssl.ma\\\/en\\\/product\\\/geotrust-quickssl-premium-wildcard\\\/\",\"name\":\"GeoTrust QuickSSL Premium Wildcard - Certificat Ssl Maroc SECTIGO Maroc GEOTRUST Maroc DIGICERT Maroc\",\"isPartOf\":{\"@id\":\"https:\\\/\\\/ssl.ma\\\/#website\"},\"primaryImageOfPage\":{\"@id\":\"https:\\\/\\\/ssl.ma\\\/en\\\/product\\\/geotrust-quickssl-premium-wildcard\\\/#primaryimage\"},\"image\":{\"@id\":\"https:\\\/\\\/ssl.ma\\\/en\\\/product\\\/geotrust-quickssl-premium-wildcard\\\/#primaryimage\"},\"thumbnailUrl\":\"https:\\\/\\\/ssl.ma\\\/wp-content\\\/uploads\\\/2022\\\/07\\\/brand-geotrust.jpg\",\"datePublished\":\"2022-07-14T14:09:21+00:00\",\"dateModified\":\"2024-11-21T12:09:50+00:00\",\"breadcrumb\":{\"@id\":\"https:\\\/\\\/ssl.ma\\\/en\\\/product\\\/geotrust-quickssl-premium-wildcard\\\/#breadcrumb\"},\"inLanguage\":\"en-US\",\"potentialAction\":[{\"@type\":\"ReadAction\",\"target\":[\"https:\\\/\\\/ssl.ma\\\/en\\\/product\\\/geotrust-quickssl-premium-wildcard\\\/\"]}]},{\"@type\":\"ImageObject\",\"inLanguage\":\"en-US\",\"@id\":\"https:\\\/\\\/ssl.ma\\\/en\\\/product\\\/geotrust-quickssl-premium-wildcard\\\/#primaryimage\",\"url\":\"https:\\\/\\\/ssl.ma\\\/wp-content\\\/uploads\\\/2022\\\/07\\\/brand-geotrust.jpg\",\"contentUrl\":\"https:\\\/\\\/ssl.ma\\\/wp-content\\\/uploads\\\/2022\\\/07\\\/brand-geotrust.jpg\",\"width\":1280,\"height\":329,\"caption\":\"Certificat de S\u00e9curit\u00e9 Maroc - Optez pour un certificat SSL fiable pour garantir la s\u00e9curit\u00e9 de votre site au Maroc\"},{\"@type\":\"BreadcrumbList\",\"@id\":\"https:\\\/\\\/ssl.ma\\\/en\\\/product\\\/geotrust-quickssl-premium-wildcard\\\/#breadcrumb\",\"itemListElement\":[{\"@type\":\"ListItem\",\"position\":1,\"name\":\"Home\",\"item\":\"https:\\\/\\\/ssl.ma\\\/en\\\/\"},{\"@type\":\"ListItem\",\"position\":2,\"name\":\"GeoTrust QuickSSL Premium Wildcard\"}]},{\"@type\":\"WebSite\",\"@id\":\"https:\\\/\\\/ssl.ma\\\/#website\",\"url\":\"https:\\\/\\\/ssl.ma\\\/\",\"name\":\"Certificat Ssl Maroc SECTIGO DIGICERT Maroc GEOTRUST Thawt\",\"description\":\"Certificat SSL Maroc  SSL Wildcard pas cher Achat Certificat SSL Maroc Sectigo Wildcard SSL Free SSL\",\"potentialAction\":[{\"@type\":\"SearchAction\",\"target\":{\"@type\":\"EntryPoint\",\"urlTemplate\":\"https:\\\/\\\/ssl.ma\\\/?s={search_term_string}\"},\"query-input\":{\"@type\":\"PropertyValueSpecification\",\"valueRequired\":true,\"valueName\":\"search_term_string\"}}],\"inLanguage\":\"en-US\"}]}<\/script>\n<!-- \/ Yoast SEO plugin. -->","yoast_head_json":{"title":"GeoTrust QuickSSL Premium Wildcard - Certificat Ssl Maroc SECTIGO Maroc GEOTRUST Maroc DIGICERT Maroc","robots":{"index":"index","follow":"follow","max-snippet":"max-snippet:-1","max-image-preview":"max-image-preview:large","max-video-preview":"max-video-preview:-1"},"canonical":"https:\/\/ssl.ma\/en\/product\/geotrust-quickssl-premium-wildcard\/","og_locale":"en_US","og_type":"article","og_title":"GeoTrust QuickSSL Premium Wildcard - Certificat Ssl Maroc SECTIGO Maroc GEOTRUST Maroc DIGICERT Maroc","og_description":"Le certificat GeoTrust QuickSSL Premium Wildcard offre une s\u00e9curit\u00e9 de premier ordre en permettant de s\u00e9curiser rapidement et facilement votre domaine principal ainsi que tous ses sous-domaines. En tant que produit de confiance de GeoTrust, un acteur majeur dans l&#8217;industrie des certificats SSL, le QuickSSL Premium Wildcard assure un chiffrement robuste de 256 bits, renfor\u00e7ant la confiance de vos visiteurs en la s\u00e9curit\u00e9 de votre site. Reconnu par plus de 99 % des navigateurs, ce [&hellip;]","og_url":"https:\/\/ssl.ma\/en\/product\/geotrust-quickssl-premium-wildcard\/","og_site_name":"Certificat Ssl Maroc SECTIGO Maroc GEOTRUST Maroc DIGICERT Maroc","article_publisher":"https:\/\/web.facebook.com\/HeberDomaine?_rdc=1&_rdr","article_modified_time":"2024-11-21T12:09:50+00:00","og_image":[{"width":1280,"height":329,"url":"https:\/\/ssl.ma\/wp-content\/uploads\/2022\/07\/brand-geotrust.jpg","type":"image\/jpeg"}],"twitter_card":"summary_large_image","twitter_site":"@heberdomaine","twitter_misc":{"Est. reading time":"1 minute"},"schema":{"@context":"https:\/\/schema.org","@graph":[{"@type":"WebPage","@id":"https:\/\/ssl.ma\/en\/product\/geotrust-quickssl-premium-wildcard\/","url":"https:\/\/ssl.ma\/en\/product\/geotrust-quickssl-premium-wildcard\/","name":"GeoTrust QuickSSL Premium Wildcard - Certificat Ssl Maroc SECTIGO Maroc GEOTRUST Maroc DIGICERT Maroc","isPartOf":{"@id":"https:\/\/ssl.ma\/#website"},"primaryImageOfPage":{"@id":"https:\/\/ssl.ma\/en\/product\/geotrust-quickssl-premium-wildcard\/#primaryimage"},"image":{"@id":"https:\/\/ssl.ma\/en\/product\/geotrust-quickssl-premium-wildcard\/#primaryimage"},"thumbnailUrl":"https:\/\/ssl.ma\/wp-content\/uploads\/2022\/07\/brand-geotrust.jpg","datePublished":"2022-07-14T14:09:21+00:00","dateModified":"2024-11-21T12:09:50+00:00","breadcrumb":{"@id":"https:\/\/ssl.ma\/en\/product\/geotrust-quickssl-premium-wildcard\/#breadcrumb"},"inLanguage":"en-US","potentialAction":[{"@type":"ReadAction","target":["https:\/\/ssl.ma\/en\/product\/geotrust-quickssl-premium-wildcard\/"]}]},{"@type":"ImageObject","inLanguage":"en-US","@id":"https:\/\/ssl.ma\/en\/product\/geotrust-quickssl-premium-wildcard\/#primaryimage","url":"https:\/\/ssl.ma\/wp-content\/uploads\/2022\/07\/brand-geotrust.jpg","contentUrl":"https:\/\/ssl.ma\/wp-content\/uploads\/2022\/07\/brand-geotrust.jpg","width":1280,"height":329,"caption":"Certificat de S\u00e9curit\u00e9 Maroc - Optez pour un certificat SSL fiable pour garantir la s\u00e9curit\u00e9 de votre site au Maroc"},{"@type":"BreadcrumbList","@id":"https:\/\/ssl.ma\/en\/product\/geotrust-quickssl-premium-wildcard\/#breadcrumb","itemListElement":[{"@type":"ListItem","position":1,"name":"Home","item":"https:\/\/ssl.ma\/en\/"},{"@type":"ListItem","position":2,"name":"GeoTrust QuickSSL Premium Wildcard"}]},{"@type":"WebSite","@id":"https:\/\/ssl.ma\/#website","url":"https:\/\/ssl.ma\/","name":"Certificat Ssl Maroc SECTIGO DIGICERT Maroc GEOTRUST Thawt","description":"Certificat SSL Maroc  SSL Wildcard pas cher Achat Certificat SSL Maroc Sectigo Wildcard SSL Free SSL","potentialAction":[{"@type":"SearchAction","target":{"@type":"EntryPoint","urlTemplate":"https:\/\/ssl.ma\/?s={search_term_string}"},"query-input":{"@type":"PropertyValueSpecification","valueRequired":true,"valueName":"search_term_string"}}],"inLanguage":"en-US"}]}},"_links":{"self":[{"href":"https:\/\/ssl.ma\/en\/wp-json\/wp\/v2\/product\/9339","targetHints":{"allow":["GET"]}}],"collection":[{"href":"https:\/\/ssl.ma\/en\/wp-json\/wp\/v2\/product"}],"about":[{"href":"https:\/\/ssl.ma\/en\/wp-json\/wp\/v2\/types\/product"}],"version-history":[{"count":2,"href":"https:\/\/ssl.ma\/en\/wp-json\/wp\/v2\/product\/9339\/revisions"}],"predecessor-version":[{"id":9938,"href":"https:\/\/ssl.ma\/en\/wp-json\/wp\/v2\/product\/9339\/revisions\/9938"}],"wp:featuredmedia":[{"embeddable":true,"href":"https:\/\/ssl.ma\/en\/wp-json\/wp\/v2\/media\/6218"}],"wp:attachment":[{"href":"https:\/\/ssl.ma\/en\/wp-json\/wp\/v2\/media?parent=9339"}],"wp:term":[{"taxonomy":"product_brand","embeddable":true,"href":"https:\/\/ssl.ma\/en\/wp-json\/wp\/v2\/product_brand?post=9339"},{"taxonomy":"product_cat","embeddable":true,"href":"https:\/\/ssl.ma\/en\/wp-json\/wp\/v2\/product_cat?post=9339"},{"taxonomy":"product_tag","embeddable":true,"href":"https:\/\/ssl.ma\/en\/wp-json\/wp\/v2\/product_tag?post=9339"}],"curies":[{"name":"wp","href":"https:\/\/api.w.org\/{rel}","templated":true}]}}