{"id":8828,"date":"2022-07-14T14:50:35","date_gmt":"2022-07-14T13:50:35","guid":{"rendered":"https:\/\/ssl.ma\/product\/thawte-ssl-web-server-with-ev\/"},"modified":"2024-11-21T12:37:09","modified_gmt":"2024-11-21T11:37:09","slug":"thawte-ssl-web-server-with-ev","status":"publish","type":"product","link":"https:\/\/ssl.ma\/en\/product\/thawte-ssl-web-server-with-ev\/","title":{"rendered":"Thawte Web Server EV"},"content":{"rendered":"<p>Pour une <strong>s\u00e9curit\u00e9<\/strong> de site web <strong>ultime<\/strong> et une confiance renforc\u00e9e, optez pour les certificats <strong>Thawte SSL Web Server avec EV<\/strong>. Ces certificats sont livr\u00e9s avec la barre d&#8217;adresse verte, l&#8217;indicateur visuel le plus <strong>fiable sur Internet<\/strong>.<br \/>\nEn utilisant la barre d&#8217;adresse verte, votre site web sera instantan\u00e9ment associ\u00e9 \u00e0 certains des sites les plus fiables au monde, tels que Amazon, Bank of America et Twitter, qui sont tous \u00e9quip\u00e9s de <strong>certificats EV<\/strong>.<br \/>\nDe plus, vous b\u00e9n\u00e9ficierez du <strong>sceau de site Thawte<\/strong> affich\u00e9 sur votre site, ainsi que du &#8220;<strong>https<\/strong>&#8221; et de l&#8217;ic\u00f4ne de cadenas \u00e0 c\u00f4t\u00e9 de votre URL.<br \/>\nCette combinaison de <strong>symboles de confiance<\/strong> visuelle contribuera \u00e0 fournir un v\u00e9ritable retour sur investissement pour ce certificat, car elle encouragera les visiteurs qui ne sont pas familiers avec votre <strong>entreprise<\/strong> \u00e0 effectuer des achats sur votre site.<br \/>\nCes certificats sont fortement recommand\u00e9s pour les grandes entreprises,<strong> les sites de commerce \u00e9lectronique<\/strong> \u00e0 fort trafic et tous les autres sites qui cherchent \u00e0 atteindre ces niveaux impressionnants.<\/p>\n","protected":false},"excerpt":{"rendered":"<p>Pour une s\u00e9curit\u00e9 de site web ultime et une confiance renforc\u00e9e, optez pour les certificats Thawte SSL Web Server avec EV. Ces certificats sont livr\u00e9s avec la barre d&#8217;adresse verte, l&#8217;indicateur visuel le plus fiable sur Internet. En utilisant la barre d&#8217;adresse verte, votre site web sera instantan\u00e9ment associ\u00e9 \u00e0 certains des sites les plus fiables au monde, tels que Amazon, Bank of America et Twitter, qui sont tous \u00e9quip\u00e9s de certificats EV. De plus, [&hellip;]<\/p>\n","protected":false},"featured_media":6224,"template":"","meta":{"_acf_changed":false},"product_brand":[],"product_cat":[120],"product_tag":[117],"class_list":{"0":"post-8828","1":"product","2":"type-product","3":"status-publish","4":"has-post-thumbnail","6":"product_cat-ssl-ev-morocco","7":"product_tag-thawte-ssl-africa","9":"first","10":"instock","11":"sold-individually","12":"shipping-taxable","13":"purchasable","14":"product-type-variable","15":"has-default-attributes"},"acf":[],"yoast_head":"<!-- This site is optimized with the Yoast SEO plugin v27.3 - https:\/\/yoast.com\/product\/yoast-seo-wordpress\/ -->\n<title>Thawte Web Server EV - Certificat Ssl Maroc SECTIGO Maroc GEOTRUST Maroc DIGICERT Maroc<\/title>\n<meta name=\"robots\" content=\"index, follow, max-snippet:-1, max-image-preview:large, max-video-preview:-1\" \/>\n<link rel=\"canonical\" href=\"https:\/\/ssl.ma\/en\/product\/thawte-ssl-web-server-with-ev\/\" \/>\n<meta property=\"og:locale\" content=\"en_US\" \/>\n<meta property=\"og:type\" content=\"article\" \/>\n<meta property=\"og:title\" content=\"Thawte Web Server EV - Certificat Ssl Maroc SECTIGO Maroc GEOTRUST Maroc DIGICERT Maroc\" \/>\n<meta property=\"og:description\" content=\"Pour une s\u00e9curit\u00e9 de site web ultime et une confiance renforc\u00e9e, optez pour les certificats Thawte SSL Web Server avec EV. Ces certificats sont livr\u00e9s avec la barre d&#8217;adresse verte, l&#8217;indicateur visuel le plus fiable sur Internet. En utilisant la barre d&#8217;adresse verte, votre site web sera instantan\u00e9ment associ\u00e9 \u00e0 certains des sites les plus fiables au monde, tels que Amazon, Bank of America et Twitter, qui sont tous \u00e9quip\u00e9s de certificats EV. De plus, [&hellip;]\" \/>\n<meta property=\"og:url\" content=\"https:\/\/ssl.ma\/en\/product\/thawte-ssl-web-server-with-ev\/\" \/>\n<meta property=\"og:site_name\" content=\"Certificat Ssl Maroc SECTIGO Maroc GEOTRUST Maroc DIGICERT Maroc\" \/>\n<meta property=\"article:publisher\" content=\"https:\/\/web.facebook.com\/HeberDomaine?_rdc=1&amp;_rdr\" \/>\n<meta property=\"article:modified_time\" content=\"2024-11-21T11:37:09+00:00\" \/>\n<meta property=\"og:image\" content=\"https:\/\/ssl.ma\/wp-content\/uploads\/2022\/07\/brand-thawte.jpg\" \/>\n\t<meta property=\"og:image:width\" content=\"1280\" \/>\n\t<meta property=\"og:image:height\" content=\"329\" \/>\n\t<meta property=\"og:image:type\" content=\"image\/jpeg\" \/>\n<meta name=\"twitter:card\" content=\"summary_large_image\" \/>\n<meta name=\"twitter:site\" content=\"@heberdomaine\" \/>\n<meta name=\"twitter:label1\" content=\"Est. reading time\" \/>\n\t<meta name=\"twitter:data1\" content=\"1 minute\" \/>\n<script type=\"application\/ld+json\" class=\"yoast-schema-graph\">{\"@context\":\"https:\\\/\\\/schema.org\",\"@graph\":[{\"@type\":\"WebPage\",\"@id\":\"https:\\\/\\\/ssl.ma\\\/en\\\/product\\\/thawte-ssl-web-server-with-ev\\\/\",\"url\":\"https:\\\/\\\/ssl.ma\\\/en\\\/product\\\/thawte-ssl-web-server-with-ev\\\/\",\"name\":\"Thawte Web Server EV - Certificat Ssl Maroc SECTIGO Maroc GEOTRUST Maroc DIGICERT Maroc\",\"isPartOf\":{\"@id\":\"https:\\\/\\\/ssl.ma\\\/#website\"},\"primaryImageOfPage\":{\"@id\":\"https:\\\/\\\/ssl.ma\\\/en\\\/product\\\/thawte-ssl-web-server-with-ev\\\/#primaryimage\"},\"image\":{\"@id\":\"https:\\\/\\\/ssl.ma\\\/en\\\/product\\\/thawte-ssl-web-server-with-ev\\\/#primaryimage\"},\"thumbnailUrl\":\"https:\\\/\\\/ssl.ma\\\/wp-content\\\/uploads\\\/2022\\\/07\\\/brand-thawte.jpg\",\"datePublished\":\"2022-07-14T13:50:35+00:00\",\"dateModified\":\"2024-11-21T11:37:09+00:00\",\"breadcrumb\":{\"@id\":\"https:\\\/\\\/ssl.ma\\\/en\\\/product\\\/thawte-ssl-web-server-with-ev\\\/#breadcrumb\"},\"inLanguage\":\"en-US\",\"potentialAction\":[{\"@type\":\"ReadAction\",\"target\":[\"https:\\\/\\\/ssl.ma\\\/en\\\/product\\\/thawte-ssl-web-server-with-ev\\\/\"]}]},{\"@type\":\"ImageObject\",\"inLanguage\":\"en-US\",\"@id\":\"https:\\\/\\\/ssl.ma\\\/en\\\/product\\\/thawte-ssl-web-server-with-ev\\\/#primaryimage\",\"url\":\"https:\\\/\\\/ssl.ma\\\/wp-content\\\/uploads\\\/2022\\\/07\\\/brand-thawte.jpg\",\"contentUrl\":\"https:\\\/\\\/ssl.ma\\\/wp-content\\\/uploads\\\/2022\\\/07\\\/brand-thawte.jpg\",\"width\":1280,\"height\":329,\"caption\":\"Achetez un certificat SSL pas cher Maroc - Optez pour des solutions SSL abordables tout en garantissant la s\u00e9curit\u00e9 de votre site\"},{\"@type\":\"BreadcrumbList\",\"@id\":\"https:\\\/\\\/ssl.ma\\\/en\\\/product\\\/thawte-ssl-web-server-with-ev\\\/#breadcrumb\",\"itemListElement\":[{\"@type\":\"ListItem\",\"position\":1,\"name\":\"Home\",\"item\":\"https:\\\/\\\/ssl.ma\\\/en\\\/\"},{\"@type\":\"ListItem\",\"position\":2,\"name\":\"Thawte Web Server EV\"}]},{\"@type\":\"WebSite\",\"@id\":\"https:\\\/\\\/ssl.ma\\\/#website\",\"url\":\"https:\\\/\\\/ssl.ma\\\/\",\"name\":\"Certificat Ssl Maroc SECTIGO DIGICERT Maroc GEOTRUST Thawt\",\"description\":\"Certificat SSL Maroc  SSL Wildcard pas cher Achat Certificat SSL Maroc Sectigo Wildcard SSL Free SSL\",\"potentialAction\":[{\"@type\":\"SearchAction\",\"target\":{\"@type\":\"EntryPoint\",\"urlTemplate\":\"https:\\\/\\\/ssl.ma\\\/?s={search_term_string}\"},\"query-input\":{\"@type\":\"PropertyValueSpecification\",\"valueRequired\":true,\"valueName\":\"search_term_string\"}}],\"inLanguage\":\"en-US\"}]}<\/script>\n<!-- \/ Yoast SEO plugin. -->","yoast_head_json":{"title":"Thawte Web Server EV - Certificat Ssl Maroc SECTIGO Maroc GEOTRUST Maroc DIGICERT Maroc","robots":{"index":"index","follow":"follow","max-snippet":"max-snippet:-1","max-image-preview":"max-image-preview:large","max-video-preview":"max-video-preview:-1"},"canonical":"https:\/\/ssl.ma\/en\/product\/thawte-ssl-web-server-with-ev\/","og_locale":"en_US","og_type":"article","og_title":"Thawte Web Server EV - Certificat Ssl Maroc SECTIGO Maroc GEOTRUST Maroc DIGICERT Maroc","og_description":"Pour une s\u00e9curit\u00e9 de site web ultime et une confiance renforc\u00e9e, optez pour les certificats Thawte SSL Web Server avec EV. Ces certificats sont livr\u00e9s avec la barre d&#8217;adresse verte, l&#8217;indicateur visuel le plus fiable sur Internet. En utilisant la barre d&#8217;adresse verte, votre site web sera instantan\u00e9ment associ\u00e9 \u00e0 certains des sites les plus fiables au monde, tels que Amazon, Bank of America et Twitter, qui sont tous \u00e9quip\u00e9s de certificats EV. De plus, [&hellip;]","og_url":"https:\/\/ssl.ma\/en\/product\/thawte-ssl-web-server-with-ev\/","og_site_name":"Certificat Ssl Maroc SECTIGO Maroc GEOTRUST Maroc DIGICERT Maroc","article_publisher":"https:\/\/web.facebook.com\/HeberDomaine?_rdc=1&_rdr","article_modified_time":"2024-11-21T11:37:09+00:00","og_image":[{"width":1280,"height":329,"url":"https:\/\/ssl.ma\/wp-content\/uploads\/2022\/07\/brand-thawte.jpg","type":"image\/jpeg"}],"twitter_card":"summary_large_image","twitter_site":"@heberdomaine","twitter_misc":{"Est. reading time":"1 minute"},"schema":{"@context":"https:\/\/schema.org","@graph":[{"@type":"WebPage","@id":"https:\/\/ssl.ma\/en\/product\/thawte-ssl-web-server-with-ev\/","url":"https:\/\/ssl.ma\/en\/product\/thawte-ssl-web-server-with-ev\/","name":"Thawte Web Server EV - Certificat Ssl Maroc SECTIGO Maroc GEOTRUST Maroc DIGICERT Maroc","isPartOf":{"@id":"https:\/\/ssl.ma\/#website"},"primaryImageOfPage":{"@id":"https:\/\/ssl.ma\/en\/product\/thawte-ssl-web-server-with-ev\/#primaryimage"},"image":{"@id":"https:\/\/ssl.ma\/en\/product\/thawte-ssl-web-server-with-ev\/#primaryimage"},"thumbnailUrl":"https:\/\/ssl.ma\/wp-content\/uploads\/2022\/07\/brand-thawte.jpg","datePublished":"2022-07-14T13:50:35+00:00","dateModified":"2024-11-21T11:37:09+00:00","breadcrumb":{"@id":"https:\/\/ssl.ma\/en\/product\/thawte-ssl-web-server-with-ev\/#breadcrumb"},"inLanguage":"en-US","potentialAction":[{"@type":"ReadAction","target":["https:\/\/ssl.ma\/en\/product\/thawte-ssl-web-server-with-ev\/"]}]},{"@type":"ImageObject","inLanguage":"en-US","@id":"https:\/\/ssl.ma\/en\/product\/thawte-ssl-web-server-with-ev\/#primaryimage","url":"https:\/\/ssl.ma\/wp-content\/uploads\/2022\/07\/brand-thawte.jpg","contentUrl":"https:\/\/ssl.ma\/wp-content\/uploads\/2022\/07\/brand-thawte.jpg","width":1280,"height":329,"caption":"Achetez un certificat SSL pas cher Maroc - Optez pour des solutions SSL abordables tout en garantissant la s\u00e9curit\u00e9 de votre site"},{"@type":"BreadcrumbList","@id":"https:\/\/ssl.ma\/en\/product\/thawte-ssl-web-server-with-ev\/#breadcrumb","itemListElement":[{"@type":"ListItem","position":1,"name":"Home","item":"https:\/\/ssl.ma\/en\/"},{"@type":"ListItem","position":2,"name":"Thawte Web Server EV"}]},{"@type":"WebSite","@id":"https:\/\/ssl.ma\/#website","url":"https:\/\/ssl.ma\/","name":"Certificat Ssl Maroc SECTIGO DIGICERT Maroc GEOTRUST Thawt","description":"Certificat SSL Maroc  SSL Wildcard pas cher Achat Certificat SSL Maroc Sectigo Wildcard SSL Free SSL","potentialAction":[{"@type":"SearchAction","target":{"@type":"EntryPoint","urlTemplate":"https:\/\/ssl.ma\/?s={search_term_string}"},"query-input":{"@type":"PropertyValueSpecification","valueRequired":true,"valueName":"search_term_string"}}],"inLanguage":"en-US"}]}},"_links":{"self":[{"href":"https:\/\/ssl.ma\/en\/wp-json\/wp\/v2\/product\/8828","targetHints":{"allow":["GET"]}}],"collection":[{"href":"https:\/\/ssl.ma\/en\/wp-json\/wp\/v2\/product"}],"about":[{"href":"https:\/\/ssl.ma\/en\/wp-json\/wp\/v2\/types\/product"}],"version-history":[{"count":4,"href":"https:\/\/ssl.ma\/en\/wp-json\/wp\/v2\/product\/8828\/revisions"}],"predecessor-version":[{"id":9885,"href":"https:\/\/ssl.ma\/en\/wp-json\/wp\/v2\/product\/8828\/revisions\/9885"}],"wp:featuredmedia":[{"embeddable":true,"href":"https:\/\/ssl.ma\/en\/wp-json\/wp\/v2\/media\/6224"}],"wp:attachment":[{"href":"https:\/\/ssl.ma\/en\/wp-json\/wp\/v2\/media?parent=8828"}],"wp:term":[{"taxonomy":"product_brand","embeddable":true,"href":"https:\/\/ssl.ma\/en\/wp-json\/wp\/v2\/product_brand?post=8828"},{"taxonomy":"product_cat","embeddable":true,"href":"https:\/\/ssl.ma\/en\/wp-json\/wp\/v2\/product_cat?post=8828"},{"taxonomy":"product_tag","embeddable":true,"href":"https:\/\/ssl.ma\/en\/wp-json\/wp\/v2\/product_tag?post=8828"}],"curies":[{"name":"wp","href":"https:\/\/api.w.org\/{rel}","templated":true}]}}