{"id":8810,"date":"2022-07-14T14:51:13","date_gmt":"2022-07-14T13:51:13","guid":{"rendered":"https:\/\/ssl.ma\/product\/geotrust-true-businessid-w-ev-multi-domain\/"},"modified":"2024-11-29T21:44:38","modified_gmt":"2024-11-29T20:44:38","slug":"geotrust-true-businessid-w-ev-multi-domain","status":"publish","type":"product","link":"https:\/\/ssl.ma\/en\/product\/geotrust-true-businessid-w-ev-multi-domain\/","title":{"rendered":"GeoTrust True BusinessID w\/ EV Multi-Domain"},"content":{"rendered":"<p>Le certificat <strong>GeoTrust True BusinessID EV Multi-Domain SSL<\/strong> est une solution rentable pour am\u00e9liorer les ventes en ligne sur jusqu&#8217;\u00e0 250 domaines.<br \/>\nAvec la barre d&#8217;adresse verte, il inspire confiance et cr\u00e9dibilit\u00e9 aux clients, car elle est reconnue comme un symbole d&#8217;entreprises r\u00e9put\u00e9es et s\u00e9curis\u00e9es.<br \/>\nLivr\u00e9 avec <strong>4 SAN suppl\u00e9mentaires<\/strong>, ce certificat offre flexibilit\u00e9 et <strong>\u00e9volutivit\u00e9<\/strong> pour les entreprises.<br \/>\nLa marque <strong>GeoTrust<\/strong> et le sceau de site dynamique contribuent \u00e0 construire une pr\u00e9sence en ligne de confiance, en faisant un investissement susceptible d&#8217;augmenter les ventes.<br \/>\nId\u00e9al pour les petites et moyennes entreprises ainsi que les sites de commerce \u00e9lectronique qui accordent une importance particuli\u00e8re \u00e0 la confiance des clients pour <strong>des transactions en ligne r\u00e9ussies<\/strong>.<\/p>\n","protected":false},"excerpt":{"rendered":"<p>Le certificat GeoTrust True BusinessID EV Multi-Domain SSL est une solution rentable pour am\u00e9liorer les ventes en ligne sur jusqu&#8217;\u00e0 250 domaines. Avec la barre d&#8217;adresse verte, il inspire confiance et cr\u00e9dibilit\u00e9 aux clients, car elle est reconnue comme un symbole d&#8217;entreprises r\u00e9put\u00e9es et s\u00e9curis\u00e9es. Livr\u00e9 avec 4 SAN suppl\u00e9mentaires, ce certificat offre flexibilit\u00e9 et \u00e9volutivit\u00e9 pour les entreprises. La marque GeoTrust et le sceau de site dynamique contribuent \u00e0 construire une pr\u00e9sence en ligne [&hellip;]<\/p>\n","protected":false},"featured_media":6218,"template":"","meta":{"_acf_changed":false},"product_brand":[],"product_cat":[150,120],"product_tag":[112],"class_list":{"0":"post-8810","1":"product","2":"type-product","3":"status-publish","4":"has-post-thumbnail","6":"product_cat-ssl-multi-domaines-morocco","7":"product_cat-ssl-ev-morocco","8":"product_tag-geotrust-morocco-ssl","10":"first","11":"instock","12":"shipping-taxable","13":"purchasable","14":"product-type-variable","15":"has-default-attributes"},"acf":[],"yoast_head":"<!-- This site is optimized with the Yoast SEO plugin v27.3 - https:\/\/yoast.com\/product\/yoast-seo-wordpress\/ -->\n<title>GeoTrust True BusinessID w\/ EV Multi-Domain - Certificat Ssl Maroc SECTIGO Maroc GEOTRUST Maroc DIGICERT Maroc<\/title>\n<meta name=\"robots\" content=\"index, follow, max-snippet:-1, max-image-preview:large, max-video-preview:-1\" \/>\n<link rel=\"canonical\" href=\"https:\/\/ssl.ma\/en\/product\/geotrust-true-businessid-w-ev-multi-domain\/\" \/>\n<meta property=\"og:locale\" content=\"en_US\" \/>\n<meta property=\"og:type\" content=\"article\" \/>\n<meta property=\"og:title\" content=\"GeoTrust True BusinessID w\/ EV Multi-Domain - Certificat Ssl Maroc SECTIGO Maroc GEOTRUST Maroc DIGICERT Maroc\" \/>\n<meta property=\"og:description\" content=\"Le certificat GeoTrust True BusinessID EV Multi-Domain SSL est une solution rentable pour am\u00e9liorer les ventes en ligne sur jusqu&#8217;\u00e0 250 domaines. Avec la barre d&#8217;adresse verte, il inspire confiance et cr\u00e9dibilit\u00e9 aux clients, car elle est reconnue comme un symbole d&#8217;entreprises r\u00e9put\u00e9es et s\u00e9curis\u00e9es. Livr\u00e9 avec 4 SAN suppl\u00e9mentaires, ce certificat offre flexibilit\u00e9 et \u00e9volutivit\u00e9 pour les entreprises. La marque GeoTrust et le sceau de site dynamique contribuent \u00e0 construire une pr\u00e9sence en ligne [&hellip;]\" \/>\n<meta property=\"og:url\" content=\"https:\/\/ssl.ma\/en\/product\/geotrust-true-businessid-w-ev-multi-domain\/\" \/>\n<meta property=\"og:site_name\" content=\"Certificat Ssl Maroc SECTIGO Maroc GEOTRUST Maroc DIGICERT Maroc\" \/>\n<meta property=\"article:publisher\" content=\"https:\/\/web.facebook.com\/HeberDomaine?_rdc=1&amp;_rdr\" \/>\n<meta property=\"article:modified_time\" content=\"2024-11-29T20:44:38+00:00\" \/>\n<meta property=\"og:image\" content=\"https:\/\/ssl.ma\/wp-content\/uploads\/2022\/07\/brand-geotrust.jpg\" \/>\n\t<meta property=\"og:image:width\" content=\"1280\" \/>\n\t<meta property=\"og:image:height\" content=\"329\" \/>\n\t<meta property=\"og:image:type\" content=\"image\/jpeg\" \/>\n<meta name=\"twitter:card\" content=\"summary_large_image\" \/>\n<meta name=\"twitter:site\" content=\"@heberdomaine\" \/>\n<meta name=\"twitter:label1\" content=\"Est. reading time\" \/>\n\t<meta name=\"twitter:data1\" content=\"1 minute\" \/>\n<script type=\"application\/ld+json\" class=\"yoast-schema-graph\">{\"@context\":\"https:\\\/\\\/schema.org\",\"@graph\":[{\"@type\":\"WebPage\",\"@id\":\"https:\\\/\\\/ssl.ma\\\/en\\\/product\\\/geotrust-true-businessid-w-ev-multi-domain\\\/\",\"url\":\"https:\\\/\\\/ssl.ma\\\/en\\\/product\\\/geotrust-true-businessid-w-ev-multi-domain\\\/\",\"name\":\"GeoTrust True BusinessID w\\\/ EV Multi-Domain - Certificat Ssl Maroc SECTIGO Maroc GEOTRUST Maroc DIGICERT Maroc\",\"isPartOf\":{\"@id\":\"https:\\\/\\\/ssl.ma\\\/#website\"},\"primaryImageOfPage\":{\"@id\":\"https:\\\/\\\/ssl.ma\\\/en\\\/product\\\/geotrust-true-businessid-w-ev-multi-domain\\\/#primaryimage\"},\"image\":{\"@id\":\"https:\\\/\\\/ssl.ma\\\/en\\\/product\\\/geotrust-true-businessid-w-ev-multi-domain\\\/#primaryimage\"},\"thumbnailUrl\":\"https:\\\/\\\/ssl.ma\\\/wp-content\\\/uploads\\\/2022\\\/07\\\/brand-geotrust.jpg\",\"datePublished\":\"2022-07-14T13:51:13+00:00\",\"dateModified\":\"2024-11-29T20:44:38+00:00\",\"breadcrumb\":{\"@id\":\"https:\\\/\\\/ssl.ma\\\/en\\\/product\\\/geotrust-true-businessid-w-ev-multi-domain\\\/#breadcrumb\"},\"inLanguage\":\"en-US\",\"potentialAction\":[{\"@type\":\"ReadAction\",\"target\":[\"https:\\\/\\\/ssl.ma\\\/en\\\/product\\\/geotrust-true-businessid-w-ev-multi-domain\\\/\"]}]},{\"@type\":\"ImageObject\",\"inLanguage\":\"en-US\",\"@id\":\"https:\\\/\\\/ssl.ma\\\/en\\\/product\\\/geotrust-true-businessid-w-ev-multi-domain\\\/#primaryimage\",\"url\":\"https:\\\/\\\/ssl.ma\\\/wp-content\\\/uploads\\\/2022\\\/07\\\/brand-geotrust.jpg\",\"contentUrl\":\"https:\\\/\\\/ssl.ma\\\/wp-content\\\/uploads\\\/2022\\\/07\\\/brand-geotrust.jpg\",\"width\":1280,\"height\":329,\"caption\":\"Certificat de S\u00e9curit\u00e9 Maroc - Optez pour un certificat SSL fiable pour garantir la s\u00e9curit\u00e9 de votre site au Maroc\"},{\"@type\":\"BreadcrumbList\",\"@id\":\"https:\\\/\\\/ssl.ma\\\/en\\\/product\\\/geotrust-true-businessid-w-ev-multi-domain\\\/#breadcrumb\",\"itemListElement\":[{\"@type\":\"ListItem\",\"position\":1,\"name\":\"Home\",\"item\":\"https:\\\/\\\/ssl.ma\\\/en\\\/\"},{\"@type\":\"ListItem\",\"position\":2,\"name\":\"GeoTrust True BusinessID w\\\/ EV Multi-Domain\"}]},{\"@type\":\"WebSite\",\"@id\":\"https:\\\/\\\/ssl.ma\\\/#website\",\"url\":\"https:\\\/\\\/ssl.ma\\\/\",\"name\":\"Certificat Ssl Maroc SECTIGO DIGICERT Maroc GEOTRUST Thawt\",\"description\":\"Certificat SSL Maroc  SSL Wildcard pas cher Achat Certificat SSL Maroc Sectigo Wildcard SSL Free SSL\",\"potentialAction\":[{\"@type\":\"SearchAction\",\"target\":{\"@type\":\"EntryPoint\",\"urlTemplate\":\"https:\\\/\\\/ssl.ma\\\/?s={search_term_string}\"},\"query-input\":{\"@type\":\"PropertyValueSpecification\",\"valueRequired\":true,\"valueName\":\"search_term_string\"}}],\"inLanguage\":\"en-US\"}]}<\/script>\n<!-- \/ Yoast SEO plugin. -->","yoast_head_json":{"title":"GeoTrust True BusinessID w\/ EV Multi-Domain - Certificat Ssl Maroc SECTIGO Maroc GEOTRUST Maroc DIGICERT Maroc","robots":{"index":"index","follow":"follow","max-snippet":"max-snippet:-1","max-image-preview":"max-image-preview:large","max-video-preview":"max-video-preview:-1"},"canonical":"https:\/\/ssl.ma\/en\/product\/geotrust-true-businessid-w-ev-multi-domain\/","og_locale":"en_US","og_type":"article","og_title":"GeoTrust True BusinessID w\/ EV Multi-Domain - Certificat Ssl Maroc SECTIGO Maroc GEOTRUST Maroc DIGICERT Maroc","og_description":"Le certificat GeoTrust True BusinessID EV Multi-Domain SSL est une solution rentable pour am\u00e9liorer les ventes en ligne sur jusqu&#8217;\u00e0 250 domaines. Avec la barre d&#8217;adresse verte, il inspire confiance et cr\u00e9dibilit\u00e9 aux clients, car elle est reconnue comme un symbole d&#8217;entreprises r\u00e9put\u00e9es et s\u00e9curis\u00e9es. Livr\u00e9 avec 4 SAN suppl\u00e9mentaires, ce certificat offre flexibilit\u00e9 et \u00e9volutivit\u00e9 pour les entreprises. La marque GeoTrust et le sceau de site dynamique contribuent \u00e0 construire une pr\u00e9sence en ligne [&hellip;]","og_url":"https:\/\/ssl.ma\/en\/product\/geotrust-true-businessid-w-ev-multi-domain\/","og_site_name":"Certificat Ssl Maroc SECTIGO Maroc GEOTRUST Maroc DIGICERT Maroc","article_publisher":"https:\/\/web.facebook.com\/HeberDomaine?_rdc=1&_rdr","article_modified_time":"2024-11-29T20:44:38+00:00","og_image":[{"width":1280,"height":329,"url":"https:\/\/ssl.ma\/wp-content\/uploads\/2022\/07\/brand-geotrust.jpg","type":"image\/jpeg"}],"twitter_card":"summary_large_image","twitter_site":"@heberdomaine","twitter_misc":{"Est. reading time":"1 minute"},"schema":{"@context":"https:\/\/schema.org","@graph":[{"@type":"WebPage","@id":"https:\/\/ssl.ma\/en\/product\/geotrust-true-businessid-w-ev-multi-domain\/","url":"https:\/\/ssl.ma\/en\/product\/geotrust-true-businessid-w-ev-multi-domain\/","name":"GeoTrust True BusinessID w\/ EV Multi-Domain - Certificat Ssl Maroc SECTIGO Maroc GEOTRUST Maroc DIGICERT Maroc","isPartOf":{"@id":"https:\/\/ssl.ma\/#website"},"primaryImageOfPage":{"@id":"https:\/\/ssl.ma\/en\/product\/geotrust-true-businessid-w-ev-multi-domain\/#primaryimage"},"image":{"@id":"https:\/\/ssl.ma\/en\/product\/geotrust-true-businessid-w-ev-multi-domain\/#primaryimage"},"thumbnailUrl":"https:\/\/ssl.ma\/wp-content\/uploads\/2022\/07\/brand-geotrust.jpg","datePublished":"2022-07-14T13:51:13+00:00","dateModified":"2024-11-29T20:44:38+00:00","breadcrumb":{"@id":"https:\/\/ssl.ma\/en\/product\/geotrust-true-businessid-w-ev-multi-domain\/#breadcrumb"},"inLanguage":"en-US","potentialAction":[{"@type":"ReadAction","target":["https:\/\/ssl.ma\/en\/product\/geotrust-true-businessid-w-ev-multi-domain\/"]}]},{"@type":"ImageObject","inLanguage":"en-US","@id":"https:\/\/ssl.ma\/en\/product\/geotrust-true-businessid-w-ev-multi-domain\/#primaryimage","url":"https:\/\/ssl.ma\/wp-content\/uploads\/2022\/07\/brand-geotrust.jpg","contentUrl":"https:\/\/ssl.ma\/wp-content\/uploads\/2022\/07\/brand-geotrust.jpg","width":1280,"height":329,"caption":"Certificat de S\u00e9curit\u00e9 Maroc - Optez pour un certificat SSL fiable pour garantir la s\u00e9curit\u00e9 de votre site au Maroc"},{"@type":"BreadcrumbList","@id":"https:\/\/ssl.ma\/en\/product\/geotrust-true-businessid-w-ev-multi-domain\/#breadcrumb","itemListElement":[{"@type":"ListItem","position":1,"name":"Home","item":"https:\/\/ssl.ma\/en\/"},{"@type":"ListItem","position":2,"name":"GeoTrust True BusinessID w\/ EV Multi-Domain"}]},{"@type":"WebSite","@id":"https:\/\/ssl.ma\/#website","url":"https:\/\/ssl.ma\/","name":"Certificat Ssl Maroc SECTIGO DIGICERT Maroc GEOTRUST Thawt","description":"Certificat SSL Maroc  SSL Wildcard pas cher Achat Certificat SSL Maroc Sectigo Wildcard SSL Free SSL","potentialAction":[{"@type":"SearchAction","target":{"@type":"EntryPoint","urlTemplate":"https:\/\/ssl.ma\/?s={search_term_string}"},"query-input":{"@type":"PropertyValueSpecification","valueRequired":true,"valueName":"search_term_string"}}],"inLanguage":"en-US"}]}},"_links":{"self":[{"href":"https:\/\/ssl.ma\/en\/wp-json\/wp\/v2\/product\/8810","targetHints":{"allow":["GET"]}}],"collection":[{"href":"https:\/\/ssl.ma\/en\/wp-json\/wp\/v2\/product"}],"about":[{"href":"https:\/\/ssl.ma\/en\/wp-json\/wp\/v2\/types\/product"}],"version-history":[{"count":3,"href":"https:\/\/ssl.ma\/en\/wp-json\/wp\/v2\/product\/8810\/revisions"}],"predecessor-version":[{"id":9956,"href":"https:\/\/ssl.ma\/en\/wp-json\/wp\/v2\/product\/8810\/revisions\/9956"}],"wp:featuredmedia":[{"embeddable":true,"href":"https:\/\/ssl.ma\/en\/wp-json\/wp\/v2\/media\/6218"}],"wp:attachment":[{"href":"https:\/\/ssl.ma\/en\/wp-json\/wp\/v2\/media?parent=8810"}],"wp:term":[{"taxonomy":"product_brand","embeddable":true,"href":"https:\/\/ssl.ma\/en\/wp-json\/wp\/v2\/product_brand?post=8810"},{"taxonomy":"product_cat","embeddable":true,"href":"https:\/\/ssl.ma\/en\/wp-json\/wp\/v2\/product_cat?post=8810"},{"taxonomy":"product_tag","embeddable":true,"href":"https:\/\/ssl.ma\/en\/wp-json\/wp\/v2\/product_tag?post=8810"}],"curies":[{"name":"wp","href":"https:\/\/api.w.org\/{rel}","templated":true}]}}