{"id":8796,"date":"2022-07-14T15:00:23","date_gmt":"2022-07-14T14:00:23","guid":{"rendered":"https:\/\/ssl.ma\/product\/essentialssl-dv\/"},"modified":"2024-11-21T13:21:12","modified_gmt":"2024-11-21T12:21:12","slug":"essentialssl-dv","status":"publish","type":"product","link":"https:\/\/ssl.ma\/en\/product\/essentialssl-dv\/","title":{"rendered":"Sectigo EssentialSSL (DV)"},"content":{"rendered":"<p>Si vous recherchez un <strong>chiffrement<\/strong> simple pour votre site, le certificat <strong>Sectigo Essential SSL<\/strong> est l&#8217;une des options les plus abordables sur le march\u00e9.<br \/>\nCe certificat peut \u00eatre d\u00e9livr\u00e9 en quelques minutes avec le chiffrement le plus fort disponible.<br \/>\nDe plus, tous les domaines prot\u00e9g\u00e9s par ce certificat afficheront &#8220;<strong>https<\/strong>&#8221; dans l&#8217;<strong>URL<\/strong>, ainsi qu&#8217;une ic\u00f4ne de cadenas et un sceau de site.<br \/>\nCependant, la principale caract\u00e9ristique de ce certificat est la rapidit\u00e9 de d\u00e9livrance, ce qui en fait un choix parfait pour les domaines de test internes et <strong>les sites Web de commerce \u00e9lectronique<\/strong>.<\/p>\n","protected":false},"excerpt":{"rendered":"<p>Si vous recherchez un chiffrement simple pour votre site, le certificat Sectigo Essential SSL est l&#8217;une des options les plus abordables sur le march\u00e9. Ce certificat peut \u00eatre d\u00e9livr\u00e9 en quelques minutes avec le chiffrement le plus fort disponible. De plus, tous les domaines prot\u00e9g\u00e9s par ce certificat afficheront &#8220;https&#8221; dans l&#8217;URL, ainsi qu&#8217;une ic\u00f4ne de cadenas et un sceau de site. Cependant, la principale caract\u00e9ristique de ce certificat est la rapidit\u00e9 de d\u00e9livrance, ce [&hellip;]<\/p>\n","protected":false},"featured_media":6211,"template":"","meta":{"_acf_changed":false},"product_brand":[],"product_cat":[119],"product_tag":[115],"class_list":{"0":"post-8796","1":"product","2":"type-product","3":"status-publish","4":"has-post-thumbnail","6":"product_cat-ssl-dv-morocco-certificat","7":"product_tag-ssl-sectigo-morocco","9":"first","10":"instock","11":"shipping-taxable","12":"purchasable","13":"product-type-variable","14":"has-default-attributes"},"acf":[],"yoast_head":"<!-- This site is optimized with the Yoast SEO plugin v27.3 - https:\/\/yoast.com\/product\/yoast-seo-wordpress\/ -->\n<title>Sectigo EssentialSSL (DV) - Certificat Ssl Maroc SECTIGO Maroc GEOTRUST Maroc DIGICERT Maroc<\/title>\n<meta name=\"robots\" content=\"index, follow, max-snippet:-1, max-image-preview:large, max-video-preview:-1\" \/>\n<link rel=\"canonical\" href=\"https:\/\/ssl.ma\/en\/product\/essentialssl-dv\/\" \/>\n<meta property=\"og:locale\" content=\"en_US\" \/>\n<meta property=\"og:type\" content=\"article\" \/>\n<meta property=\"og:title\" content=\"Sectigo EssentialSSL (DV) - Certificat Ssl Maroc SECTIGO Maroc GEOTRUST Maroc DIGICERT Maroc\" \/>\n<meta property=\"og:description\" content=\"Si vous recherchez un chiffrement simple pour votre site, le certificat Sectigo Essential SSL est l&#8217;une des options les plus abordables sur le march\u00e9. Ce certificat peut \u00eatre d\u00e9livr\u00e9 en quelques minutes avec le chiffrement le plus fort disponible. De plus, tous les domaines prot\u00e9g\u00e9s par ce certificat afficheront &#8220;https&#8221; dans l&#8217;URL, ainsi qu&#8217;une ic\u00f4ne de cadenas et un sceau de site. Cependant, la principale caract\u00e9ristique de ce certificat est la rapidit\u00e9 de d\u00e9livrance, ce [&hellip;]\" \/>\n<meta property=\"og:url\" content=\"https:\/\/ssl.ma\/en\/product\/essentialssl-dv\/\" \/>\n<meta property=\"og:site_name\" content=\"Certificat Ssl Maroc SECTIGO Maroc GEOTRUST Maroc DIGICERT Maroc\" \/>\n<meta property=\"article:publisher\" content=\"https:\/\/web.facebook.com\/HeberDomaine?_rdc=1&amp;_rdr\" \/>\n<meta property=\"article:modified_time\" content=\"2024-11-21T12:21:12+00:00\" \/>\n<meta property=\"og:image\" content=\"https:\/\/ssl.ma\/wp-content\/uploads\/2022\/07\/brand-sectigo2.jpg\" \/>\n\t<meta property=\"og:image:width\" content=\"1280\" \/>\n\t<meta property=\"og:image:height\" content=\"329\" \/>\n\t<meta property=\"og:image:type\" content=\"image\/jpeg\" \/>\n<meta name=\"twitter:card\" content=\"summary_large_image\" \/>\n<meta name=\"twitter:site\" content=\"@heberdomaine\" \/>\n<meta name=\"twitter:label1\" content=\"Est. reading time\" \/>\n\t<meta name=\"twitter:data1\" content=\"1 minute\" \/>\n<script type=\"application\/ld+json\" class=\"yoast-schema-graph\">{\"@context\":\"https:\\\/\\\/schema.org\",\"@graph\":[{\"@type\":\"WebPage\",\"@id\":\"https:\\\/\\\/ssl.ma\\\/en\\\/product\\\/essentialssl-dv\\\/\",\"url\":\"https:\\\/\\\/ssl.ma\\\/en\\\/product\\\/essentialssl-dv\\\/\",\"name\":\"Sectigo EssentialSSL (DV) - Certificat Ssl Maroc SECTIGO Maroc GEOTRUST Maroc DIGICERT Maroc\",\"isPartOf\":{\"@id\":\"https:\\\/\\\/ssl.ma\\\/#website\"},\"primaryImageOfPage\":{\"@id\":\"https:\\\/\\\/ssl.ma\\\/en\\\/product\\\/essentialssl-dv\\\/#primaryimage\"},\"image\":{\"@id\":\"https:\\\/\\\/ssl.ma\\\/en\\\/product\\\/essentialssl-dv\\\/#primaryimage\"},\"thumbnailUrl\":\"https:\\\/\\\/ssl.ma\\\/wp-content\\\/uploads\\\/2022\\\/07\\\/brand-sectigo2.jpg\",\"datePublished\":\"2022-07-14T14:00:23+00:00\",\"dateModified\":\"2024-11-21T12:21:12+00:00\",\"breadcrumb\":{\"@id\":\"https:\\\/\\\/ssl.ma\\\/en\\\/product\\\/essentialssl-dv\\\/#breadcrumb\"},\"inLanguage\":\"en-US\",\"potentialAction\":[{\"@type\":\"ReadAction\",\"target\":[\"https:\\\/\\\/ssl.ma\\\/en\\\/product\\\/essentialssl-dv\\\/\"]}]},{\"@type\":\"ImageObject\",\"inLanguage\":\"en-US\",\"@id\":\"https:\\\/\\\/ssl.ma\\\/en\\\/product\\\/essentialssl-dv\\\/#primaryimage\",\"url\":\"https:\\\/\\\/ssl.ma\\\/wp-content\\\/uploads\\\/2022\\\/07\\\/brand-sectigo2.jpg\",\"contentUrl\":\"https:\\\/\\\/ssl.ma\\\/wp-content\\\/uploads\\\/2022\\\/07\\\/brand-sectigo2.jpg\",\"width\":1280,\"height\":329,\"caption\":\"Acheter certificat HTTPS Maroc - Prot\u00e9gez votre site web et vos utilisateurs avec un certificat SSL fiable et performant\"},{\"@type\":\"BreadcrumbList\",\"@id\":\"https:\\\/\\\/ssl.ma\\\/en\\\/product\\\/essentialssl-dv\\\/#breadcrumb\",\"itemListElement\":[{\"@type\":\"ListItem\",\"position\":1,\"name\":\"Home\",\"item\":\"https:\\\/\\\/ssl.ma\\\/en\\\/\"},{\"@type\":\"ListItem\",\"position\":2,\"name\":\"Sectigo EssentialSSL (DV)\"}]},{\"@type\":\"WebSite\",\"@id\":\"https:\\\/\\\/ssl.ma\\\/#website\",\"url\":\"https:\\\/\\\/ssl.ma\\\/\",\"name\":\"Certificat Ssl Maroc SECTIGO DIGICERT Maroc GEOTRUST Thawt\",\"description\":\"Certificat SSL Maroc  SSL Wildcard pas cher Achat Certificat SSL Maroc Sectigo Wildcard SSL Free SSL\",\"potentialAction\":[{\"@type\":\"SearchAction\",\"target\":{\"@type\":\"EntryPoint\",\"urlTemplate\":\"https:\\\/\\\/ssl.ma\\\/?s={search_term_string}\"},\"query-input\":{\"@type\":\"PropertyValueSpecification\",\"valueRequired\":true,\"valueName\":\"search_term_string\"}}],\"inLanguage\":\"en-US\"}]}<\/script>\n<!-- \/ Yoast SEO plugin. -->","yoast_head_json":{"title":"Sectigo EssentialSSL (DV) - Certificat Ssl Maroc SECTIGO Maroc GEOTRUST Maroc DIGICERT Maroc","robots":{"index":"index","follow":"follow","max-snippet":"max-snippet:-1","max-image-preview":"max-image-preview:large","max-video-preview":"max-video-preview:-1"},"canonical":"https:\/\/ssl.ma\/en\/product\/essentialssl-dv\/","og_locale":"en_US","og_type":"article","og_title":"Sectigo EssentialSSL (DV) - Certificat Ssl Maroc SECTIGO Maroc GEOTRUST Maroc DIGICERT Maroc","og_description":"Si vous recherchez un chiffrement simple pour votre site, le certificat Sectigo Essential SSL est l&#8217;une des options les plus abordables sur le march\u00e9. Ce certificat peut \u00eatre d\u00e9livr\u00e9 en quelques minutes avec le chiffrement le plus fort disponible. De plus, tous les domaines prot\u00e9g\u00e9s par ce certificat afficheront &#8220;https&#8221; dans l&#8217;URL, ainsi qu&#8217;une ic\u00f4ne de cadenas et un sceau de site. Cependant, la principale caract\u00e9ristique de ce certificat est la rapidit\u00e9 de d\u00e9livrance, ce [&hellip;]","og_url":"https:\/\/ssl.ma\/en\/product\/essentialssl-dv\/","og_site_name":"Certificat Ssl Maroc SECTIGO Maroc GEOTRUST Maroc DIGICERT Maroc","article_publisher":"https:\/\/web.facebook.com\/HeberDomaine?_rdc=1&_rdr","article_modified_time":"2024-11-21T12:21:12+00:00","og_image":[{"width":1280,"height":329,"url":"https:\/\/ssl.ma\/wp-content\/uploads\/2022\/07\/brand-sectigo2.jpg","type":"image\/jpeg"}],"twitter_card":"summary_large_image","twitter_site":"@heberdomaine","twitter_misc":{"Est. reading time":"1 minute"},"schema":{"@context":"https:\/\/schema.org","@graph":[{"@type":"WebPage","@id":"https:\/\/ssl.ma\/en\/product\/essentialssl-dv\/","url":"https:\/\/ssl.ma\/en\/product\/essentialssl-dv\/","name":"Sectigo EssentialSSL (DV) - Certificat Ssl Maroc SECTIGO Maroc GEOTRUST Maroc DIGICERT Maroc","isPartOf":{"@id":"https:\/\/ssl.ma\/#website"},"primaryImageOfPage":{"@id":"https:\/\/ssl.ma\/en\/product\/essentialssl-dv\/#primaryimage"},"image":{"@id":"https:\/\/ssl.ma\/en\/product\/essentialssl-dv\/#primaryimage"},"thumbnailUrl":"https:\/\/ssl.ma\/wp-content\/uploads\/2022\/07\/brand-sectigo2.jpg","datePublished":"2022-07-14T14:00:23+00:00","dateModified":"2024-11-21T12:21:12+00:00","breadcrumb":{"@id":"https:\/\/ssl.ma\/en\/product\/essentialssl-dv\/#breadcrumb"},"inLanguage":"en-US","potentialAction":[{"@type":"ReadAction","target":["https:\/\/ssl.ma\/en\/product\/essentialssl-dv\/"]}]},{"@type":"ImageObject","inLanguage":"en-US","@id":"https:\/\/ssl.ma\/en\/product\/essentialssl-dv\/#primaryimage","url":"https:\/\/ssl.ma\/wp-content\/uploads\/2022\/07\/brand-sectigo2.jpg","contentUrl":"https:\/\/ssl.ma\/wp-content\/uploads\/2022\/07\/brand-sectigo2.jpg","width":1280,"height":329,"caption":"Acheter certificat HTTPS Maroc - Prot\u00e9gez votre site web et vos utilisateurs avec un certificat SSL fiable et performant"},{"@type":"BreadcrumbList","@id":"https:\/\/ssl.ma\/en\/product\/essentialssl-dv\/#breadcrumb","itemListElement":[{"@type":"ListItem","position":1,"name":"Home","item":"https:\/\/ssl.ma\/en\/"},{"@type":"ListItem","position":2,"name":"Sectigo EssentialSSL (DV)"}]},{"@type":"WebSite","@id":"https:\/\/ssl.ma\/#website","url":"https:\/\/ssl.ma\/","name":"Certificat Ssl Maroc SECTIGO DIGICERT Maroc GEOTRUST Thawt","description":"Certificat SSL Maroc  SSL Wildcard pas cher Achat Certificat SSL Maroc Sectigo Wildcard SSL Free SSL","potentialAction":[{"@type":"SearchAction","target":{"@type":"EntryPoint","urlTemplate":"https:\/\/ssl.ma\/?s={search_term_string}"},"query-input":{"@type":"PropertyValueSpecification","valueRequired":true,"valueName":"search_term_string"}}],"inLanguage":"en-US"}]}},"_links":{"self":[{"href":"https:\/\/ssl.ma\/en\/wp-json\/wp\/v2\/product\/8796","targetHints":{"allow":["GET"]}}],"collection":[{"href":"https:\/\/ssl.ma\/en\/wp-json\/wp\/v2\/product"}],"about":[{"href":"https:\/\/ssl.ma\/en\/wp-json\/wp\/v2\/types\/product"}],"version-history":[{"count":5,"href":"https:\/\/ssl.ma\/en\/wp-json\/wp\/v2\/product\/8796\/revisions"}],"predecessor-version":[{"id":9955,"href":"https:\/\/ssl.ma\/en\/wp-json\/wp\/v2\/product\/8796\/revisions\/9955"}],"wp:featuredmedia":[{"embeddable":true,"href":"https:\/\/ssl.ma\/en\/wp-json\/wp\/v2\/media\/6211"}],"wp:attachment":[{"href":"https:\/\/ssl.ma\/en\/wp-json\/wp\/v2\/media?parent=8796"}],"wp:term":[{"taxonomy":"product_brand","embeddable":true,"href":"https:\/\/ssl.ma\/en\/wp-json\/wp\/v2\/product_brand?post=8796"},{"taxonomy":"product_cat","embeddable":true,"href":"https:\/\/ssl.ma\/en\/wp-json\/wp\/v2\/product_cat?post=8796"},{"taxonomy":"product_tag","embeddable":true,"href":"https:\/\/ssl.ma\/en\/wp-json\/wp\/v2\/product_tag?post=8796"}],"curies":[{"name":"wp","href":"https:\/\/api.w.org\/{rel}","templated":true}]}}