{"id":8779,"date":"2022-07-14T15:00:26","date_gmt":"2022-07-14T14:00:26","guid":{"rendered":"https:\/\/ssl.ma\/product\/essentialssl-wildcard-dv\/"},"modified":"2024-11-21T13:19:46","modified_gmt":"2024-11-21T12:19:46","slug":"essentialssl-wildcard-dv","status":"publish","type":"product","link":"https:\/\/ssl.ma\/en\/product\/essentialssl-wildcard-dv\/","title":{"rendered":"EssentialSSL Wildcard (DV)"},"content":{"rendered":"<p>L&#8217;un des solutions <strong>SSL<\/strong> les plus rentables, le certificat <strong>Sectigo Essential SSL Wildcard<\/strong> peut s\u00e9curiser un domaine <strong>principal<\/strong> et un nombre illimit\u00e9 de sous-domaines.<br \/>\nCela simplifie au maximum la gestion de vos certificats SSL. Encore plus pratique, puisqu&#8217;il s&#8217;agit d&#8217;un certificat Valid\u00e9 par le Domaine (DV), il peut \u00eatre d\u00e9livr\u00e9 \u00e0 un domaine en quelques minutes seulement.<br \/>\nLe certificat <strong>Sectigo Essential SSL Wildcard<\/strong> est une solution Wildcard d&#8217;entr\u00e9e de gamme parfaite pour les sites de commerce \u00e9lectronique tr\u00e8s l\u00e9gers et les nouveaux domaines cherchant \u00e0 \u00e9tablir la confiance avec le &#8220;https&#8221; et le logo <strong>Sectigo<\/strong> Secure.<\/p>\n","protected":false},"excerpt":{"rendered":"<p>L&#8217;un des solutions SSL les plus rentables, le certificat Sectigo Essential SSL Wildcard peut s\u00e9curiser un domaine principal et un nombre illimit\u00e9 de sous-domaines. Cela simplifie au maximum la gestion de vos certificats SSL. Encore plus pratique, puisqu&#8217;il s&#8217;agit d&#8217;un certificat Valid\u00e9 par le Domaine (DV), il peut \u00eatre d\u00e9livr\u00e9 \u00e0 un domaine en quelques minutes seulement. Le certificat Sectigo Essential SSL Wildcard est une solution Wildcard d&#8217;entr\u00e9e de gamme parfaite pour les sites de [&hellip;]<\/p>\n","protected":false},"featured_media":6211,"template":"","meta":{"_acf_changed":false},"product_brand":[],"product_cat":[122],"product_tag":[115],"class_list":{"0":"post-8779","1":"product","2":"type-product","3":"status-publish","4":"has-post-thumbnail","6":"product_cat-ssl-wildcard-morocco","7":"product_tag-ssl-sectigo-morocco","9":"first","10":"instock","11":"shipping-taxable","12":"purchasable","13":"product-type-variable","14":"has-default-attributes"},"acf":[],"yoast_head":"<!-- This site is optimized with the Yoast SEO plugin v27.3 - https:\/\/yoast.com\/product\/yoast-seo-wordpress\/ -->\n<title>EssentialSSL Wildcard (DV) - Certificat Ssl Maroc SECTIGO Maroc GEOTRUST Maroc DIGICERT Maroc<\/title>\n<meta name=\"robots\" content=\"index, follow, max-snippet:-1, max-image-preview:large, max-video-preview:-1\" \/>\n<link rel=\"canonical\" href=\"https:\/\/ssl.ma\/en\/product\/essentialssl-wildcard-dv\/\" \/>\n<meta property=\"og:locale\" content=\"en_US\" \/>\n<meta property=\"og:type\" content=\"article\" \/>\n<meta property=\"og:title\" content=\"EssentialSSL Wildcard (DV) - Certificat Ssl Maroc SECTIGO Maroc GEOTRUST Maroc DIGICERT Maroc\" \/>\n<meta property=\"og:description\" content=\"L&#8217;un des solutions SSL les plus rentables, le certificat Sectigo Essential SSL Wildcard peut s\u00e9curiser un domaine principal et un nombre illimit\u00e9 de sous-domaines. Cela simplifie au maximum la gestion de vos certificats SSL. Encore plus pratique, puisqu&#8217;il s&#8217;agit d&#8217;un certificat Valid\u00e9 par le Domaine (DV), il peut \u00eatre d\u00e9livr\u00e9 \u00e0 un domaine en quelques minutes seulement. Le certificat Sectigo Essential SSL Wildcard est une solution Wildcard d&#8217;entr\u00e9e de gamme parfaite pour les sites de [&hellip;]\" \/>\n<meta property=\"og:url\" content=\"https:\/\/ssl.ma\/en\/product\/essentialssl-wildcard-dv\/\" \/>\n<meta property=\"og:site_name\" content=\"Certificat Ssl Maroc SECTIGO Maroc GEOTRUST Maroc DIGICERT Maroc\" \/>\n<meta property=\"article:publisher\" content=\"https:\/\/web.facebook.com\/HeberDomaine?_rdc=1&amp;_rdr\" \/>\n<meta property=\"article:modified_time\" content=\"2024-11-21T12:19:46+00:00\" \/>\n<meta property=\"og:image\" content=\"https:\/\/ssl.ma\/wp-content\/uploads\/2022\/07\/brand-sectigo2.jpg\" \/>\n\t<meta property=\"og:image:width\" content=\"1280\" \/>\n\t<meta property=\"og:image:height\" content=\"329\" \/>\n\t<meta property=\"og:image:type\" content=\"image\/jpeg\" \/>\n<meta name=\"twitter:card\" content=\"summary_large_image\" \/>\n<meta name=\"twitter:site\" content=\"@heberdomaine\" \/>\n<script type=\"application\/ld+json\" class=\"yoast-schema-graph\">{\"@context\":\"https:\\\/\\\/schema.org\",\"@graph\":[{\"@type\":\"WebPage\",\"@id\":\"https:\\\/\\\/ssl.ma\\\/en\\\/product\\\/essentialssl-wildcard-dv\\\/\",\"url\":\"https:\\\/\\\/ssl.ma\\\/en\\\/product\\\/essentialssl-wildcard-dv\\\/\",\"name\":\"EssentialSSL Wildcard (DV) - Certificat Ssl Maroc SECTIGO Maroc GEOTRUST Maroc DIGICERT Maroc\",\"isPartOf\":{\"@id\":\"https:\\\/\\\/ssl.ma\\\/#website\"},\"primaryImageOfPage\":{\"@id\":\"https:\\\/\\\/ssl.ma\\\/en\\\/product\\\/essentialssl-wildcard-dv\\\/#primaryimage\"},\"image\":{\"@id\":\"https:\\\/\\\/ssl.ma\\\/en\\\/product\\\/essentialssl-wildcard-dv\\\/#primaryimage\"},\"thumbnailUrl\":\"https:\\\/\\\/ssl.ma\\\/wp-content\\\/uploads\\\/2022\\\/07\\\/brand-sectigo2.jpg\",\"datePublished\":\"2022-07-14T14:00:26+00:00\",\"dateModified\":\"2024-11-21T12:19:46+00:00\",\"breadcrumb\":{\"@id\":\"https:\\\/\\\/ssl.ma\\\/en\\\/product\\\/essentialssl-wildcard-dv\\\/#breadcrumb\"},\"inLanguage\":\"en-US\",\"potentialAction\":[{\"@type\":\"ReadAction\",\"target\":[\"https:\\\/\\\/ssl.ma\\\/en\\\/product\\\/essentialssl-wildcard-dv\\\/\"]}]},{\"@type\":\"ImageObject\",\"inLanguage\":\"en-US\",\"@id\":\"https:\\\/\\\/ssl.ma\\\/en\\\/product\\\/essentialssl-wildcard-dv\\\/#primaryimage\",\"url\":\"https:\\\/\\\/ssl.ma\\\/wp-content\\\/uploads\\\/2022\\\/07\\\/brand-sectigo2.jpg\",\"contentUrl\":\"https:\\\/\\\/ssl.ma\\\/wp-content\\\/uploads\\\/2022\\\/07\\\/brand-sectigo2.jpg\",\"width\":1280,\"height\":329,\"caption\":\"Acheter certificat HTTPS Maroc - Prot\u00e9gez votre site web et vos utilisateurs avec un certificat SSL fiable et performant\"},{\"@type\":\"BreadcrumbList\",\"@id\":\"https:\\\/\\\/ssl.ma\\\/en\\\/product\\\/essentialssl-wildcard-dv\\\/#breadcrumb\",\"itemListElement\":[{\"@type\":\"ListItem\",\"position\":1,\"name\":\"Home\",\"item\":\"https:\\\/\\\/ssl.ma\\\/en\\\/\"},{\"@type\":\"ListItem\",\"position\":2,\"name\":\"EssentialSSL Wildcard (DV)\"}]},{\"@type\":\"WebSite\",\"@id\":\"https:\\\/\\\/ssl.ma\\\/#website\",\"url\":\"https:\\\/\\\/ssl.ma\\\/\",\"name\":\"Certificat Ssl Maroc SECTIGO DIGICERT Maroc GEOTRUST Thawt\",\"description\":\"Certificat SSL Maroc  SSL Wildcard pas cher Achat Certificat SSL Maroc Sectigo Wildcard SSL Free SSL\",\"potentialAction\":[{\"@type\":\"SearchAction\",\"target\":{\"@type\":\"EntryPoint\",\"urlTemplate\":\"https:\\\/\\\/ssl.ma\\\/?s={search_term_string}\"},\"query-input\":{\"@type\":\"PropertyValueSpecification\",\"valueRequired\":true,\"valueName\":\"search_term_string\"}}],\"inLanguage\":\"en-US\"}]}<\/script>\n<!-- \/ Yoast SEO plugin. -->","yoast_head_json":{"title":"EssentialSSL Wildcard (DV) - Certificat Ssl Maroc SECTIGO Maroc GEOTRUST Maroc DIGICERT Maroc","robots":{"index":"index","follow":"follow","max-snippet":"max-snippet:-1","max-image-preview":"max-image-preview:large","max-video-preview":"max-video-preview:-1"},"canonical":"https:\/\/ssl.ma\/en\/product\/essentialssl-wildcard-dv\/","og_locale":"en_US","og_type":"article","og_title":"EssentialSSL Wildcard (DV) - Certificat Ssl Maroc SECTIGO Maroc GEOTRUST Maroc DIGICERT Maroc","og_description":"L&#8217;un des solutions SSL les plus rentables, le certificat Sectigo Essential SSL Wildcard peut s\u00e9curiser un domaine principal et un nombre illimit\u00e9 de sous-domaines. Cela simplifie au maximum la gestion de vos certificats SSL. Encore plus pratique, puisqu&#8217;il s&#8217;agit d&#8217;un certificat Valid\u00e9 par le Domaine (DV), il peut \u00eatre d\u00e9livr\u00e9 \u00e0 un domaine en quelques minutes seulement. Le certificat Sectigo Essential SSL Wildcard est une solution Wildcard d&#8217;entr\u00e9e de gamme parfaite pour les sites de [&hellip;]","og_url":"https:\/\/ssl.ma\/en\/product\/essentialssl-wildcard-dv\/","og_site_name":"Certificat Ssl Maroc SECTIGO Maroc GEOTRUST Maroc DIGICERT Maroc","article_publisher":"https:\/\/web.facebook.com\/HeberDomaine?_rdc=1&_rdr","article_modified_time":"2024-11-21T12:19:46+00:00","og_image":[{"width":1280,"height":329,"url":"https:\/\/ssl.ma\/wp-content\/uploads\/2022\/07\/brand-sectigo2.jpg","type":"image\/jpeg"}],"twitter_card":"summary_large_image","twitter_site":"@heberdomaine","schema":{"@context":"https:\/\/schema.org","@graph":[{"@type":"WebPage","@id":"https:\/\/ssl.ma\/en\/product\/essentialssl-wildcard-dv\/","url":"https:\/\/ssl.ma\/en\/product\/essentialssl-wildcard-dv\/","name":"EssentialSSL Wildcard (DV) - Certificat Ssl Maroc SECTIGO Maroc GEOTRUST Maroc DIGICERT Maroc","isPartOf":{"@id":"https:\/\/ssl.ma\/#website"},"primaryImageOfPage":{"@id":"https:\/\/ssl.ma\/en\/product\/essentialssl-wildcard-dv\/#primaryimage"},"image":{"@id":"https:\/\/ssl.ma\/en\/product\/essentialssl-wildcard-dv\/#primaryimage"},"thumbnailUrl":"https:\/\/ssl.ma\/wp-content\/uploads\/2022\/07\/brand-sectigo2.jpg","datePublished":"2022-07-14T14:00:26+00:00","dateModified":"2024-11-21T12:19:46+00:00","breadcrumb":{"@id":"https:\/\/ssl.ma\/en\/product\/essentialssl-wildcard-dv\/#breadcrumb"},"inLanguage":"en-US","potentialAction":[{"@type":"ReadAction","target":["https:\/\/ssl.ma\/en\/product\/essentialssl-wildcard-dv\/"]}]},{"@type":"ImageObject","inLanguage":"en-US","@id":"https:\/\/ssl.ma\/en\/product\/essentialssl-wildcard-dv\/#primaryimage","url":"https:\/\/ssl.ma\/wp-content\/uploads\/2022\/07\/brand-sectigo2.jpg","contentUrl":"https:\/\/ssl.ma\/wp-content\/uploads\/2022\/07\/brand-sectigo2.jpg","width":1280,"height":329,"caption":"Acheter certificat HTTPS Maroc - Prot\u00e9gez votre site web et vos utilisateurs avec un certificat SSL fiable et performant"},{"@type":"BreadcrumbList","@id":"https:\/\/ssl.ma\/en\/product\/essentialssl-wildcard-dv\/#breadcrumb","itemListElement":[{"@type":"ListItem","position":1,"name":"Home","item":"https:\/\/ssl.ma\/en\/"},{"@type":"ListItem","position":2,"name":"EssentialSSL Wildcard (DV)"}]},{"@type":"WebSite","@id":"https:\/\/ssl.ma\/#website","url":"https:\/\/ssl.ma\/","name":"Certificat Ssl Maroc SECTIGO DIGICERT Maroc GEOTRUST Thawt","description":"Certificat SSL Maroc  SSL Wildcard pas cher Achat Certificat SSL Maroc Sectigo Wildcard SSL Free SSL","potentialAction":[{"@type":"SearchAction","target":{"@type":"EntryPoint","urlTemplate":"https:\/\/ssl.ma\/?s={search_term_string}"},"query-input":{"@type":"PropertyValueSpecification","valueRequired":true,"valueName":"search_term_string"}}],"inLanguage":"en-US"}]}},"_links":{"self":[{"href":"https:\/\/ssl.ma\/en\/wp-json\/wp\/v2\/product\/8779","targetHints":{"allow":["GET"]}}],"collection":[{"href":"https:\/\/ssl.ma\/en\/wp-json\/wp\/v2\/product"}],"about":[{"href":"https:\/\/ssl.ma\/en\/wp-json\/wp\/v2\/types\/product"}],"version-history":[{"count":4,"href":"https:\/\/ssl.ma\/en\/wp-json\/wp\/v2\/product\/8779\/revisions"}],"predecessor-version":[{"id":9953,"href":"https:\/\/ssl.ma\/en\/wp-json\/wp\/v2\/product\/8779\/revisions\/9953"}],"wp:featuredmedia":[{"embeddable":true,"href":"https:\/\/ssl.ma\/en\/wp-json\/wp\/v2\/media\/6211"}],"wp:attachment":[{"href":"https:\/\/ssl.ma\/en\/wp-json\/wp\/v2\/media?parent=8779"}],"wp:term":[{"taxonomy":"product_brand","embeddable":true,"href":"https:\/\/ssl.ma\/en\/wp-json\/wp\/v2\/product_brand?post=8779"},{"taxonomy":"product_cat","embeddable":true,"href":"https:\/\/ssl.ma\/en\/wp-json\/wp\/v2\/product_cat?post=8779"},{"taxonomy":"product_tag","embeddable":true,"href":"https:\/\/ssl.ma\/en\/wp-json\/wp\/v2\/product_tag?post=8779"}],"curies":[{"name":"wp","href":"https:\/\/api.w.org\/{rel}","templated":true}]}}