{"id":8724,"date":"2022-07-14T15:06:59","date_gmt":"2022-07-14T14:06:59","guid":{"rendered":"https:\/\/ssl.ma\/product\/sectigo-ev-multi-domain-ucc\/"},"modified":"2024-11-21T13:17:41","modified_gmt":"2024-11-21T12:17:41","slug":"sectigo-ev-multi-domain-ucc","status":"publish","type":"product","link":"https:\/\/ssl.ma\/en\/product\/sectigo-ev-multi-domain-ucc\/","title":{"rendered":"Sectigo EV Multi-Domain\/UCC"},"content":{"rendered":"<p>Le certificat <strong>Sectigo EV Multi-Domain\/UCC<\/strong> est l&#8217;id\u00e9al pour les grandes entreprises et les soci\u00e9t\u00e9s poss\u00e9dant plusieurs sites web accessibles au public.<br \/>\nVous b\u00e9n\u00e9ficiez non seulement de toutes les fonctionnalit\u00e9s et avantages d&#8217;un certificat <strong>Sectigo<\/strong> EV SSL standard, mais la capacit\u00e9 d&#8217;utiliser des <strong>SAN<\/strong> vous offre la flexibilit\u00e9 suppl\u00e9mentaire de s\u00e9curiser jusqu&#8217;\u00e0<strong> 250 domaines<\/strong> diff\u00e9rents avec la barre de nom <strong>EV<\/strong> \u00e0 l&#8217;aide d&#8217;un seul certificat.<br \/>\nQuelle excellente fa\u00e7on de r\u00e9duire les co\u00fbts et les charges administratives tout en maximisant votre investissement<strong> SSL\/TLS.<\/strong> Ces certificats fonctionnent sur tous les types de serveurs, y compris <strong>Microsoft Exchange<\/strong> et Office Communications.<br \/>\nOptez pour l&#8217;excellence en <strong>s\u00e9curit\u00e9 web<\/strong> avec le certificat <strong>Sectigo EV Multi-Domain\/UCC.<\/strong><\/p>\n","protected":false},"excerpt":{"rendered":"<p>Le certificat Sectigo EV Multi-Domain\/UCC est l&#8217;id\u00e9al pour les grandes entreprises et les soci\u00e9t\u00e9s poss\u00e9dant plusieurs sites web accessibles au public. Vous b\u00e9n\u00e9ficiez non seulement de toutes les fonctionnalit\u00e9s et avantages d&#8217;un certificat Sectigo EV SSL standard, mais la capacit\u00e9 d&#8217;utiliser des SAN vous offre la flexibilit\u00e9 suppl\u00e9mentaire de s\u00e9curiser jusqu&#8217;\u00e0 250 domaines diff\u00e9rents avec la barre de nom EV \u00e0 l&#8217;aide d&#8217;un seul certificat. Quelle excellente fa\u00e7on de r\u00e9duire les co\u00fbts et les charges [&hellip;]<\/p>\n","protected":false},"featured_media":6211,"template":"","meta":{"_acf_changed":false},"product_brand":[],"product_cat":[148],"product_tag":[],"class_list":{"0":"post-8724","1":"product","2":"type-product","3":"status-publish","4":"has-post-thumbnail","6":"product_cat-ssl-ucc-microsoft-exchange-morocco","8":"first","9":"instock","10":"shipping-taxable","11":"purchasable","12":"product-type-variable","13":"has-default-attributes"},"acf":[],"yoast_head":"<!-- This site is optimized with the Yoast SEO plugin v27.3 - https:\/\/yoast.com\/product\/yoast-seo-wordpress\/ -->\n<title>Sectigo EV Multi-Domain\/UCC - Certificat Ssl Maroc SECTIGO Maroc GEOTRUST Maroc DIGICERT Maroc<\/title>\n<meta name=\"robots\" content=\"index, follow, max-snippet:-1, max-image-preview:large, max-video-preview:-1\" \/>\n<link rel=\"canonical\" href=\"https:\/\/ssl.ma\/en\/product\/sectigo-ev-multi-domain-ucc\/\" \/>\n<meta property=\"og:locale\" content=\"en_US\" \/>\n<meta property=\"og:type\" content=\"article\" \/>\n<meta property=\"og:title\" content=\"Sectigo EV Multi-Domain\/UCC - Certificat Ssl Maroc SECTIGO Maroc GEOTRUST Maroc DIGICERT Maroc\" \/>\n<meta property=\"og:description\" content=\"Le certificat Sectigo EV Multi-Domain\/UCC est l&#8217;id\u00e9al pour les grandes entreprises et les soci\u00e9t\u00e9s poss\u00e9dant plusieurs sites web accessibles au public. Vous b\u00e9n\u00e9ficiez non seulement de toutes les fonctionnalit\u00e9s et avantages d&#8217;un certificat Sectigo EV SSL standard, mais la capacit\u00e9 d&#8217;utiliser des SAN vous offre la flexibilit\u00e9 suppl\u00e9mentaire de s\u00e9curiser jusqu&#8217;\u00e0 250 domaines diff\u00e9rents avec la barre de nom EV \u00e0 l&#8217;aide d&#8217;un seul certificat. Quelle excellente fa\u00e7on de r\u00e9duire les co\u00fbts et les charges [&hellip;]\" \/>\n<meta property=\"og:url\" content=\"https:\/\/ssl.ma\/en\/product\/sectigo-ev-multi-domain-ucc\/\" \/>\n<meta property=\"og:site_name\" content=\"Certificat Ssl Maroc SECTIGO Maroc GEOTRUST Maroc DIGICERT Maroc\" \/>\n<meta property=\"article:publisher\" content=\"https:\/\/web.facebook.com\/HeberDomaine?_rdc=1&amp;_rdr\" \/>\n<meta property=\"article:modified_time\" content=\"2024-11-21T12:17:41+00:00\" \/>\n<meta property=\"og:image\" content=\"https:\/\/ssl.ma\/wp-content\/uploads\/2022\/07\/brand-sectigo2.jpg\" \/>\n\t<meta property=\"og:image:width\" content=\"1280\" \/>\n\t<meta property=\"og:image:height\" content=\"329\" \/>\n\t<meta property=\"og:image:type\" content=\"image\/jpeg\" \/>\n<meta name=\"twitter:card\" content=\"summary_large_image\" \/>\n<meta name=\"twitter:site\" content=\"@heberdomaine\" \/>\n<meta name=\"twitter:label1\" content=\"Est. reading time\" \/>\n\t<meta name=\"twitter:data1\" content=\"1 minute\" \/>\n<script type=\"application\/ld+json\" class=\"yoast-schema-graph\">{\"@context\":\"https:\\\/\\\/schema.org\",\"@graph\":[{\"@type\":\"WebPage\",\"@id\":\"https:\\\/\\\/ssl.ma\\\/en\\\/product\\\/sectigo-ev-multi-domain-ucc\\\/\",\"url\":\"https:\\\/\\\/ssl.ma\\\/en\\\/product\\\/sectigo-ev-multi-domain-ucc\\\/\",\"name\":\"Sectigo EV Multi-Domain\\\/UCC - Certificat Ssl Maroc SECTIGO Maroc GEOTRUST Maroc DIGICERT Maroc\",\"isPartOf\":{\"@id\":\"https:\\\/\\\/ssl.ma\\\/#website\"},\"primaryImageOfPage\":{\"@id\":\"https:\\\/\\\/ssl.ma\\\/en\\\/product\\\/sectigo-ev-multi-domain-ucc\\\/#primaryimage\"},\"image\":{\"@id\":\"https:\\\/\\\/ssl.ma\\\/en\\\/product\\\/sectigo-ev-multi-domain-ucc\\\/#primaryimage\"},\"thumbnailUrl\":\"https:\\\/\\\/ssl.ma\\\/wp-content\\\/uploads\\\/2022\\\/07\\\/brand-sectigo2.jpg\",\"datePublished\":\"2022-07-14T14:06:59+00:00\",\"dateModified\":\"2024-11-21T12:17:41+00:00\",\"breadcrumb\":{\"@id\":\"https:\\\/\\\/ssl.ma\\\/en\\\/product\\\/sectigo-ev-multi-domain-ucc\\\/#breadcrumb\"},\"inLanguage\":\"en-US\",\"potentialAction\":[{\"@type\":\"ReadAction\",\"target\":[\"https:\\\/\\\/ssl.ma\\\/en\\\/product\\\/sectigo-ev-multi-domain-ucc\\\/\"]}]},{\"@type\":\"ImageObject\",\"inLanguage\":\"en-US\",\"@id\":\"https:\\\/\\\/ssl.ma\\\/en\\\/product\\\/sectigo-ev-multi-domain-ucc\\\/#primaryimage\",\"url\":\"https:\\\/\\\/ssl.ma\\\/wp-content\\\/uploads\\\/2022\\\/07\\\/brand-sectigo2.jpg\",\"contentUrl\":\"https:\\\/\\\/ssl.ma\\\/wp-content\\\/uploads\\\/2022\\\/07\\\/brand-sectigo2.jpg\",\"width\":1280,\"height\":329,\"caption\":\"Acheter certificat HTTPS Maroc - Prot\u00e9gez votre site web et vos utilisateurs avec un certificat SSL fiable et performant\"},{\"@type\":\"BreadcrumbList\",\"@id\":\"https:\\\/\\\/ssl.ma\\\/en\\\/product\\\/sectigo-ev-multi-domain-ucc\\\/#breadcrumb\",\"itemListElement\":[{\"@type\":\"ListItem\",\"position\":1,\"name\":\"Home\",\"item\":\"https:\\\/\\\/ssl.ma\\\/en\\\/\"},{\"@type\":\"ListItem\",\"position\":2,\"name\":\"Sectigo EV Multi-Domain\\\/UCC\"}]},{\"@type\":\"WebSite\",\"@id\":\"https:\\\/\\\/ssl.ma\\\/#website\",\"url\":\"https:\\\/\\\/ssl.ma\\\/\",\"name\":\"Certificat Ssl Maroc SECTIGO DIGICERT Maroc GEOTRUST Thawt\",\"description\":\"Certificat SSL Maroc  SSL Wildcard pas cher Achat Certificat SSL Maroc Sectigo Wildcard SSL Free SSL\",\"potentialAction\":[{\"@type\":\"SearchAction\",\"target\":{\"@type\":\"EntryPoint\",\"urlTemplate\":\"https:\\\/\\\/ssl.ma\\\/?s={search_term_string}\"},\"query-input\":{\"@type\":\"PropertyValueSpecification\",\"valueRequired\":true,\"valueName\":\"search_term_string\"}}],\"inLanguage\":\"en-US\"}]}<\/script>\n<!-- \/ Yoast SEO plugin. -->","yoast_head_json":{"title":"Sectigo EV Multi-Domain\/UCC - Certificat Ssl Maroc SECTIGO Maroc GEOTRUST Maroc DIGICERT Maroc","robots":{"index":"index","follow":"follow","max-snippet":"max-snippet:-1","max-image-preview":"max-image-preview:large","max-video-preview":"max-video-preview:-1"},"canonical":"https:\/\/ssl.ma\/en\/product\/sectigo-ev-multi-domain-ucc\/","og_locale":"en_US","og_type":"article","og_title":"Sectigo EV Multi-Domain\/UCC - Certificat Ssl Maroc SECTIGO Maroc GEOTRUST Maroc DIGICERT Maroc","og_description":"Le certificat Sectigo EV Multi-Domain\/UCC est l&#8217;id\u00e9al pour les grandes entreprises et les soci\u00e9t\u00e9s poss\u00e9dant plusieurs sites web accessibles au public. Vous b\u00e9n\u00e9ficiez non seulement de toutes les fonctionnalit\u00e9s et avantages d&#8217;un certificat Sectigo EV SSL standard, mais la capacit\u00e9 d&#8217;utiliser des SAN vous offre la flexibilit\u00e9 suppl\u00e9mentaire de s\u00e9curiser jusqu&#8217;\u00e0 250 domaines diff\u00e9rents avec la barre de nom EV \u00e0 l&#8217;aide d&#8217;un seul certificat. Quelle excellente fa\u00e7on de r\u00e9duire les co\u00fbts et les charges [&hellip;]","og_url":"https:\/\/ssl.ma\/en\/product\/sectigo-ev-multi-domain-ucc\/","og_site_name":"Certificat Ssl Maroc SECTIGO Maroc GEOTRUST Maroc DIGICERT Maroc","article_publisher":"https:\/\/web.facebook.com\/HeberDomaine?_rdc=1&_rdr","article_modified_time":"2024-11-21T12:17:41+00:00","og_image":[{"width":1280,"height":329,"url":"https:\/\/ssl.ma\/wp-content\/uploads\/2022\/07\/brand-sectigo2.jpg","type":"image\/jpeg"}],"twitter_card":"summary_large_image","twitter_site":"@heberdomaine","twitter_misc":{"Est. reading time":"1 minute"},"schema":{"@context":"https:\/\/schema.org","@graph":[{"@type":"WebPage","@id":"https:\/\/ssl.ma\/en\/product\/sectigo-ev-multi-domain-ucc\/","url":"https:\/\/ssl.ma\/en\/product\/sectigo-ev-multi-domain-ucc\/","name":"Sectigo EV Multi-Domain\/UCC - Certificat Ssl Maroc SECTIGO Maroc GEOTRUST Maroc DIGICERT Maroc","isPartOf":{"@id":"https:\/\/ssl.ma\/#website"},"primaryImageOfPage":{"@id":"https:\/\/ssl.ma\/en\/product\/sectigo-ev-multi-domain-ucc\/#primaryimage"},"image":{"@id":"https:\/\/ssl.ma\/en\/product\/sectigo-ev-multi-domain-ucc\/#primaryimage"},"thumbnailUrl":"https:\/\/ssl.ma\/wp-content\/uploads\/2022\/07\/brand-sectigo2.jpg","datePublished":"2022-07-14T14:06:59+00:00","dateModified":"2024-11-21T12:17:41+00:00","breadcrumb":{"@id":"https:\/\/ssl.ma\/en\/product\/sectigo-ev-multi-domain-ucc\/#breadcrumb"},"inLanguage":"en-US","potentialAction":[{"@type":"ReadAction","target":["https:\/\/ssl.ma\/en\/product\/sectigo-ev-multi-domain-ucc\/"]}]},{"@type":"ImageObject","inLanguage":"en-US","@id":"https:\/\/ssl.ma\/en\/product\/sectigo-ev-multi-domain-ucc\/#primaryimage","url":"https:\/\/ssl.ma\/wp-content\/uploads\/2022\/07\/brand-sectigo2.jpg","contentUrl":"https:\/\/ssl.ma\/wp-content\/uploads\/2022\/07\/brand-sectigo2.jpg","width":1280,"height":329,"caption":"Acheter certificat HTTPS Maroc - Prot\u00e9gez votre site web et vos utilisateurs avec un certificat SSL fiable et performant"},{"@type":"BreadcrumbList","@id":"https:\/\/ssl.ma\/en\/product\/sectigo-ev-multi-domain-ucc\/#breadcrumb","itemListElement":[{"@type":"ListItem","position":1,"name":"Home","item":"https:\/\/ssl.ma\/en\/"},{"@type":"ListItem","position":2,"name":"Sectigo EV Multi-Domain\/UCC"}]},{"@type":"WebSite","@id":"https:\/\/ssl.ma\/#website","url":"https:\/\/ssl.ma\/","name":"Certificat Ssl Maroc SECTIGO DIGICERT Maroc GEOTRUST Thawt","description":"Certificat SSL Maroc  SSL Wildcard pas cher Achat Certificat SSL Maroc Sectigo Wildcard SSL Free SSL","potentialAction":[{"@type":"SearchAction","target":{"@type":"EntryPoint","urlTemplate":"https:\/\/ssl.ma\/?s={search_term_string}"},"query-input":{"@type":"PropertyValueSpecification","valueRequired":true,"valueName":"search_term_string"}}],"inLanguage":"en-US"}]}},"_links":{"self":[{"href":"https:\/\/ssl.ma\/en\/wp-json\/wp\/v2\/product\/8724","targetHints":{"allow":["GET"]}}],"collection":[{"href":"https:\/\/ssl.ma\/en\/wp-json\/wp\/v2\/product"}],"about":[{"href":"https:\/\/ssl.ma\/en\/wp-json\/wp\/v2\/types\/product"}],"version-history":[{"count":5,"href":"https:\/\/ssl.ma\/en\/wp-json\/wp\/v2\/product\/8724\/revisions"}],"predecessor-version":[{"id":9948,"href":"https:\/\/ssl.ma\/en\/wp-json\/wp\/v2\/product\/8724\/revisions\/9948"}],"wp:featuredmedia":[{"embeddable":true,"href":"https:\/\/ssl.ma\/en\/wp-json\/wp\/v2\/media\/6211"}],"wp:attachment":[{"href":"https:\/\/ssl.ma\/en\/wp-json\/wp\/v2\/media?parent=8724"}],"wp:term":[{"taxonomy":"product_brand","embeddable":true,"href":"https:\/\/ssl.ma\/en\/wp-json\/wp\/v2\/product_brand?post=8724"},{"taxonomy":"product_cat","embeddable":true,"href":"https:\/\/ssl.ma\/en\/wp-json\/wp\/v2\/product_cat?post=8724"},{"taxonomy":"product_tag","embeddable":true,"href":"https:\/\/ssl.ma\/en\/wp-json\/wp\/v2\/product_tag?post=8724"}],"curies":[{"name":"wp","href":"https:\/\/api.w.org\/{rel}","templated":true}]}}