{"id":8720,"date":"2022-07-14T15:07:31","date_gmt":"2022-07-14T14:07:31","guid":{"rendered":"https:\/\/ssl.ma\/product\/sectigo-code-signing-certificate\/"},"modified":"2024-11-21T13:16:56","modified_gmt":"2024-11-21T12:16:56","slug":"sectigo-code-signing-certificate","status":"publish","type":"product","link":"https:\/\/ssl.ma\/en\/product\/sectigo-code-signing-certificate\/","title":{"rendered":"Sectigo Code Signing"},"content":{"rendered":"<p>Les certificats de<strong> signature de code Sectigo<\/strong> sont parmi les certificats de signature les plus fiables sur le march\u00e9, utilis\u00e9s par des d\u00e9veloppeurs du monde entier pour signer num\u00e9riquement leur logiciel.<br \/>\nEn apposant votre propre signature num\u00e9rique unique \u00e0 l&#8217;ensemble de votre code, vous affirmez une identit\u00e9 suffisante pour satisfaire la plupart des <strong>programmes antivirus et des filtres de navigateur<\/strong>, tout en donnant \u00e0 vos clients la certitude que le logiciel n&#8217;a pas \u00e9t\u00e9 alt\u00e9r\u00e9.<br \/>\n<strong>Sectigo<\/strong> est \u00e9galement l&#8217;une des derni\u00e8res autorit\u00e9s de certification \u00e0 proposer des certificats de <strong>signature<\/strong> de code individuels.<br \/>\nQue vous fassiez partie d&#8217;une organisation ou que vous soyez un travailleur ind\u00e9pendant, <strong>Sectigo<\/strong> peut s&#8217;assurer que votre code est sign\u00e9, scell\u00e9 et livr\u00e9 en toute s\u00e9curit\u00e9.<br \/>\nOptez pour la confiance et l&#8217;int\u00e9grit\u00e9 avec les certificats de signature de code <strong>Sectigo<\/strong>.<\/p>\n","protected":false},"excerpt":{"rendered":"<p>Les certificats de signature de code Sectigo sont parmi les certificats de signature les plus fiables sur le march\u00e9, utilis\u00e9s par des d\u00e9veloppeurs du monde entier pour signer num\u00e9riquement leur logiciel. En apposant votre propre signature num\u00e9rique unique \u00e0 l&#8217;ensemble de votre code, vous affirmez une identit\u00e9 suffisante pour satisfaire la plupart des programmes antivirus et des filtres de navigateur, tout en donnant \u00e0 vos clients la certitude que le logiciel n&#8217;a pas \u00e9t\u00e9 alt\u00e9r\u00e9. [&hellip;]<\/p>\n","protected":false},"featured_media":6211,"template":"","meta":{"_acf_changed":false},"product_brand":[],"product_cat":[132],"product_tag":[115],"class_list":{"0":"post-8720","1":"product","2":"type-product","3":"status-publish","4":"has-post-thumbnail","6":"product_cat-code-signing-ssl-morocco","7":"product_tag-ssl-sectigo-morocco","9":"first","10":"instock","11":"shipping-taxable","12":"purchasable","13":"product-type-variable","14":"has-default-attributes"},"acf":[],"yoast_head":"<!-- This site is optimized with the Yoast SEO plugin v27.4 - https:\/\/yoast.com\/product\/yoast-seo-wordpress\/ -->\n<title>Sectigo Code Signing - Certificat Ssl Maroc SECTIGO Maroc GEOTRUST Maroc DIGICERT Maroc<\/title>\n<meta name=\"robots\" content=\"index, follow, max-snippet:-1, max-image-preview:large, max-video-preview:-1\" \/>\n<link rel=\"canonical\" href=\"https:\/\/ssl.ma\/en\/product\/sectigo-code-signing-certificate\/\" \/>\n<meta property=\"og:locale\" content=\"en_US\" \/>\n<meta property=\"og:type\" content=\"article\" \/>\n<meta property=\"og:title\" content=\"Sectigo Code Signing - Certificat Ssl Maroc SECTIGO Maroc GEOTRUST Maroc DIGICERT Maroc\" \/>\n<meta property=\"og:description\" content=\"Les certificats de signature de code Sectigo sont parmi les certificats de signature les plus fiables sur le march\u00e9, utilis\u00e9s par des d\u00e9veloppeurs du monde entier pour signer num\u00e9riquement leur logiciel. En apposant votre propre signature num\u00e9rique unique \u00e0 l&#8217;ensemble de votre code, vous affirmez une identit\u00e9 suffisante pour satisfaire la plupart des programmes antivirus et des filtres de navigateur, tout en donnant \u00e0 vos clients la certitude que le logiciel n&#8217;a pas \u00e9t\u00e9 alt\u00e9r\u00e9. [&hellip;]\" \/>\n<meta property=\"og:url\" content=\"https:\/\/ssl.ma\/en\/product\/sectigo-code-signing-certificate\/\" \/>\n<meta property=\"og:site_name\" content=\"Certificat Ssl Maroc SECTIGO Maroc GEOTRUST Maroc DIGICERT Maroc\" \/>\n<meta property=\"article:publisher\" content=\"https:\/\/web.facebook.com\/HeberDomaine?_rdc=1&amp;_rdr\" \/>\n<meta property=\"article:modified_time\" content=\"2024-11-21T12:16:56+00:00\" \/>\n<meta property=\"og:image\" content=\"https:\/\/ssl.ma\/wp-content\/uploads\/2022\/07\/brand-sectigo2.jpg\" \/>\n\t<meta property=\"og:image:width\" content=\"1280\" \/>\n\t<meta property=\"og:image:height\" content=\"329\" \/>\n\t<meta property=\"og:image:type\" content=\"image\/jpeg\" \/>\n<meta name=\"twitter:card\" content=\"summary_large_image\" \/>\n<meta name=\"twitter:site\" content=\"@heberdomaine\" \/>\n<meta name=\"twitter:label1\" content=\"Est. reading time\" \/>\n\t<meta name=\"twitter:data1\" content=\"1 minute\" \/>\n<script type=\"application\/ld+json\" class=\"yoast-schema-graph\">{\"@context\":\"https:\\\/\\\/schema.org\",\"@graph\":[{\"@type\":\"WebPage\",\"@id\":\"https:\\\/\\\/ssl.ma\\\/en\\\/product\\\/sectigo-code-signing-certificate\\\/\",\"url\":\"https:\\\/\\\/ssl.ma\\\/en\\\/product\\\/sectigo-code-signing-certificate\\\/\",\"name\":\"Sectigo Code Signing - Certificat Ssl Maroc SECTIGO Maroc GEOTRUST Maroc DIGICERT Maroc\",\"isPartOf\":{\"@id\":\"https:\\\/\\\/ssl.ma\\\/#website\"},\"primaryImageOfPage\":{\"@id\":\"https:\\\/\\\/ssl.ma\\\/en\\\/product\\\/sectigo-code-signing-certificate\\\/#primaryimage\"},\"image\":{\"@id\":\"https:\\\/\\\/ssl.ma\\\/en\\\/product\\\/sectigo-code-signing-certificate\\\/#primaryimage\"},\"thumbnailUrl\":\"https:\\\/\\\/ssl.ma\\\/wp-content\\\/uploads\\\/2022\\\/07\\\/brand-sectigo2.jpg\",\"datePublished\":\"2022-07-14T14:07:31+00:00\",\"dateModified\":\"2024-11-21T12:16:56+00:00\",\"breadcrumb\":{\"@id\":\"https:\\\/\\\/ssl.ma\\\/en\\\/product\\\/sectigo-code-signing-certificate\\\/#breadcrumb\"},\"inLanguage\":\"en-US\",\"potentialAction\":[{\"@type\":\"ReadAction\",\"target\":[\"https:\\\/\\\/ssl.ma\\\/en\\\/product\\\/sectigo-code-signing-certificate\\\/\"]}]},{\"@type\":\"ImageObject\",\"inLanguage\":\"en-US\",\"@id\":\"https:\\\/\\\/ssl.ma\\\/en\\\/product\\\/sectigo-code-signing-certificate\\\/#primaryimage\",\"url\":\"https:\\\/\\\/ssl.ma\\\/wp-content\\\/uploads\\\/2022\\\/07\\\/brand-sectigo2.jpg\",\"contentUrl\":\"https:\\\/\\\/ssl.ma\\\/wp-content\\\/uploads\\\/2022\\\/07\\\/brand-sectigo2.jpg\",\"width\":1280,\"height\":329,\"caption\":\"Acheter certificat HTTPS Maroc - Prot\u00e9gez votre site web et vos utilisateurs avec un certificat SSL fiable et performant\"},{\"@type\":\"BreadcrumbList\",\"@id\":\"https:\\\/\\\/ssl.ma\\\/en\\\/product\\\/sectigo-code-signing-certificate\\\/#breadcrumb\",\"itemListElement\":[{\"@type\":\"ListItem\",\"position\":1,\"name\":\"Home\",\"item\":\"https:\\\/\\\/ssl.ma\\\/en\\\/\"},{\"@type\":\"ListItem\",\"position\":2,\"name\":\"Sectigo Code Signing\"}]},{\"@type\":\"WebSite\",\"@id\":\"https:\\\/\\\/ssl.ma\\\/#website\",\"url\":\"https:\\\/\\\/ssl.ma\\\/\",\"name\":\"Certificat Ssl Maroc SECTIGO DIGICERT Maroc GEOTRUST Thawt\",\"description\":\"Certificat SSL Maroc  SSL Wildcard pas cher Achat Certificat SSL Maroc Sectigo Wildcard SSL Free SSL\",\"potentialAction\":[{\"@type\":\"SearchAction\",\"target\":{\"@type\":\"EntryPoint\",\"urlTemplate\":\"https:\\\/\\\/ssl.ma\\\/?s={search_term_string}\"},\"query-input\":{\"@type\":\"PropertyValueSpecification\",\"valueRequired\":true,\"valueName\":\"search_term_string\"}}],\"inLanguage\":\"en-US\"}]}<\/script>\n<!-- \/ Yoast SEO plugin. -->","yoast_head_json":{"title":"Sectigo Code Signing - Certificat Ssl Maroc SECTIGO Maroc GEOTRUST Maroc DIGICERT Maroc","robots":{"index":"index","follow":"follow","max-snippet":"max-snippet:-1","max-image-preview":"max-image-preview:large","max-video-preview":"max-video-preview:-1"},"canonical":"https:\/\/ssl.ma\/en\/product\/sectigo-code-signing-certificate\/","og_locale":"en_US","og_type":"article","og_title":"Sectigo Code Signing - Certificat Ssl Maroc SECTIGO Maroc GEOTRUST Maroc DIGICERT Maroc","og_description":"Les certificats de signature de code Sectigo sont parmi les certificats de signature les plus fiables sur le march\u00e9, utilis\u00e9s par des d\u00e9veloppeurs du monde entier pour signer num\u00e9riquement leur logiciel. En apposant votre propre signature num\u00e9rique unique \u00e0 l&#8217;ensemble de votre code, vous affirmez une identit\u00e9 suffisante pour satisfaire la plupart des programmes antivirus et des filtres de navigateur, tout en donnant \u00e0 vos clients la certitude que le logiciel n&#8217;a pas \u00e9t\u00e9 alt\u00e9r\u00e9. [&hellip;]","og_url":"https:\/\/ssl.ma\/en\/product\/sectigo-code-signing-certificate\/","og_site_name":"Certificat Ssl Maroc SECTIGO Maroc GEOTRUST Maroc DIGICERT Maroc","article_publisher":"https:\/\/web.facebook.com\/HeberDomaine?_rdc=1&_rdr","article_modified_time":"2024-11-21T12:16:56+00:00","og_image":[{"width":1280,"height":329,"url":"https:\/\/ssl.ma\/wp-content\/uploads\/2022\/07\/brand-sectigo2.jpg","type":"image\/jpeg"}],"twitter_card":"summary_large_image","twitter_site":"@heberdomaine","twitter_misc":{"Est. reading time":"1 minute"},"schema":{"@context":"https:\/\/schema.org","@graph":[{"@type":"WebPage","@id":"https:\/\/ssl.ma\/en\/product\/sectigo-code-signing-certificate\/","url":"https:\/\/ssl.ma\/en\/product\/sectigo-code-signing-certificate\/","name":"Sectigo Code Signing - Certificat Ssl Maroc SECTIGO Maroc GEOTRUST Maroc DIGICERT Maroc","isPartOf":{"@id":"https:\/\/ssl.ma\/#website"},"primaryImageOfPage":{"@id":"https:\/\/ssl.ma\/en\/product\/sectigo-code-signing-certificate\/#primaryimage"},"image":{"@id":"https:\/\/ssl.ma\/en\/product\/sectigo-code-signing-certificate\/#primaryimage"},"thumbnailUrl":"https:\/\/ssl.ma\/wp-content\/uploads\/2022\/07\/brand-sectigo2.jpg","datePublished":"2022-07-14T14:07:31+00:00","dateModified":"2024-11-21T12:16:56+00:00","breadcrumb":{"@id":"https:\/\/ssl.ma\/en\/product\/sectigo-code-signing-certificate\/#breadcrumb"},"inLanguage":"en-US","potentialAction":[{"@type":"ReadAction","target":["https:\/\/ssl.ma\/en\/product\/sectigo-code-signing-certificate\/"]}]},{"@type":"ImageObject","inLanguage":"en-US","@id":"https:\/\/ssl.ma\/en\/product\/sectigo-code-signing-certificate\/#primaryimage","url":"https:\/\/ssl.ma\/wp-content\/uploads\/2022\/07\/brand-sectigo2.jpg","contentUrl":"https:\/\/ssl.ma\/wp-content\/uploads\/2022\/07\/brand-sectigo2.jpg","width":1280,"height":329,"caption":"Acheter certificat HTTPS Maroc - Prot\u00e9gez votre site web et vos utilisateurs avec un certificat SSL fiable et performant"},{"@type":"BreadcrumbList","@id":"https:\/\/ssl.ma\/en\/product\/sectigo-code-signing-certificate\/#breadcrumb","itemListElement":[{"@type":"ListItem","position":1,"name":"Home","item":"https:\/\/ssl.ma\/en\/"},{"@type":"ListItem","position":2,"name":"Sectigo Code Signing"}]},{"@type":"WebSite","@id":"https:\/\/ssl.ma\/#website","url":"https:\/\/ssl.ma\/","name":"Certificat Ssl Maroc SECTIGO DIGICERT Maroc GEOTRUST Thawt","description":"Certificat SSL Maroc  SSL Wildcard pas cher Achat Certificat SSL Maroc Sectigo Wildcard SSL Free SSL","potentialAction":[{"@type":"SearchAction","target":{"@type":"EntryPoint","urlTemplate":"https:\/\/ssl.ma\/?s={search_term_string}"},"query-input":{"@type":"PropertyValueSpecification","valueRequired":true,"valueName":"search_term_string"}}],"inLanguage":"en-US"}]}},"_links":{"self":[{"href":"https:\/\/ssl.ma\/en\/wp-json\/wp\/v2\/product\/8720","targetHints":{"allow":["GET"]}}],"collection":[{"href":"https:\/\/ssl.ma\/en\/wp-json\/wp\/v2\/product"}],"about":[{"href":"https:\/\/ssl.ma\/en\/wp-json\/wp\/v2\/types\/product"}],"version-history":[{"count":4,"href":"https:\/\/ssl.ma\/en\/wp-json\/wp\/v2\/product\/8720\/revisions"}],"predecessor-version":[{"id":9947,"href":"https:\/\/ssl.ma\/en\/wp-json\/wp\/v2\/product\/8720\/revisions\/9947"}],"wp:featuredmedia":[{"embeddable":true,"href":"https:\/\/ssl.ma\/en\/wp-json\/wp\/v2\/media\/6211"}],"wp:attachment":[{"href":"https:\/\/ssl.ma\/en\/wp-json\/wp\/v2\/media?parent=8720"}],"wp:term":[{"taxonomy":"product_brand","embeddable":true,"href":"https:\/\/ssl.ma\/en\/wp-json\/wp\/v2\/product_brand?post=8720"},{"taxonomy":"product_cat","embeddable":true,"href":"https:\/\/ssl.ma\/en\/wp-json\/wp\/v2\/product_cat?post=8720"},{"taxonomy":"product_tag","embeddable":true,"href":"https:\/\/ssl.ma\/en\/wp-json\/wp\/v2\/product_tag?post=8720"}],"curies":[{"name":"wp","href":"https:\/\/api.w.org\/{rel}","templated":true}]}}