{"id":8712,"date":"2022-07-14T15:09:12","date_gmt":"2022-07-14T14:09:12","guid":{"rendered":"https:\/\/ssl.ma\/product\/sectigo-ev-code-signing-certificate\/"},"modified":"2024-11-29T21:49:26","modified_gmt":"2024-11-29T20:49:26","slug":"sectigo-ev-code-signing-certificate","status":"publish","type":"product","link":"https:\/\/ssl.ma\/en\/product\/sectigo-ev-code-signing-certificate\/","title":{"rendered":"Sectigo EV Code Signing"},"content":{"rendered":"<p>Les certificats<strong> Sectigo de Signature de Code \u00e0 Validation \u00c9tendue (EV)<\/strong> sont bien au-dessus des certificats de signature standard pour deux raisons tr\u00e8s importantes.<br \/>\nTout d&#8217;abord, seul un <strong>certificat EV<\/strong> de signature de code peut offrir aux d\u00e9veloppeurs de logiciels un gain de r\u00e9putation instantan\u00e9 avec le filtre <strong>Microsoft SmartScreen<\/strong>.<br \/>\nCe filtre notoirement pointilleux repr\u00e9sente une barri\u00e8re d&#8217;entr\u00e9e dans l&#8217;industrie logicielle depuis son introduction, mais un certificat <strong>Sectigo EV Code Signing<\/strong> r\u00e9sout le probl\u00e8me de SmartScreen.<br \/>\nEn passant par une validation \u00e9tendue par une autorit\u00e9 de <strong>certification<\/strong> de confiance comme Sectigo, <strong>Microsoft e<\/strong>st pr\u00eat \u00e0 accorder une plus grande confiance \u00e0 votre organisation. Apr\u00e8s tout, Microsoft a une confiance implicite envers Sectigo. Le deuxi\u00e8me avantage de la<strong> signature de code EV<\/strong> ?<br \/>\n<strong>Les cl\u00e9s priv\u00e9es sont pr\u00e9enregistr\u00e9es sur un jeton mat\u00e9riel physiqu<\/strong>e, assurant la s\u00e9curit\u00e9 des cl\u00e9s de mani\u00e8re physique plut\u00f4t que bas\u00e9e sur le r\u00e9seau. La signature de<strong> code EV<\/strong> est l&#8217;avenir de la signature de code, et c&#8217;est le meilleur prix que vous trouverez pour cela.<\/p>\n","protected":false},"excerpt":{"rendered":"<p>Les certificats Sectigo de Signature de Code \u00e0 Validation \u00c9tendue (EV) sont bien au-dessus des certificats de signature standard pour deux raisons tr\u00e8s importantes. Tout d&#8217;abord, seul un certificat EV de signature de code peut offrir aux d\u00e9veloppeurs de logiciels un gain de r\u00e9putation instantan\u00e9 avec le filtre Microsoft SmartScreen. Ce filtre notoirement pointilleux repr\u00e9sente une barri\u00e8re d&#8217;entr\u00e9e dans l&#8217;industrie logicielle depuis son introduction, mais un certificat Sectigo EV Code Signing r\u00e9sout le probl\u00e8me de [&hellip;]<\/p>\n","protected":false},"featured_media":6211,"template":"","meta":{"_acf_changed":false},"product_brand":[],"product_cat":[132],"product_tag":[],"class_list":{"0":"post-8712","1":"product","2":"type-product","3":"status-publish","4":"has-post-thumbnail","6":"product_cat-code-signing-ssl-morocco","8":"first","9":"instock","10":"shipping-taxable","11":"purchasable","12":"product-type-variable","13":"has-default-attributes"},"acf":[],"yoast_head":"<!-- This site is optimized with the Yoast SEO plugin v27.3 - https:\/\/yoast.com\/product\/yoast-seo-wordpress\/ -->\n<title>Sectigo EV Code Signing - Certificat Ssl Maroc SECTIGO Maroc GEOTRUST Maroc DIGICERT Maroc<\/title>\n<meta name=\"robots\" content=\"index, follow, max-snippet:-1, max-image-preview:large, max-video-preview:-1\" \/>\n<link rel=\"canonical\" href=\"https:\/\/ssl.ma\/en\/product\/sectigo-ev-code-signing-certificate\/\" \/>\n<meta property=\"og:locale\" content=\"en_US\" \/>\n<meta property=\"og:type\" content=\"article\" \/>\n<meta property=\"og:title\" content=\"Sectigo EV Code Signing - Certificat Ssl Maroc SECTIGO Maroc GEOTRUST Maroc DIGICERT Maroc\" \/>\n<meta property=\"og:description\" content=\"Les certificats Sectigo de Signature de Code \u00e0 Validation \u00c9tendue (EV) sont bien au-dessus des certificats de signature standard pour deux raisons tr\u00e8s importantes. Tout d&#8217;abord, seul un certificat EV de signature de code peut offrir aux d\u00e9veloppeurs de logiciels un gain de r\u00e9putation instantan\u00e9 avec le filtre Microsoft SmartScreen. Ce filtre notoirement pointilleux repr\u00e9sente une barri\u00e8re d&#8217;entr\u00e9e dans l&#8217;industrie logicielle depuis son introduction, mais un certificat Sectigo EV Code Signing r\u00e9sout le probl\u00e8me de [&hellip;]\" \/>\n<meta property=\"og:url\" content=\"https:\/\/ssl.ma\/en\/product\/sectigo-ev-code-signing-certificate\/\" \/>\n<meta property=\"og:site_name\" content=\"Certificat Ssl Maroc SECTIGO Maroc GEOTRUST Maroc DIGICERT Maroc\" \/>\n<meta property=\"article:publisher\" content=\"https:\/\/web.facebook.com\/HeberDomaine?_rdc=1&amp;_rdr\" \/>\n<meta property=\"article:modified_time\" content=\"2024-11-29T20:49:26+00:00\" \/>\n<meta property=\"og:image\" content=\"https:\/\/ssl.ma\/wp-content\/uploads\/2022\/07\/brand-sectigo2.jpg\" \/>\n\t<meta property=\"og:image:width\" content=\"1280\" \/>\n\t<meta property=\"og:image:height\" content=\"329\" \/>\n\t<meta property=\"og:image:type\" content=\"image\/jpeg\" \/>\n<meta name=\"twitter:card\" content=\"summary_large_image\" \/>\n<meta name=\"twitter:site\" content=\"@heberdomaine\" \/>\n<meta name=\"twitter:label1\" content=\"Est. reading time\" \/>\n\t<meta name=\"twitter:data1\" content=\"2 minutes\" \/>\n<script type=\"application\/ld+json\" class=\"yoast-schema-graph\">{\"@context\":\"https:\\\/\\\/schema.org\",\"@graph\":[{\"@type\":\"WebPage\",\"@id\":\"https:\\\/\\\/ssl.ma\\\/en\\\/product\\\/sectigo-ev-code-signing-certificate\\\/\",\"url\":\"https:\\\/\\\/ssl.ma\\\/en\\\/product\\\/sectigo-ev-code-signing-certificate\\\/\",\"name\":\"Sectigo EV Code Signing - Certificat Ssl Maroc SECTIGO Maroc GEOTRUST Maroc DIGICERT Maroc\",\"isPartOf\":{\"@id\":\"https:\\\/\\\/ssl.ma\\\/#website\"},\"primaryImageOfPage\":{\"@id\":\"https:\\\/\\\/ssl.ma\\\/en\\\/product\\\/sectigo-ev-code-signing-certificate\\\/#primaryimage\"},\"image\":{\"@id\":\"https:\\\/\\\/ssl.ma\\\/en\\\/product\\\/sectigo-ev-code-signing-certificate\\\/#primaryimage\"},\"thumbnailUrl\":\"https:\\\/\\\/ssl.ma\\\/wp-content\\\/uploads\\\/2022\\\/07\\\/brand-sectigo2.jpg\",\"datePublished\":\"2022-07-14T14:09:12+00:00\",\"dateModified\":\"2024-11-29T20:49:26+00:00\",\"breadcrumb\":{\"@id\":\"https:\\\/\\\/ssl.ma\\\/en\\\/product\\\/sectigo-ev-code-signing-certificate\\\/#breadcrumb\"},\"inLanguage\":\"en-US\",\"potentialAction\":[{\"@type\":\"ReadAction\",\"target\":[\"https:\\\/\\\/ssl.ma\\\/en\\\/product\\\/sectigo-ev-code-signing-certificate\\\/\"]}]},{\"@type\":\"ImageObject\",\"inLanguage\":\"en-US\",\"@id\":\"https:\\\/\\\/ssl.ma\\\/en\\\/product\\\/sectigo-ev-code-signing-certificate\\\/#primaryimage\",\"url\":\"https:\\\/\\\/ssl.ma\\\/wp-content\\\/uploads\\\/2022\\\/07\\\/brand-sectigo2.jpg\",\"contentUrl\":\"https:\\\/\\\/ssl.ma\\\/wp-content\\\/uploads\\\/2022\\\/07\\\/brand-sectigo2.jpg\",\"width\":1280,\"height\":329,\"caption\":\"Acheter certificat HTTPS Maroc - Prot\u00e9gez votre site web et vos utilisateurs avec un certificat SSL fiable et performant\"},{\"@type\":\"BreadcrumbList\",\"@id\":\"https:\\\/\\\/ssl.ma\\\/en\\\/product\\\/sectigo-ev-code-signing-certificate\\\/#breadcrumb\",\"itemListElement\":[{\"@type\":\"ListItem\",\"position\":1,\"name\":\"Home\",\"item\":\"https:\\\/\\\/ssl.ma\\\/en\\\/\"},{\"@type\":\"ListItem\",\"position\":2,\"name\":\"Sectigo EV Code Signing\"}]},{\"@type\":\"WebSite\",\"@id\":\"https:\\\/\\\/ssl.ma\\\/#website\",\"url\":\"https:\\\/\\\/ssl.ma\\\/\",\"name\":\"Certificat Ssl Maroc SECTIGO DIGICERT Maroc GEOTRUST Thawt\",\"description\":\"Certificat SSL Maroc  SSL Wildcard pas cher Achat Certificat SSL Maroc Sectigo Wildcard SSL Free SSL\",\"potentialAction\":[{\"@type\":\"SearchAction\",\"target\":{\"@type\":\"EntryPoint\",\"urlTemplate\":\"https:\\\/\\\/ssl.ma\\\/?s={search_term_string}\"},\"query-input\":{\"@type\":\"PropertyValueSpecification\",\"valueRequired\":true,\"valueName\":\"search_term_string\"}}],\"inLanguage\":\"en-US\"}]}<\/script>\n<!-- \/ Yoast SEO plugin. -->","yoast_head_json":{"title":"Sectigo EV Code Signing - Certificat Ssl Maroc SECTIGO Maroc GEOTRUST Maroc DIGICERT Maroc","robots":{"index":"index","follow":"follow","max-snippet":"max-snippet:-1","max-image-preview":"max-image-preview:large","max-video-preview":"max-video-preview:-1"},"canonical":"https:\/\/ssl.ma\/en\/product\/sectigo-ev-code-signing-certificate\/","og_locale":"en_US","og_type":"article","og_title":"Sectigo EV Code Signing - Certificat Ssl Maroc SECTIGO Maroc GEOTRUST Maroc DIGICERT Maroc","og_description":"Les certificats Sectigo de Signature de Code \u00e0 Validation \u00c9tendue (EV) sont bien au-dessus des certificats de signature standard pour deux raisons tr\u00e8s importantes. Tout d&#8217;abord, seul un certificat EV de signature de code peut offrir aux d\u00e9veloppeurs de logiciels un gain de r\u00e9putation instantan\u00e9 avec le filtre Microsoft SmartScreen. Ce filtre notoirement pointilleux repr\u00e9sente une barri\u00e8re d&#8217;entr\u00e9e dans l&#8217;industrie logicielle depuis son introduction, mais un certificat Sectigo EV Code Signing r\u00e9sout le probl\u00e8me de [&hellip;]","og_url":"https:\/\/ssl.ma\/en\/product\/sectigo-ev-code-signing-certificate\/","og_site_name":"Certificat Ssl Maroc SECTIGO Maroc GEOTRUST Maroc DIGICERT Maroc","article_publisher":"https:\/\/web.facebook.com\/HeberDomaine?_rdc=1&_rdr","article_modified_time":"2024-11-29T20:49:26+00:00","og_image":[{"width":1280,"height":329,"url":"https:\/\/ssl.ma\/wp-content\/uploads\/2022\/07\/brand-sectigo2.jpg","type":"image\/jpeg"}],"twitter_card":"summary_large_image","twitter_site":"@heberdomaine","twitter_misc":{"Est. reading time":"2 minutes"},"schema":{"@context":"https:\/\/schema.org","@graph":[{"@type":"WebPage","@id":"https:\/\/ssl.ma\/en\/product\/sectigo-ev-code-signing-certificate\/","url":"https:\/\/ssl.ma\/en\/product\/sectigo-ev-code-signing-certificate\/","name":"Sectigo EV Code Signing - Certificat Ssl Maroc SECTIGO Maroc GEOTRUST Maroc DIGICERT Maroc","isPartOf":{"@id":"https:\/\/ssl.ma\/#website"},"primaryImageOfPage":{"@id":"https:\/\/ssl.ma\/en\/product\/sectigo-ev-code-signing-certificate\/#primaryimage"},"image":{"@id":"https:\/\/ssl.ma\/en\/product\/sectigo-ev-code-signing-certificate\/#primaryimage"},"thumbnailUrl":"https:\/\/ssl.ma\/wp-content\/uploads\/2022\/07\/brand-sectigo2.jpg","datePublished":"2022-07-14T14:09:12+00:00","dateModified":"2024-11-29T20:49:26+00:00","breadcrumb":{"@id":"https:\/\/ssl.ma\/en\/product\/sectigo-ev-code-signing-certificate\/#breadcrumb"},"inLanguage":"en-US","potentialAction":[{"@type":"ReadAction","target":["https:\/\/ssl.ma\/en\/product\/sectigo-ev-code-signing-certificate\/"]}]},{"@type":"ImageObject","inLanguage":"en-US","@id":"https:\/\/ssl.ma\/en\/product\/sectigo-ev-code-signing-certificate\/#primaryimage","url":"https:\/\/ssl.ma\/wp-content\/uploads\/2022\/07\/brand-sectigo2.jpg","contentUrl":"https:\/\/ssl.ma\/wp-content\/uploads\/2022\/07\/brand-sectigo2.jpg","width":1280,"height":329,"caption":"Acheter certificat HTTPS Maroc - Prot\u00e9gez votre site web et vos utilisateurs avec un certificat SSL fiable et performant"},{"@type":"BreadcrumbList","@id":"https:\/\/ssl.ma\/en\/product\/sectigo-ev-code-signing-certificate\/#breadcrumb","itemListElement":[{"@type":"ListItem","position":1,"name":"Home","item":"https:\/\/ssl.ma\/en\/"},{"@type":"ListItem","position":2,"name":"Sectigo EV Code Signing"}]},{"@type":"WebSite","@id":"https:\/\/ssl.ma\/#website","url":"https:\/\/ssl.ma\/","name":"Certificat Ssl Maroc SECTIGO DIGICERT Maroc GEOTRUST Thawt","description":"Certificat SSL Maroc  SSL Wildcard pas cher Achat Certificat SSL Maroc Sectigo Wildcard SSL Free SSL","potentialAction":[{"@type":"SearchAction","target":{"@type":"EntryPoint","urlTemplate":"https:\/\/ssl.ma\/?s={search_term_string}"},"query-input":{"@type":"PropertyValueSpecification","valueRequired":true,"valueName":"search_term_string"}}],"inLanguage":"en-US"}]}},"_links":{"self":[{"href":"https:\/\/ssl.ma\/en\/wp-json\/wp\/v2\/product\/8712","targetHints":{"allow":["GET"]}}],"collection":[{"href":"https:\/\/ssl.ma\/en\/wp-json\/wp\/v2\/product"}],"about":[{"href":"https:\/\/ssl.ma\/en\/wp-json\/wp\/v2\/types\/product"}],"version-history":[{"count":7,"href":"https:\/\/ssl.ma\/en\/wp-json\/wp\/v2\/product\/8712\/revisions"}],"predecessor-version":[{"id":10064,"href":"https:\/\/ssl.ma\/en\/wp-json\/wp\/v2\/product\/8712\/revisions\/10064"}],"wp:featuredmedia":[{"embeddable":true,"href":"https:\/\/ssl.ma\/en\/wp-json\/wp\/v2\/media\/6211"}],"wp:attachment":[{"href":"https:\/\/ssl.ma\/en\/wp-json\/wp\/v2\/media?parent=8712"}],"wp:term":[{"taxonomy":"product_brand","embeddable":true,"href":"https:\/\/ssl.ma\/en\/wp-json\/wp\/v2\/product_brand?post=8712"},{"taxonomy":"product_cat","embeddable":true,"href":"https:\/\/ssl.ma\/en\/wp-json\/wp\/v2\/product_cat?post=8712"},{"taxonomy":"product_tag","embeddable":true,"href":"https:\/\/ssl.ma\/en\/wp-json\/wp\/v2\/product_tag?post=8712"}],"curies":[{"name":"wp","href":"https:\/\/api.w.org\/{rel}","templated":true}]}}