{"id":8708,"date":"2022-07-14T15:09:14","date_gmt":"2022-07-14T14:09:14","guid":{"rendered":"https:\/\/ssl.ma\/product\/sectigo-ov-ssl\/"},"modified":"2024-11-21T13:12:00","modified_gmt":"2024-11-21T12:12:00","slug":"sectigo-ov-ssl","status":"publish","type":"product","link":"https:\/\/ssl.ma\/en\/product\/sectigo-ov-ssl\/","title":{"rendered":"Sectigo OV SSL"},"content":{"rendered":"<p>Le <strong>Sectigo OV SSL<\/strong> est l&#8217;option id\u00e9ale pour les sites professionnels, les connexions aux intranets et derri\u00e8re les pare-feux. En tant que l&#8217;un des certificats SSL de validation d&#8217;organisation les plus fiables sur le march\u00e9, le <strong>Sectigo OV SSL<\/strong> tire parti de l&#8217;exp\u00e9rience de plus de 20 ans de Sectigo dans la s\u00e9curisation des sites web, offrant une combinaison optimale de fonctionnalit\u00e9s et de <strong>prix comp\u00e9titif.<\/strong><br \/>\nLes grandes entreprises disposent de r\u00e9seaux complexes o\u00f9 de nombreuses connexions ont lieu en coulisses : bien qu&#8217;il ne soit peut-\u00eatre pas n\u00e9cessaire d&#8217;opter pour un<strong> certificat EV<\/strong>, l&#8217;authentification de l&#8217;organisation reste cruciale.<br \/>\nDans ces sc\u00e9narios, le certificat <strong>Sectigo OV SSL<\/strong> s&#8217;av\u00e8re \u00eatre la solution parfaite.<br \/>\navec le choix entre la cryptographie \u00e0 cl\u00e9 publique <strong>RSA ou ECDH<\/strong>, un chiffrement sym\u00e9trique allant jusqu&#8217;\u00e0 <strong>256 bits<\/strong> et une authentification d&#8217;entreprise. Le tout est soutenu par une garantie de remboursement de 30 jours et une garantie de <strong>1 000 000 $<\/strong>. Faites confiance au <strong>Sectigo<\/strong> <strong>OV SSL<\/strong> pour assurer la s\u00e9curit\u00e9 de vos connexions en ligne.<\/p>\n","protected":false},"excerpt":{"rendered":"<p>Le Sectigo OV SSL est l&#8217;option id\u00e9ale pour les sites professionnels, les connexions aux intranets et derri\u00e8re les pare-feux. En tant que l&#8217;un des certificats SSL de validation d&#8217;organisation les plus fiables sur le march\u00e9, le Sectigo OV SSL tire parti de l&#8217;exp\u00e9rience de plus de 20 ans de Sectigo dans la s\u00e9curisation des sites web, offrant une combinaison optimale de fonctionnalit\u00e9s et de prix comp\u00e9titif. Les grandes entreprises disposent de r\u00e9seaux complexes o\u00f9 de [&hellip;]<\/p>\n","protected":false},"featured_media":6211,"template":"","meta":{"_acf_changed":false},"product_brand":[],"product_cat":[121],"product_tag":[115],"class_list":{"0":"post-8708","1":"product","2":"type-product","3":"status-publish","4":"has-post-thumbnail","6":"product_cat-ssl-ov-morocco","7":"product_tag-ssl-sectigo-morocco","9":"first","10":"instock","11":"shipping-taxable","12":"purchasable","13":"product-type-variable","14":"has-default-attributes"},"acf":[],"yoast_head":"<!-- This site is optimized with the Yoast SEO plugin v27.3 - https:\/\/yoast.com\/product\/yoast-seo-wordpress\/ -->\n<title>Sectigo OV SSL - Certificat Ssl Maroc SECTIGO Maroc GEOTRUST Maroc DIGICERT Maroc<\/title>\n<meta name=\"robots\" content=\"index, follow, max-snippet:-1, max-image-preview:large, max-video-preview:-1\" \/>\n<link rel=\"canonical\" href=\"https:\/\/ssl.ma\/en\/product\/sectigo-ov-ssl\/\" \/>\n<meta property=\"og:locale\" content=\"en_US\" \/>\n<meta property=\"og:type\" content=\"article\" \/>\n<meta property=\"og:title\" content=\"Sectigo OV SSL - Certificat Ssl Maroc SECTIGO Maroc GEOTRUST Maroc DIGICERT Maroc\" \/>\n<meta property=\"og:description\" content=\"Le Sectigo OV SSL est l&#8217;option id\u00e9ale pour les sites professionnels, les connexions aux intranets et derri\u00e8re les pare-feux. En tant que l&#8217;un des certificats SSL de validation d&#8217;organisation les plus fiables sur le march\u00e9, le Sectigo OV SSL tire parti de l&#8217;exp\u00e9rience de plus de 20 ans de Sectigo dans la s\u00e9curisation des sites web, offrant une combinaison optimale de fonctionnalit\u00e9s et de prix comp\u00e9titif. Les grandes entreprises disposent de r\u00e9seaux complexes o\u00f9 de [&hellip;]\" \/>\n<meta property=\"og:url\" content=\"https:\/\/ssl.ma\/en\/product\/sectigo-ov-ssl\/\" \/>\n<meta property=\"og:site_name\" content=\"Certificat Ssl Maroc SECTIGO Maroc GEOTRUST Maroc DIGICERT Maroc\" \/>\n<meta property=\"article:publisher\" content=\"https:\/\/web.facebook.com\/HeberDomaine?_rdc=1&amp;_rdr\" \/>\n<meta property=\"article:modified_time\" content=\"2024-11-21T12:12:00+00:00\" \/>\n<meta property=\"og:image\" content=\"https:\/\/ssl.ma\/wp-content\/uploads\/2022\/07\/brand-sectigo2.jpg\" \/>\n\t<meta property=\"og:image:width\" content=\"1280\" \/>\n\t<meta property=\"og:image:height\" content=\"329\" \/>\n\t<meta property=\"og:image:type\" content=\"image\/jpeg\" \/>\n<meta name=\"twitter:card\" content=\"summary_large_image\" \/>\n<meta name=\"twitter:site\" content=\"@heberdomaine\" \/>\n<meta name=\"twitter:label1\" content=\"Est. reading time\" \/>\n\t<meta name=\"twitter:data1\" content=\"1 minute\" \/>\n<script type=\"application\/ld+json\" class=\"yoast-schema-graph\">{\"@context\":\"https:\\\/\\\/schema.org\",\"@graph\":[{\"@type\":\"WebPage\",\"@id\":\"https:\\\/\\\/ssl.ma\\\/en\\\/product\\\/sectigo-ov-ssl\\\/\",\"url\":\"https:\\\/\\\/ssl.ma\\\/en\\\/product\\\/sectigo-ov-ssl\\\/\",\"name\":\"Sectigo OV SSL - Certificat Ssl Maroc SECTIGO Maroc GEOTRUST Maroc DIGICERT Maroc\",\"isPartOf\":{\"@id\":\"https:\\\/\\\/ssl.ma\\\/#website\"},\"primaryImageOfPage\":{\"@id\":\"https:\\\/\\\/ssl.ma\\\/en\\\/product\\\/sectigo-ov-ssl\\\/#primaryimage\"},\"image\":{\"@id\":\"https:\\\/\\\/ssl.ma\\\/en\\\/product\\\/sectigo-ov-ssl\\\/#primaryimage\"},\"thumbnailUrl\":\"https:\\\/\\\/ssl.ma\\\/wp-content\\\/uploads\\\/2022\\\/07\\\/brand-sectigo2.jpg\",\"datePublished\":\"2022-07-14T14:09:14+00:00\",\"dateModified\":\"2024-11-21T12:12:00+00:00\",\"breadcrumb\":{\"@id\":\"https:\\\/\\\/ssl.ma\\\/en\\\/product\\\/sectigo-ov-ssl\\\/#breadcrumb\"},\"inLanguage\":\"en-US\",\"potentialAction\":[{\"@type\":\"ReadAction\",\"target\":[\"https:\\\/\\\/ssl.ma\\\/en\\\/product\\\/sectigo-ov-ssl\\\/\"]}]},{\"@type\":\"ImageObject\",\"inLanguage\":\"en-US\",\"@id\":\"https:\\\/\\\/ssl.ma\\\/en\\\/product\\\/sectigo-ov-ssl\\\/#primaryimage\",\"url\":\"https:\\\/\\\/ssl.ma\\\/wp-content\\\/uploads\\\/2022\\\/07\\\/brand-sectigo2.jpg\",\"contentUrl\":\"https:\\\/\\\/ssl.ma\\\/wp-content\\\/uploads\\\/2022\\\/07\\\/brand-sectigo2.jpg\",\"width\":1280,\"height\":329,\"caption\":\"Acheter certificat HTTPS Maroc - Prot\u00e9gez votre site web et vos utilisateurs avec un certificat SSL fiable et performant\"},{\"@type\":\"BreadcrumbList\",\"@id\":\"https:\\\/\\\/ssl.ma\\\/en\\\/product\\\/sectigo-ov-ssl\\\/#breadcrumb\",\"itemListElement\":[{\"@type\":\"ListItem\",\"position\":1,\"name\":\"Home\",\"item\":\"https:\\\/\\\/ssl.ma\\\/en\\\/\"},{\"@type\":\"ListItem\",\"position\":2,\"name\":\"Sectigo OV SSL\"}]},{\"@type\":\"WebSite\",\"@id\":\"https:\\\/\\\/ssl.ma\\\/#website\",\"url\":\"https:\\\/\\\/ssl.ma\\\/\",\"name\":\"Certificat Ssl Maroc SECTIGO DIGICERT Maroc GEOTRUST Thawt\",\"description\":\"Certificat SSL Maroc  SSL Wildcard pas cher Achat Certificat SSL Maroc Sectigo Wildcard SSL Free SSL\",\"potentialAction\":[{\"@type\":\"SearchAction\",\"target\":{\"@type\":\"EntryPoint\",\"urlTemplate\":\"https:\\\/\\\/ssl.ma\\\/?s={search_term_string}\"},\"query-input\":{\"@type\":\"PropertyValueSpecification\",\"valueRequired\":true,\"valueName\":\"search_term_string\"}}],\"inLanguage\":\"en-US\"}]}<\/script>\n<!-- \/ Yoast SEO plugin. -->","yoast_head_json":{"title":"Sectigo OV SSL - Certificat Ssl Maroc SECTIGO Maroc GEOTRUST Maroc DIGICERT Maroc","robots":{"index":"index","follow":"follow","max-snippet":"max-snippet:-1","max-image-preview":"max-image-preview:large","max-video-preview":"max-video-preview:-1"},"canonical":"https:\/\/ssl.ma\/en\/product\/sectigo-ov-ssl\/","og_locale":"en_US","og_type":"article","og_title":"Sectigo OV SSL - Certificat Ssl Maroc SECTIGO Maroc GEOTRUST Maroc DIGICERT Maroc","og_description":"Le Sectigo OV SSL est l&#8217;option id\u00e9ale pour les sites professionnels, les connexions aux intranets et derri\u00e8re les pare-feux. En tant que l&#8217;un des certificats SSL de validation d&#8217;organisation les plus fiables sur le march\u00e9, le Sectigo OV SSL tire parti de l&#8217;exp\u00e9rience de plus de 20 ans de Sectigo dans la s\u00e9curisation des sites web, offrant une combinaison optimale de fonctionnalit\u00e9s et de prix comp\u00e9titif. Les grandes entreprises disposent de r\u00e9seaux complexes o\u00f9 de [&hellip;]","og_url":"https:\/\/ssl.ma\/en\/product\/sectigo-ov-ssl\/","og_site_name":"Certificat Ssl Maroc SECTIGO Maroc GEOTRUST Maroc DIGICERT Maroc","article_publisher":"https:\/\/web.facebook.com\/HeberDomaine?_rdc=1&_rdr","article_modified_time":"2024-11-21T12:12:00+00:00","og_image":[{"width":1280,"height":329,"url":"https:\/\/ssl.ma\/wp-content\/uploads\/2022\/07\/brand-sectigo2.jpg","type":"image\/jpeg"}],"twitter_card":"summary_large_image","twitter_site":"@heberdomaine","twitter_misc":{"Est. reading time":"1 minute"},"schema":{"@context":"https:\/\/schema.org","@graph":[{"@type":"WebPage","@id":"https:\/\/ssl.ma\/en\/product\/sectigo-ov-ssl\/","url":"https:\/\/ssl.ma\/en\/product\/sectigo-ov-ssl\/","name":"Sectigo OV SSL - Certificat Ssl Maroc SECTIGO Maroc GEOTRUST Maroc DIGICERT Maroc","isPartOf":{"@id":"https:\/\/ssl.ma\/#website"},"primaryImageOfPage":{"@id":"https:\/\/ssl.ma\/en\/product\/sectigo-ov-ssl\/#primaryimage"},"image":{"@id":"https:\/\/ssl.ma\/en\/product\/sectigo-ov-ssl\/#primaryimage"},"thumbnailUrl":"https:\/\/ssl.ma\/wp-content\/uploads\/2022\/07\/brand-sectigo2.jpg","datePublished":"2022-07-14T14:09:14+00:00","dateModified":"2024-11-21T12:12:00+00:00","breadcrumb":{"@id":"https:\/\/ssl.ma\/en\/product\/sectigo-ov-ssl\/#breadcrumb"},"inLanguage":"en-US","potentialAction":[{"@type":"ReadAction","target":["https:\/\/ssl.ma\/en\/product\/sectigo-ov-ssl\/"]}]},{"@type":"ImageObject","inLanguage":"en-US","@id":"https:\/\/ssl.ma\/en\/product\/sectigo-ov-ssl\/#primaryimage","url":"https:\/\/ssl.ma\/wp-content\/uploads\/2022\/07\/brand-sectigo2.jpg","contentUrl":"https:\/\/ssl.ma\/wp-content\/uploads\/2022\/07\/brand-sectigo2.jpg","width":1280,"height":329,"caption":"Acheter certificat HTTPS Maroc - Prot\u00e9gez votre site web et vos utilisateurs avec un certificat SSL fiable et performant"},{"@type":"BreadcrumbList","@id":"https:\/\/ssl.ma\/en\/product\/sectigo-ov-ssl\/#breadcrumb","itemListElement":[{"@type":"ListItem","position":1,"name":"Home","item":"https:\/\/ssl.ma\/en\/"},{"@type":"ListItem","position":2,"name":"Sectigo OV SSL"}]},{"@type":"WebSite","@id":"https:\/\/ssl.ma\/#website","url":"https:\/\/ssl.ma\/","name":"Certificat Ssl Maroc SECTIGO DIGICERT Maroc GEOTRUST Thawt","description":"Certificat SSL Maroc  SSL Wildcard pas cher Achat Certificat SSL Maroc Sectigo Wildcard SSL Free SSL","potentialAction":[{"@type":"SearchAction","target":{"@type":"EntryPoint","urlTemplate":"https:\/\/ssl.ma\/?s={search_term_string}"},"query-input":{"@type":"PropertyValueSpecification","valueRequired":true,"valueName":"search_term_string"}}],"inLanguage":"en-US"}]}},"_links":{"self":[{"href":"https:\/\/ssl.ma\/en\/wp-json\/wp\/v2\/product\/8708","targetHints":{"allow":["GET"]}}],"collection":[{"href":"https:\/\/ssl.ma\/en\/wp-json\/wp\/v2\/product"}],"about":[{"href":"https:\/\/ssl.ma\/en\/wp-json\/wp\/v2\/types\/product"}],"version-history":[{"count":4,"href":"https:\/\/ssl.ma\/en\/wp-json\/wp\/v2\/product\/8708\/revisions"}],"predecessor-version":[{"id":9940,"href":"https:\/\/ssl.ma\/en\/wp-json\/wp\/v2\/product\/8708\/revisions\/9940"}],"wp:featuredmedia":[{"embeddable":true,"href":"https:\/\/ssl.ma\/en\/wp-json\/wp\/v2\/media\/6211"}],"wp:attachment":[{"href":"https:\/\/ssl.ma\/en\/wp-json\/wp\/v2\/media?parent=8708"}],"wp:term":[{"taxonomy":"product_brand","embeddable":true,"href":"https:\/\/ssl.ma\/en\/wp-json\/wp\/v2\/product_brand?post=8708"},{"taxonomy":"product_cat","embeddable":true,"href":"https:\/\/ssl.ma\/en\/wp-json\/wp\/v2\/product_cat?post=8708"},{"taxonomy":"product_tag","embeddable":true,"href":"https:\/\/ssl.ma\/en\/wp-json\/wp\/v2\/product_tag?post=8708"}],"curies":[{"name":"wp","href":"https:\/\/api.w.org\/{rel}","templated":true}]}}