{"id":8312,"date":"2022-07-14T15:09:20","date_gmt":"2022-07-14T14:09:20","guid":{"rendered":"https:\/\/ssl.ma\/product\/geotrust-quickssl-premium\/"},"modified":"2024-11-21T13:10:38","modified_gmt":"2024-11-21T12:10:38","slug":"geotrust-quickssl-premium","status":"publish","type":"product","link":"https:\/\/ssl.ma\/en\/product\/geotrust-quickssl-premium\/","title":{"rendered":"GeoTrust QuickSSL Premium"},"content":{"rendered":"<p>Le certificat <strong>GeoTrust QuickSSL Premium<\/strong> offre une s\u00e9curit\u00e9 rapide et efficace pour votre domaine www ou non-www, le tout avec une marque reconnue. Ce certificat populaire vous permet de s\u00e9curiser un nom de domaine enti\u00e8rement qualifi\u00e9 (www ou non-www) avec un chiffrement allant jusqu&#8217;\u00e0 256 bits.<br \/>\n<strong>GeoTrust\u00ae<\/strong> est l&#8217;une des marques les plus fiables de l&#8217;industrie, et vos clients ressentiront une assurance instantan\u00e9e en sachant que votre site est prot\u00e9g\u00e9 par une marque de premier plan.<br \/>\nLe <strong>QuickSSL Premium<\/strong> est g\u00e9n\u00e9ralement d\u00e9livr\u00e9 en moins de 10 minutes, car il n\u00e9cessite une simple v\u00e9rification de domaine pour le processus de validation. Ce certificat est une excellente option pour les petites et moyennes entreprises en ligne qui recherchent une marque de qualit\u00e9 sup\u00e9rieure \u00e0 un<strong> prix abordable.<\/strong><br \/>\nOptez pour la confiance de <strong>GeoTrust QuickSSL Premium p<\/strong>our une s\u00e9curit\u00e9 rapide, un processus de validation simple et une protection en ligne de premier ordre.<\/p>\n","protected":false},"excerpt":{"rendered":"<p>Le certificat GeoTrust QuickSSL Premium offre une s\u00e9curit\u00e9 rapide et efficace pour votre domaine www ou non-www, le tout avec une marque reconnue. Ce certificat populaire vous permet de s\u00e9curiser un nom de domaine enti\u00e8rement qualifi\u00e9 (www ou non-www) avec un chiffrement allant jusqu&#8217;\u00e0 256 bits. GeoTrust\u00ae est l&#8217;une des marques les plus fiables de l&#8217;industrie, et vos clients ressentiront une assurance instantan\u00e9e en sachant que votre site est prot\u00e9g\u00e9 par une marque de premier [&hellip;]<\/p>\n","protected":false},"featured_media":6218,"template":"","meta":{"_acf_changed":false},"product_brand":[],"product_cat":[121],"product_tag":[112],"class_list":{"0":"post-8312","1":"product","2":"type-product","3":"status-publish","4":"has-post-thumbnail","6":"product_cat-ssl-ov-morocco","7":"product_tag-geotrust-morocco-ssl","9":"first","10":"instock","11":"shipping-taxable","12":"purchasable","13":"product-type-variable","14":"has-default-attributes"},"acf":[],"yoast_head":"<!-- This site is optimized with the Yoast SEO plugin v27.4 - https:\/\/yoast.com\/product\/yoast-seo-wordpress\/ -->\n<title>GeoTrust QuickSSL Premium - Certificat Ssl Maroc SECTIGO Maroc GEOTRUST Maroc DIGICERT Maroc<\/title>\n<meta name=\"robots\" content=\"index, follow, max-snippet:-1, max-image-preview:large, max-video-preview:-1\" \/>\n<link rel=\"canonical\" href=\"https:\/\/ssl.ma\/en\/product\/geotrust-quickssl-premium\/\" \/>\n<meta property=\"og:locale\" content=\"en_US\" \/>\n<meta property=\"og:type\" content=\"article\" \/>\n<meta property=\"og:title\" content=\"GeoTrust QuickSSL Premium - Certificat Ssl Maroc SECTIGO Maroc GEOTRUST Maroc DIGICERT Maroc\" \/>\n<meta property=\"og:description\" content=\"Le certificat GeoTrust QuickSSL Premium offre une s\u00e9curit\u00e9 rapide et efficace pour votre domaine www ou non-www, le tout avec une marque reconnue. Ce certificat populaire vous permet de s\u00e9curiser un nom de domaine enti\u00e8rement qualifi\u00e9 (www ou non-www) avec un chiffrement allant jusqu&#8217;\u00e0 256 bits. GeoTrust\u00ae est l&#8217;une des marques les plus fiables de l&#8217;industrie, et vos clients ressentiront une assurance instantan\u00e9e en sachant que votre site est prot\u00e9g\u00e9 par une marque de premier [&hellip;]\" \/>\n<meta property=\"og:url\" content=\"https:\/\/ssl.ma\/en\/product\/geotrust-quickssl-premium\/\" \/>\n<meta property=\"og:site_name\" content=\"Certificat Ssl Maroc SECTIGO Maroc GEOTRUST Maroc DIGICERT Maroc\" \/>\n<meta property=\"article:publisher\" content=\"https:\/\/web.facebook.com\/HeberDomaine?_rdc=1&amp;_rdr\" \/>\n<meta property=\"article:modified_time\" content=\"2024-11-21T12:10:38+00:00\" \/>\n<meta property=\"og:image\" content=\"https:\/\/ssl.ma\/wp-content\/uploads\/2022\/07\/brand-geotrust.jpg\" \/>\n\t<meta property=\"og:image:width\" content=\"1280\" \/>\n\t<meta property=\"og:image:height\" content=\"329\" \/>\n\t<meta property=\"og:image:type\" content=\"image\/jpeg\" \/>\n<meta name=\"twitter:card\" content=\"summary_large_image\" \/>\n<meta name=\"twitter:site\" content=\"@heberdomaine\" \/>\n<meta name=\"twitter:label1\" content=\"Est. reading time\" \/>\n\t<meta name=\"twitter:data1\" content=\"1 minute\" \/>\n<script type=\"application\/ld+json\" class=\"yoast-schema-graph\">{\"@context\":\"https:\\\/\\\/schema.org\",\"@graph\":[{\"@type\":\"WebPage\",\"@id\":\"https:\\\/\\\/ssl.ma\\\/en\\\/product\\\/geotrust-quickssl-premium\\\/\",\"url\":\"https:\\\/\\\/ssl.ma\\\/en\\\/product\\\/geotrust-quickssl-premium\\\/\",\"name\":\"GeoTrust QuickSSL Premium - Certificat Ssl Maroc SECTIGO Maroc GEOTRUST Maroc DIGICERT Maroc\",\"isPartOf\":{\"@id\":\"https:\\\/\\\/ssl.ma\\\/#website\"},\"primaryImageOfPage\":{\"@id\":\"https:\\\/\\\/ssl.ma\\\/en\\\/product\\\/geotrust-quickssl-premium\\\/#primaryimage\"},\"image\":{\"@id\":\"https:\\\/\\\/ssl.ma\\\/en\\\/product\\\/geotrust-quickssl-premium\\\/#primaryimage\"},\"thumbnailUrl\":\"https:\\\/\\\/ssl.ma\\\/wp-content\\\/uploads\\\/2022\\\/07\\\/brand-geotrust.jpg\",\"datePublished\":\"2022-07-14T14:09:20+00:00\",\"dateModified\":\"2024-11-21T12:10:38+00:00\",\"breadcrumb\":{\"@id\":\"https:\\\/\\\/ssl.ma\\\/en\\\/product\\\/geotrust-quickssl-premium\\\/#breadcrumb\"},\"inLanguage\":\"en-US\",\"potentialAction\":[{\"@type\":\"ReadAction\",\"target\":[\"https:\\\/\\\/ssl.ma\\\/en\\\/product\\\/geotrust-quickssl-premium\\\/\"]}]},{\"@type\":\"ImageObject\",\"inLanguage\":\"en-US\",\"@id\":\"https:\\\/\\\/ssl.ma\\\/en\\\/product\\\/geotrust-quickssl-premium\\\/#primaryimage\",\"url\":\"https:\\\/\\\/ssl.ma\\\/wp-content\\\/uploads\\\/2022\\\/07\\\/brand-geotrust.jpg\",\"contentUrl\":\"https:\\\/\\\/ssl.ma\\\/wp-content\\\/uploads\\\/2022\\\/07\\\/brand-geotrust.jpg\",\"width\":1280,\"height\":329,\"caption\":\"Certificat de S\u00e9curit\u00e9 Maroc - Optez pour un certificat SSL fiable pour garantir la s\u00e9curit\u00e9 de votre site au Maroc\"},{\"@type\":\"BreadcrumbList\",\"@id\":\"https:\\\/\\\/ssl.ma\\\/en\\\/product\\\/geotrust-quickssl-premium\\\/#breadcrumb\",\"itemListElement\":[{\"@type\":\"ListItem\",\"position\":1,\"name\":\"Home\",\"item\":\"https:\\\/\\\/ssl.ma\\\/en\\\/\"},{\"@type\":\"ListItem\",\"position\":2,\"name\":\"GeoTrust QuickSSL Premium\"}]},{\"@type\":\"WebSite\",\"@id\":\"https:\\\/\\\/ssl.ma\\\/#website\",\"url\":\"https:\\\/\\\/ssl.ma\\\/\",\"name\":\"Certificat Ssl Maroc SECTIGO DIGICERT Maroc GEOTRUST Thawt\",\"description\":\"Certificat SSL Maroc  SSL Wildcard pas cher Achat Certificat SSL Maroc Sectigo Wildcard SSL Free SSL\",\"potentialAction\":[{\"@type\":\"SearchAction\",\"target\":{\"@type\":\"EntryPoint\",\"urlTemplate\":\"https:\\\/\\\/ssl.ma\\\/?s={search_term_string}\"},\"query-input\":{\"@type\":\"PropertyValueSpecification\",\"valueRequired\":true,\"valueName\":\"search_term_string\"}}],\"inLanguage\":\"en-US\"}]}<\/script>\n<!-- \/ Yoast SEO plugin. -->","yoast_head_json":{"title":"GeoTrust QuickSSL Premium - Certificat Ssl Maroc SECTIGO Maroc GEOTRUST Maroc DIGICERT Maroc","robots":{"index":"index","follow":"follow","max-snippet":"max-snippet:-1","max-image-preview":"max-image-preview:large","max-video-preview":"max-video-preview:-1"},"canonical":"https:\/\/ssl.ma\/en\/product\/geotrust-quickssl-premium\/","og_locale":"en_US","og_type":"article","og_title":"GeoTrust QuickSSL Premium - Certificat Ssl Maroc SECTIGO Maroc GEOTRUST Maroc DIGICERT Maroc","og_description":"Le certificat GeoTrust QuickSSL Premium offre une s\u00e9curit\u00e9 rapide et efficace pour votre domaine www ou non-www, le tout avec une marque reconnue. Ce certificat populaire vous permet de s\u00e9curiser un nom de domaine enti\u00e8rement qualifi\u00e9 (www ou non-www) avec un chiffrement allant jusqu&#8217;\u00e0 256 bits. GeoTrust\u00ae est l&#8217;une des marques les plus fiables de l&#8217;industrie, et vos clients ressentiront une assurance instantan\u00e9e en sachant que votre site est prot\u00e9g\u00e9 par une marque de premier [&hellip;]","og_url":"https:\/\/ssl.ma\/en\/product\/geotrust-quickssl-premium\/","og_site_name":"Certificat Ssl Maroc SECTIGO Maroc GEOTRUST Maroc DIGICERT Maroc","article_publisher":"https:\/\/web.facebook.com\/HeberDomaine?_rdc=1&_rdr","article_modified_time":"2024-11-21T12:10:38+00:00","og_image":[{"width":1280,"height":329,"url":"https:\/\/ssl.ma\/wp-content\/uploads\/2022\/07\/brand-geotrust.jpg","type":"image\/jpeg"}],"twitter_card":"summary_large_image","twitter_site":"@heberdomaine","twitter_misc":{"Est. reading time":"1 minute"},"schema":{"@context":"https:\/\/schema.org","@graph":[{"@type":"WebPage","@id":"https:\/\/ssl.ma\/en\/product\/geotrust-quickssl-premium\/","url":"https:\/\/ssl.ma\/en\/product\/geotrust-quickssl-premium\/","name":"GeoTrust QuickSSL Premium - Certificat Ssl Maroc SECTIGO Maroc GEOTRUST Maroc DIGICERT Maroc","isPartOf":{"@id":"https:\/\/ssl.ma\/#website"},"primaryImageOfPage":{"@id":"https:\/\/ssl.ma\/en\/product\/geotrust-quickssl-premium\/#primaryimage"},"image":{"@id":"https:\/\/ssl.ma\/en\/product\/geotrust-quickssl-premium\/#primaryimage"},"thumbnailUrl":"https:\/\/ssl.ma\/wp-content\/uploads\/2022\/07\/brand-geotrust.jpg","datePublished":"2022-07-14T14:09:20+00:00","dateModified":"2024-11-21T12:10:38+00:00","breadcrumb":{"@id":"https:\/\/ssl.ma\/en\/product\/geotrust-quickssl-premium\/#breadcrumb"},"inLanguage":"en-US","potentialAction":[{"@type":"ReadAction","target":["https:\/\/ssl.ma\/en\/product\/geotrust-quickssl-premium\/"]}]},{"@type":"ImageObject","inLanguage":"en-US","@id":"https:\/\/ssl.ma\/en\/product\/geotrust-quickssl-premium\/#primaryimage","url":"https:\/\/ssl.ma\/wp-content\/uploads\/2022\/07\/brand-geotrust.jpg","contentUrl":"https:\/\/ssl.ma\/wp-content\/uploads\/2022\/07\/brand-geotrust.jpg","width":1280,"height":329,"caption":"Certificat de S\u00e9curit\u00e9 Maroc - Optez pour un certificat SSL fiable pour garantir la s\u00e9curit\u00e9 de votre site au Maroc"},{"@type":"BreadcrumbList","@id":"https:\/\/ssl.ma\/en\/product\/geotrust-quickssl-premium\/#breadcrumb","itemListElement":[{"@type":"ListItem","position":1,"name":"Home","item":"https:\/\/ssl.ma\/en\/"},{"@type":"ListItem","position":2,"name":"GeoTrust QuickSSL Premium"}]},{"@type":"WebSite","@id":"https:\/\/ssl.ma\/#website","url":"https:\/\/ssl.ma\/","name":"Certificat Ssl Maroc SECTIGO DIGICERT Maroc GEOTRUST Thawt","description":"Certificat SSL Maroc  SSL Wildcard pas cher Achat Certificat SSL Maroc Sectigo Wildcard SSL Free SSL","potentialAction":[{"@type":"SearchAction","target":{"@type":"EntryPoint","urlTemplate":"https:\/\/ssl.ma\/?s={search_term_string}"},"query-input":{"@type":"PropertyValueSpecification","valueRequired":true,"valueName":"search_term_string"}}],"inLanguage":"en-US"}]}},"_links":{"self":[{"href":"https:\/\/ssl.ma\/en\/wp-json\/wp\/v2\/product\/8312","targetHints":{"allow":["GET"]}}],"collection":[{"href":"https:\/\/ssl.ma\/en\/wp-json\/wp\/v2\/product"}],"about":[{"href":"https:\/\/ssl.ma\/en\/wp-json\/wp\/v2\/types\/product"}],"version-history":[{"count":4,"href":"https:\/\/ssl.ma\/en\/wp-json\/wp\/v2\/product\/8312\/revisions"}],"predecessor-version":[{"id":9939,"href":"https:\/\/ssl.ma\/en\/wp-json\/wp\/v2\/product\/8312\/revisions\/9939"}],"wp:featuredmedia":[{"embeddable":true,"href":"https:\/\/ssl.ma\/en\/wp-json\/wp\/v2\/media\/6218"}],"wp:attachment":[{"href":"https:\/\/ssl.ma\/en\/wp-json\/wp\/v2\/media?parent=8312"}],"wp:term":[{"taxonomy":"product_brand","embeddable":true,"href":"https:\/\/ssl.ma\/en\/wp-json\/wp\/v2\/product_brand?post=8312"},{"taxonomy":"product_cat","embeddable":true,"href":"https:\/\/ssl.ma\/en\/wp-json\/wp\/v2\/product_cat?post=8312"},{"taxonomy":"product_tag","embeddable":true,"href":"https:\/\/ssl.ma\/en\/wp-json\/wp\/v2\/product_tag?post=8312"}],"curies":[{"name":"wp","href":"https:\/\/api.w.org\/{rel}","templated":true}]}}