{"id":8285,"date":"2022-07-14T15:09:23","date_gmt":"2022-07-14T14:09:23","guid":{"rendered":"https:\/\/ssl.ma\/product\/rapidssl-wildcard-certificate\/"},"modified":"2024-11-28T08:44:36","modified_gmt":"2024-11-28T07:44:36","slug":"rapidssl-wildcard-certificate","status":"publish","type":"product","link":"https:\/\/ssl.ma\/en\/product\/rapidssl-wildcard-certificate\/","title":{"rendered":"RapidSSL Wildcard"},"content":{"rendered":"<p>Le certificat <strong>RapidSSL<\/strong> Wildcard est la r\u00e9ponse parfaite pour s\u00e9curiser rapidement et \u00e9conomiquement votre domaine principal ainsi que tous ses sous-domaines.<br \/>\nEn tant que fournisseur de premier plan de certificats SSL rapides et simples, <strong>RapidSSL<\/strong>\u00ae offre un certificat \u00e0 faible co\u00fbt avec un chiffrement standard de <strong>128\/256 bits.<\/strong><br \/>\nIl s&#8217;agit de l&#8217;un des certificats SSL wildcard de validation de domaine (<strong>DV<\/strong>) les plus populaires au monde, reconnu pour son \u00e9mission ultrarapide et son prix imbattable.<br \/>\nPris\u00e9 par plus de <strong>99 % des navigateurs,<\/strong> ce certificat est la solution id\u00e9ale pour les sites web d\u00e9butants qui cherchent \u00e0 prot\u00e9ger \u00e0 la fois leur domaine principal (<strong>https:\/\/<\/strong>) et leurs sous-domaines (par exemple, <strong>exampledomain.com, mail.exampledomain.com,<\/strong> <strong>admin.exampledomain.com<\/strong>, <strong>retail.exampledomain.com, etc<\/strong>.).<br \/>\nOptez pour RapidSSL Wildcard pour une s\u00e9curit\u00e9 fiable, une \u00e9mission rapide et un <strong>excellent<\/strong> <strong>rapport qualit\u00e9-prix.<\/strong><\/p>\n","protected":false},"excerpt":{"rendered":"<p>Le certificat RapidSSL Wildcard est la r\u00e9ponse parfaite pour s\u00e9curiser rapidement et \u00e9conomiquement votre domaine principal ainsi que tous ses sous-domaines. En tant que fournisseur de premier plan de certificats SSL rapides et simples, RapidSSL\u00ae offre un certificat \u00e0 faible co\u00fbt avec un chiffrement standard de 128\/256 bits. Il s&#8217;agit de l&#8217;un des certificats SSL wildcard de validation de domaine (DV) les plus populaires au monde, reconnu pour son \u00e9mission ultrarapide et son prix imbattable. [&hellip;]<\/p>\n","protected":false},"featured_media":6227,"template":"","meta":{"_acf_changed":false},"product_brand":[],"product_cat":[119],"product_tag":[144],"class_list":{"0":"post-8285","1":"product","2":"type-product","3":"status-publish","4":"has-post-thumbnail","6":"product_cat-ssl-dv-morocco-certificat","7":"product_tag-rapid-ssl-maroc-en","9":"first","10":"instock","11":"shipping-taxable","12":"purchasable","13":"product-type-variable","14":"has-default-attributes"},"acf":[],"yoast_head":"<!-- This site is optimized with the Yoast SEO plugin v27.3 - https:\/\/yoast.com\/product\/yoast-seo-wordpress\/ -->\n<title>RapidSSL Wildcard - Certificat Ssl Maroc SECTIGO Maroc GEOTRUST Maroc DIGICERT Maroc<\/title>\n<meta name=\"description\" content=\"meilleur prix RapidSSL Maroc, certificat SSL pas cher\" \/>\n<meta name=\"robots\" content=\"index, follow, max-snippet:-1, max-image-preview:large, max-video-preview:-1\" \/>\n<link rel=\"canonical\" href=\"https:\/\/ssl.ma\/en\/product\/rapidssl-wildcard-certificate\/\" \/>\n<meta property=\"og:locale\" content=\"en_US\" \/>\n<meta property=\"og:type\" content=\"article\" \/>\n<meta property=\"og:title\" content=\"RapidSSL Wildcard - Certificat Ssl Maroc SECTIGO Maroc GEOTRUST Maroc DIGICERT Maroc\" \/>\n<meta property=\"og:description\" content=\"meilleur prix RapidSSL Maroc, certificat SSL pas cher\" \/>\n<meta property=\"og:url\" content=\"https:\/\/ssl.ma\/en\/product\/rapidssl-wildcard-certificate\/\" \/>\n<meta property=\"og:site_name\" content=\"Certificat Ssl Maroc SECTIGO Maroc GEOTRUST Maroc DIGICERT Maroc\" \/>\n<meta property=\"article:publisher\" content=\"https:\/\/web.facebook.com\/HeberDomaine?_rdc=1&amp;_rdr\" \/>\n<meta property=\"article:modified_time\" content=\"2024-11-28T07:44:36+00:00\" \/>\n<meta property=\"og:image\" content=\"https:\/\/ssl.ma\/wp-content\/uploads\/2022\/07\/brand-rapidssl.jpg\" \/>\n\t<meta property=\"og:image:width\" content=\"1280\" \/>\n\t<meta property=\"og:image:height\" content=\"329\" \/>\n\t<meta property=\"og:image:type\" content=\"image\/jpeg\" \/>\n<meta name=\"twitter:card\" content=\"summary_large_image\" \/>\n<meta name=\"twitter:site\" content=\"@heberdomaine\" \/>\n<meta name=\"twitter:label1\" content=\"Est. reading time\" \/>\n\t<meta name=\"twitter:data1\" content=\"1 minute\" \/>\n<script type=\"application\/ld+json\" class=\"yoast-schema-graph\">{\"@context\":\"https:\\\/\\\/schema.org\",\"@graph\":[{\"@type\":\"WebPage\",\"@id\":\"https:\\\/\\\/ssl.ma\\\/en\\\/product\\\/rapidssl-wildcard-certificate\\\/\",\"url\":\"https:\\\/\\\/ssl.ma\\\/en\\\/product\\\/rapidssl-wildcard-certificate\\\/\",\"name\":\"RapidSSL Wildcard - Certificat Ssl Maroc SECTIGO Maroc GEOTRUST Maroc DIGICERT Maroc\",\"isPartOf\":{\"@id\":\"https:\\\/\\\/ssl.ma\\\/#website\"},\"primaryImageOfPage\":{\"@id\":\"https:\\\/\\\/ssl.ma\\\/en\\\/product\\\/rapidssl-wildcard-certificate\\\/#primaryimage\"},\"image\":{\"@id\":\"https:\\\/\\\/ssl.ma\\\/en\\\/product\\\/rapidssl-wildcard-certificate\\\/#primaryimage\"},\"thumbnailUrl\":\"https:\\\/\\\/ssl.ma\\\/wp-content\\\/uploads\\\/2022\\\/07\\\/brand-rapidssl.jpg\",\"datePublished\":\"2022-07-14T14:09:23+00:00\",\"dateModified\":\"2024-11-28T07:44:36+00:00\",\"description\":\"meilleur prix RapidSSL Maroc, certificat SSL pas cher\",\"breadcrumb\":{\"@id\":\"https:\\\/\\\/ssl.ma\\\/en\\\/product\\\/rapidssl-wildcard-certificate\\\/#breadcrumb\"},\"inLanguage\":\"en-US\",\"potentialAction\":[{\"@type\":\"ReadAction\",\"target\":[\"https:\\\/\\\/ssl.ma\\\/en\\\/product\\\/rapidssl-wildcard-certificate\\\/\"]}]},{\"@type\":\"ImageObject\",\"inLanguage\":\"en-US\",\"@id\":\"https:\\\/\\\/ssl.ma\\\/en\\\/product\\\/rapidssl-wildcard-certificate\\\/#primaryimage\",\"url\":\"https:\\\/\\\/ssl.ma\\\/wp-content\\\/uploads\\\/2022\\\/07\\\/brand-rapidssl.jpg\",\"contentUrl\":\"https:\\\/\\\/ssl.ma\\\/wp-content\\\/uploads\\\/2022\\\/07\\\/brand-rapidssl.jpg\",\"width\":1280,\"height\":329,\"caption\":\"Https SSL TLS Maroc - Prot\u00e9gez vos donn\u00e9es en ligne avec un certificat SSL compatible TLS pour une s\u00e9curit\u00e9 maximale\"},{\"@type\":\"BreadcrumbList\",\"@id\":\"https:\\\/\\\/ssl.ma\\\/en\\\/product\\\/rapidssl-wildcard-certificate\\\/#breadcrumb\",\"itemListElement\":[{\"@type\":\"ListItem\",\"position\":1,\"name\":\"Home\",\"item\":\"https:\\\/\\\/ssl.ma\\\/en\\\/\"},{\"@type\":\"ListItem\",\"position\":2,\"name\":\"RapidSSL Wildcard\"}]},{\"@type\":\"WebSite\",\"@id\":\"https:\\\/\\\/ssl.ma\\\/#website\",\"url\":\"https:\\\/\\\/ssl.ma\\\/\",\"name\":\"Certificat Ssl Maroc SECTIGO DIGICERT Maroc GEOTRUST Thawt\",\"description\":\"Certificat SSL Maroc  SSL Wildcard pas cher Achat Certificat SSL Maroc Sectigo Wildcard SSL Free SSL\",\"potentialAction\":[{\"@type\":\"SearchAction\",\"target\":{\"@type\":\"EntryPoint\",\"urlTemplate\":\"https:\\\/\\\/ssl.ma\\\/?s={search_term_string}\"},\"query-input\":{\"@type\":\"PropertyValueSpecification\",\"valueRequired\":true,\"valueName\":\"search_term_string\"}}],\"inLanguage\":\"en-US\"}]}<\/script>\n<!-- \/ Yoast SEO plugin. -->","yoast_head_json":{"title":"RapidSSL Wildcard - Certificat Ssl Maroc SECTIGO Maroc GEOTRUST Maroc DIGICERT Maroc","description":"meilleur prix RapidSSL Maroc, certificat SSL pas cher","robots":{"index":"index","follow":"follow","max-snippet":"max-snippet:-1","max-image-preview":"max-image-preview:large","max-video-preview":"max-video-preview:-1"},"canonical":"https:\/\/ssl.ma\/en\/product\/rapidssl-wildcard-certificate\/","og_locale":"en_US","og_type":"article","og_title":"RapidSSL Wildcard - Certificat Ssl Maroc SECTIGO Maroc GEOTRUST Maroc DIGICERT Maroc","og_description":"meilleur prix RapidSSL Maroc, certificat SSL pas cher","og_url":"https:\/\/ssl.ma\/en\/product\/rapidssl-wildcard-certificate\/","og_site_name":"Certificat Ssl Maroc SECTIGO Maroc GEOTRUST Maroc DIGICERT Maroc","article_publisher":"https:\/\/web.facebook.com\/HeberDomaine?_rdc=1&_rdr","article_modified_time":"2024-11-28T07:44:36+00:00","og_image":[{"width":1280,"height":329,"url":"https:\/\/ssl.ma\/wp-content\/uploads\/2022\/07\/brand-rapidssl.jpg","type":"image\/jpeg"}],"twitter_card":"summary_large_image","twitter_site":"@heberdomaine","twitter_misc":{"Est. reading time":"1 minute"},"schema":{"@context":"https:\/\/schema.org","@graph":[{"@type":"WebPage","@id":"https:\/\/ssl.ma\/en\/product\/rapidssl-wildcard-certificate\/","url":"https:\/\/ssl.ma\/en\/product\/rapidssl-wildcard-certificate\/","name":"RapidSSL Wildcard - Certificat Ssl Maroc SECTIGO Maroc GEOTRUST Maroc DIGICERT Maroc","isPartOf":{"@id":"https:\/\/ssl.ma\/#website"},"primaryImageOfPage":{"@id":"https:\/\/ssl.ma\/en\/product\/rapidssl-wildcard-certificate\/#primaryimage"},"image":{"@id":"https:\/\/ssl.ma\/en\/product\/rapidssl-wildcard-certificate\/#primaryimage"},"thumbnailUrl":"https:\/\/ssl.ma\/wp-content\/uploads\/2022\/07\/brand-rapidssl.jpg","datePublished":"2022-07-14T14:09:23+00:00","dateModified":"2024-11-28T07:44:36+00:00","description":"meilleur prix RapidSSL Maroc, certificat SSL pas cher","breadcrumb":{"@id":"https:\/\/ssl.ma\/en\/product\/rapidssl-wildcard-certificate\/#breadcrumb"},"inLanguage":"en-US","potentialAction":[{"@type":"ReadAction","target":["https:\/\/ssl.ma\/en\/product\/rapidssl-wildcard-certificate\/"]}]},{"@type":"ImageObject","inLanguage":"en-US","@id":"https:\/\/ssl.ma\/en\/product\/rapidssl-wildcard-certificate\/#primaryimage","url":"https:\/\/ssl.ma\/wp-content\/uploads\/2022\/07\/brand-rapidssl.jpg","contentUrl":"https:\/\/ssl.ma\/wp-content\/uploads\/2022\/07\/brand-rapidssl.jpg","width":1280,"height":329,"caption":"Https SSL TLS Maroc - Prot\u00e9gez vos donn\u00e9es en ligne avec un certificat SSL compatible TLS pour une s\u00e9curit\u00e9 maximale"},{"@type":"BreadcrumbList","@id":"https:\/\/ssl.ma\/en\/product\/rapidssl-wildcard-certificate\/#breadcrumb","itemListElement":[{"@type":"ListItem","position":1,"name":"Home","item":"https:\/\/ssl.ma\/en\/"},{"@type":"ListItem","position":2,"name":"RapidSSL Wildcard"}]},{"@type":"WebSite","@id":"https:\/\/ssl.ma\/#website","url":"https:\/\/ssl.ma\/","name":"Certificat Ssl Maroc SECTIGO DIGICERT Maroc GEOTRUST Thawt","description":"Certificat SSL Maroc  SSL Wildcard pas cher Achat Certificat SSL Maroc Sectigo Wildcard SSL Free SSL","potentialAction":[{"@type":"SearchAction","target":{"@type":"EntryPoint","urlTemplate":"https:\/\/ssl.ma\/?s={search_term_string}"},"query-input":{"@type":"PropertyValueSpecification","valueRequired":true,"valueName":"search_term_string"}}],"inLanguage":"en-US"}]}},"_links":{"self":[{"href":"https:\/\/ssl.ma\/en\/wp-json\/wp\/v2\/product\/8285","targetHints":{"allow":["GET"]}}],"collection":[{"href":"https:\/\/ssl.ma\/en\/wp-json\/wp\/v2\/product"}],"about":[{"href":"https:\/\/ssl.ma\/en\/wp-json\/wp\/v2\/types\/product"}],"version-history":[{"count":5,"href":"https:\/\/ssl.ma\/en\/wp-json\/wp\/v2\/product\/8285\/revisions"}],"predecessor-version":[{"id":10052,"href":"https:\/\/ssl.ma\/en\/wp-json\/wp\/v2\/product\/8285\/revisions\/10052"}],"wp:featuredmedia":[{"embeddable":true,"href":"https:\/\/ssl.ma\/en\/wp-json\/wp\/v2\/media\/6227"}],"wp:attachment":[{"href":"https:\/\/ssl.ma\/en\/wp-json\/wp\/v2\/media?parent=8285"}],"wp:term":[{"taxonomy":"product_brand","embeddable":true,"href":"https:\/\/ssl.ma\/en\/wp-json\/wp\/v2\/product_brand?post=8285"},{"taxonomy":"product_cat","embeddable":true,"href":"https:\/\/ssl.ma\/en\/wp-json\/wp\/v2\/product_cat?post=8285"},{"taxonomy":"product_tag","embeddable":true,"href":"https:\/\/ssl.ma\/en\/wp-json\/wp\/v2\/product_tag?post=8285"}],"curies":[{"name":"wp","href":"https:\/\/api.w.org\/{rel}","templated":true}]}}