{"id":8255,"date":"2022-07-14T15:09:25","date_gmt":"2022-07-14T14:09:25","guid":{"rendered":"https:\/\/ssl.ma\/product\/thawte-ssl123\/"},"modified":"2024-11-21T13:08:26","modified_gmt":"2024-11-21T12:08:26","slug":"thawte-ssl123","status":"publish","type":"product","link":"https:\/\/ssl.ma\/en\/product\/thawte-ssl123\/","title":{"rendered":"Thawte SSL123"},"content":{"rendered":"<p>Le certificat <strong>Thawte SSL123<\/strong> offre une protection rapide et abordable pour votre site web, garantissant une connexion s\u00e9curis\u00e9e gr\u00e2ce \u00e0 un chiffrement robuste. Avec une validation de domaine rapide, il est parfait pour une mise en place facile.<br \/>\nEn choisissant <strong>Thawte<\/strong>, une marque de confiance mondialement reconnue dans l&#8217;industrie <strong>SSL<\/strong>, vous renforcez la s\u00e9curit\u00e9 de votre site tout en offrant \u00e0 vos visiteurs la tranquillit\u00e9 d&#8217;esprit d&#8217;une connexion s\u00e9curis\u00e9e.<br \/>\nUne fois install\u00e9, ce certificat active le protocole <strong>HTTPS<\/strong>, affichant le cadenas dans la barre d&#8217;adresse pour signifier une exp\u00e9rience en ligne s\u00e9curis\u00e9e.<br \/>\nOptez pour la fiabilit\u00e9 de <strong>Thawte SSL123<\/strong> pour assurer la protection de votre site avec efficacit\u00e9, sans compromis sur la qualit\u00e9 ni sur la r\u00e9putation.<\/p>\n","protected":false},"excerpt":{"rendered":"<p>Le certificat Thawte SSL123 offre une protection rapide et abordable pour votre site web, garantissant une connexion s\u00e9curis\u00e9e gr\u00e2ce \u00e0 un chiffrement robuste. Avec une validation de domaine rapide, il est parfait pour une mise en place facile. En choisissant Thawte, une marque de confiance mondialement reconnue dans l&#8217;industrie SSL, vous renforcez la s\u00e9curit\u00e9 de votre site tout en offrant \u00e0 vos visiteurs la tranquillit\u00e9 d&#8217;esprit d&#8217;une connexion s\u00e9curis\u00e9e. Une fois install\u00e9, ce certificat active [&hellip;]<\/p>\n","protected":false},"featured_media":6224,"template":"","meta":{"_acf_changed":false},"product_brand":[],"product_cat":[119],"product_tag":[117],"class_list":{"0":"post-8255","1":"product","2":"type-product","3":"status-publish","4":"has-post-thumbnail","6":"product_cat-ssl-dv-morocco-certificat","7":"product_tag-thawte-ssl-africa","9":"first","10":"instock","11":"shipping-taxable","12":"purchasable","13":"product-type-variable","14":"has-default-attributes"},"acf":[],"yoast_head":"<!-- This site is optimized with the Yoast SEO plugin v27.3 - https:\/\/yoast.com\/product\/yoast-seo-wordpress\/ -->\n<title>Thawte SSL123 - Certificat Ssl Maroc SECTIGO Maroc GEOTRUST Maroc DIGICERT Maroc<\/title>\n<meta name=\"robots\" content=\"index, follow, max-snippet:-1, max-image-preview:large, max-video-preview:-1\" \/>\n<link rel=\"canonical\" href=\"https:\/\/ssl.ma\/en\/product\/thawte-ssl123\/\" \/>\n<meta property=\"og:locale\" content=\"en_US\" \/>\n<meta property=\"og:type\" content=\"article\" \/>\n<meta property=\"og:title\" content=\"Thawte SSL123 - Certificat Ssl Maroc SECTIGO Maroc GEOTRUST Maroc DIGICERT Maroc\" \/>\n<meta property=\"og:description\" content=\"Le certificat Thawte SSL123 offre une protection rapide et abordable pour votre site web, garantissant une connexion s\u00e9curis\u00e9e gr\u00e2ce \u00e0 un chiffrement robuste. Avec une validation de domaine rapide, il est parfait pour une mise en place facile. En choisissant Thawte, une marque de confiance mondialement reconnue dans l&#8217;industrie SSL, vous renforcez la s\u00e9curit\u00e9 de votre site tout en offrant \u00e0 vos visiteurs la tranquillit\u00e9 d&#8217;esprit d&#8217;une connexion s\u00e9curis\u00e9e. Une fois install\u00e9, ce certificat active [&hellip;]\" \/>\n<meta property=\"og:url\" content=\"https:\/\/ssl.ma\/en\/product\/thawte-ssl123\/\" \/>\n<meta property=\"og:site_name\" content=\"Certificat Ssl Maroc SECTIGO Maroc GEOTRUST Maroc DIGICERT Maroc\" \/>\n<meta property=\"article:publisher\" content=\"https:\/\/web.facebook.com\/HeberDomaine?_rdc=1&amp;_rdr\" \/>\n<meta property=\"article:modified_time\" content=\"2024-11-21T12:08:26+00:00\" \/>\n<meta property=\"og:image\" content=\"https:\/\/ssl.ma\/wp-content\/uploads\/2022\/07\/brand-thawte.jpg\" \/>\n\t<meta property=\"og:image:width\" content=\"1280\" \/>\n\t<meta property=\"og:image:height\" content=\"329\" \/>\n\t<meta property=\"og:image:type\" content=\"image\/jpeg\" \/>\n<meta name=\"twitter:card\" content=\"summary_large_image\" \/>\n<meta name=\"twitter:site\" content=\"@heberdomaine\" \/>\n<meta name=\"twitter:label1\" content=\"Est. reading time\" \/>\n\t<meta name=\"twitter:data1\" content=\"1 minute\" \/>\n<script type=\"application\/ld+json\" class=\"yoast-schema-graph\">{\"@context\":\"https:\\\/\\\/schema.org\",\"@graph\":[{\"@type\":\"WebPage\",\"@id\":\"https:\\\/\\\/ssl.ma\\\/en\\\/product\\\/thawte-ssl123\\\/\",\"url\":\"https:\\\/\\\/ssl.ma\\\/en\\\/product\\\/thawte-ssl123\\\/\",\"name\":\"Thawte SSL123 - Certificat Ssl Maroc SECTIGO Maroc GEOTRUST Maroc DIGICERT Maroc\",\"isPartOf\":{\"@id\":\"https:\\\/\\\/ssl.ma\\\/#website\"},\"primaryImageOfPage\":{\"@id\":\"https:\\\/\\\/ssl.ma\\\/en\\\/product\\\/thawte-ssl123\\\/#primaryimage\"},\"image\":{\"@id\":\"https:\\\/\\\/ssl.ma\\\/en\\\/product\\\/thawte-ssl123\\\/#primaryimage\"},\"thumbnailUrl\":\"https:\\\/\\\/ssl.ma\\\/wp-content\\\/uploads\\\/2022\\\/07\\\/brand-thawte.jpg\",\"datePublished\":\"2022-07-14T14:09:25+00:00\",\"dateModified\":\"2024-11-21T12:08:26+00:00\",\"breadcrumb\":{\"@id\":\"https:\\\/\\\/ssl.ma\\\/en\\\/product\\\/thawte-ssl123\\\/#breadcrumb\"},\"inLanguage\":\"en-US\",\"potentialAction\":[{\"@type\":\"ReadAction\",\"target\":[\"https:\\\/\\\/ssl.ma\\\/en\\\/product\\\/thawte-ssl123\\\/\"]}]},{\"@type\":\"ImageObject\",\"inLanguage\":\"en-US\",\"@id\":\"https:\\\/\\\/ssl.ma\\\/en\\\/product\\\/thawte-ssl123\\\/#primaryimage\",\"url\":\"https:\\\/\\\/ssl.ma\\\/wp-content\\\/uploads\\\/2022\\\/07\\\/brand-thawte.jpg\",\"contentUrl\":\"https:\\\/\\\/ssl.ma\\\/wp-content\\\/uploads\\\/2022\\\/07\\\/brand-thawte.jpg\",\"width\":1280,\"height\":329,\"caption\":\"Achetez un certificat SSL pas cher Maroc - Optez pour des solutions SSL abordables tout en garantissant la s\u00e9curit\u00e9 de votre site\"},{\"@type\":\"BreadcrumbList\",\"@id\":\"https:\\\/\\\/ssl.ma\\\/en\\\/product\\\/thawte-ssl123\\\/#breadcrumb\",\"itemListElement\":[{\"@type\":\"ListItem\",\"position\":1,\"name\":\"Home\",\"item\":\"https:\\\/\\\/ssl.ma\\\/en\\\/\"},{\"@type\":\"ListItem\",\"position\":2,\"name\":\"Thawte SSL123\"}]},{\"@type\":\"WebSite\",\"@id\":\"https:\\\/\\\/ssl.ma\\\/#website\",\"url\":\"https:\\\/\\\/ssl.ma\\\/\",\"name\":\"Certificat Ssl Maroc SECTIGO DIGICERT Maroc GEOTRUST Thawt\",\"description\":\"Certificat SSL Maroc  SSL Wildcard pas cher Achat Certificat SSL Maroc Sectigo Wildcard SSL Free SSL\",\"potentialAction\":[{\"@type\":\"SearchAction\",\"target\":{\"@type\":\"EntryPoint\",\"urlTemplate\":\"https:\\\/\\\/ssl.ma\\\/?s={search_term_string}\"},\"query-input\":{\"@type\":\"PropertyValueSpecification\",\"valueRequired\":true,\"valueName\":\"search_term_string\"}}],\"inLanguage\":\"en-US\"}]}<\/script>\n<!-- \/ Yoast SEO plugin. -->","yoast_head_json":{"title":"Thawte SSL123 - Certificat Ssl Maroc SECTIGO Maroc GEOTRUST Maroc DIGICERT Maroc","robots":{"index":"index","follow":"follow","max-snippet":"max-snippet:-1","max-image-preview":"max-image-preview:large","max-video-preview":"max-video-preview:-1"},"canonical":"https:\/\/ssl.ma\/en\/product\/thawte-ssl123\/","og_locale":"en_US","og_type":"article","og_title":"Thawte SSL123 - Certificat Ssl Maroc SECTIGO Maroc GEOTRUST Maroc DIGICERT Maroc","og_description":"Le certificat Thawte SSL123 offre une protection rapide et abordable pour votre site web, garantissant une connexion s\u00e9curis\u00e9e gr\u00e2ce \u00e0 un chiffrement robuste. Avec une validation de domaine rapide, il est parfait pour une mise en place facile. En choisissant Thawte, une marque de confiance mondialement reconnue dans l&#8217;industrie SSL, vous renforcez la s\u00e9curit\u00e9 de votre site tout en offrant \u00e0 vos visiteurs la tranquillit\u00e9 d&#8217;esprit d&#8217;une connexion s\u00e9curis\u00e9e. Une fois install\u00e9, ce certificat active [&hellip;]","og_url":"https:\/\/ssl.ma\/en\/product\/thawte-ssl123\/","og_site_name":"Certificat Ssl Maroc SECTIGO Maroc GEOTRUST Maroc DIGICERT Maroc","article_publisher":"https:\/\/web.facebook.com\/HeberDomaine?_rdc=1&_rdr","article_modified_time":"2024-11-21T12:08:26+00:00","og_image":[{"width":1280,"height":329,"url":"https:\/\/ssl.ma\/wp-content\/uploads\/2022\/07\/brand-thawte.jpg","type":"image\/jpeg"}],"twitter_card":"summary_large_image","twitter_site":"@heberdomaine","twitter_misc":{"Est. reading time":"1 minute"},"schema":{"@context":"https:\/\/schema.org","@graph":[{"@type":"WebPage","@id":"https:\/\/ssl.ma\/en\/product\/thawte-ssl123\/","url":"https:\/\/ssl.ma\/en\/product\/thawte-ssl123\/","name":"Thawte SSL123 - Certificat Ssl Maroc SECTIGO Maroc GEOTRUST Maroc DIGICERT Maroc","isPartOf":{"@id":"https:\/\/ssl.ma\/#website"},"primaryImageOfPage":{"@id":"https:\/\/ssl.ma\/en\/product\/thawte-ssl123\/#primaryimage"},"image":{"@id":"https:\/\/ssl.ma\/en\/product\/thawte-ssl123\/#primaryimage"},"thumbnailUrl":"https:\/\/ssl.ma\/wp-content\/uploads\/2022\/07\/brand-thawte.jpg","datePublished":"2022-07-14T14:09:25+00:00","dateModified":"2024-11-21T12:08:26+00:00","breadcrumb":{"@id":"https:\/\/ssl.ma\/en\/product\/thawte-ssl123\/#breadcrumb"},"inLanguage":"en-US","potentialAction":[{"@type":"ReadAction","target":["https:\/\/ssl.ma\/en\/product\/thawte-ssl123\/"]}]},{"@type":"ImageObject","inLanguage":"en-US","@id":"https:\/\/ssl.ma\/en\/product\/thawte-ssl123\/#primaryimage","url":"https:\/\/ssl.ma\/wp-content\/uploads\/2022\/07\/brand-thawte.jpg","contentUrl":"https:\/\/ssl.ma\/wp-content\/uploads\/2022\/07\/brand-thawte.jpg","width":1280,"height":329,"caption":"Achetez un certificat SSL pas cher Maroc - Optez pour des solutions SSL abordables tout en garantissant la s\u00e9curit\u00e9 de votre site"},{"@type":"BreadcrumbList","@id":"https:\/\/ssl.ma\/en\/product\/thawte-ssl123\/#breadcrumb","itemListElement":[{"@type":"ListItem","position":1,"name":"Home","item":"https:\/\/ssl.ma\/en\/"},{"@type":"ListItem","position":2,"name":"Thawte SSL123"}]},{"@type":"WebSite","@id":"https:\/\/ssl.ma\/#website","url":"https:\/\/ssl.ma\/","name":"Certificat Ssl Maroc SECTIGO DIGICERT Maroc GEOTRUST Thawt","description":"Certificat SSL Maroc  SSL Wildcard pas cher Achat Certificat SSL Maroc Sectigo Wildcard SSL Free SSL","potentialAction":[{"@type":"SearchAction","target":{"@type":"EntryPoint","urlTemplate":"https:\/\/ssl.ma\/?s={search_term_string}"},"query-input":{"@type":"PropertyValueSpecification","valueRequired":true,"valueName":"search_term_string"}}],"inLanguage":"en-US"}]}},"_links":{"self":[{"href":"https:\/\/ssl.ma\/en\/wp-json\/wp\/v2\/product\/8255","targetHints":{"allow":["GET"]}}],"collection":[{"href":"https:\/\/ssl.ma\/en\/wp-json\/wp\/v2\/product"}],"about":[{"href":"https:\/\/ssl.ma\/en\/wp-json\/wp\/v2\/types\/product"}],"version-history":[{"count":3,"href":"https:\/\/ssl.ma\/en\/wp-json\/wp\/v2\/product\/8255\/revisions"}],"predecessor-version":[{"id":9935,"href":"https:\/\/ssl.ma\/en\/wp-json\/wp\/v2\/product\/8255\/revisions\/9935"}],"wp:featuredmedia":[{"embeddable":true,"href":"https:\/\/ssl.ma\/en\/wp-json\/wp\/v2\/media\/6224"}],"wp:attachment":[{"href":"https:\/\/ssl.ma\/en\/wp-json\/wp\/v2\/media?parent=8255"}],"wp:term":[{"taxonomy":"product_brand","embeddable":true,"href":"https:\/\/ssl.ma\/en\/wp-json\/wp\/v2\/product_brand?post=8255"},{"taxonomy":"product_cat","embeddable":true,"href":"https:\/\/ssl.ma\/en\/wp-json\/wp\/v2\/product_cat?post=8255"},{"taxonomy":"product_tag","embeddable":true,"href":"https:\/\/ssl.ma\/en\/wp-json\/wp\/v2\/product_tag?post=8255"}],"curies":[{"name":"wp","href":"https:\/\/api.w.org\/{rel}","templated":true}]}}