{"id":8220,"date":"2022-07-14T15:09:29","date_gmt":"2022-07-14T14:09:29","guid":{"rendered":"https:\/\/ssl.ma\/product\/thawte-ssl-web-server-maroc\/"},"modified":"2024-11-21T13:07:52","modified_gmt":"2024-11-21T12:07:52","slug":"thawte-ssl-web-server-maroc","status":"publish","type":"product","link":"https:\/\/ssl.ma\/en\/product\/thawte-ssl-web-server-maroc\/","title":{"rendered":"Thawte Web Server SSL"},"content":{"rendered":"<p>Le certificat <strong>Thawte SSL Web Server<\/strong> est une solution de niveau premium qui t\u00e9moigne de votre engagement envers la s\u00e9curit\u00e9 de vos clients en ligne.<br \/>\nCes certificats, de type<strong> Organisation Validated (OV),<\/strong> permettent \u00e0 vos clients de voir que votre entreprise a \u00e9t\u00e9 v\u00e9rifi\u00e9e par l&#8217;une des marques les plus fiables en mati\u00e8re de s\u00e9curit\u00e9 sur Internet. En tant que l&#8217;une des marques les plus prestigieuses de l&#8217;industrie SSL, <strong>Thawte<\/strong> est utilis\u00e9 dans plus de 240 pays \u00e0 travers le monde,<br \/>\nvous assurant que ces certificats seront reconnus par des clients du monde entier.<br \/>\nTout type d&#8217;entreprise cherchant \u00e0 renforcer la r\u00e9putation de son site web devrait envisager ces certificats, mais ils sont particuli\u00e8rement recommand\u00e9s pour les sites de <strong>commerce \u00e9lectronique<\/strong> de taille moyenne.<\/p>\n","protected":false},"excerpt":{"rendered":"<p>Le certificat Thawte SSL Web Server est une solution de niveau premium qui t\u00e9moigne de votre engagement envers la s\u00e9curit\u00e9 de vos clients en ligne. Ces certificats, de type Organisation Validated (OV), permettent \u00e0 vos clients de voir que votre entreprise a \u00e9t\u00e9 v\u00e9rifi\u00e9e par l&#8217;une des marques les plus fiables en mati\u00e8re de s\u00e9curit\u00e9 sur Internet. En tant que l&#8217;une des marques les plus prestigieuses de l&#8217;industrie SSL, Thawte est utilis\u00e9 dans plus de [&hellip;]<\/p>\n","protected":false},"featured_media":6224,"template":"","meta":{"_acf_changed":false},"product_brand":[],"product_cat":[119],"product_tag":[117],"class_list":{"0":"post-8220","1":"product","2":"type-product","3":"status-publish","4":"has-post-thumbnail","6":"product_cat-ssl-dv-morocco-certificat","7":"product_tag-thawte-ssl-africa","9":"first","10":"instock","11":"shipping-taxable","12":"purchasable","13":"product-type-variable","14":"has-default-attributes"},"acf":[],"yoast_head":"<!-- This site is optimized with the Yoast SEO plugin v27.4 - https:\/\/yoast.com\/product\/yoast-seo-wordpress\/ -->\n<title>Thawte Web Server SSL - Certificat Ssl Maroc SECTIGO Maroc GEOTRUST Maroc DIGICERT Maroc<\/title>\n<meta name=\"robots\" content=\"index, follow, max-snippet:-1, max-image-preview:large, max-video-preview:-1\" \/>\n<link rel=\"canonical\" href=\"https:\/\/ssl.ma\/en\/product\/thawte-ssl-web-server-maroc\/\" \/>\n<meta property=\"og:locale\" content=\"en_US\" \/>\n<meta property=\"og:type\" content=\"article\" \/>\n<meta property=\"og:title\" content=\"Thawte Web Server SSL - Certificat Ssl Maroc SECTIGO Maroc GEOTRUST Maroc DIGICERT Maroc\" \/>\n<meta property=\"og:description\" content=\"Le certificat Thawte SSL Web Server est une solution de niveau premium qui t\u00e9moigne de votre engagement envers la s\u00e9curit\u00e9 de vos clients en ligne. Ces certificats, de type Organisation Validated (OV), permettent \u00e0 vos clients de voir que votre entreprise a \u00e9t\u00e9 v\u00e9rifi\u00e9e par l&#8217;une des marques les plus fiables en mati\u00e8re de s\u00e9curit\u00e9 sur Internet. En tant que l&#8217;une des marques les plus prestigieuses de l&#8217;industrie SSL, Thawte est utilis\u00e9 dans plus de [&hellip;]\" \/>\n<meta property=\"og:url\" content=\"https:\/\/ssl.ma\/en\/product\/thawte-ssl-web-server-maroc\/\" \/>\n<meta property=\"og:site_name\" content=\"Certificat Ssl Maroc SECTIGO Maroc GEOTRUST Maroc DIGICERT Maroc\" \/>\n<meta property=\"article:publisher\" content=\"https:\/\/web.facebook.com\/HeberDomaine?_rdc=1&amp;_rdr\" \/>\n<meta property=\"article:modified_time\" content=\"2024-11-21T12:07:52+00:00\" \/>\n<meta property=\"og:image\" content=\"https:\/\/ssl.ma\/wp-content\/uploads\/2022\/07\/brand-thawte.jpg\" \/>\n\t<meta property=\"og:image:width\" content=\"1280\" \/>\n\t<meta property=\"og:image:height\" content=\"329\" \/>\n\t<meta property=\"og:image:type\" content=\"image\/jpeg\" \/>\n<meta name=\"twitter:card\" content=\"summary_large_image\" \/>\n<meta name=\"twitter:site\" content=\"@heberdomaine\" \/>\n<meta name=\"twitter:label1\" content=\"Est. reading time\" \/>\n\t<meta name=\"twitter:data1\" content=\"1 minute\" \/>\n<script type=\"application\/ld+json\" class=\"yoast-schema-graph\">{\"@context\":\"https:\\\/\\\/schema.org\",\"@graph\":[{\"@type\":\"WebPage\",\"@id\":\"https:\\\/\\\/ssl.ma\\\/en\\\/product\\\/thawte-ssl-web-server-maroc\\\/\",\"url\":\"https:\\\/\\\/ssl.ma\\\/en\\\/product\\\/thawte-ssl-web-server-maroc\\\/\",\"name\":\"Thawte Web Server SSL - Certificat Ssl Maroc SECTIGO Maroc GEOTRUST Maroc DIGICERT Maroc\",\"isPartOf\":{\"@id\":\"https:\\\/\\\/ssl.ma\\\/#website\"},\"primaryImageOfPage\":{\"@id\":\"https:\\\/\\\/ssl.ma\\\/en\\\/product\\\/thawte-ssl-web-server-maroc\\\/#primaryimage\"},\"image\":{\"@id\":\"https:\\\/\\\/ssl.ma\\\/en\\\/product\\\/thawte-ssl-web-server-maroc\\\/#primaryimage\"},\"thumbnailUrl\":\"https:\\\/\\\/ssl.ma\\\/wp-content\\\/uploads\\\/2022\\\/07\\\/brand-thawte.jpg\",\"datePublished\":\"2022-07-14T14:09:29+00:00\",\"dateModified\":\"2024-11-21T12:07:52+00:00\",\"breadcrumb\":{\"@id\":\"https:\\\/\\\/ssl.ma\\\/en\\\/product\\\/thawte-ssl-web-server-maroc\\\/#breadcrumb\"},\"inLanguage\":\"en-US\",\"potentialAction\":[{\"@type\":\"ReadAction\",\"target\":[\"https:\\\/\\\/ssl.ma\\\/en\\\/product\\\/thawte-ssl-web-server-maroc\\\/\"]}]},{\"@type\":\"ImageObject\",\"inLanguage\":\"en-US\",\"@id\":\"https:\\\/\\\/ssl.ma\\\/en\\\/product\\\/thawte-ssl-web-server-maroc\\\/#primaryimage\",\"url\":\"https:\\\/\\\/ssl.ma\\\/wp-content\\\/uploads\\\/2022\\\/07\\\/brand-thawte.jpg\",\"contentUrl\":\"https:\\\/\\\/ssl.ma\\\/wp-content\\\/uploads\\\/2022\\\/07\\\/brand-thawte.jpg\",\"width\":1280,\"height\":329,\"caption\":\"Achetez un certificat SSL pas cher Maroc - Optez pour des solutions SSL abordables tout en garantissant la s\u00e9curit\u00e9 de votre site\"},{\"@type\":\"BreadcrumbList\",\"@id\":\"https:\\\/\\\/ssl.ma\\\/en\\\/product\\\/thawte-ssl-web-server-maroc\\\/#breadcrumb\",\"itemListElement\":[{\"@type\":\"ListItem\",\"position\":1,\"name\":\"Home\",\"item\":\"https:\\\/\\\/ssl.ma\\\/en\\\/\"},{\"@type\":\"ListItem\",\"position\":2,\"name\":\"Thawte Web Server SSL\"}]},{\"@type\":\"WebSite\",\"@id\":\"https:\\\/\\\/ssl.ma\\\/#website\",\"url\":\"https:\\\/\\\/ssl.ma\\\/\",\"name\":\"Certificat Ssl Maroc SECTIGO DIGICERT Maroc GEOTRUST Thawt\",\"description\":\"Certificat SSL Maroc  SSL Wildcard pas cher Achat Certificat SSL Maroc Sectigo Wildcard SSL Free SSL\",\"potentialAction\":[{\"@type\":\"SearchAction\",\"target\":{\"@type\":\"EntryPoint\",\"urlTemplate\":\"https:\\\/\\\/ssl.ma\\\/?s={search_term_string}\"},\"query-input\":{\"@type\":\"PropertyValueSpecification\",\"valueRequired\":true,\"valueName\":\"search_term_string\"}}],\"inLanguage\":\"en-US\"}]}<\/script>\n<!-- \/ Yoast SEO plugin. -->","yoast_head_json":{"title":"Thawte Web Server SSL - Certificat Ssl Maroc SECTIGO Maroc GEOTRUST Maroc DIGICERT Maroc","robots":{"index":"index","follow":"follow","max-snippet":"max-snippet:-1","max-image-preview":"max-image-preview:large","max-video-preview":"max-video-preview:-1"},"canonical":"https:\/\/ssl.ma\/en\/product\/thawte-ssl-web-server-maroc\/","og_locale":"en_US","og_type":"article","og_title":"Thawte Web Server SSL - Certificat Ssl Maroc SECTIGO Maroc GEOTRUST Maroc DIGICERT Maroc","og_description":"Le certificat Thawte SSL Web Server est une solution de niveau premium qui t\u00e9moigne de votre engagement envers la s\u00e9curit\u00e9 de vos clients en ligne. Ces certificats, de type Organisation Validated (OV), permettent \u00e0 vos clients de voir que votre entreprise a \u00e9t\u00e9 v\u00e9rifi\u00e9e par l&#8217;une des marques les plus fiables en mati\u00e8re de s\u00e9curit\u00e9 sur Internet. En tant que l&#8217;une des marques les plus prestigieuses de l&#8217;industrie SSL, Thawte est utilis\u00e9 dans plus de [&hellip;]","og_url":"https:\/\/ssl.ma\/en\/product\/thawte-ssl-web-server-maroc\/","og_site_name":"Certificat Ssl Maroc SECTIGO Maroc GEOTRUST Maroc DIGICERT Maroc","article_publisher":"https:\/\/web.facebook.com\/HeberDomaine?_rdc=1&_rdr","article_modified_time":"2024-11-21T12:07:52+00:00","og_image":[{"width":1280,"height":329,"url":"https:\/\/ssl.ma\/wp-content\/uploads\/2022\/07\/brand-thawte.jpg","type":"image\/jpeg"}],"twitter_card":"summary_large_image","twitter_site":"@heberdomaine","twitter_misc":{"Est. reading time":"1 minute"},"schema":{"@context":"https:\/\/schema.org","@graph":[{"@type":"WebPage","@id":"https:\/\/ssl.ma\/en\/product\/thawte-ssl-web-server-maroc\/","url":"https:\/\/ssl.ma\/en\/product\/thawte-ssl-web-server-maroc\/","name":"Thawte Web Server SSL - Certificat Ssl Maroc SECTIGO Maroc GEOTRUST Maroc DIGICERT Maroc","isPartOf":{"@id":"https:\/\/ssl.ma\/#website"},"primaryImageOfPage":{"@id":"https:\/\/ssl.ma\/en\/product\/thawte-ssl-web-server-maroc\/#primaryimage"},"image":{"@id":"https:\/\/ssl.ma\/en\/product\/thawte-ssl-web-server-maroc\/#primaryimage"},"thumbnailUrl":"https:\/\/ssl.ma\/wp-content\/uploads\/2022\/07\/brand-thawte.jpg","datePublished":"2022-07-14T14:09:29+00:00","dateModified":"2024-11-21T12:07:52+00:00","breadcrumb":{"@id":"https:\/\/ssl.ma\/en\/product\/thawte-ssl-web-server-maroc\/#breadcrumb"},"inLanguage":"en-US","potentialAction":[{"@type":"ReadAction","target":["https:\/\/ssl.ma\/en\/product\/thawte-ssl-web-server-maroc\/"]}]},{"@type":"ImageObject","inLanguage":"en-US","@id":"https:\/\/ssl.ma\/en\/product\/thawte-ssl-web-server-maroc\/#primaryimage","url":"https:\/\/ssl.ma\/wp-content\/uploads\/2022\/07\/brand-thawte.jpg","contentUrl":"https:\/\/ssl.ma\/wp-content\/uploads\/2022\/07\/brand-thawte.jpg","width":1280,"height":329,"caption":"Achetez un certificat SSL pas cher Maroc - Optez pour des solutions SSL abordables tout en garantissant la s\u00e9curit\u00e9 de votre site"},{"@type":"BreadcrumbList","@id":"https:\/\/ssl.ma\/en\/product\/thawte-ssl-web-server-maroc\/#breadcrumb","itemListElement":[{"@type":"ListItem","position":1,"name":"Home","item":"https:\/\/ssl.ma\/en\/"},{"@type":"ListItem","position":2,"name":"Thawte Web Server SSL"}]},{"@type":"WebSite","@id":"https:\/\/ssl.ma\/#website","url":"https:\/\/ssl.ma\/","name":"Certificat Ssl Maroc SECTIGO DIGICERT Maroc GEOTRUST Thawt","description":"Certificat SSL Maroc  SSL Wildcard pas cher Achat Certificat SSL Maroc Sectigo Wildcard SSL Free SSL","potentialAction":[{"@type":"SearchAction","target":{"@type":"EntryPoint","urlTemplate":"https:\/\/ssl.ma\/?s={search_term_string}"},"query-input":{"@type":"PropertyValueSpecification","valueRequired":true,"valueName":"search_term_string"}}],"inLanguage":"en-US"}]}},"_links":{"self":[{"href":"https:\/\/ssl.ma\/en\/wp-json\/wp\/v2\/product\/8220","targetHints":{"allow":["GET"]}}],"collection":[{"href":"https:\/\/ssl.ma\/en\/wp-json\/wp\/v2\/product"}],"about":[{"href":"https:\/\/ssl.ma\/en\/wp-json\/wp\/v2\/types\/product"}],"version-history":[{"count":3,"href":"https:\/\/ssl.ma\/en\/wp-json\/wp\/v2\/product\/8220\/revisions"}],"predecessor-version":[{"id":9914,"href":"https:\/\/ssl.ma\/en\/wp-json\/wp\/v2\/product\/8220\/revisions\/9914"}],"wp:featuredmedia":[{"embeddable":true,"href":"https:\/\/ssl.ma\/en\/wp-json\/wp\/v2\/media\/6224"}],"wp:attachment":[{"href":"https:\/\/ssl.ma\/en\/wp-json\/wp\/v2\/media?parent=8220"}],"wp:term":[{"taxonomy":"product_brand","embeddable":true,"href":"https:\/\/ssl.ma\/en\/wp-json\/wp\/v2\/product_brand?post=8220"},{"taxonomy":"product_cat","embeddable":true,"href":"https:\/\/ssl.ma\/en\/wp-json\/wp\/v2\/product_cat?post=8220"},{"taxonomy":"product_tag","embeddable":true,"href":"https:\/\/ssl.ma\/en\/wp-json\/wp\/v2\/product_tag?post=8220"}],"curies":[{"name":"wp","href":"https:\/\/api.w.org\/{rel}","templated":true}]}}