{"id":8172,"date":"2022-07-14T15:11:02","date_gmt":"2022-07-14T14:11:02","guid":{"rendered":"https:\/\/ssl.ma\/product\/geotrust-true-businessid\/"},"modified":"2024-11-21T13:06:14","modified_gmt":"2024-11-21T12:06:14","slug":"geotrust-true-businessid","status":"publish","type":"product","link":"https:\/\/ssl.ma\/en\/product\/geotrust-true-businessid\/","title":{"rendered":"GeoTrust True BusinessID"},"content":{"rendered":"<p>Le certificat <strong>GeoTrust True BusinessID<\/strong> est bien plus qu&#8217;une simple protection en ligne \u2013 c&#8217;est la cl\u00e9 de la confiance et de la cr\u00e9dibilit\u00e9 pour votre site web.<br \/>\nAvec un puissant chiffrement de<strong> 256 bits<\/strong>, ce certificat assure une confidentialit\u00e9 maximale des donn\u00e9es \u00e9chang\u00e9es entre votre site et vos utilisateurs. Gr\u00e2ce \u00e0 une validation d&#8217;entreprise rigoureuse effectu\u00e9e par <strong>GeoTrust<\/strong>, vos visiteurs peuvent \u00eatre assur\u00e9s de l&#8217;authenticit\u00e9 de votre entreprise en un coup d&#8217;\u0153il.<br \/>\nL&#8217;int\u00e9gration facile avec une vari\u00e9t\u00e9 de navigateurs et d&#8217;applications serveur, ainsi que le sceau de site dynamique GeoTrust affich\u00e9 fi\u00e8rement sur votre site, renforcent la confiance de vos visiteurs.<br \/>\n<strong>Parfaitement adapt\u00e9 pour s\u00e9curiser les transactions en ligne<\/strong>, le <strong>GeoTrust True BusinessID<\/strong> devient l&#8217;alli\u00e9 id\u00e9al des entreprises, petites ou grandes, d\u00e9sireuses d&#8217;assurer une protection compl\u00e8te et de r\u00e9pondre aux normes les plus \u00e9lev\u00e9es de s\u00e9curit\u00e9 en ligne.<br \/>\nFaites de la s\u00e9curit\u00e9 une exp\u00e9rience positive pour vos utilisateurs avec <strong>GeoTrust True BusinessID<\/strong>.<\/p>\n","protected":false},"excerpt":{"rendered":"<p>Le certificat GeoTrust True BusinessID est bien plus qu&#8217;une simple protection en ligne \u2013 c&#8217;est la cl\u00e9 de la confiance et de la cr\u00e9dibilit\u00e9 pour votre site web. Avec un puissant chiffrement de 256 bits, ce certificat assure une confidentialit\u00e9 maximale des donn\u00e9es \u00e9chang\u00e9es entre votre site et vos utilisateurs. Gr\u00e2ce \u00e0 une validation d&#8217;entreprise rigoureuse effectu\u00e9e par GeoTrust, vos visiteurs peuvent \u00eatre assur\u00e9s de l&#8217;authenticit\u00e9 de votre entreprise en un coup d&#8217;\u0153il. L&#8217;int\u00e9gration facile [&hellip;]<\/p>\n","protected":false},"featured_media":6218,"template":"","meta":{"_acf_changed":false},"product_brand":[],"product_cat":[121],"product_tag":[112],"class_list":{"0":"post-8172","1":"product","2":"type-product","3":"status-publish","4":"has-post-thumbnail","6":"product_cat-ssl-ov-morocco","7":"product_tag-geotrust-morocco-ssl","9":"first","10":"instock","11":"shipping-taxable","12":"purchasable","13":"product-type-variable","14":"has-default-attributes"},"acf":[],"yoast_head":"<!-- This site is optimized with the Yoast SEO plugin v27.4 - https:\/\/yoast.com\/product\/yoast-seo-wordpress\/ -->\n<title>GeoTrust True BusinessID - Certificat Ssl Maroc SECTIGO Maroc GEOTRUST Maroc DIGICERT Maroc<\/title>\n<meta name=\"robots\" content=\"index, follow, max-snippet:-1, max-image-preview:large, max-video-preview:-1\" \/>\n<link rel=\"canonical\" href=\"https:\/\/ssl.ma\/en\/product\/geotrust-true-businessid\/\" \/>\n<meta property=\"og:locale\" content=\"en_US\" \/>\n<meta property=\"og:type\" content=\"article\" \/>\n<meta property=\"og:title\" content=\"GeoTrust True BusinessID - Certificat Ssl Maroc SECTIGO Maroc GEOTRUST Maroc DIGICERT Maroc\" \/>\n<meta property=\"og:description\" content=\"Le certificat GeoTrust True BusinessID est bien plus qu&#8217;une simple protection en ligne \u2013 c&#8217;est la cl\u00e9 de la confiance et de la cr\u00e9dibilit\u00e9 pour votre site web. Avec un puissant chiffrement de 256 bits, ce certificat assure une confidentialit\u00e9 maximale des donn\u00e9es \u00e9chang\u00e9es entre votre site et vos utilisateurs. Gr\u00e2ce \u00e0 une validation d&#8217;entreprise rigoureuse effectu\u00e9e par GeoTrust, vos visiteurs peuvent \u00eatre assur\u00e9s de l&#8217;authenticit\u00e9 de votre entreprise en un coup d&#8217;\u0153il. L&#8217;int\u00e9gration facile [&hellip;]\" \/>\n<meta property=\"og:url\" content=\"https:\/\/ssl.ma\/en\/product\/geotrust-true-businessid\/\" \/>\n<meta property=\"og:site_name\" content=\"Certificat Ssl Maroc SECTIGO Maroc GEOTRUST Maroc DIGICERT Maroc\" \/>\n<meta property=\"article:publisher\" content=\"https:\/\/web.facebook.com\/HeberDomaine?_rdc=1&amp;_rdr\" \/>\n<meta property=\"article:modified_time\" content=\"2024-11-21T12:06:14+00:00\" \/>\n<meta property=\"og:image\" content=\"https:\/\/ssl.ma\/wp-content\/uploads\/2022\/07\/brand-geotrust.jpg\" \/>\n\t<meta property=\"og:image:width\" content=\"1280\" \/>\n\t<meta property=\"og:image:height\" content=\"329\" \/>\n\t<meta property=\"og:image:type\" content=\"image\/jpeg\" \/>\n<meta name=\"twitter:card\" content=\"summary_large_image\" \/>\n<meta name=\"twitter:site\" content=\"@heberdomaine\" \/>\n<meta name=\"twitter:label1\" content=\"Est. reading time\" \/>\n\t<meta name=\"twitter:data1\" content=\"1 minute\" \/>\n<script type=\"application\/ld+json\" class=\"yoast-schema-graph\">{\"@context\":\"https:\\\/\\\/schema.org\",\"@graph\":[{\"@type\":\"WebPage\",\"@id\":\"https:\\\/\\\/ssl.ma\\\/en\\\/product\\\/geotrust-true-businessid\\\/\",\"url\":\"https:\\\/\\\/ssl.ma\\\/en\\\/product\\\/geotrust-true-businessid\\\/\",\"name\":\"GeoTrust True BusinessID - Certificat Ssl Maroc SECTIGO Maroc GEOTRUST Maroc DIGICERT Maroc\",\"isPartOf\":{\"@id\":\"https:\\\/\\\/ssl.ma\\\/#website\"},\"primaryImageOfPage\":{\"@id\":\"https:\\\/\\\/ssl.ma\\\/en\\\/product\\\/geotrust-true-businessid\\\/#primaryimage\"},\"image\":{\"@id\":\"https:\\\/\\\/ssl.ma\\\/en\\\/product\\\/geotrust-true-businessid\\\/#primaryimage\"},\"thumbnailUrl\":\"https:\\\/\\\/ssl.ma\\\/wp-content\\\/uploads\\\/2022\\\/07\\\/brand-geotrust.jpg\",\"datePublished\":\"2022-07-14T14:11:02+00:00\",\"dateModified\":\"2024-11-21T12:06:14+00:00\",\"breadcrumb\":{\"@id\":\"https:\\\/\\\/ssl.ma\\\/en\\\/product\\\/geotrust-true-businessid\\\/#breadcrumb\"},\"inLanguage\":\"en-US\",\"potentialAction\":[{\"@type\":\"ReadAction\",\"target\":[\"https:\\\/\\\/ssl.ma\\\/en\\\/product\\\/geotrust-true-businessid\\\/\"]}]},{\"@type\":\"ImageObject\",\"inLanguage\":\"en-US\",\"@id\":\"https:\\\/\\\/ssl.ma\\\/en\\\/product\\\/geotrust-true-businessid\\\/#primaryimage\",\"url\":\"https:\\\/\\\/ssl.ma\\\/wp-content\\\/uploads\\\/2022\\\/07\\\/brand-geotrust.jpg\",\"contentUrl\":\"https:\\\/\\\/ssl.ma\\\/wp-content\\\/uploads\\\/2022\\\/07\\\/brand-geotrust.jpg\",\"width\":1280,\"height\":329,\"caption\":\"Certificat de S\u00e9curit\u00e9 Maroc - Optez pour un certificat SSL fiable pour garantir la s\u00e9curit\u00e9 de votre site au Maroc\"},{\"@type\":\"BreadcrumbList\",\"@id\":\"https:\\\/\\\/ssl.ma\\\/en\\\/product\\\/geotrust-true-businessid\\\/#breadcrumb\",\"itemListElement\":[{\"@type\":\"ListItem\",\"position\":1,\"name\":\"Home\",\"item\":\"https:\\\/\\\/ssl.ma\\\/en\\\/\"},{\"@type\":\"ListItem\",\"position\":2,\"name\":\"GeoTrust True BusinessID\"}]},{\"@type\":\"WebSite\",\"@id\":\"https:\\\/\\\/ssl.ma\\\/#website\",\"url\":\"https:\\\/\\\/ssl.ma\\\/\",\"name\":\"Certificat Ssl Maroc SECTIGO DIGICERT Maroc GEOTRUST Thawt\",\"description\":\"Certificat SSL Maroc  SSL Wildcard pas cher Achat Certificat SSL Maroc Sectigo Wildcard SSL Free SSL\",\"potentialAction\":[{\"@type\":\"SearchAction\",\"target\":{\"@type\":\"EntryPoint\",\"urlTemplate\":\"https:\\\/\\\/ssl.ma\\\/?s={search_term_string}\"},\"query-input\":{\"@type\":\"PropertyValueSpecification\",\"valueRequired\":true,\"valueName\":\"search_term_string\"}}],\"inLanguage\":\"en-US\"}]}<\/script>\n<!-- \/ Yoast SEO plugin. -->","yoast_head_json":{"title":"GeoTrust True BusinessID - Certificat Ssl Maroc SECTIGO Maroc GEOTRUST Maroc DIGICERT Maroc","robots":{"index":"index","follow":"follow","max-snippet":"max-snippet:-1","max-image-preview":"max-image-preview:large","max-video-preview":"max-video-preview:-1"},"canonical":"https:\/\/ssl.ma\/en\/product\/geotrust-true-businessid\/","og_locale":"en_US","og_type":"article","og_title":"GeoTrust True BusinessID - Certificat Ssl Maroc SECTIGO Maroc GEOTRUST Maroc DIGICERT Maroc","og_description":"Le certificat GeoTrust True BusinessID est bien plus qu&#8217;une simple protection en ligne \u2013 c&#8217;est la cl\u00e9 de la confiance et de la cr\u00e9dibilit\u00e9 pour votre site web. Avec un puissant chiffrement de 256 bits, ce certificat assure une confidentialit\u00e9 maximale des donn\u00e9es \u00e9chang\u00e9es entre votre site et vos utilisateurs. Gr\u00e2ce \u00e0 une validation d&#8217;entreprise rigoureuse effectu\u00e9e par GeoTrust, vos visiteurs peuvent \u00eatre assur\u00e9s de l&#8217;authenticit\u00e9 de votre entreprise en un coup d&#8217;\u0153il. L&#8217;int\u00e9gration facile [&hellip;]","og_url":"https:\/\/ssl.ma\/en\/product\/geotrust-true-businessid\/","og_site_name":"Certificat Ssl Maroc SECTIGO Maroc GEOTRUST Maroc DIGICERT Maroc","article_publisher":"https:\/\/web.facebook.com\/HeberDomaine?_rdc=1&_rdr","article_modified_time":"2024-11-21T12:06:14+00:00","og_image":[{"width":1280,"height":329,"url":"https:\/\/ssl.ma\/wp-content\/uploads\/2022\/07\/brand-geotrust.jpg","type":"image\/jpeg"}],"twitter_card":"summary_large_image","twitter_site":"@heberdomaine","twitter_misc":{"Est. reading time":"1 minute"},"schema":{"@context":"https:\/\/schema.org","@graph":[{"@type":"WebPage","@id":"https:\/\/ssl.ma\/en\/product\/geotrust-true-businessid\/","url":"https:\/\/ssl.ma\/en\/product\/geotrust-true-businessid\/","name":"GeoTrust True BusinessID - Certificat Ssl Maroc SECTIGO Maroc GEOTRUST Maroc DIGICERT Maroc","isPartOf":{"@id":"https:\/\/ssl.ma\/#website"},"primaryImageOfPage":{"@id":"https:\/\/ssl.ma\/en\/product\/geotrust-true-businessid\/#primaryimage"},"image":{"@id":"https:\/\/ssl.ma\/en\/product\/geotrust-true-businessid\/#primaryimage"},"thumbnailUrl":"https:\/\/ssl.ma\/wp-content\/uploads\/2022\/07\/brand-geotrust.jpg","datePublished":"2022-07-14T14:11:02+00:00","dateModified":"2024-11-21T12:06:14+00:00","breadcrumb":{"@id":"https:\/\/ssl.ma\/en\/product\/geotrust-true-businessid\/#breadcrumb"},"inLanguage":"en-US","potentialAction":[{"@type":"ReadAction","target":["https:\/\/ssl.ma\/en\/product\/geotrust-true-businessid\/"]}]},{"@type":"ImageObject","inLanguage":"en-US","@id":"https:\/\/ssl.ma\/en\/product\/geotrust-true-businessid\/#primaryimage","url":"https:\/\/ssl.ma\/wp-content\/uploads\/2022\/07\/brand-geotrust.jpg","contentUrl":"https:\/\/ssl.ma\/wp-content\/uploads\/2022\/07\/brand-geotrust.jpg","width":1280,"height":329,"caption":"Certificat de S\u00e9curit\u00e9 Maroc - Optez pour un certificat SSL fiable pour garantir la s\u00e9curit\u00e9 de votre site au Maroc"},{"@type":"BreadcrumbList","@id":"https:\/\/ssl.ma\/en\/product\/geotrust-true-businessid\/#breadcrumb","itemListElement":[{"@type":"ListItem","position":1,"name":"Home","item":"https:\/\/ssl.ma\/en\/"},{"@type":"ListItem","position":2,"name":"GeoTrust True BusinessID"}]},{"@type":"WebSite","@id":"https:\/\/ssl.ma\/#website","url":"https:\/\/ssl.ma\/","name":"Certificat Ssl Maroc SECTIGO DIGICERT Maroc GEOTRUST Thawt","description":"Certificat SSL Maroc  SSL Wildcard pas cher Achat Certificat SSL Maroc Sectigo Wildcard SSL Free SSL","potentialAction":[{"@type":"SearchAction","target":{"@type":"EntryPoint","urlTemplate":"https:\/\/ssl.ma\/?s={search_term_string}"},"query-input":{"@type":"PropertyValueSpecification","valueRequired":true,"valueName":"search_term_string"}}],"inLanguage":"en-US"}]}},"_links":{"self":[{"href":"https:\/\/ssl.ma\/en\/wp-json\/wp\/v2\/product\/8172","targetHints":{"allow":["GET"]}}],"collection":[{"href":"https:\/\/ssl.ma\/en\/wp-json\/wp\/v2\/product"}],"about":[{"href":"https:\/\/ssl.ma\/en\/wp-json\/wp\/v2\/types\/product"}],"version-history":[{"count":4,"href":"https:\/\/ssl.ma\/en\/wp-json\/wp\/v2\/product\/8172\/revisions"}],"predecessor-version":[{"id":9933,"href":"https:\/\/ssl.ma\/en\/wp-json\/wp\/v2\/product\/8172\/revisions\/9933"}],"wp:featuredmedia":[{"embeddable":true,"href":"https:\/\/ssl.ma\/en\/wp-json\/wp\/v2\/media\/6218"}],"wp:attachment":[{"href":"https:\/\/ssl.ma\/en\/wp-json\/wp\/v2\/media?parent=8172"}],"wp:term":[{"taxonomy":"product_brand","embeddable":true,"href":"https:\/\/ssl.ma\/en\/wp-json\/wp\/v2\/product_brand?post=8172"},{"taxonomy":"product_cat","embeddable":true,"href":"https:\/\/ssl.ma\/en\/wp-json\/wp\/v2\/product_cat?post=8172"},{"taxonomy":"product_tag","embeddable":true,"href":"https:\/\/ssl.ma\/en\/wp-json\/wp\/v2\/product_tag?post=8172"}],"curies":[{"name":"wp","href":"https:\/\/api.w.org\/{rel}","templated":true}]}}