{"id":8149,"date":"2022-07-14T15:11:04","date_gmt":"2022-07-14T14:11:04","guid":{"rendered":"https:\/\/ssl.ma\/product\/geotrust-true-businessid-wildcard\/"},"modified":"2024-11-21T13:05:38","modified_gmt":"2024-11-21T12:05:38","slug":"geotrust-true-businessid-wildcard","status":"publish","type":"product","link":"https:\/\/ssl.ma\/en\/product\/geotrust-true-businessid-wildcard\/","title":{"rendered":"GeoTrust True BusinessID Wildcard"},"content":{"rendered":"<p>Prot\u00e9gez un nombre illimit\u00e9 de sous-domaines avec<strong> un seul certificat SSL<\/strong> gr\u00e2ce au certificat <strong>GeoTrust\u00ae Wildcard<\/strong>.<br \/>\nCette solution permet aux entreprises de commerce \u00e9lectronique de g\u00e9rer un seul certificat tout en s\u00e9curisant un nombre infini de noms d&#8217;h\u00f4te. En installant un seul <strong>GeoTrust Wildcard,<\/strong> \u00e9mis pour <strong>*.votredomaine.com<\/strong>, vous pourrez prot\u00e9ger chaque sous-domaine dont vous avez besoin.<br \/>\nCe certificat est compatible avec plus de <strong>99 % des navigateurs<\/strong> et offre un chiffrement de haut niveau, id\u00e9alement adapt\u00e9 pour les sites de <strong>commerce \u00e9lectronique<\/strong> robustes des petites et moyennes entreprises.<\/p>\n","protected":false},"excerpt":{"rendered":"<p>Prot\u00e9gez un nombre illimit\u00e9 de sous-domaines avec un seul certificat SSL gr\u00e2ce au certificat GeoTrust\u00ae Wildcard. Cette solution permet aux entreprises de commerce \u00e9lectronique de g\u00e9rer un seul certificat tout en s\u00e9curisant un nombre infini de noms d&#8217;h\u00f4te. En installant un seul GeoTrust Wildcard, \u00e9mis pour *.votredomaine.com, vous pourrez prot\u00e9ger chaque sous-domaine dont vous avez besoin. Ce certificat est compatible avec plus de 99 % des navigateurs et offre un chiffrement de haut niveau, id\u00e9alement [&hellip;]<\/p>\n","protected":false},"featured_media":6218,"template":"","meta":{"_acf_changed":false},"product_brand":[],"product_cat":[122],"product_tag":[112],"class_list":{"0":"post-8149","1":"product","2":"type-product","3":"status-publish","4":"has-post-thumbnail","6":"product_cat-ssl-wildcard-morocco","7":"product_tag-geotrust-morocco-ssl","9":"first","10":"instock","11":"shipping-taxable","12":"purchasable","13":"product-type-variable","14":"has-default-attributes"},"acf":[],"yoast_head":"<!-- This site is optimized with the Yoast SEO plugin v27.4 - https:\/\/yoast.com\/product\/yoast-seo-wordpress\/ -->\n<title>GeoTrust True BusinessID Wildcard - Certificat Ssl Maroc SECTIGO Maroc GEOTRUST Maroc DIGICERT Maroc<\/title>\n<meta name=\"robots\" content=\"index, follow, max-snippet:-1, max-image-preview:large, max-video-preview:-1\" \/>\n<link rel=\"canonical\" href=\"https:\/\/ssl.ma\/en\/product\/geotrust-true-businessid-wildcard\/\" \/>\n<meta property=\"og:locale\" content=\"en_US\" \/>\n<meta property=\"og:type\" content=\"article\" \/>\n<meta property=\"og:title\" content=\"GeoTrust True BusinessID Wildcard - Certificat Ssl Maroc SECTIGO Maroc GEOTRUST Maroc DIGICERT Maroc\" \/>\n<meta property=\"og:description\" content=\"Prot\u00e9gez un nombre illimit\u00e9 de sous-domaines avec un seul certificat SSL gr\u00e2ce au certificat GeoTrust\u00ae Wildcard. Cette solution permet aux entreprises de commerce \u00e9lectronique de g\u00e9rer un seul certificat tout en s\u00e9curisant un nombre infini de noms d&#8217;h\u00f4te. En installant un seul GeoTrust Wildcard, \u00e9mis pour *.votredomaine.com, vous pourrez prot\u00e9ger chaque sous-domaine dont vous avez besoin. Ce certificat est compatible avec plus de 99 % des navigateurs et offre un chiffrement de haut niveau, id\u00e9alement [&hellip;]\" \/>\n<meta property=\"og:url\" content=\"https:\/\/ssl.ma\/en\/product\/geotrust-true-businessid-wildcard\/\" \/>\n<meta property=\"og:site_name\" content=\"Certificat Ssl Maroc SECTIGO Maroc GEOTRUST Maroc DIGICERT Maroc\" \/>\n<meta property=\"article:publisher\" content=\"https:\/\/web.facebook.com\/HeberDomaine?_rdc=1&amp;_rdr\" \/>\n<meta property=\"article:modified_time\" content=\"2024-11-21T12:05:38+00:00\" \/>\n<meta property=\"og:image\" content=\"https:\/\/ssl.ma\/wp-content\/uploads\/2022\/07\/brand-geotrust.jpg\" \/>\n\t<meta property=\"og:image:width\" content=\"1280\" \/>\n\t<meta property=\"og:image:height\" content=\"329\" \/>\n\t<meta property=\"og:image:type\" content=\"image\/jpeg\" \/>\n<meta name=\"twitter:card\" content=\"summary_large_image\" \/>\n<meta name=\"twitter:site\" content=\"@heberdomaine\" \/>\n<script type=\"application\/ld+json\" class=\"yoast-schema-graph\">{\"@context\":\"https:\\\/\\\/schema.org\",\"@graph\":[{\"@type\":\"WebPage\",\"@id\":\"https:\\\/\\\/ssl.ma\\\/en\\\/product\\\/geotrust-true-businessid-wildcard\\\/\",\"url\":\"https:\\\/\\\/ssl.ma\\\/en\\\/product\\\/geotrust-true-businessid-wildcard\\\/\",\"name\":\"GeoTrust True BusinessID Wildcard - Certificat Ssl Maroc SECTIGO Maroc GEOTRUST Maroc DIGICERT Maroc\",\"isPartOf\":{\"@id\":\"https:\\\/\\\/ssl.ma\\\/#website\"},\"primaryImageOfPage\":{\"@id\":\"https:\\\/\\\/ssl.ma\\\/en\\\/product\\\/geotrust-true-businessid-wildcard\\\/#primaryimage\"},\"image\":{\"@id\":\"https:\\\/\\\/ssl.ma\\\/en\\\/product\\\/geotrust-true-businessid-wildcard\\\/#primaryimage\"},\"thumbnailUrl\":\"https:\\\/\\\/ssl.ma\\\/wp-content\\\/uploads\\\/2022\\\/07\\\/brand-geotrust.jpg\",\"datePublished\":\"2022-07-14T14:11:04+00:00\",\"dateModified\":\"2024-11-21T12:05:38+00:00\",\"breadcrumb\":{\"@id\":\"https:\\\/\\\/ssl.ma\\\/en\\\/product\\\/geotrust-true-businessid-wildcard\\\/#breadcrumb\"},\"inLanguage\":\"en-US\",\"potentialAction\":[{\"@type\":\"ReadAction\",\"target\":[\"https:\\\/\\\/ssl.ma\\\/en\\\/product\\\/geotrust-true-businessid-wildcard\\\/\"]}]},{\"@type\":\"ImageObject\",\"inLanguage\":\"en-US\",\"@id\":\"https:\\\/\\\/ssl.ma\\\/en\\\/product\\\/geotrust-true-businessid-wildcard\\\/#primaryimage\",\"url\":\"https:\\\/\\\/ssl.ma\\\/wp-content\\\/uploads\\\/2022\\\/07\\\/brand-geotrust.jpg\",\"contentUrl\":\"https:\\\/\\\/ssl.ma\\\/wp-content\\\/uploads\\\/2022\\\/07\\\/brand-geotrust.jpg\",\"width\":1280,\"height\":329,\"caption\":\"Certificat de S\u00e9curit\u00e9 Maroc - Optez pour un certificat SSL fiable pour garantir la s\u00e9curit\u00e9 de votre site au Maroc\"},{\"@type\":\"BreadcrumbList\",\"@id\":\"https:\\\/\\\/ssl.ma\\\/en\\\/product\\\/geotrust-true-businessid-wildcard\\\/#breadcrumb\",\"itemListElement\":[{\"@type\":\"ListItem\",\"position\":1,\"name\":\"Home\",\"item\":\"https:\\\/\\\/ssl.ma\\\/en\\\/\"},{\"@type\":\"ListItem\",\"position\":2,\"name\":\"GeoTrust True BusinessID Wildcard\"}]},{\"@type\":\"WebSite\",\"@id\":\"https:\\\/\\\/ssl.ma\\\/#website\",\"url\":\"https:\\\/\\\/ssl.ma\\\/\",\"name\":\"Certificat Ssl Maroc SECTIGO DIGICERT Maroc GEOTRUST Thawt\",\"description\":\"Certificat SSL Maroc  SSL Wildcard pas cher Achat Certificat SSL Maroc Sectigo Wildcard SSL Free SSL\",\"potentialAction\":[{\"@type\":\"SearchAction\",\"target\":{\"@type\":\"EntryPoint\",\"urlTemplate\":\"https:\\\/\\\/ssl.ma\\\/?s={search_term_string}\"},\"query-input\":{\"@type\":\"PropertyValueSpecification\",\"valueRequired\":true,\"valueName\":\"search_term_string\"}}],\"inLanguage\":\"en-US\"}]}<\/script>\n<!-- \/ Yoast SEO plugin. -->","yoast_head_json":{"title":"GeoTrust True BusinessID Wildcard - Certificat Ssl Maroc SECTIGO Maroc GEOTRUST Maroc DIGICERT Maroc","robots":{"index":"index","follow":"follow","max-snippet":"max-snippet:-1","max-image-preview":"max-image-preview:large","max-video-preview":"max-video-preview:-1"},"canonical":"https:\/\/ssl.ma\/en\/product\/geotrust-true-businessid-wildcard\/","og_locale":"en_US","og_type":"article","og_title":"GeoTrust True BusinessID Wildcard - Certificat Ssl Maroc SECTIGO Maroc GEOTRUST Maroc DIGICERT Maroc","og_description":"Prot\u00e9gez un nombre illimit\u00e9 de sous-domaines avec un seul certificat SSL gr\u00e2ce au certificat GeoTrust\u00ae Wildcard. Cette solution permet aux entreprises de commerce \u00e9lectronique de g\u00e9rer un seul certificat tout en s\u00e9curisant un nombre infini de noms d&#8217;h\u00f4te. En installant un seul GeoTrust Wildcard, \u00e9mis pour *.votredomaine.com, vous pourrez prot\u00e9ger chaque sous-domaine dont vous avez besoin. Ce certificat est compatible avec plus de 99 % des navigateurs et offre un chiffrement de haut niveau, id\u00e9alement [&hellip;]","og_url":"https:\/\/ssl.ma\/en\/product\/geotrust-true-businessid-wildcard\/","og_site_name":"Certificat Ssl Maroc SECTIGO Maroc GEOTRUST Maroc DIGICERT Maroc","article_publisher":"https:\/\/web.facebook.com\/HeberDomaine?_rdc=1&_rdr","article_modified_time":"2024-11-21T12:05:38+00:00","og_image":[{"width":1280,"height":329,"url":"https:\/\/ssl.ma\/wp-content\/uploads\/2022\/07\/brand-geotrust.jpg","type":"image\/jpeg"}],"twitter_card":"summary_large_image","twitter_site":"@heberdomaine","schema":{"@context":"https:\/\/schema.org","@graph":[{"@type":"WebPage","@id":"https:\/\/ssl.ma\/en\/product\/geotrust-true-businessid-wildcard\/","url":"https:\/\/ssl.ma\/en\/product\/geotrust-true-businessid-wildcard\/","name":"GeoTrust True BusinessID Wildcard - Certificat Ssl Maroc SECTIGO Maroc GEOTRUST Maroc DIGICERT Maroc","isPartOf":{"@id":"https:\/\/ssl.ma\/#website"},"primaryImageOfPage":{"@id":"https:\/\/ssl.ma\/en\/product\/geotrust-true-businessid-wildcard\/#primaryimage"},"image":{"@id":"https:\/\/ssl.ma\/en\/product\/geotrust-true-businessid-wildcard\/#primaryimage"},"thumbnailUrl":"https:\/\/ssl.ma\/wp-content\/uploads\/2022\/07\/brand-geotrust.jpg","datePublished":"2022-07-14T14:11:04+00:00","dateModified":"2024-11-21T12:05:38+00:00","breadcrumb":{"@id":"https:\/\/ssl.ma\/en\/product\/geotrust-true-businessid-wildcard\/#breadcrumb"},"inLanguage":"en-US","potentialAction":[{"@type":"ReadAction","target":["https:\/\/ssl.ma\/en\/product\/geotrust-true-businessid-wildcard\/"]}]},{"@type":"ImageObject","inLanguage":"en-US","@id":"https:\/\/ssl.ma\/en\/product\/geotrust-true-businessid-wildcard\/#primaryimage","url":"https:\/\/ssl.ma\/wp-content\/uploads\/2022\/07\/brand-geotrust.jpg","contentUrl":"https:\/\/ssl.ma\/wp-content\/uploads\/2022\/07\/brand-geotrust.jpg","width":1280,"height":329,"caption":"Certificat de S\u00e9curit\u00e9 Maroc - Optez pour un certificat SSL fiable pour garantir la s\u00e9curit\u00e9 de votre site au Maroc"},{"@type":"BreadcrumbList","@id":"https:\/\/ssl.ma\/en\/product\/geotrust-true-businessid-wildcard\/#breadcrumb","itemListElement":[{"@type":"ListItem","position":1,"name":"Home","item":"https:\/\/ssl.ma\/en\/"},{"@type":"ListItem","position":2,"name":"GeoTrust True BusinessID Wildcard"}]},{"@type":"WebSite","@id":"https:\/\/ssl.ma\/#website","url":"https:\/\/ssl.ma\/","name":"Certificat Ssl Maroc SECTIGO DIGICERT Maroc GEOTRUST Thawt","description":"Certificat SSL Maroc  SSL Wildcard pas cher Achat Certificat SSL Maroc Sectigo Wildcard SSL Free SSL","potentialAction":[{"@type":"SearchAction","target":{"@type":"EntryPoint","urlTemplate":"https:\/\/ssl.ma\/?s={search_term_string}"},"query-input":{"@type":"PropertyValueSpecification","valueRequired":true,"valueName":"search_term_string"}}],"inLanguage":"en-US"}]}},"_links":{"self":[{"href":"https:\/\/ssl.ma\/en\/wp-json\/wp\/v2\/product\/8149","targetHints":{"allow":["GET"]}}],"collection":[{"href":"https:\/\/ssl.ma\/en\/wp-json\/wp\/v2\/product"}],"about":[{"href":"https:\/\/ssl.ma\/en\/wp-json\/wp\/v2\/types\/product"}],"version-history":[{"count":4,"href":"https:\/\/ssl.ma\/en\/wp-json\/wp\/v2\/product\/8149\/revisions"}],"predecessor-version":[{"id":9931,"href":"https:\/\/ssl.ma\/en\/wp-json\/wp\/v2\/product\/8149\/revisions\/9931"}],"wp:featuredmedia":[{"embeddable":true,"href":"https:\/\/ssl.ma\/en\/wp-json\/wp\/v2\/media\/6218"}],"wp:attachment":[{"href":"https:\/\/ssl.ma\/en\/wp-json\/wp\/v2\/media?parent=8149"}],"wp:term":[{"taxonomy":"product_brand","embeddable":true,"href":"https:\/\/ssl.ma\/en\/wp-json\/wp\/v2\/product_brand?post=8149"},{"taxonomy":"product_cat","embeddable":true,"href":"https:\/\/ssl.ma\/en\/wp-json\/wp\/v2\/product_cat?post=8149"},{"taxonomy":"product_tag","embeddable":true,"href":"https:\/\/ssl.ma\/en\/wp-json\/wp\/v2\/product_tag?post=8149"}],"curies":[{"name":"wp","href":"https:\/\/api.w.org\/{rel}","templated":true}]}}