{"id":8115,"date":"2022-07-14T15:11:45","date_gmt":"2022-07-14T14:11:45","guid":{"rendered":"https:\/\/ssl.ma\/product\/geotrust-true-businessid-with-ev\/"},"modified":"2024-11-21T13:03:45","modified_gmt":"2024-11-21T12:03:45","slug":"geotrust-true-businessid-with-ev","status":"publish","type":"product","link":"https:\/\/ssl.ma\/en\/product\/geotrust-true-businessid-with-ev\/","title":{"rendered":"GeoTrust True BusinessID EV"},"content":{"rendered":"<p><span style=\"vertical-align: inherit;\"><span style=\"vertical-align: inherit;\">Le certificat <strong>GeoTrust True BusinessID with EV SSL<\/strong> est le choix id\u00e9al pour les clients qui souhaitent tirer parti de la puissance du symbole le plus fiable sur Internet &#8211;<strong> la barre d&#8217;adresse verte<\/strong> &#8211; tout en respectant un budget limit\u00e9.<br \/>\nCe certificat est l&#8217;un des certificats EV les plus abordables de l&#8217;industrie, offrant ainsi une solution \u00e9conomique sans compromettre la <strong>s\u00e9curit\u00e9<\/strong> de vos clients. En choisissant <strong>GeoTrust<\/strong>, l&#8217;un des noms les plus respect\u00e9s de l&#8217;industrie, vous b\u00e9n\u00e9ficiez d&#8217;une <strong>encryption<\/strong> haut de gamme de <strong>256 bits.<\/strong><br \/>\n<strong>Le GeoTrust TBID w\/ EV<\/strong> est la solution parfaite pour les petites et moyennes entreprises ainsi que pour les sites de commerce \u00e9lectronique qui souhaitent maximiser la confiance des consommateurs dans leur site web.<br \/>\nFaites de la <strong>s\u00e9curit\u00e9<\/strong> une priorit\u00e9, m\u00eame avec un budget limit\u00e9, gr\u00e2ce \u00e0 ce certificat <strong>GeoTrust<\/strong> de confiance.<\/span><\/span><\/p>\n","protected":false},"excerpt":{"rendered":"<p>Le certificat GeoTrust True BusinessID with EV SSL est le choix id\u00e9al pour les clients qui souhaitent tirer parti de la puissance du symbole le plus fiable sur Internet &#8211; la barre d&#8217;adresse verte &#8211; tout en respectant un budget limit\u00e9. Ce certificat est l&#8217;un des certificats EV les plus abordables de l&#8217;industrie, offrant ainsi une solution \u00e9conomique sans compromettre la s\u00e9curit\u00e9 de vos clients. En choisissant GeoTrust, l&#8217;un des noms les plus respect\u00e9s de [&hellip;]<\/p>\n","protected":false},"featured_media":6218,"template":"","meta":{"_acf_changed":false},"product_brand":[],"product_cat":[120],"product_tag":[112],"class_list":{"0":"post-8115","1":"product","2":"type-product","3":"status-publish","4":"has-post-thumbnail","6":"product_cat-ssl-ev-morocco","7":"product_tag-geotrust-morocco-ssl","9":"first","10":"instock","11":"shipping-taxable","12":"purchasable","13":"product-type-variable","14":"has-default-attributes"},"acf":[],"yoast_head":"<!-- This site is optimized with the Yoast SEO plugin v27.3 - https:\/\/yoast.com\/product\/yoast-seo-wordpress\/ -->\n<title>GeoTrust True BusinessID EV - Certificat Ssl Maroc SECTIGO Maroc GEOTRUST Maroc DIGICERT Maroc<\/title>\n<meta name=\"robots\" content=\"index, follow, max-snippet:-1, max-image-preview:large, max-video-preview:-1\" \/>\n<link rel=\"canonical\" href=\"https:\/\/ssl.ma\/en\/product\/geotrust-true-businessid-with-ev\/\" \/>\n<meta property=\"og:locale\" content=\"en_US\" \/>\n<meta property=\"og:type\" content=\"article\" \/>\n<meta property=\"og:title\" content=\"GeoTrust True BusinessID EV - Certificat Ssl Maroc SECTIGO Maroc GEOTRUST Maroc DIGICERT Maroc\" \/>\n<meta property=\"og:description\" content=\"Le certificat GeoTrust True BusinessID with EV SSL est le choix id\u00e9al pour les clients qui souhaitent tirer parti de la puissance du symbole le plus fiable sur Internet &#8211; la barre d&#8217;adresse verte &#8211; tout en respectant un budget limit\u00e9. Ce certificat est l&#8217;un des certificats EV les plus abordables de l&#8217;industrie, offrant ainsi une solution \u00e9conomique sans compromettre la s\u00e9curit\u00e9 de vos clients. En choisissant GeoTrust, l&#8217;un des noms les plus respect\u00e9s de [&hellip;]\" \/>\n<meta property=\"og:url\" content=\"https:\/\/ssl.ma\/en\/product\/geotrust-true-businessid-with-ev\/\" \/>\n<meta property=\"og:site_name\" content=\"Certificat Ssl Maroc SECTIGO Maroc GEOTRUST Maroc DIGICERT Maroc\" \/>\n<meta property=\"article:publisher\" content=\"https:\/\/web.facebook.com\/HeberDomaine?_rdc=1&amp;_rdr\" \/>\n<meta property=\"article:modified_time\" content=\"2024-11-21T12:03:45+00:00\" \/>\n<meta property=\"og:image\" content=\"https:\/\/ssl.ma\/wp-content\/uploads\/2022\/07\/brand-geotrust.jpg\" \/>\n\t<meta property=\"og:image:width\" content=\"1280\" \/>\n\t<meta property=\"og:image:height\" content=\"329\" \/>\n\t<meta property=\"og:image:type\" content=\"image\/jpeg\" \/>\n<meta name=\"twitter:card\" content=\"summary_large_image\" \/>\n<meta name=\"twitter:site\" content=\"@heberdomaine\" \/>\n<meta name=\"twitter:label1\" content=\"Est. reading time\" \/>\n\t<meta name=\"twitter:data1\" content=\"1 minute\" \/>\n<script type=\"application\/ld+json\" class=\"yoast-schema-graph\">{\"@context\":\"https:\\\/\\\/schema.org\",\"@graph\":[{\"@type\":\"WebPage\",\"@id\":\"https:\\\/\\\/ssl.ma\\\/en\\\/product\\\/geotrust-true-businessid-with-ev\\\/\",\"url\":\"https:\\\/\\\/ssl.ma\\\/en\\\/product\\\/geotrust-true-businessid-with-ev\\\/\",\"name\":\"GeoTrust True BusinessID EV - Certificat Ssl Maroc SECTIGO Maroc GEOTRUST Maroc DIGICERT Maroc\",\"isPartOf\":{\"@id\":\"https:\\\/\\\/ssl.ma\\\/#website\"},\"primaryImageOfPage\":{\"@id\":\"https:\\\/\\\/ssl.ma\\\/en\\\/product\\\/geotrust-true-businessid-with-ev\\\/#primaryimage\"},\"image\":{\"@id\":\"https:\\\/\\\/ssl.ma\\\/en\\\/product\\\/geotrust-true-businessid-with-ev\\\/#primaryimage\"},\"thumbnailUrl\":\"https:\\\/\\\/ssl.ma\\\/wp-content\\\/uploads\\\/2022\\\/07\\\/brand-geotrust.jpg\",\"datePublished\":\"2022-07-14T14:11:45+00:00\",\"dateModified\":\"2024-11-21T12:03:45+00:00\",\"breadcrumb\":{\"@id\":\"https:\\\/\\\/ssl.ma\\\/en\\\/product\\\/geotrust-true-businessid-with-ev\\\/#breadcrumb\"},\"inLanguage\":\"en-US\",\"potentialAction\":[{\"@type\":\"ReadAction\",\"target\":[\"https:\\\/\\\/ssl.ma\\\/en\\\/product\\\/geotrust-true-businessid-with-ev\\\/\"]}]},{\"@type\":\"ImageObject\",\"inLanguage\":\"en-US\",\"@id\":\"https:\\\/\\\/ssl.ma\\\/en\\\/product\\\/geotrust-true-businessid-with-ev\\\/#primaryimage\",\"url\":\"https:\\\/\\\/ssl.ma\\\/wp-content\\\/uploads\\\/2022\\\/07\\\/brand-geotrust.jpg\",\"contentUrl\":\"https:\\\/\\\/ssl.ma\\\/wp-content\\\/uploads\\\/2022\\\/07\\\/brand-geotrust.jpg\",\"width\":1280,\"height\":329,\"caption\":\"Certificat de S\u00e9curit\u00e9 Maroc - Optez pour un certificat SSL fiable pour garantir la s\u00e9curit\u00e9 de votre site au Maroc\"},{\"@type\":\"BreadcrumbList\",\"@id\":\"https:\\\/\\\/ssl.ma\\\/en\\\/product\\\/geotrust-true-businessid-with-ev\\\/#breadcrumb\",\"itemListElement\":[{\"@type\":\"ListItem\",\"position\":1,\"name\":\"Home\",\"item\":\"https:\\\/\\\/ssl.ma\\\/en\\\/\"},{\"@type\":\"ListItem\",\"position\":2,\"name\":\"GeoTrust True BusinessID EV\"}]},{\"@type\":\"WebSite\",\"@id\":\"https:\\\/\\\/ssl.ma\\\/#website\",\"url\":\"https:\\\/\\\/ssl.ma\\\/\",\"name\":\"Certificat Ssl Maroc SECTIGO DIGICERT Maroc GEOTRUST Thawt\",\"description\":\"Certificat SSL Maroc  SSL Wildcard pas cher Achat Certificat SSL Maroc Sectigo Wildcard SSL Free SSL\",\"potentialAction\":[{\"@type\":\"SearchAction\",\"target\":{\"@type\":\"EntryPoint\",\"urlTemplate\":\"https:\\\/\\\/ssl.ma\\\/?s={search_term_string}\"},\"query-input\":{\"@type\":\"PropertyValueSpecification\",\"valueRequired\":true,\"valueName\":\"search_term_string\"}}],\"inLanguage\":\"en-US\"}]}<\/script>\n<!-- \/ Yoast SEO plugin. -->","yoast_head_json":{"title":"GeoTrust True BusinessID EV - Certificat Ssl Maroc SECTIGO Maroc GEOTRUST Maroc DIGICERT Maroc","robots":{"index":"index","follow":"follow","max-snippet":"max-snippet:-1","max-image-preview":"max-image-preview:large","max-video-preview":"max-video-preview:-1"},"canonical":"https:\/\/ssl.ma\/en\/product\/geotrust-true-businessid-with-ev\/","og_locale":"en_US","og_type":"article","og_title":"GeoTrust True BusinessID EV - Certificat Ssl Maroc SECTIGO Maroc GEOTRUST Maroc DIGICERT Maroc","og_description":"Le certificat GeoTrust True BusinessID with EV SSL est le choix id\u00e9al pour les clients qui souhaitent tirer parti de la puissance du symbole le plus fiable sur Internet &#8211; la barre d&#8217;adresse verte &#8211; tout en respectant un budget limit\u00e9. Ce certificat est l&#8217;un des certificats EV les plus abordables de l&#8217;industrie, offrant ainsi une solution \u00e9conomique sans compromettre la s\u00e9curit\u00e9 de vos clients. En choisissant GeoTrust, l&#8217;un des noms les plus respect\u00e9s de [&hellip;]","og_url":"https:\/\/ssl.ma\/en\/product\/geotrust-true-businessid-with-ev\/","og_site_name":"Certificat Ssl Maroc SECTIGO Maroc GEOTRUST Maroc DIGICERT Maroc","article_publisher":"https:\/\/web.facebook.com\/HeberDomaine?_rdc=1&_rdr","article_modified_time":"2024-11-21T12:03:45+00:00","og_image":[{"width":1280,"height":329,"url":"https:\/\/ssl.ma\/wp-content\/uploads\/2022\/07\/brand-geotrust.jpg","type":"image\/jpeg"}],"twitter_card":"summary_large_image","twitter_site":"@heberdomaine","twitter_misc":{"Est. reading time":"1 minute"},"schema":{"@context":"https:\/\/schema.org","@graph":[{"@type":"WebPage","@id":"https:\/\/ssl.ma\/en\/product\/geotrust-true-businessid-with-ev\/","url":"https:\/\/ssl.ma\/en\/product\/geotrust-true-businessid-with-ev\/","name":"GeoTrust True BusinessID EV - Certificat Ssl Maroc SECTIGO Maroc GEOTRUST Maroc DIGICERT Maroc","isPartOf":{"@id":"https:\/\/ssl.ma\/#website"},"primaryImageOfPage":{"@id":"https:\/\/ssl.ma\/en\/product\/geotrust-true-businessid-with-ev\/#primaryimage"},"image":{"@id":"https:\/\/ssl.ma\/en\/product\/geotrust-true-businessid-with-ev\/#primaryimage"},"thumbnailUrl":"https:\/\/ssl.ma\/wp-content\/uploads\/2022\/07\/brand-geotrust.jpg","datePublished":"2022-07-14T14:11:45+00:00","dateModified":"2024-11-21T12:03:45+00:00","breadcrumb":{"@id":"https:\/\/ssl.ma\/en\/product\/geotrust-true-businessid-with-ev\/#breadcrumb"},"inLanguage":"en-US","potentialAction":[{"@type":"ReadAction","target":["https:\/\/ssl.ma\/en\/product\/geotrust-true-businessid-with-ev\/"]}]},{"@type":"ImageObject","inLanguage":"en-US","@id":"https:\/\/ssl.ma\/en\/product\/geotrust-true-businessid-with-ev\/#primaryimage","url":"https:\/\/ssl.ma\/wp-content\/uploads\/2022\/07\/brand-geotrust.jpg","contentUrl":"https:\/\/ssl.ma\/wp-content\/uploads\/2022\/07\/brand-geotrust.jpg","width":1280,"height":329,"caption":"Certificat de S\u00e9curit\u00e9 Maroc - Optez pour un certificat SSL fiable pour garantir la s\u00e9curit\u00e9 de votre site au Maroc"},{"@type":"BreadcrumbList","@id":"https:\/\/ssl.ma\/en\/product\/geotrust-true-businessid-with-ev\/#breadcrumb","itemListElement":[{"@type":"ListItem","position":1,"name":"Home","item":"https:\/\/ssl.ma\/en\/"},{"@type":"ListItem","position":2,"name":"GeoTrust True BusinessID EV"}]},{"@type":"WebSite","@id":"https:\/\/ssl.ma\/#website","url":"https:\/\/ssl.ma\/","name":"Certificat Ssl Maroc SECTIGO DIGICERT Maroc GEOTRUST Thawt","description":"Certificat SSL Maroc  SSL Wildcard pas cher Achat Certificat SSL Maroc Sectigo Wildcard SSL Free SSL","potentialAction":[{"@type":"SearchAction","target":{"@type":"EntryPoint","urlTemplate":"https:\/\/ssl.ma\/?s={search_term_string}"},"query-input":{"@type":"PropertyValueSpecification","valueRequired":true,"valueName":"search_term_string"}}],"inLanguage":"en-US"}]}},"_links":{"self":[{"href":"https:\/\/ssl.ma\/en\/wp-json\/wp\/v2\/product\/8115","targetHints":{"allow":["GET"]}}],"collection":[{"href":"https:\/\/ssl.ma\/en\/wp-json\/wp\/v2\/product"}],"about":[{"href":"https:\/\/ssl.ma\/en\/wp-json\/wp\/v2\/types\/product"}],"version-history":[{"count":4,"href":"https:\/\/ssl.ma\/en\/wp-json\/wp\/v2\/product\/8115\/revisions"}],"predecessor-version":[{"id":9927,"href":"https:\/\/ssl.ma\/en\/wp-json\/wp\/v2\/product\/8115\/revisions\/9927"}],"wp:featuredmedia":[{"embeddable":true,"href":"https:\/\/ssl.ma\/en\/wp-json\/wp\/v2\/media\/6218"}],"wp:attachment":[{"href":"https:\/\/ssl.ma\/en\/wp-json\/wp\/v2\/media?parent=8115"}],"wp:term":[{"taxonomy":"product_brand","embeddable":true,"href":"https:\/\/ssl.ma\/en\/wp-json\/wp\/v2\/product_brand?post=8115"},{"taxonomy":"product_cat","embeddable":true,"href":"https:\/\/ssl.ma\/en\/wp-json\/wp\/v2\/product_cat?post=8115"},{"taxonomy":"product_tag","embeddable":true,"href":"https:\/\/ssl.ma\/en\/wp-json\/wp\/v2\/product_tag?post=8115"}],"curies":[{"name":"wp","href":"https:\/\/api.w.org\/{rel}","templated":true}]}}