{"id":8099,"date":"2022-07-14T15:11:46","date_gmt":"2022-07-14T14:11:46","guid":{"rendered":"https:\/\/ssl.ma\/product\/geotrust-true-businessid-with-multi-domain-wildcard\/"},"modified":"2024-11-21T13:03:15","modified_gmt":"2024-11-21T12:03:15","slug":"geotrust-true-businessid-with-multi-domain-wildcard","status":"publish","type":"product","link":"https:\/\/ssl.ma\/en\/product\/geotrust-true-businessid-with-multi-domain-wildcard\/","title":{"rendered":"GeoTrust True BusinessID MultiDom Wildcard"},"content":{"rendered":"<p>D\u00e9couvrez la puissance du <strong>GeoTrust True BusinessID<\/strong> with <strong>Multi-Domain Wildcard<\/strong>, un v\u00e9ritable rempart de s\u00e9curit\u00e9 pour votre pr\u00e9sence en ligne. \u00c9mis par <strong>GeoTrust<\/strong>, un leader dans le domaine de la certification, ce certificat num\u00e9rique offre une polyvalence in\u00e9gal\u00e9e, s\u00e9curisant plusieurs domaines et sous-domaines avec une facilit\u00e9 d\u00e9concertante.<br \/>\nDot\u00e9 d&#8217;un chiffrement robuste, il prot\u00e8ge vos donn\u00e9es sensibles tout en renfor\u00e7ant la confiance de vos visiteurs gr\u00e2ce \u00e0 une <strong>authentification d&#8217;entreprise rigoureuse<\/strong>.<br \/>\nAvec une garantie financi\u00e8re incluse, ce certificat va au-del\u00e0 de la simple s\u00e9curit\u00e9, offrant une tranquillit\u00e9 d&#8217;esprit totale. Compatible avec une vari\u00e9t\u00e9 de navigateurs et d&#8217;appareils, le <strong>GeoTrust True BusinessID with Multi-Domain Wildcard<\/strong> est bien plus qu&#8217;un certificat num\u00e9rique, c&#8217;est la cl\u00e9 d&#8217;une exp\u00e9rience en ligne s\u00fbre, fiable et flexible.<br \/>\nFaites de la s\u00e9curit\u00e9 une force, choisissez <strong>GeoTrust<\/strong> pour propulser votre pr\u00e9sence en ligne vers de nouveaux sommets.<\/p>\n","protected":false},"excerpt":{"rendered":"<p>D\u00e9couvrez la puissance du GeoTrust True BusinessID with Multi-Domain Wildcard, un v\u00e9ritable rempart de s\u00e9curit\u00e9 pour votre pr\u00e9sence en ligne. \u00c9mis par GeoTrust, un leader dans le domaine de la certification, ce certificat num\u00e9rique offre une polyvalence in\u00e9gal\u00e9e, s\u00e9curisant plusieurs domaines et sous-domaines avec une facilit\u00e9 d\u00e9concertante. Dot\u00e9 d&#8217;un chiffrement robuste, il prot\u00e8ge vos donn\u00e9es sensibles tout en renfor\u00e7ant la confiance de vos visiteurs gr\u00e2ce \u00e0 une authentification d&#8217;entreprise rigoureuse. Avec une garantie financi\u00e8re incluse, [&hellip;]<\/p>\n","protected":false},"featured_media":6218,"template":"","meta":{"_acf_changed":false},"product_brand":[],"product_cat":[150,121,122],"product_tag":[],"class_list":{"0":"post-8099","1":"product","2":"type-product","3":"status-publish","4":"has-post-thumbnail","6":"product_cat-ssl-multi-domaines-morocco","7":"product_cat-ssl-ov-morocco","8":"product_cat-ssl-wildcard-morocco","10":"first","11":"instock","12":"shipping-taxable","13":"purchasable","14":"product-type-variable","15":"has-default-attributes"},"acf":[],"yoast_head":"<!-- This site is optimized with the Yoast SEO plugin v27.4 - https:\/\/yoast.com\/product\/yoast-seo-wordpress\/ -->\n<title>GeoTrust True BusinessID MultiDom Wildcard - Certificat Ssl Maroc SECTIGO Maroc GEOTRUST Maroc DIGICERT Maroc<\/title>\n<meta name=\"robots\" content=\"index, follow, max-snippet:-1, max-image-preview:large, max-video-preview:-1\" \/>\n<link rel=\"canonical\" href=\"https:\/\/ssl.ma\/en\/product\/geotrust-true-businessid-with-multi-domain-wildcard\/\" \/>\n<meta property=\"og:locale\" content=\"en_US\" \/>\n<meta property=\"og:type\" content=\"article\" \/>\n<meta property=\"og:title\" content=\"GeoTrust True BusinessID MultiDom Wildcard - Certificat Ssl Maroc SECTIGO Maroc GEOTRUST Maroc DIGICERT Maroc\" \/>\n<meta property=\"og:description\" content=\"D\u00e9couvrez la puissance du GeoTrust True BusinessID with Multi-Domain Wildcard, un v\u00e9ritable rempart de s\u00e9curit\u00e9 pour votre pr\u00e9sence en ligne. \u00c9mis par GeoTrust, un leader dans le domaine de la certification, ce certificat num\u00e9rique offre une polyvalence in\u00e9gal\u00e9e, s\u00e9curisant plusieurs domaines et sous-domaines avec une facilit\u00e9 d\u00e9concertante. Dot\u00e9 d&#8217;un chiffrement robuste, il prot\u00e8ge vos donn\u00e9es sensibles tout en renfor\u00e7ant la confiance de vos visiteurs gr\u00e2ce \u00e0 une authentification d&#8217;entreprise rigoureuse. Avec une garantie financi\u00e8re incluse, [&hellip;]\" \/>\n<meta property=\"og:url\" content=\"https:\/\/ssl.ma\/en\/product\/geotrust-true-businessid-with-multi-domain-wildcard\/\" \/>\n<meta property=\"og:site_name\" content=\"Certificat Ssl Maroc SECTIGO Maroc GEOTRUST Maroc DIGICERT Maroc\" \/>\n<meta property=\"article:publisher\" content=\"https:\/\/web.facebook.com\/HeberDomaine?_rdc=1&amp;_rdr\" \/>\n<meta property=\"article:modified_time\" content=\"2024-11-21T12:03:15+00:00\" \/>\n<meta property=\"og:image\" content=\"https:\/\/ssl.ma\/wp-content\/uploads\/2022\/07\/brand-geotrust.jpg\" \/>\n\t<meta property=\"og:image:width\" content=\"1280\" \/>\n\t<meta property=\"og:image:height\" content=\"329\" \/>\n\t<meta property=\"og:image:type\" content=\"image\/jpeg\" \/>\n<meta name=\"twitter:card\" content=\"summary_large_image\" \/>\n<meta name=\"twitter:site\" content=\"@heberdomaine\" \/>\n<meta name=\"twitter:label1\" content=\"Est. reading time\" \/>\n\t<meta name=\"twitter:data1\" content=\"1 minute\" \/>\n<script type=\"application\/ld+json\" class=\"yoast-schema-graph\">{\"@context\":\"https:\\\/\\\/schema.org\",\"@graph\":[{\"@type\":\"WebPage\",\"@id\":\"https:\\\/\\\/ssl.ma\\\/en\\\/product\\\/geotrust-true-businessid-with-multi-domain-wildcard\\\/\",\"url\":\"https:\\\/\\\/ssl.ma\\\/en\\\/product\\\/geotrust-true-businessid-with-multi-domain-wildcard\\\/\",\"name\":\"GeoTrust True BusinessID MultiDom Wildcard - Certificat Ssl Maroc SECTIGO Maroc GEOTRUST Maroc DIGICERT Maroc\",\"isPartOf\":{\"@id\":\"https:\\\/\\\/ssl.ma\\\/#website\"},\"primaryImageOfPage\":{\"@id\":\"https:\\\/\\\/ssl.ma\\\/en\\\/product\\\/geotrust-true-businessid-with-multi-domain-wildcard\\\/#primaryimage\"},\"image\":{\"@id\":\"https:\\\/\\\/ssl.ma\\\/en\\\/product\\\/geotrust-true-businessid-with-multi-domain-wildcard\\\/#primaryimage\"},\"thumbnailUrl\":\"https:\\\/\\\/ssl.ma\\\/wp-content\\\/uploads\\\/2022\\\/07\\\/brand-geotrust.jpg\",\"datePublished\":\"2022-07-14T14:11:46+00:00\",\"dateModified\":\"2024-11-21T12:03:15+00:00\",\"breadcrumb\":{\"@id\":\"https:\\\/\\\/ssl.ma\\\/en\\\/product\\\/geotrust-true-businessid-with-multi-domain-wildcard\\\/#breadcrumb\"},\"inLanguage\":\"en-US\",\"potentialAction\":[{\"@type\":\"ReadAction\",\"target\":[\"https:\\\/\\\/ssl.ma\\\/en\\\/product\\\/geotrust-true-businessid-with-multi-domain-wildcard\\\/\"]}]},{\"@type\":\"ImageObject\",\"inLanguage\":\"en-US\",\"@id\":\"https:\\\/\\\/ssl.ma\\\/en\\\/product\\\/geotrust-true-businessid-with-multi-domain-wildcard\\\/#primaryimage\",\"url\":\"https:\\\/\\\/ssl.ma\\\/wp-content\\\/uploads\\\/2022\\\/07\\\/brand-geotrust.jpg\",\"contentUrl\":\"https:\\\/\\\/ssl.ma\\\/wp-content\\\/uploads\\\/2022\\\/07\\\/brand-geotrust.jpg\",\"width\":1280,\"height\":329,\"caption\":\"Certificat de S\u00e9curit\u00e9 Maroc - Optez pour un certificat SSL fiable pour garantir la s\u00e9curit\u00e9 de votre site au Maroc\"},{\"@type\":\"BreadcrumbList\",\"@id\":\"https:\\\/\\\/ssl.ma\\\/en\\\/product\\\/geotrust-true-businessid-with-multi-domain-wildcard\\\/#breadcrumb\",\"itemListElement\":[{\"@type\":\"ListItem\",\"position\":1,\"name\":\"Home\",\"item\":\"https:\\\/\\\/ssl.ma\\\/en\\\/\"},{\"@type\":\"ListItem\",\"position\":2,\"name\":\"GeoTrust True BusinessID MultiDom Wildcard\"}]},{\"@type\":\"WebSite\",\"@id\":\"https:\\\/\\\/ssl.ma\\\/#website\",\"url\":\"https:\\\/\\\/ssl.ma\\\/\",\"name\":\"Certificat Ssl Maroc SECTIGO DIGICERT Maroc GEOTRUST Thawt\",\"description\":\"Certificat SSL Maroc  SSL Wildcard pas cher Achat Certificat SSL Maroc Sectigo Wildcard SSL Free SSL\",\"potentialAction\":[{\"@type\":\"SearchAction\",\"target\":{\"@type\":\"EntryPoint\",\"urlTemplate\":\"https:\\\/\\\/ssl.ma\\\/?s={search_term_string}\"},\"query-input\":{\"@type\":\"PropertyValueSpecification\",\"valueRequired\":true,\"valueName\":\"search_term_string\"}}],\"inLanguage\":\"en-US\"}]}<\/script>\n<!-- \/ Yoast SEO plugin. -->","yoast_head_json":{"title":"GeoTrust True BusinessID MultiDom Wildcard - Certificat Ssl Maroc SECTIGO Maroc GEOTRUST Maroc DIGICERT Maroc","robots":{"index":"index","follow":"follow","max-snippet":"max-snippet:-1","max-image-preview":"max-image-preview:large","max-video-preview":"max-video-preview:-1"},"canonical":"https:\/\/ssl.ma\/en\/product\/geotrust-true-businessid-with-multi-domain-wildcard\/","og_locale":"en_US","og_type":"article","og_title":"GeoTrust True BusinessID MultiDom Wildcard - Certificat Ssl Maroc SECTIGO Maroc GEOTRUST Maroc DIGICERT Maroc","og_description":"D\u00e9couvrez la puissance du GeoTrust True BusinessID with Multi-Domain Wildcard, un v\u00e9ritable rempart de s\u00e9curit\u00e9 pour votre pr\u00e9sence en ligne. \u00c9mis par GeoTrust, un leader dans le domaine de la certification, ce certificat num\u00e9rique offre une polyvalence in\u00e9gal\u00e9e, s\u00e9curisant plusieurs domaines et sous-domaines avec une facilit\u00e9 d\u00e9concertante. Dot\u00e9 d&#8217;un chiffrement robuste, il prot\u00e8ge vos donn\u00e9es sensibles tout en renfor\u00e7ant la confiance de vos visiteurs gr\u00e2ce \u00e0 une authentification d&#8217;entreprise rigoureuse. Avec une garantie financi\u00e8re incluse, [&hellip;]","og_url":"https:\/\/ssl.ma\/en\/product\/geotrust-true-businessid-with-multi-domain-wildcard\/","og_site_name":"Certificat Ssl Maroc SECTIGO Maroc GEOTRUST Maroc DIGICERT Maroc","article_publisher":"https:\/\/web.facebook.com\/HeberDomaine?_rdc=1&_rdr","article_modified_time":"2024-11-21T12:03:15+00:00","og_image":[{"width":1280,"height":329,"url":"https:\/\/ssl.ma\/wp-content\/uploads\/2022\/07\/brand-geotrust.jpg","type":"image\/jpeg"}],"twitter_card":"summary_large_image","twitter_site":"@heberdomaine","twitter_misc":{"Est. reading time":"1 minute"},"schema":{"@context":"https:\/\/schema.org","@graph":[{"@type":"WebPage","@id":"https:\/\/ssl.ma\/en\/product\/geotrust-true-businessid-with-multi-domain-wildcard\/","url":"https:\/\/ssl.ma\/en\/product\/geotrust-true-businessid-with-multi-domain-wildcard\/","name":"GeoTrust True BusinessID MultiDom Wildcard - Certificat Ssl Maroc SECTIGO Maroc GEOTRUST Maroc DIGICERT Maroc","isPartOf":{"@id":"https:\/\/ssl.ma\/#website"},"primaryImageOfPage":{"@id":"https:\/\/ssl.ma\/en\/product\/geotrust-true-businessid-with-multi-domain-wildcard\/#primaryimage"},"image":{"@id":"https:\/\/ssl.ma\/en\/product\/geotrust-true-businessid-with-multi-domain-wildcard\/#primaryimage"},"thumbnailUrl":"https:\/\/ssl.ma\/wp-content\/uploads\/2022\/07\/brand-geotrust.jpg","datePublished":"2022-07-14T14:11:46+00:00","dateModified":"2024-11-21T12:03:15+00:00","breadcrumb":{"@id":"https:\/\/ssl.ma\/en\/product\/geotrust-true-businessid-with-multi-domain-wildcard\/#breadcrumb"},"inLanguage":"en-US","potentialAction":[{"@type":"ReadAction","target":["https:\/\/ssl.ma\/en\/product\/geotrust-true-businessid-with-multi-domain-wildcard\/"]}]},{"@type":"ImageObject","inLanguage":"en-US","@id":"https:\/\/ssl.ma\/en\/product\/geotrust-true-businessid-with-multi-domain-wildcard\/#primaryimage","url":"https:\/\/ssl.ma\/wp-content\/uploads\/2022\/07\/brand-geotrust.jpg","contentUrl":"https:\/\/ssl.ma\/wp-content\/uploads\/2022\/07\/brand-geotrust.jpg","width":1280,"height":329,"caption":"Certificat de S\u00e9curit\u00e9 Maroc - Optez pour un certificat SSL fiable pour garantir la s\u00e9curit\u00e9 de votre site au Maroc"},{"@type":"BreadcrumbList","@id":"https:\/\/ssl.ma\/en\/product\/geotrust-true-businessid-with-multi-domain-wildcard\/#breadcrumb","itemListElement":[{"@type":"ListItem","position":1,"name":"Home","item":"https:\/\/ssl.ma\/en\/"},{"@type":"ListItem","position":2,"name":"GeoTrust True BusinessID MultiDom Wildcard"}]},{"@type":"WebSite","@id":"https:\/\/ssl.ma\/#website","url":"https:\/\/ssl.ma\/","name":"Certificat Ssl Maroc SECTIGO DIGICERT Maroc GEOTRUST Thawt","description":"Certificat SSL Maroc  SSL Wildcard pas cher Achat Certificat SSL Maroc Sectigo Wildcard SSL Free SSL","potentialAction":[{"@type":"SearchAction","target":{"@type":"EntryPoint","urlTemplate":"https:\/\/ssl.ma\/?s={search_term_string}"},"query-input":{"@type":"PropertyValueSpecification","valueRequired":true,"valueName":"search_term_string"}}],"inLanguage":"en-US"}]}},"_links":{"self":[{"href":"https:\/\/ssl.ma\/en\/wp-json\/wp\/v2\/product\/8099","targetHints":{"allow":["GET"]}}],"collection":[{"href":"https:\/\/ssl.ma\/en\/wp-json\/wp\/v2\/product"}],"about":[{"href":"https:\/\/ssl.ma\/en\/wp-json\/wp\/v2\/types\/product"}],"version-history":[{"count":2,"href":"https:\/\/ssl.ma\/en\/wp-json\/wp\/v2\/product\/8099\/revisions"}],"predecessor-version":[{"id":9925,"href":"https:\/\/ssl.ma\/en\/wp-json\/wp\/v2\/product\/8099\/revisions\/9925"}],"wp:featuredmedia":[{"embeddable":true,"href":"https:\/\/ssl.ma\/en\/wp-json\/wp\/v2\/media\/6218"}],"wp:attachment":[{"href":"https:\/\/ssl.ma\/en\/wp-json\/wp\/v2\/media?parent=8099"}],"wp:term":[{"taxonomy":"product_brand","embeddable":true,"href":"https:\/\/ssl.ma\/en\/wp-json\/wp\/v2\/product_brand?post=8099"},{"taxonomy":"product_cat","embeddable":true,"href":"https:\/\/ssl.ma\/en\/wp-json\/wp\/v2\/product_cat?post=8099"},{"taxonomy":"product_tag","embeddable":true,"href":"https:\/\/ssl.ma\/en\/wp-json\/wp\/v2\/product_tag?post=8099"}],"curies":[{"name":"wp","href":"https:\/\/api.w.org\/{rel}","templated":true}]}}