{"id":7984,"date":"2024-11-08T12:40:54","date_gmt":"2024-11-08T11:40:54","guid":{"rendered":"https:\/\/ssl.ma\/product\/sectigo-ev-ssl-maroc\/"},"modified":"2024-11-21T13:15:38","modified_gmt":"2024-11-21T12:15:38","slug":"sectigo-ev-ssl-maroc","status":"publish","type":"product","link":"https:\/\/ssl.ma\/en\/product\/sectigo-ev-ssl-maroc\/","title":{"rendered":"Sectigo SSL EV"},"content":{"rendered":"<p>Le certificat <strong>Sectigo<\/strong> SSL est la pierre angulaire de la gamme <strong>SSL\/TLS<\/strong> \u00e9ponyme de <strong>Sectigo<\/strong>. Offrant une encryption instantan\u00e9e et abordable pour un seul domaine, le certificat Sectigo SSL est l\u2019un des certificats Domain Validated les plus largement utilis\u00e9s sur le march\u00e9. Le <strong>certificat Sectigo SSL<\/strong> est assorti d\u2019une g\u00e9n\u00e9reuse garantie de 500 000 $ et d\u2019une garantie de remboursement de 30 jours.<br \/>\nVous pourrez \u00e9galement ajouter le sceau de s\u00e9curit\u00e9 Sectigo \u00e0 votre site web pour renforcer davantage la confiance de vos visiteurs. Tous les certificats Sectigo SSL r\u00e9pondent ou d\u00e9passent les normes actuelles de l\u2019industrie en mati\u00e8re d\u2019encryption, avec le choix entre les syst\u00e8mes cryptographiques \u00e0 cl\u00e9 publique <strong>RSA ou ECDH<\/strong>, une encryption sym\u00e9trique de<strong> 256 bits et SHA-2.<\/strong> Optez pour la s\u00e9curit\u00e9 fiable avec le <strong>certificat Sectigo SSL.<\/strong><\/p>\n","protected":false},"excerpt":{"rendered":"<p>Le certificat Sectigo SSL est la pierre angulaire de la gamme SSL\/TLS \u00e9ponyme de Sectigo. Offrant une encryption instantan\u00e9e et abordable pour un seul domaine, le certificat Sectigo SSL est l\u2019un des certificats Domain Validated les plus largement utilis\u00e9s sur le march\u00e9. Le certificat Sectigo SSL est assorti d\u2019une g\u00e9n\u00e9reuse garantie de 500 000 $ et d\u2019une garantie de remboursement de 30 jours. Vous pourrez \u00e9galement ajouter le sceau de s\u00e9curit\u00e9 Sectigo \u00e0 votre site [&hellip;]<\/p>\n","protected":false},"featured_media":6211,"template":"","meta":{"_acf_changed":false},"product_brand":[],"product_cat":[120],"product_tag":[115],"class_list":{"0":"post-7984","1":"product","2":"type-product","3":"status-publish","4":"has-post-thumbnail","6":"product_cat-ssl-ev-morocco","7":"product_tag-ssl-sectigo-morocco","9":"first","10":"instock","11":"shipping-taxable","12":"purchasable","13":"product-type-variable","14":"has-default-attributes"},"acf":[],"yoast_head":"<!-- This site is optimized with the Yoast SEO plugin v27.3 - https:\/\/yoast.com\/product\/yoast-seo-wordpress\/ -->\n<title>Sectigo SSL EV - Certificat Ssl Maroc SECTIGO Maroc GEOTRUST Maroc DIGICERT Maroc<\/title>\n<meta name=\"robots\" content=\"index, follow, max-snippet:-1, max-image-preview:large, max-video-preview:-1\" \/>\n<link rel=\"canonical\" href=\"https:\/\/ssl.ma\/en\/product\/sectigo-ev-ssl-maroc\/\" \/>\n<meta property=\"og:locale\" content=\"en_US\" \/>\n<meta property=\"og:type\" content=\"article\" \/>\n<meta property=\"og:title\" content=\"Sectigo SSL EV - Certificat Ssl Maroc SECTIGO Maroc GEOTRUST Maroc DIGICERT Maroc\" \/>\n<meta property=\"og:description\" content=\"Le certificat Sectigo SSL est la pierre angulaire de la gamme SSL\/TLS \u00e9ponyme de Sectigo. Offrant une encryption instantan\u00e9e et abordable pour un seul domaine, le certificat Sectigo SSL est l\u2019un des certificats Domain Validated les plus largement utilis\u00e9s sur le march\u00e9. Le certificat Sectigo SSL est assorti d\u2019une g\u00e9n\u00e9reuse garantie de 500 000 $ et d\u2019une garantie de remboursement de 30 jours. Vous pourrez \u00e9galement ajouter le sceau de s\u00e9curit\u00e9 Sectigo \u00e0 votre site [&hellip;]\" \/>\n<meta property=\"og:url\" content=\"https:\/\/ssl.ma\/en\/product\/sectigo-ev-ssl-maroc\/\" \/>\n<meta property=\"og:site_name\" content=\"Certificat Ssl Maroc SECTIGO Maroc GEOTRUST Maroc DIGICERT Maroc\" \/>\n<meta property=\"article:publisher\" content=\"https:\/\/web.facebook.com\/HeberDomaine?_rdc=1&amp;_rdr\" \/>\n<meta property=\"article:modified_time\" content=\"2024-11-21T12:15:38+00:00\" \/>\n<meta property=\"og:image\" content=\"https:\/\/ssl.ma\/wp-content\/uploads\/2022\/07\/brand-sectigo2.jpg\" \/>\n\t<meta property=\"og:image:width\" content=\"1280\" \/>\n\t<meta property=\"og:image:height\" content=\"329\" \/>\n\t<meta property=\"og:image:type\" content=\"image\/jpeg\" \/>\n<meta name=\"twitter:card\" content=\"summary_large_image\" \/>\n<meta name=\"twitter:site\" content=\"@heberdomaine\" \/>\n<meta name=\"twitter:label1\" content=\"Est. reading time\" \/>\n\t<meta name=\"twitter:data1\" content=\"1 minute\" \/>\n<script type=\"application\/ld+json\" class=\"yoast-schema-graph\">{\"@context\":\"https:\\\/\\\/schema.org\",\"@graph\":[{\"@type\":\"WebPage\",\"@id\":\"https:\\\/\\\/ssl.ma\\\/en\\\/product\\\/sectigo-ev-ssl-maroc\\\/\",\"url\":\"https:\\\/\\\/ssl.ma\\\/en\\\/product\\\/sectigo-ev-ssl-maroc\\\/\",\"name\":\"Sectigo SSL EV - Certificat Ssl Maroc SECTIGO Maroc GEOTRUST Maroc DIGICERT Maroc\",\"isPartOf\":{\"@id\":\"https:\\\/\\\/ssl.ma\\\/#website\"},\"primaryImageOfPage\":{\"@id\":\"https:\\\/\\\/ssl.ma\\\/en\\\/product\\\/sectigo-ev-ssl-maroc\\\/#primaryimage\"},\"image\":{\"@id\":\"https:\\\/\\\/ssl.ma\\\/en\\\/product\\\/sectigo-ev-ssl-maroc\\\/#primaryimage\"},\"thumbnailUrl\":\"https:\\\/\\\/ssl.ma\\\/wp-content\\\/uploads\\\/2022\\\/07\\\/brand-sectigo2.jpg\",\"datePublished\":\"2024-11-08T11:40:54+00:00\",\"dateModified\":\"2024-11-21T12:15:38+00:00\",\"breadcrumb\":{\"@id\":\"https:\\\/\\\/ssl.ma\\\/en\\\/product\\\/sectigo-ev-ssl-maroc\\\/#breadcrumb\"},\"inLanguage\":\"en-US\",\"potentialAction\":[{\"@type\":\"ReadAction\",\"target\":[\"https:\\\/\\\/ssl.ma\\\/en\\\/product\\\/sectigo-ev-ssl-maroc\\\/\"]}]},{\"@type\":\"ImageObject\",\"inLanguage\":\"en-US\",\"@id\":\"https:\\\/\\\/ssl.ma\\\/en\\\/product\\\/sectigo-ev-ssl-maroc\\\/#primaryimage\",\"url\":\"https:\\\/\\\/ssl.ma\\\/wp-content\\\/uploads\\\/2022\\\/07\\\/brand-sectigo2.jpg\",\"contentUrl\":\"https:\\\/\\\/ssl.ma\\\/wp-content\\\/uploads\\\/2022\\\/07\\\/brand-sectigo2.jpg\",\"width\":1280,\"height\":329,\"caption\":\"Acheter certificat HTTPS Maroc - Prot\u00e9gez votre site web et vos utilisateurs avec un certificat SSL fiable et performant\"},{\"@type\":\"BreadcrumbList\",\"@id\":\"https:\\\/\\\/ssl.ma\\\/en\\\/product\\\/sectigo-ev-ssl-maroc\\\/#breadcrumb\",\"itemListElement\":[{\"@type\":\"ListItem\",\"position\":1,\"name\":\"Home\",\"item\":\"https:\\\/\\\/ssl.ma\\\/en\\\/\"},{\"@type\":\"ListItem\",\"position\":2,\"name\":\"Sectigo SSL EV\"}]},{\"@type\":\"WebSite\",\"@id\":\"https:\\\/\\\/ssl.ma\\\/#website\",\"url\":\"https:\\\/\\\/ssl.ma\\\/\",\"name\":\"Certificat Ssl Maroc SECTIGO DIGICERT Maroc GEOTRUST Thawt\",\"description\":\"Certificat SSL Maroc  SSL Wildcard pas cher Achat Certificat SSL Maroc Sectigo Wildcard SSL Free SSL\",\"potentialAction\":[{\"@type\":\"SearchAction\",\"target\":{\"@type\":\"EntryPoint\",\"urlTemplate\":\"https:\\\/\\\/ssl.ma\\\/?s={search_term_string}\"},\"query-input\":{\"@type\":\"PropertyValueSpecification\",\"valueRequired\":true,\"valueName\":\"search_term_string\"}}],\"inLanguage\":\"en-US\"}]}<\/script>\n<!-- \/ Yoast SEO plugin. -->","yoast_head_json":{"title":"Sectigo SSL EV - Certificat Ssl Maroc SECTIGO Maroc GEOTRUST Maroc DIGICERT Maroc","robots":{"index":"index","follow":"follow","max-snippet":"max-snippet:-1","max-image-preview":"max-image-preview:large","max-video-preview":"max-video-preview:-1"},"canonical":"https:\/\/ssl.ma\/en\/product\/sectigo-ev-ssl-maroc\/","og_locale":"en_US","og_type":"article","og_title":"Sectigo SSL EV - Certificat Ssl Maroc SECTIGO Maroc GEOTRUST Maroc DIGICERT Maroc","og_description":"Le certificat Sectigo SSL est la pierre angulaire de la gamme SSL\/TLS \u00e9ponyme de Sectigo. Offrant une encryption instantan\u00e9e et abordable pour un seul domaine, le certificat Sectigo SSL est l\u2019un des certificats Domain Validated les plus largement utilis\u00e9s sur le march\u00e9. Le certificat Sectigo SSL est assorti d\u2019une g\u00e9n\u00e9reuse garantie de 500 000 $ et d\u2019une garantie de remboursement de 30 jours. Vous pourrez \u00e9galement ajouter le sceau de s\u00e9curit\u00e9 Sectigo \u00e0 votre site [&hellip;]","og_url":"https:\/\/ssl.ma\/en\/product\/sectigo-ev-ssl-maroc\/","og_site_name":"Certificat Ssl Maroc SECTIGO Maroc GEOTRUST Maroc DIGICERT Maroc","article_publisher":"https:\/\/web.facebook.com\/HeberDomaine?_rdc=1&_rdr","article_modified_time":"2024-11-21T12:15:38+00:00","og_image":[{"width":1280,"height":329,"url":"https:\/\/ssl.ma\/wp-content\/uploads\/2022\/07\/brand-sectigo2.jpg","type":"image\/jpeg"}],"twitter_card":"summary_large_image","twitter_site":"@heberdomaine","twitter_misc":{"Est. reading time":"1 minute"},"schema":{"@context":"https:\/\/schema.org","@graph":[{"@type":"WebPage","@id":"https:\/\/ssl.ma\/en\/product\/sectigo-ev-ssl-maroc\/","url":"https:\/\/ssl.ma\/en\/product\/sectigo-ev-ssl-maroc\/","name":"Sectigo SSL EV - Certificat Ssl Maroc SECTIGO Maroc GEOTRUST Maroc DIGICERT Maroc","isPartOf":{"@id":"https:\/\/ssl.ma\/#website"},"primaryImageOfPage":{"@id":"https:\/\/ssl.ma\/en\/product\/sectigo-ev-ssl-maroc\/#primaryimage"},"image":{"@id":"https:\/\/ssl.ma\/en\/product\/sectigo-ev-ssl-maroc\/#primaryimage"},"thumbnailUrl":"https:\/\/ssl.ma\/wp-content\/uploads\/2022\/07\/brand-sectigo2.jpg","datePublished":"2024-11-08T11:40:54+00:00","dateModified":"2024-11-21T12:15:38+00:00","breadcrumb":{"@id":"https:\/\/ssl.ma\/en\/product\/sectigo-ev-ssl-maroc\/#breadcrumb"},"inLanguage":"en-US","potentialAction":[{"@type":"ReadAction","target":["https:\/\/ssl.ma\/en\/product\/sectigo-ev-ssl-maroc\/"]}]},{"@type":"ImageObject","inLanguage":"en-US","@id":"https:\/\/ssl.ma\/en\/product\/sectigo-ev-ssl-maroc\/#primaryimage","url":"https:\/\/ssl.ma\/wp-content\/uploads\/2022\/07\/brand-sectigo2.jpg","contentUrl":"https:\/\/ssl.ma\/wp-content\/uploads\/2022\/07\/brand-sectigo2.jpg","width":1280,"height":329,"caption":"Acheter certificat HTTPS Maroc - Prot\u00e9gez votre site web et vos utilisateurs avec un certificat SSL fiable et performant"},{"@type":"BreadcrumbList","@id":"https:\/\/ssl.ma\/en\/product\/sectigo-ev-ssl-maroc\/#breadcrumb","itemListElement":[{"@type":"ListItem","position":1,"name":"Home","item":"https:\/\/ssl.ma\/en\/"},{"@type":"ListItem","position":2,"name":"Sectigo SSL EV"}]},{"@type":"WebSite","@id":"https:\/\/ssl.ma\/#website","url":"https:\/\/ssl.ma\/","name":"Certificat Ssl Maroc SECTIGO DIGICERT Maroc GEOTRUST Thawt","description":"Certificat SSL Maroc  SSL Wildcard pas cher Achat Certificat SSL Maroc Sectigo Wildcard SSL Free SSL","potentialAction":[{"@type":"SearchAction","target":{"@type":"EntryPoint","urlTemplate":"https:\/\/ssl.ma\/?s={search_term_string}"},"query-input":{"@type":"PropertyValueSpecification","valueRequired":true,"valueName":"search_term_string"}}],"inLanguage":"en-US"}]}},"_links":{"self":[{"href":"https:\/\/ssl.ma\/en\/wp-json\/wp\/v2\/product\/7984","targetHints":{"allow":["GET"]}}],"collection":[{"href":"https:\/\/ssl.ma\/en\/wp-json\/wp\/v2\/product"}],"about":[{"href":"https:\/\/ssl.ma\/en\/wp-json\/wp\/v2\/types\/product"}],"version-history":[{"count":5,"href":"https:\/\/ssl.ma\/en\/wp-json\/wp\/v2\/product\/7984\/revisions"}],"predecessor-version":[{"id":9945,"href":"https:\/\/ssl.ma\/en\/wp-json\/wp\/v2\/product\/7984\/revisions\/9945"}],"wp:featuredmedia":[{"embeddable":true,"href":"https:\/\/ssl.ma\/en\/wp-json\/wp\/v2\/media\/6211"}],"wp:attachment":[{"href":"https:\/\/ssl.ma\/en\/wp-json\/wp\/v2\/media?parent=7984"}],"wp:term":[{"taxonomy":"product_brand","embeddable":true,"href":"https:\/\/ssl.ma\/en\/wp-json\/wp\/v2\/product_brand?post=7984"},{"taxonomy":"product_cat","embeddable":true,"href":"https:\/\/ssl.ma\/en\/wp-json\/wp\/v2\/product_cat?post=7984"},{"taxonomy":"product_tag","embeddable":true,"href":"https:\/\/ssl.ma\/en\/wp-json\/wp\/v2\/product_tag?post=7984"}],"curies":[{"name":"wp","href":"https:\/\/api.w.org\/{rel}","templated":true}]}}