{"id":7968,"date":"2024-11-11T11:20:55","date_gmt":"2024-11-11T10:20:55","guid":{"rendered":"https:\/\/ssl.ma\/product\/digicert-document-signing-individual-500-certificate\/"},"modified":"2024-11-21T12:35:03","modified_gmt":"2024-11-21T11:35:03","slug":"digicert-document-signing-individual-500-certificate","status":"publish","type":"product","link":"https:\/\/ssl.ma\/en\/product\/digicert-document-signing-individual-500-certificate\/","title":{"rendered":"DigiCert Doc Signing Indivi 500)"},"content":{"rendered":"<p>La certification <strong>DigiCert Document Signing Individual (500)<\/strong> est un certificat num\u00e9rique \u00e9mis par <strong>DigiCert<\/strong>, destin\u00e9 \u00e0 signer et authentifier des documents \u00e9lectroniques.<br \/>\nPrincipalement utilis\u00e9e par des professionnels tels que les <strong>repr\u00e9sentants l\u00e9gaux,<\/strong> elle offre l&#8217;authenticit\u00e9, l&#8217;int\u00e9grit\u00e9, la non-r\u00e9pudiation et la confidentialit\u00e9 des documents.<br \/>\nClass\u00e9e comme un certificat de niveau moyen, elle n\u00e9cessite une preuve d&#8217;identit\u00e9 pour l&#8217;obtenir.<br \/>\nCompatible avec des applications courantes comme <strong>Microsoft Office et Adobe Acrobat,<\/strong> elle est largement reconnue par les gouvernements, les<strong> organisations et les institutions financi\u00e8res mondiales<\/strong>.<\/p>\n","protected":false},"excerpt":{"rendered":"<p>La certification DigiCert Document Signing Individual (500) est un certificat num\u00e9rique \u00e9mis par DigiCert, destin\u00e9 \u00e0 signer et authentifier des documents \u00e9lectroniques. Principalement utilis\u00e9e par des professionnels tels que les repr\u00e9sentants l\u00e9gaux, elle offre l&#8217;authenticit\u00e9, l&#8217;int\u00e9grit\u00e9, la non-r\u00e9pudiation et la confidentialit\u00e9 des documents. Class\u00e9e comme un certificat de niveau moyen, elle n\u00e9cessite une preuve d&#8217;identit\u00e9 pour l&#8217;obtenir. Compatible avec des applications courantes comme Microsoft Office et Adobe Acrobat, elle est largement reconnue par les gouvernements, [&hellip;]<\/p>\n","protected":false},"featured_media":6164,"template":"","meta":{"_acf_changed":false},"product_brand":[],"product_cat":[127],"product_tag":[110],"class_list":{"0":"post-7968","1":"product","2":"type-product","3":"status-publish","4":"has-post-thumbnail","6":"product_cat-document-signing-certificate-morocco","7":"product_tag-digicert-certificat-ssl-morocco","9":"first","10":"instock","11":"shipping-taxable","12":"purchasable","13":"product-type-variable","14":"has-default-attributes"},"acf":[],"yoast_head":"<!-- This site is optimized with the Yoast SEO plugin v27.3 - https:\/\/yoast.com\/product\/yoast-seo-wordpress\/ -->\n<title>DigiCert Doc Signing Indivi 500) - Certificat Ssl Maroc SECTIGO Maroc GEOTRUST Maroc DIGICERT Maroc<\/title>\n<meta name=\"robots\" content=\"index, follow, max-snippet:-1, max-image-preview:large, max-video-preview:-1\" \/>\n<link rel=\"canonical\" href=\"https:\/\/ssl.ma\/en\/product\/digicert-document-signing-individual-500-certificate\/\" \/>\n<meta property=\"og:locale\" content=\"en_US\" \/>\n<meta property=\"og:type\" content=\"article\" \/>\n<meta property=\"og:title\" content=\"DigiCert Doc Signing Indivi 500) - Certificat Ssl Maroc SECTIGO Maroc GEOTRUST Maroc DIGICERT Maroc\" \/>\n<meta property=\"og:description\" content=\"La certification DigiCert Document Signing Individual (500) est un certificat num\u00e9rique \u00e9mis par DigiCert, destin\u00e9 \u00e0 signer et authentifier des documents \u00e9lectroniques. Principalement utilis\u00e9e par des professionnels tels que les repr\u00e9sentants l\u00e9gaux, elle offre l&#8217;authenticit\u00e9, l&#8217;int\u00e9grit\u00e9, la non-r\u00e9pudiation et la confidentialit\u00e9 des documents. Class\u00e9e comme un certificat de niveau moyen, elle n\u00e9cessite une preuve d&#8217;identit\u00e9 pour l&#8217;obtenir. Compatible avec des applications courantes comme Microsoft Office et Adobe Acrobat, elle est largement reconnue par les gouvernements, [&hellip;]\" \/>\n<meta property=\"og:url\" content=\"https:\/\/ssl.ma\/en\/product\/digicert-document-signing-individual-500-certificate\/\" \/>\n<meta property=\"og:site_name\" content=\"Certificat Ssl Maroc SECTIGO Maroc GEOTRUST Maroc DIGICERT Maroc\" \/>\n<meta property=\"article:publisher\" content=\"https:\/\/web.facebook.com\/HeberDomaine?_rdc=1&amp;_rdr\" \/>\n<meta property=\"article:modified_time\" content=\"2024-11-21T11:35:03+00:00\" \/>\n<meta property=\"og:image\" content=\"https:\/\/ssl.ma\/wp-content\/uploads\/2022\/07\/brand-digicert.jpg\" \/>\n\t<meta property=\"og:image:width\" content=\"1280\" \/>\n\t<meta property=\"og:image:height\" content=\"329\" \/>\n\t<meta property=\"og:image:type\" content=\"image\/jpeg\" \/>\n<meta name=\"twitter:card\" content=\"summary_large_image\" \/>\n<meta name=\"twitter:site\" content=\"@heberdomaine\" \/>\n<script type=\"application\/ld+json\" class=\"yoast-schema-graph\">{\"@context\":\"https:\\\/\\\/schema.org\",\"@graph\":[{\"@type\":\"WebPage\",\"@id\":\"https:\\\/\\\/ssl.ma\\\/en\\\/product\\\/digicert-document-signing-individual-500-certificate\\\/\",\"url\":\"https:\\\/\\\/ssl.ma\\\/en\\\/product\\\/digicert-document-signing-individual-500-certificate\\\/\",\"name\":\"DigiCert Doc Signing Indivi 500) - Certificat Ssl Maroc SECTIGO Maroc GEOTRUST Maroc DIGICERT Maroc\",\"isPartOf\":{\"@id\":\"https:\\\/\\\/ssl.ma\\\/#website\"},\"primaryImageOfPage\":{\"@id\":\"https:\\\/\\\/ssl.ma\\\/en\\\/product\\\/digicert-document-signing-individual-500-certificate\\\/#primaryimage\"},\"image\":{\"@id\":\"https:\\\/\\\/ssl.ma\\\/en\\\/product\\\/digicert-document-signing-individual-500-certificate\\\/#primaryimage\"},\"thumbnailUrl\":\"https:\\\/\\\/ssl.ma\\\/wp-content\\\/uploads\\\/2022\\\/07\\\/brand-digicert.jpg\",\"datePublished\":\"2024-11-11T10:20:55+00:00\",\"dateModified\":\"2024-11-21T11:35:03+00:00\",\"breadcrumb\":{\"@id\":\"https:\\\/\\\/ssl.ma\\\/en\\\/product\\\/digicert-document-signing-individual-500-certificate\\\/#breadcrumb\"},\"inLanguage\":\"en-US\",\"potentialAction\":[{\"@type\":\"ReadAction\",\"target\":[\"https:\\\/\\\/ssl.ma\\\/en\\\/product\\\/digicert-document-signing-individual-500-certificate\\\/\"]}]},{\"@type\":\"ImageObject\",\"inLanguage\":\"en-US\",\"@id\":\"https:\\\/\\\/ssl.ma\\\/en\\\/product\\\/digicert-document-signing-individual-500-certificate\\\/#primaryimage\",\"url\":\"https:\\\/\\\/ssl.ma\\\/wp-content\\\/uploads\\\/2022\\\/07\\\/brand-digicert.jpg\",\"contentUrl\":\"https:\\\/\\\/ssl.ma\\\/wp-content\\\/uploads\\\/2022\\\/07\\\/brand-digicert.jpg\",\"width\":1280,\"height\":329,\"caption\":\"SSL Windows Server Maroc - Installez un certificat SSL sur votre serveur Windows pour assurer une connexion s\u00e9curis\u00e9e\"},{\"@type\":\"BreadcrumbList\",\"@id\":\"https:\\\/\\\/ssl.ma\\\/en\\\/product\\\/digicert-document-signing-individual-500-certificate\\\/#breadcrumb\",\"itemListElement\":[{\"@type\":\"ListItem\",\"position\":1,\"name\":\"Home\",\"item\":\"https:\\\/\\\/ssl.ma\\\/en\\\/\"},{\"@type\":\"ListItem\",\"position\":2,\"name\":\"DigiCert Doc Signing Indivi 500)\"}]},{\"@type\":\"WebSite\",\"@id\":\"https:\\\/\\\/ssl.ma\\\/#website\",\"url\":\"https:\\\/\\\/ssl.ma\\\/\",\"name\":\"Certificat Ssl Maroc SECTIGO DIGICERT Maroc GEOTRUST Thawt\",\"description\":\"Certificat SSL Maroc  SSL Wildcard pas cher Achat Certificat SSL Maroc Sectigo Wildcard SSL Free SSL\",\"potentialAction\":[{\"@type\":\"SearchAction\",\"target\":{\"@type\":\"EntryPoint\",\"urlTemplate\":\"https:\\\/\\\/ssl.ma\\\/?s={search_term_string}\"},\"query-input\":{\"@type\":\"PropertyValueSpecification\",\"valueRequired\":true,\"valueName\":\"search_term_string\"}}],\"inLanguage\":\"en-US\"}]}<\/script>\n<!-- \/ Yoast SEO plugin. -->","yoast_head_json":{"title":"DigiCert Doc Signing Indivi 500) - Certificat Ssl Maroc SECTIGO Maroc GEOTRUST Maroc DIGICERT Maroc","robots":{"index":"index","follow":"follow","max-snippet":"max-snippet:-1","max-image-preview":"max-image-preview:large","max-video-preview":"max-video-preview:-1"},"canonical":"https:\/\/ssl.ma\/en\/product\/digicert-document-signing-individual-500-certificate\/","og_locale":"en_US","og_type":"article","og_title":"DigiCert Doc Signing Indivi 500) - Certificat Ssl Maroc SECTIGO Maroc GEOTRUST Maroc DIGICERT Maroc","og_description":"La certification DigiCert Document Signing Individual (500) est un certificat num\u00e9rique \u00e9mis par DigiCert, destin\u00e9 \u00e0 signer et authentifier des documents \u00e9lectroniques. Principalement utilis\u00e9e par des professionnels tels que les repr\u00e9sentants l\u00e9gaux, elle offre l&#8217;authenticit\u00e9, l&#8217;int\u00e9grit\u00e9, la non-r\u00e9pudiation et la confidentialit\u00e9 des documents. Class\u00e9e comme un certificat de niveau moyen, elle n\u00e9cessite une preuve d&#8217;identit\u00e9 pour l&#8217;obtenir. Compatible avec des applications courantes comme Microsoft Office et Adobe Acrobat, elle est largement reconnue par les gouvernements, [&hellip;]","og_url":"https:\/\/ssl.ma\/en\/product\/digicert-document-signing-individual-500-certificate\/","og_site_name":"Certificat Ssl Maroc SECTIGO Maroc GEOTRUST Maroc DIGICERT Maroc","article_publisher":"https:\/\/web.facebook.com\/HeberDomaine?_rdc=1&_rdr","article_modified_time":"2024-11-21T11:35:03+00:00","og_image":[{"width":1280,"height":329,"url":"https:\/\/ssl.ma\/wp-content\/uploads\/2022\/07\/brand-digicert.jpg","type":"image\/jpeg"}],"twitter_card":"summary_large_image","twitter_site":"@heberdomaine","schema":{"@context":"https:\/\/schema.org","@graph":[{"@type":"WebPage","@id":"https:\/\/ssl.ma\/en\/product\/digicert-document-signing-individual-500-certificate\/","url":"https:\/\/ssl.ma\/en\/product\/digicert-document-signing-individual-500-certificate\/","name":"DigiCert Doc Signing Indivi 500) - Certificat Ssl Maroc SECTIGO Maroc GEOTRUST Maroc DIGICERT Maroc","isPartOf":{"@id":"https:\/\/ssl.ma\/#website"},"primaryImageOfPage":{"@id":"https:\/\/ssl.ma\/en\/product\/digicert-document-signing-individual-500-certificate\/#primaryimage"},"image":{"@id":"https:\/\/ssl.ma\/en\/product\/digicert-document-signing-individual-500-certificate\/#primaryimage"},"thumbnailUrl":"https:\/\/ssl.ma\/wp-content\/uploads\/2022\/07\/brand-digicert.jpg","datePublished":"2024-11-11T10:20:55+00:00","dateModified":"2024-11-21T11:35:03+00:00","breadcrumb":{"@id":"https:\/\/ssl.ma\/en\/product\/digicert-document-signing-individual-500-certificate\/#breadcrumb"},"inLanguage":"en-US","potentialAction":[{"@type":"ReadAction","target":["https:\/\/ssl.ma\/en\/product\/digicert-document-signing-individual-500-certificate\/"]}]},{"@type":"ImageObject","inLanguage":"en-US","@id":"https:\/\/ssl.ma\/en\/product\/digicert-document-signing-individual-500-certificate\/#primaryimage","url":"https:\/\/ssl.ma\/wp-content\/uploads\/2022\/07\/brand-digicert.jpg","contentUrl":"https:\/\/ssl.ma\/wp-content\/uploads\/2022\/07\/brand-digicert.jpg","width":1280,"height":329,"caption":"SSL Windows Server Maroc - Installez un certificat SSL sur votre serveur Windows pour assurer une connexion s\u00e9curis\u00e9e"},{"@type":"BreadcrumbList","@id":"https:\/\/ssl.ma\/en\/product\/digicert-document-signing-individual-500-certificate\/#breadcrumb","itemListElement":[{"@type":"ListItem","position":1,"name":"Home","item":"https:\/\/ssl.ma\/en\/"},{"@type":"ListItem","position":2,"name":"DigiCert Doc Signing Indivi 500)"}]},{"@type":"WebSite","@id":"https:\/\/ssl.ma\/#website","url":"https:\/\/ssl.ma\/","name":"Certificat Ssl Maroc SECTIGO DIGICERT Maroc GEOTRUST Thawt","description":"Certificat SSL Maroc  SSL Wildcard pas cher Achat Certificat SSL Maroc Sectigo Wildcard SSL Free SSL","potentialAction":[{"@type":"SearchAction","target":{"@type":"EntryPoint","urlTemplate":"https:\/\/ssl.ma\/?s={search_term_string}"},"query-input":{"@type":"PropertyValueSpecification","valueRequired":true,"valueName":"search_term_string"}}],"inLanguage":"en-US"}]}},"_links":{"self":[{"href":"https:\/\/ssl.ma\/en\/wp-json\/wp\/v2\/product\/7968","targetHints":{"allow":["GET"]}}],"collection":[{"href":"https:\/\/ssl.ma\/en\/wp-json\/wp\/v2\/product"}],"about":[{"href":"https:\/\/ssl.ma\/en\/wp-json\/wp\/v2\/types\/product"}],"version-history":[{"count":2,"href":"https:\/\/ssl.ma\/en\/wp-json\/wp\/v2\/product\/7968\/revisions"}],"predecessor-version":[{"id":9884,"href":"https:\/\/ssl.ma\/en\/wp-json\/wp\/v2\/product\/7968\/revisions\/9884"}],"wp:featuredmedia":[{"embeddable":true,"href":"https:\/\/ssl.ma\/en\/wp-json\/wp\/v2\/media\/6164"}],"wp:attachment":[{"href":"https:\/\/ssl.ma\/en\/wp-json\/wp\/v2\/media?parent=7968"}],"wp:term":[{"taxonomy":"product_brand","embeddable":true,"href":"https:\/\/ssl.ma\/en\/wp-json\/wp\/v2\/product_brand?post=7968"},{"taxonomy":"product_cat","embeddable":true,"href":"https:\/\/ssl.ma\/en\/wp-json\/wp\/v2\/product_cat?post=7968"},{"taxonomy":"product_tag","embeddable":true,"href":"https:\/\/ssl.ma\/en\/wp-json\/wp\/v2\/product_tag?post=7968"}],"curies":[{"name":"wp","href":"https:\/\/api.w.org\/{rel}","templated":true}]}}