{"id":7950,"date":"2024-11-11T11:20:55","date_gmt":"2024-11-11T10:20:55","guid":{"rendered":"https:\/\/ssl.ma\/product\/digicert-s-mime-class-1-certificate-dv\/"},"modified":"2024-11-21T12:34:19","modified_gmt":"2024-11-21T11:34:19","slug":"digicert-s-mime-class-1-certificate-dv","status":"publish","type":"product","link":"https:\/\/ssl.ma\/en\/product\/digicert-s-mime-class-1-certificate-dv\/","title":{"rendered":"DigiCert S\/MIME Class 1 (DV)"},"content":{"rendered":"<p>Le certificat <strong>DigiCert S\/MIME<\/strong> de Classe 1 (DV) est un certificat de chiffrement qui assure la s\u00e9curit\u00e9 des e-mails en utilisant la technologie <strong>S\/MIME (Secure\/Multipurpose Internet Mail Extensions)<\/strong>.<br \/>\nLa Classe 1 indique un niveau de validation de domaine, ce qui signifie que le certificat v\u00e9rifie la l\u00e9gitimit\u00e9 du domaine de l&#8217;exp\u00e9diteur de l&#8217;e-mail, mais ne n\u00e9cessite pas une <strong>validation approfondie de l&#8217;identit\u00e9 de l&#8217;individu ou de l&#8217;organisation<\/strong>.<br \/>\nIl est souvent utilis\u00e9 pour garantir <strong>l&#8217;authenticit\u00e9 des e-mails<\/strong> et prot\u00e9ger leur contenu contre toute alt\u00e9ration pendant la transmission.<br \/>\nCe type de certificat est appropri\u00e9 pour un usage personnel ou <strong>professionnel<\/strong> l\u00e9ger, o\u00f9 la v\u00e9rification de l&#8217;identit\u00e9 n&#8217;est pas la principale pr\u00e9occupation, mais la s\u00e9curit\u00e9 des communications par e-mail est importante.<\/p>\n","protected":false},"excerpt":{"rendered":"<p>Le certificat DigiCert S\/MIME de Classe 1 (DV) est un certificat de chiffrement qui assure la s\u00e9curit\u00e9 des e-mails en utilisant la technologie S\/MIME (Secure\/Multipurpose Internet Mail Extensions). La Classe 1 indique un niveau de validation de domaine, ce qui signifie que le certificat v\u00e9rifie la l\u00e9gitimit\u00e9 du domaine de l&#8217;exp\u00e9diteur de l&#8217;e-mail, mais ne n\u00e9cessite pas une validation approfondie de l&#8217;identit\u00e9 de l&#8217;individu ou de l&#8217;organisation. Il est souvent utilis\u00e9 pour garantir l&#8217;authenticit\u00e9 des [&hellip;]<\/p>\n","protected":false},"featured_media":5495,"template":"","meta":{"_acf_changed":false},"product_brand":[],"product_cat":[126],"product_tag":[115],"class_list":{"0":"post-7950","1":"product","2":"type-product","3":"status-publish","4":"has-post-thumbnail","6":"product_cat-e-mail-s-mime-certificate-morocco","7":"product_tag-ssl-sectigo-morocco","9":"first","10":"instock","11":"shipping-taxable","12":"purchasable","13":"product-type-variable","14":"has-default-attributes"},"acf":[],"yoast_head":"<!-- This site is optimized with the Yoast SEO plugin v27.4 - https:\/\/yoast.com\/product\/yoast-seo-wordpress\/ -->\n<title>DigiCert S\/MIME Class 1 (DV) - Certificat Ssl Maroc SECTIGO Maroc GEOTRUST Maroc DIGICERT Maroc<\/title>\n<meta name=\"robots\" content=\"index, follow, max-snippet:-1, max-image-preview:large, max-video-preview:-1\" \/>\n<link rel=\"canonical\" href=\"https:\/\/ssl.ma\/en\/product\/digicert-s-mime-class-1-certificate-dv\/\" \/>\n<meta property=\"og:locale\" content=\"en_US\" \/>\n<meta property=\"og:type\" content=\"article\" \/>\n<meta property=\"og:title\" content=\"DigiCert S\/MIME Class 1 (DV) - Certificat Ssl Maroc SECTIGO Maroc GEOTRUST Maroc DIGICERT Maroc\" \/>\n<meta property=\"og:description\" content=\"Le certificat DigiCert S\/MIME de Classe 1 (DV) est un certificat de chiffrement qui assure la s\u00e9curit\u00e9 des e-mails en utilisant la technologie S\/MIME (Secure\/Multipurpose Internet Mail Extensions). La Classe 1 indique un niveau de validation de domaine, ce qui signifie que le certificat v\u00e9rifie la l\u00e9gitimit\u00e9 du domaine de l&#8217;exp\u00e9diteur de l&#8217;e-mail, mais ne n\u00e9cessite pas une validation approfondie de l&#8217;identit\u00e9 de l&#8217;individu ou de l&#8217;organisation. Il est souvent utilis\u00e9 pour garantir l&#8217;authenticit\u00e9 des [&hellip;]\" \/>\n<meta property=\"og:url\" content=\"https:\/\/ssl.ma\/en\/product\/digicert-s-mime-class-1-certificate-dv\/\" \/>\n<meta property=\"og:site_name\" content=\"Certificat Ssl Maroc SECTIGO Maroc GEOTRUST Maroc DIGICERT Maroc\" \/>\n<meta property=\"article:publisher\" content=\"https:\/\/web.facebook.com\/HeberDomaine?_rdc=1&amp;_rdr\" \/>\n<meta property=\"article:modified_time\" content=\"2024-11-21T11:34:19+00:00\" \/>\n<meta property=\"og:image\" content=\"https:\/\/ssl.ma\/wp-content\/uploads\/2022\/07\/brand-digicert-1.jpg\" \/>\n\t<meta property=\"og:image:width\" content=\"1280\" \/>\n\t<meta property=\"og:image:height\" content=\"329\" \/>\n\t<meta property=\"og:image:type\" content=\"image\/jpeg\" \/>\n<meta name=\"twitter:card\" content=\"summary_large_image\" \/>\n<meta name=\"twitter:site\" content=\"@heberdomaine\" \/>\n<meta name=\"twitter:label1\" content=\"Est. reading time\" \/>\n\t<meta name=\"twitter:data1\" content=\"1 minute\" \/>\n<script type=\"application\/ld+json\" class=\"yoast-schema-graph\">{\"@context\":\"https:\\\/\\\/schema.org\",\"@graph\":[{\"@type\":\"WebPage\",\"@id\":\"https:\\\/\\\/ssl.ma\\\/en\\\/product\\\/digicert-s-mime-class-1-certificate-dv\\\/\",\"url\":\"https:\\\/\\\/ssl.ma\\\/en\\\/product\\\/digicert-s-mime-class-1-certificate-dv\\\/\",\"name\":\"DigiCert S\\\/MIME Class 1 (DV) - Certificat Ssl Maroc SECTIGO Maroc GEOTRUST Maroc DIGICERT Maroc\",\"isPartOf\":{\"@id\":\"https:\\\/\\\/ssl.ma\\\/#website\"},\"primaryImageOfPage\":{\"@id\":\"https:\\\/\\\/ssl.ma\\\/en\\\/product\\\/digicert-s-mime-class-1-certificate-dv\\\/#primaryimage\"},\"image\":{\"@id\":\"https:\\\/\\\/ssl.ma\\\/en\\\/product\\\/digicert-s-mime-class-1-certificate-dv\\\/#primaryimage\"},\"thumbnailUrl\":\"https:\\\/\\\/ssl.ma\\\/wp-content\\\/uploads\\\/2024\\\/10\\\/brand-sectigo2.svg\",\"datePublished\":\"2024-11-11T10:20:55+00:00\",\"dateModified\":\"2024-11-21T11:34:19+00:00\",\"breadcrumb\":{\"@id\":\"https:\\\/\\\/ssl.ma\\\/en\\\/product\\\/digicert-s-mime-class-1-certificate-dv\\\/#breadcrumb\"},\"inLanguage\":\"en-US\",\"potentialAction\":[{\"@type\":\"ReadAction\",\"target\":[\"https:\\\/\\\/ssl.ma\\\/en\\\/product\\\/digicert-s-mime-class-1-certificate-dv\\\/\"]}]},{\"@type\":\"ImageObject\",\"inLanguage\":\"en-US\",\"@id\":\"https:\\\/\\\/ssl.ma\\\/en\\\/product\\\/digicert-s-mime-class-1-certificate-dv\\\/#primaryimage\",\"url\":\"https:\\\/\\\/ssl.ma\\\/wp-content\\\/uploads\\\/2024\\\/10\\\/brand-sectigo2.svg\",\"contentUrl\":\"https:\\\/\\\/ssl.ma\\\/wp-content\\\/uploads\\\/2024\\\/10\\\/brand-sectigo2.svg\",\"caption\":\"Certificat Sectigo SSL Maroc - Assurez la s\u00e9curit\u00e9 de votre site avec un certificat SSL Sectigo, offrant un cryptage puissant et une protection fiable pour vos utilisateurs\"},{\"@type\":\"BreadcrumbList\",\"@id\":\"https:\\\/\\\/ssl.ma\\\/en\\\/product\\\/digicert-s-mime-class-1-certificate-dv\\\/#breadcrumb\",\"itemListElement\":[{\"@type\":\"ListItem\",\"position\":1,\"name\":\"Home\",\"item\":\"https:\\\/\\\/ssl.ma\\\/en\\\/\"},{\"@type\":\"ListItem\",\"position\":2,\"name\":\"DigiCert S\\\/MIME Class 1 (DV)\"}]},{\"@type\":\"WebSite\",\"@id\":\"https:\\\/\\\/ssl.ma\\\/#website\",\"url\":\"https:\\\/\\\/ssl.ma\\\/\",\"name\":\"Certificat Ssl Maroc SECTIGO DIGICERT Maroc GEOTRUST Thawt\",\"description\":\"Certificat SSL Maroc  SSL Wildcard pas cher Achat Certificat SSL Maroc Sectigo Wildcard SSL Free SSL\",\"potentialAction\":[{\"@type\":\"SearchAction\",\"target\":{\"@type\":\"EntryPoint\",\"urlTemplate\":\"https:\\\/\\\/ssl.ma\\\/?s={search_term_string}\"},\"query-input\":{\"@type\":\"PropertyValueSpecification\",\"valueRequired\":true,\"valueName\":\"search_term_string\"}}],\"inLanguage\":\"en-US\"}]}<\/script>\n<!-- \/ Yoast SEO plugin. -->","yoast_head_json":{"title":"DigiCert S\/MIME Class 1 (DV) - Certificat Ssl Maroc SECTIGO Maroc GEOTRUST Maroc DIGICERT Maroc","robots":{"index":"index","follow":"follow","max-snippet":"max-snippet:-1","max-image-preview":"max-image-preview:large","max-video-preview":"max-video-preview:-1"},"canonical":"https:\/\/ssl.ma\/en\/product\/digicert-s-mime-class-1-certificate-dv\/","og_locale":"en_US","og_type":"article","og_title":"DigiCert S\/MIME Class 1 (DV) - Certificat Ssl Maroc SECTIGO Maroc GEOTRUST Maroc DIGICERT Maroc","og_description":"Le certificat DigiCert S\/MIME de Classe 1 (DV) est un certificat de chiffrement qui assure la s\u00e9curit\u00e9 des e-mails en utilisant la technologie S\/MIME (Secure\/Multipurpose Internet Mail Extensions). La Classe 1 indique un niveau de validation de domaine, ce qui signifie que le certificat v\u00e9rifie la l\u00e9gitimit\u00e9 du domaine de l&#8217;exp\u00e9diteur de l&#8217;e-mail, mais ne n\u00e9cessite pas une validation approfondie de l&#8217;identit\u00e9 de l&#8217;individu ou de l&#8217;organisation. Il est souvent utilis\u00e9 pour garantir l&#8217;authenticit\u00e9 des [&hellip;]","og_url":"https:\/\/ssl.ma\/en\/product\/digicert-s-mime-class-1-certificate-dv\/","og_site_name":"Certificat Ssl Maroc SECTIGO Maroc GEOTRUST Maroc DIGICERT Maroc","article_publisher":"https:\/\/web.facebook.com\/HeberDomaine?_rdc=1&_rdr","article_modified_time":"2024-11-21T11:34:19+00:00","og_image":[{"width":1280,"height":329,"url":"https:\/\/ssl.ma\/wp-content\/uploads\/2022\/07\/brand-digicert-1.jpg","type":"image\/jpeg"}],"twitter_card":"summary_large_image","twitter_site":"@heberdomaine","twitter_misc":{"Est. reading time":"1 minute"},"schema":{"@context":"https:\/\/schema.org","@graph":[{"@type":"WebPage","@id":"https:\/\/ssl.ma\/en\/product\/digicert-s-mime-class-1-certificate-dv\/","url":"https:\/\/ssl.ma\/en\/product\/digicert-s-mime-class-1-certificate-dv\/","name":"DigiCert S\/MIME Class 1 (DV) - Certificat Ssl Maroc SECTIGO Maroc GEOTRUST Maroc DIGICERT Maroc","isPartOf":{"@id":"https:\/\/ssl.ma\/#website"},"primaryImageOfPage":{"@id":"https:\/\/ssl.ma\/en\/product\/digicert-s-mime-class-1-certificate-dv\/#primaryimage"},"image":{"@id":"https:\/\/ssl.ma\/en\/product\/digicert-s-mime-class-1-certificate-dv\/#primaryimage"},"thumbnailUrl":"https:\/\/ssl.ma\/wp-content\/uploads\/2024\/10\/brand-sectigo2.svg","datePublished":"2024-11-11T10:20:55+00:00","dateModified":"2024-11-21T11:34:19+00:00","breadcrumb":{"@id":"https:\/\/ssl.ma\/en\/product\/digicert-s-mime-class-1-certificate-dv\/#breadcrumb"},"inLanguage":"en-US","potentialAction":[{"@type":"ReadAction","target":["https:\/\/ssl.ma\/en\/product\/digicert-s-mime-class-1-certificate-dv\/"]}]},{"@type":"ImageObject","inLanguage":"en-US","@id":"https:\/\/ssl.ma\/en\/product\/digicert-s-mime-class-1-certificate-dv\/#primaryimage","url":"https:\/\/ssl.ma\/wp-content\/uploads\/2024\/10\/brand-sectigo2.svg","contentUrl":"https:\/\/ssl.ma\/wp-content\/uploads\/2024\/10\/brand-sectigo2.svg","caption":"Certificat Sectigo SSL Maroc - Assurez la s\u00e9curit\u00e9 de votre site avec un certificat SSL Sectigo, offrant un cryptage puissant et une protection fiable pour vos utilisateurs"},{"@type":"BreadcrumbList","@id":"https:\/\/ssl.ma\/en\/product\/digicert-s-mime-class-1-certificate-dv\/#breadcrumb","itemListElement":[{"@type":"ListItem","position":1,"name":"Home","item":"https:\/\/ssl.ma\/en\/"},{"@type":"ListItem","position":2,"name":"DigiCert S\/MIME Class 1 (DV)"}]},{"@type":"WebSite","@id":"https:\/\/ssl.ma\/#website","url":"https:\/\/ssl.ma\/","name":"Certificat Ssl Maroc SECTIGO DIGICERT Maroc GEOTRUST Thawt","description":"Certificat SSL Maroc  SSL Wildcard pas cher Achat Certificat SSL Maroc Sectigo Wildcard SSL Free SSL","potentialAction":[{"@type":"SearchAction","target":{"@type":"EntryPoint","urlTemplate":"https:\/\/ssl.ma\/?s={search_term_string}"},"query-input":{"@type":"PropertyValueSpecification","valueRequired":true,"valueName":"search_term_string"}}],"inLanguage":"en-US"}]}},"_links":{"self":[{"href":"https:\/\/ssl.ma\/en\/wp-json\/wp\/v2\/product\/7950","targetHints":{"allow":["GET"]}}],"collection":[{"href":"https:\/\/ssl.ma\/en\/wp-json\/wp\/v2\/product"}],"about":[{"href":"https:\/\/ssl.ma\/en\/wp-json\/wp\/v2\/types\/product"}],"version-history":[{"count":3,"href":"https:\/\/ssl.ma\/en\/wp-json\/wp\/v2\/product\/7950\/revisions"}],"predecessor-version":[{"id":9883,"href":"https:\/\/ssl.ma\/en\/wp-json\/wp\/v2\/product\/7950\/revisions\/9883"}],"wp:featuredmedia":[{"embeddable":true,"href":"https:\/\/ssl.ma\/en\/wp-json\/wp\/v2\/media\/5495"}],"wp:attachment":[{"href":"https:\/\/ssl.ma\/en\/wp-json\/wp\/v2\/media?parent=7950"}],"wp:term":[{"taxonomy":"product_brand","embeddable":true,"href":"https:\/\/ssl.ma\/en\/wp-json\/wp\/v2\/product_brand?post=7950"},{"taxonomy":"product_cat","embeddable":true,"href":"https:\/\/ssl.ma\/en\/wp-json\/wp\/v2\/product_cat?post=7950"},{"taxonomy":"product_tag","embeddable":true,"href":"https:\/\/ssl.ma\/en\/wp-json\/wp\/v2\/product_tag?post=7950"}],"curies":[{"name":"wp","href":"https:\/\/api.w.org\/{rel}","templated":true}]}}