{"id":7933,"date":"2024-11-11T11:20:56","date_gmt":"2024-11-11T10:20:56","guid":{"rendered":"https:\/\/ssl.ma\/product\/digicert-s-mime-certificate\/"},"modified":"2024-11-21T12:34:04","modified_gmt":"2024-11-21T11:34:04","slug":"digicert-s-mime-certificate","status":"publish","type":"product","link":"https:\/\/ssl.ma\/en\/product\/digicert-s-mime-certificate\/","title":{"rendered":"DigiCert S\/MIME Certificate"},"content":{"rendered":"<p>Optez pour la tranquillit\u00e9 d&#8217;esprit avec le Certificat <strong>DigiCert S\/MIME<\/strong>, une r\u00e9volution en mati\u00e8re de s\u00e9curit\u00e9 des e-mails. \u00c9mis par DigiCert, une autorit\u00e9 de certification de confiance, ce certificat num\u00e9rique <strong>garantit une m\u00e9thode s\u00e9curis\u00e9e d&#8217;envoi et de r\u00e9ception de messages \u00e9lectroniques chiffr\u00e9s.<\/strong><br \/>\nDot\u00e9 de caract\u00e9ristiques cl\u00e9s, dont le chiffrement, l&#8217;authentification, et les signatures num\u00e9riques, il assure la confidentialit\u00e9, l&#8217;int\u00e9grit\u00e9, <strong>et la non-r\u00e9pudiation des e-mails.<\/strong> En tant qu&#8217;autorit\u00e9 r\u00e9put\u00e9e, <strong>DigiCert<\/strong> offre un niveau \u00e9lev\u00e9 de confiance en la s\u00e9curit\u00e9 de ce certificat.<br \/>\nSa compatibilit\u00e9 avec les clients de messagerie et les plateformes populaires en fait une solution polyvalente et facile \u00e0 int\u00e9grer.<br \/>\nAvec le <strong>Certificat DigiCert S\/MIME<\/strong>, les individus et les organisations renforcent consid\u00e9rablement la confidentialit\u00e9 et la s\u00e9curit\u00e9 de leurs communications \u00e9lectroniques.<br \/>\nProt\u00e9gez vos informations sensibles, \u00e9tablissez la confiance dans vos correspondances num\u00e9riques, et faites de chaque e-mail une exp\u00e9rience s\u00e9curis\u00e9e avec <strong>DigiCert<\/strong>.<\/p>\n","protected":false},"excerpt":{"rendered":"<p>Optez pour la tranquillit\u00e9 d&#8217;esprit avec le Certificat DigiCert S\/MIME, une r\u00e9volution en mati\u00e8re de s\u00e9curit\u00e9 des e-mails. \u00c9mis par DigiCert, une autorit\u00e9 de certification de confiance, ce certificat num\u00e9rique garantit une m\u00e9thode s\u00e9curis\u00e9e d&#8217;envoi et de r\u00e9ception de messages \u00e9lectroniques chiffr\u00e9s. Dot\u00e9 de caract\u00e9ristiques cl\u00e9s, dont le chiffrement, l&#8217;authentification, et les signatures num\u00e9riques, il assure la confidentialit\u00e9, l&#8217;int\u00e9grit\u00e9, et la non-r\u00e9pudiation des e-mails. En tant qu&#8217;autorit\u00e9 r\u00e9put\u00e9e, DigiCert offre un niveau \u00e9lev\u00e9 de confiance [&hellip;]<\/p>\n","protected":false},"featured_media":6164,"template":"","meta":{"_acf_changed":false},"product_brand":[],"product_cat":[126],"product_tag":[110],"class_list":{"0":"post-7933","1":"product","2":"type-product","3":"status-publish","4":"has-post-thumbnail","6":"product_cat-e-mail-s-mime-certificate-morocco","7":"product_tag-digicert-certificat-ssl-morocco","9":"first","10":"instock","11":"shipping-taxable","12":"purchasable","13":"product-type-variable","14":"has-default-attributes"},"acf":[],"yoast_head":"<!-- This site is optimized with the Yoast SEO plugin v27.3 - https:\/\/yoast.com\/product\/yoast-seo-wordpress\/ -->\n<title>DigiCert S\/MIME Certificate - Certificat Ssl Maroc SECTIGO Maroc GEOTRUST Maroc DIGICERT Maroc<\/title>\n<meta name=\"robots\" content=\"index, follow, max-snippet:-1, max-image-preview:large, max-video-preview:-1\" \/>\n<link rel=\"canonical\" href=\"https:\/\/ssl.ma\/en\/product\/digicert-s-mime-certificate\/\" \/>\n<meta property=\"og:locale\" content=\"en_US\" \/>\n<meta property=\"og:type\" content=\"article\" \/>\n<meta property=\"og:title\" content=\"DigiCert S\/MIME Certificate - Certificat Ssl Maroc SECTIGO Maroc GEOTRUST Maroc DIGICERT Maroc\" \/>\n<meta property=\"og:description\" content=\"Optez pour la tranquillit\u00e9 d&#8217;esprit avec le Certificat DigiCert S\/MIME, une r\u00e9volution en mati\u00e8re de s\u00e9curit\u00e9 des e-mails. \u00c9mis par DigiCert, une autorit\u00e9 de certification de confiance, ce certificat num\u00e9rique garantit une m\u00e9thode s\u00e9curis\u00e9e d&#8217;envoi et de r\u00e9ception de messages \u00e9lectroniques chiffr\u00e9s. Dot\u00e9 de caract\u00e9ristiques cl\u00e9s, dont le chiffrement, l&#8217;authentification, et les signatures num\u00e9riques, il assure la confidentialit\u00e9, l&#8217;int\u00e9grit\u00e9, et la non-r\u00e9pudiation des e-mails. En tant qu&#8217;autorit\u00e9 r\u00e9put\u00e9e, DigiCert offre un niveau \u00e9lev\u00e9 de confiance [&hellip;]\" \/>\n<meta property=\"og:url\" content=\"https:\/\/ssl.ma\/en\/product\/digicert-s-mime-certificate\/\" \/>\n<meta property=\"og:site_name\" content=\"Certificat Ssl Maroc SECTIGO Maroc GEOTRUST Maroc DIGICERT Maroc\" \/>\n<meta property=\"article:publisher\" content=\"https:\/\/web.facebook.com\/HeberDomaine?_rdc=1&amp;_rdr\" \/>\n<meta property=\"article:modified_time\" content=\"2024-11-21T11:34:04+00:00\" \/>\n<meta property=\"og:image\" content=\"https:\/\/ssl.ma\/wp-content\/uploads\/2022\/07\/brand-digicert.jpg\" \/>\n\t<meta property=\"og:image:width\" content=\"1280\" \/>\n\t<meta property=\"og:image:height\" content=\"329\" \/>\n\t<meta property=\"og:image:type\" content=\"image\/jpeg\" \/>\n<meta name=\"twitter:card\" content=\"summary_large_image\" \/>\n<meta name=\"twitter:site\" content=\"@heberdomaine\" \/>\n<meta name=\"twitter:label1\" content=\"Est. reading time\" \/>\n\t<meta name=\"twitter:data1\" content=\"1 minute\" \/>\n<script type=\"application\/ld+json\" class=\"yoast-schema-graph\">{\"@context\":\"https:\\\/\\\/schema.org\",\"@graph\":[{\"@type\":\"WebPage\",\"@id\":\"https:\\\/\\\/ssl.ma\\\/en\\\/product\\\/digicert-s-mime-certificate\\\/\",\"url\":\"https:\\\/\\\/ssl.ma\\\/en\\\/product\\\/digicert-s-mime-certificate\\\/\",\"name\":\"DigiCert S\\\/MIME Certificate - Certificat Ssl Maroc SECTIGO Maroc GEOTRUST Maroc DIGICERT Maroc\",\"isPartOf\":{\"@id\":\"https:\\\/\\\/ssl.ma\\\/#website\"},\"primaryImageOfPage\":{\"@id\":\"https:\\\/\\\/ssl.ma\\\/en\\\/product\\\/digicert-s-mime-certificate\\\/#primaryimage\"},\"image\":{\"@id\":\"https:\\\/\\\/ssl.ma\\\/en\\\/product\\\/digicert-s-mime-certificate\\\/#primaryimage\"},\"thumbnailUrl\":\"https:\\\/\\\/ssl.ma\\\/wp-content\\\/uploads\\\/2022\\\/07\\\/brand-digicert.jpg\",\"datePublished\":\"2024-11-11T10:20:56+00:00\",\"dateModified\":\"2024-11-21T11:34:04+00:00\",\"breadcrumb\":{\"@id\":\"https:\\\/\\\/ssl.ma\\\/en\\\/product\\\/digicert-s-mime-certificate\\\/#breadcrumb\"},\"inLanguage\":\"en-US\",\"potentialAction\":[{\"@type\":\"ReadAction\",\"target\":[\"https:\\\/\\\/ssl.ma\\\/en\\\/product\\\/digicert-s-mime-certificate\\\/\"]}]},{\"@type\":\"ImageObject\",\"inLanguage\":\"en-US\",\"@id\":\"https:\\\/\\\/ssl.ma\\\/en\\\/product\\\/digicert-s-mime-certificate\\\/#primaryimage\",\"url\":\"https:\\\/\\\/ssl.ma\\\/wp-content\\\/uploads\\\/2022\\\/07\\\/brand-digicert.jpg\",\"contentUrl\":\"https:\\\/\\\/ssl.ma\\\/wp-content\\\/uploads\\\/2022\\\/07\\\/brand-digicert.jpg\",\"width\":1280,\"height\":329,\"caption\":\"SSL Windows Server Maroc - Installez un certificat SSL sur votre serveur Windows pour assurer une connexion s\u00e9curis\u00e9e\"},{\"@type\":\"BreadcrumbList\",\"@id\":\"https:\\\/\\\/ssl.ma\\\/en\\\/product\\\/digicert-s-mime-certificate\\\/#breadcrumb\",\"itemListElement\":[{\"@type\":\"ListItem\",\"position\":1,\"name\":\"Home\",\"item\":\"https:\\\/\\\/ssl.ma\\\/en\\\/\"},{\"@type\":\"ListItem\",\"position\":2,\"name\":\"DigiCert S\\\/MIME Certificate\"}]},{\"@type\":\"WebSite\",\"@id\":\"https:\\\/\\\/ssl.ma\\\/#website\",\"url\":\"https:\\\/\\\/ssl.ma\\\/\",\"name\":\"Certificat Ssl Maroc SECTIGO DIGICERT Maroc GEOTRUST Thawt\",\"description\":\"Certificat SSL Maroc  SSL Wildcard pas cher Achat Certificat SSL Maroc Sectigo Wildcard SSL Free SSL\",\"potentialAction\":[{\"@type\":\"SearchAction\",\"target\":{\"@type\":\"EntryPoint\",\"urlTemplate\":\"https:\\\/\\\/ssl.ma\\\/?s={search_term_string}\"},\"query-input\":{\"@type\":\"PropertyValueSpecification\",\"valueRequired\":true,\"valueName\":\"search_term_string\"}}],\"inLanguage\":\"en-US\"}]}<\/script>\n<!-- \/ Yoast SEO plugin. -->","yoast_head_json":{"title":"DigiCert S\/MIME Certificate - Certificat Ssl Maroc SECTIGO Maroc GEOTRUST Maroc DIGICERT Maroc","robots":{"index":"index","follow":"follow","max-snippet":"max-snippet:-1","max-image-preview":"max-image-preview:large","max-video-preview":"max-video-preview:-1"},"canonical":"https:\/\/ssl.ma\/en\/product\/digicert-s-mime-certificate\/","og_locale":"en_US","og_type":"article","og_title":"DigiCert S\/MIME Certificate - Certificat Ssl Maroc SECTIGO Maroc GEOTRUST Maroc DIGICERT Maroc","og_description":"Optez pour la tranquillit\u00e9 d&#8217;esprit avec le Certificat DigiCert S\/MIME, une r\u00e9volution en mati\u00e8re de s\u00e9curit\u00e9 des e-mails. \u00c9mis par DigiCert, une autorit\u00e9 de certification de confiance, ce certificat num\u00e9rique garantit une m\u00e9thode s\u00e9curis\u00e9e d&#8217;envoi et de r\u00e9ception de messages \u00e9lectroniques chiffr\u00e9s. Dot\u00e9 de caract\u00e9ristiques cl\u00e9s, dont le chiffrement, l&#8217;authentification, et les signatures num\u00e9riques, il assure la confidentialit\u00e9, l&#8217;int\u00e9grit\u00e9, et la non-r\u00e9pudiation des e-mails. En tant qu&#8217;autorit\u00e9 r\u00e9put\u00e9e, DigiCert offre un niveau \u00e9lev\u00e9 de confiance [&hellip;]","og_url":"https:\/\/ssl.ma\/en\/product\/digicert-s-mime-certificate\/","og_site_name":"Certificat Ssl Maroc SECTIGO Maroc GEOTRUST Maroc DIGICERT Maroc","article_publisher":"https:\/\/web.facebook.com\/HeberDomaine?_rdc=1&_rdr","article_modified_time":"2024-11-21T11:34:04+00:00","og_image":[{"width":1280,"height":329,"url":"https:\/\/ssl.ma\/wp-content\/uploads\/2022\/07\/brand-digicert.jpg","type":"image\/jpeg"}],"twitter_card":"summary_large_image","twitter_site":"@heberdomaine","twitter_misc":{"Est. reading time":"1 minute"},"schema":{"@context":"https:\/\/schema.org","@graph":[{"@type":"WebPage","@id":"https:\/\/ssl.ma\/en\/product\/digicert-s-mime-certificate\/","url":"https:\/\/ssl.ma\/en\/product\/digicert-s-mime-certificate\/","name":"DigiCert S\/MIME Certificate - Certificat Ssl Maroc SECTIGO Maroc GEOTRUST Maroc DIGICERT Maroc","isPartOf":{"@id":"https:\/\/ssl.ma\/#website"},"primaryImageOfPage":{"@id":"https:\/\/ssl.ma\/en\/product\/digicert-s-mime-certificate\/#primaryimage"},"image":{"@id":"https:\/\/ssl.ma\/en\/product\/digicert-s-mime-certificate\/#primaryimage"},"thumbnailUrl":"https:\/\/ssl.ma\/wp-content\/uploads\/2022\/07\/brand-digicert.jpg","datePublished":"2024-11-11T10:20:56+00:00","dateModified":"2024-11-21T11:34:04+00:00","breadcrumb":{"@id":"https:\/\/ssl.ma\/en\/product\/digicert-s-mime-certificate\/#breadcrumb"},"inLanguage":"en-US","potentialAction":[{"@type":"ReadAction","target":["https:\/\/ssl.ma\/en\/product\/digicert-s-mime-certificate\/"]}]},{"@type":"ImageObject","inLanguage":"en-US","@id":"https:\/\/ssl.ma\/en\/product\/digicert-s-mime-certificate\/#primaryimage","url":"https:\/\/ssl.ma\/wp-content\/uploads\/2022\/07\/brand-digicert.jpg","contentUrl":"https:\/\/ssl.ma\/wp-content\/uploads\/2022\/07\/brand-digicert.jpg","width":1280,"height":329,"caption":"SSL Windows Server Maroc - Installez un certificat SSL sur votre serveur Windows pour assurer une connexion s\u00e9curis\u00e9e"},{"@type":"BreadcrumbList","@id":"https:\/\/ssl.ma\/en\/product\/digicert-s-mime-certificate\/#breadcrumb","itemListElement":[{"@type":"ListItem","position":1,"name":"Home","item":"https:\/\/ssl.ma\/en\/"},{"@type":"ListItem","position":2,"name":"DigiCert S\/MIME Certificate"}]},{"@type":"WebSite","@id":"https:\/\/ssl.ma\/#website","url":"https:\/\/ssl.ma\/","name":"Certificat Ssl Maroc SECTIGO DIGICERT Maroc GEOTRUST Thawt","description":"Certificat SSL Maroc  SSL Wildcard pas cher Achat Certificat SSL Maroc Sectigo Wildcard SSL Free SSL","potentialAction":[{"@type":"SearchAction","target":{"@type":"EntryPoint","urlTemplate":"https:\/\/ssl.ma\/?s={search_term_string}"},"query-input":{"@type":"PropertyValueSpecification","valueRequired":true,"valueName":"search_term_string"}}],"inLanguage":"en-US"}]}},"_links":{"self":[{"href":"https:\/\/ssl.ma\/en\/wp-json\/wp\/v2\/product\/7933","targetHints":{"allow":["GET"]}}],"collection":[{"href":"https:\/\/ssl.ma\/en\/wp-json\/wp\/v2\/product"}],"about":[{"href":"https:\/\/ssl.ma\/en\/wp-json\/wp\/v2\/types\/product"}],"version-history":[{"count":3,"href":"https:\/\/ssl.ma\/en\/wp-json\/wp\/v2\/product\/7933\/revisions"}],"predecessor-version":[{"id":9881,"href":"https:\/\/ssl.ma\/en\/wp-json\/wp\/v2\/product\/7933\/revisions\/9881"}],"wp:featuredmedia":[{"embeddable":true,"href":"https:\/\/ssl.ma\/en\/wp-json\/wp\/v2\/media\/6164"}],"wp:attachment":[{"href":"https:\/\/ssl.ma\/en\/wp-json\/wp\/v2\/media?parent=7933"}],"wp:term":[{"taxonomy":"product_brand","embeddable":true,"href":"https:\/\/ssl.ma\/en\/wp-json\/wp\/v2\/product_brand?post=7933"},{"taxonomy":"product_cat","embeddable":true,"href":"https:\/\/ssl.ma\/en\/wp-json\/wp\/v2\/product_cat?post=7933"},{"taxonomy":"product_tag","embeddable":true,"href":"https:\/\/ssl.ma\/en\/wp-json\/wp\/v2\/product_tag?post=7933"}],"curies":[{"name":"wp","href":"https:\/\/api.w.org\/{rel}","templated":true}]}}