{"id":7916,"date":"2024-11-11T11:20:56","date_gmt":"2024-11-11T10:20:56","guid":{"rendered":"https:\/\/ssl.ma\/product\/digicert-document-signing-organization-2000-certificate\/"},"modified":"2024-11-21T12:33:22","modified_gmt":"2024-11-21T11:33:22","slug":"digicert-document-signing-organization-2000-certificate","status":"publish","type":"product","link":"https:\/\/ssl.ma\/en\/product\/digicert-document-signing-organization-2000-certificate\/","title":{"rendered":"DigiCert Doc Signing Org 2000"},"content":{"rendered":"<p>Optez pour le<strong> Certificat DigiCert Document Signing Organization (2000)<\/strong> pour une signature \u00e9lectronique fiable et accessible. \u00c9mis par <strong>DigiCert<\/strong>, ce certificat offre une authentification solide, garantit l&#8217;int\u00e9grit\u00e9 des documents, pr\u00e9vient les d\u00e9nis de <strong>signature<\/strong>, et permet le <strong>chiffrement des donn\u00e9es<\/strong>.<br \/>\nId\u00e9al pour les entreprises, gouvernements, et institutions \u00e9ducatives, il \u00e9quilibre s\u00e9curit\u00e9 et praticit\u00e9.<br \/>\nCompatible avec des logiciels populaires, il assure confiance et conformit\u00e9 mondiale. Un choix s\u00fbr pour ceux recherchant une s\u00e9curit\u00e9 renforc\u00e9e sans complexit\u00e9 excessive.<br \/>\nSimplifiez la signature \u00e9lectronique avec <strong>DigiCert<\/strong> !<\/p>\n","protected":false},"excerpt":{"rendered":"<p>Optez pour le Certificat DigiCert Document Signing Organization (2000) pour une signature \u00e9lectronique fiable et accessible. \u00c9mis par DigiCert, ce certificat offre une authentification solide, garantit l&#8217;int\u00e9grit\u00e9 des documents, pr\u00e9vient les d\u00e9nis de signature, et permet le chiffrement des donn\u00e9es. Id\u00e9al pour les entreprises, gouvernements, et institutions \u00e9ducatives, il \u00e9quilibre s\u00e9curit\u00e9 et praticit\u00e9. Compatible avec des logiciels populaires, il assure confiance et conformit\u00e9 mondiale. Un choix s\u00fbr pour ceux recherchant une s\u00e9curit\u00e9 renforc\u00e9e sans complexit\u00e9 [&hellip;]<\/p>\n","protected":false},"featured_media":6164,"template":"","meta":{"_acf_changed":false},"product_brand":[],"product_cat":[127],"product_tag":[110],"class_list":{"0":"post-7916","1":"product","2":"type-product","3":"status-publish","4":"has-post-thumbnail","6":"product_cat-document-signing-certificate-morocco","7":"product_tag-digicert-certificat-ssl-morocco","9":"first","10":"instock","11":"shipping-taxable","12":"purchasable","13":"product-type-variable","14":"has-default-attributes"},"acf":[],"yoast_head":"<!-- This site is optimized with the Yoast SEO plugin v27.3 - https:\/\/yoast.com\/product\/yoast-seo-wordpress\/ -->\n<title>DigiCert Doc Signing Org 2000 - Certificat Ssl Maroc SECTIGO Maroc GEOTRUST Maroc DIGICERT Maroc<\/title>\n<meta name=\"robots\" content=\"index, follow, max-snippet:-1, max-image-preview:large, max-video-preview:-1\" \/>\n<link rel=\"canonical\" href=\"https:\/\/ssl.ma\/en\/product\/digicert-document-signing-organization-2000-certificate\/\" \/>\n<meta property=\"og:locale\" content=\"en_US\" \/>\n<meta property=\"og:type\" content=\"article\" \/>\n<meta property=\"og:title\" content=\"DigiCert Doc Signing Org 2000 - Certificat Ssl Maroc SECTIGO Maroc GEOTRUST Maroc DIGICERT Maroc\" \/>\n<meta property=\"og:description\" content=\"Optez pour le Certificat DigiCert Document Signing Organization (2000) pour une signature \u00e9lectronique fiable et accessible. \u00c9mis par DigiCert, ce certificat offre une authentification solide, garantit l&#8217;int\u00e9grit\u00e9 des documents, pr\u00e9vient les d\u00e9nis de signature, et permet le chiffrement des donn\u00e9es. Id\u00e9al pour les entreprises, gouvernements, et institutions \u00e9ducatives, il \u00e9quilibre s\u00e9curit\u00e9 et praticit\u00e9. Compatible avec des logiciels populaires, il assure confiance et conformit\u00e9 mondiale. Un choix s\u00fbr pour ceux recherchant une s\u00e9curit\u00e9 renforc\u00e9e sans complexit\u00e9 [&hellip;]\" \/>\n<meta property=\"og:url\" content=\"https:\/\/ssl.ma\/en\/product\/digicert-document-signing-organization-2000-certificate\/\" \/>\n<meta property=\"og:site_name\" content=\"Certificat Ssl Maroc SECTIGO Maroc GEOTRUST Maroc DIGICERT Maroc\" \/>\n<meta property=\"article:publisher\" content=\"https:\/\/web.facebook.com\/HeberDomaine?_rdc=1&amp;_rdr\" \/>\n<meta property=\"article:modified_time\" content=\"2024-11-21T11:33:22+00:00\" \/>\n<meta property=\"og:image\" content=\"https:\/\/ssl.ma\/wp-content\/uploads\/2022\/07\/brand-digicert.jpg\" \/>\n\t<meta property=\"og:image:width\" content=\"1280\" \/>\n\t<meta property=\"og:image:height\" content=\"329\" \/>\n\t<meta property=\"og:image:type\" content=\"image\/jpeg\" \/>\n<meta name=\"twitter:card\" content=\"summary_large_image\" \/>\n<meta name=\"twitter:site\" content=\"@heberdomaine\" \/>\n<script type=\"application\/ld+json\" class=\"yoast-schema-graph\">{\"@context\":\"https:\\\/\\\/schema.org\",\"@graph\":[{\"@type\":\"WebPage\",\"@id\":\"https:\\\/\\\/ssl.ma\\\/en\\\/product\\\/digicert-document-signing-organization-2000-certificate\\\/\",\"url\":\"https:\\\/\\\/ssl.ma\\\/en\\\/product\\\/digicert-document-signing-organization-2000-certificate\\\/\",\"name\":\"DigiCert Doc Signing Org 2000 - Certificat Ssl Maroc SECTIGO Maroc GEOTRUST Maroc DIGICERT Maroc\",\"isPartOf\":{\"@id\":\"https:\\\/\\\/ssl.ma\\\/#website\"},\"primaryImageOfPage\":{\"@id\":\"https:\\\/\\\/ssl.ma\\\/en\\\/product\\\/digicert-document-signing-organization-2000-certificate\\\/#primaryimage\"},\"image\":{\"@id\":\"https:\\\/\\\/ssl.ma\\\/en\\\/product\\\/digicert-document-signing-organization-2000-certificate\\\/#primaryimage\"},\"thumbnailUrl\":\"https:\\\/\\\/ssl.ma\\\/wp-content\\\/uploads\\\/2022\\\/07\\\/brand-digicert.jpg\",\"datePublished\":\"2024-11-11T10:20:56+00:00\",\"dateModified\":\"2024-11-21T11:33:22+00:00\",\"breadcrumb\":{\"@id\":\"https:\\\/\\\/ssl.ma\\\/en\\\/product\\\/digicert-document-signing-organization-2000-certificate\\\/#breadcrumb\"},\"inLanguage\":\"en-US\",\"potentialAction\":[{\"@type\":\"ReadAction\",\"target\":[\"https:\\\/\\\/ssl.ma\\\/en\\\/product\\\/digicert-document-signing-organization-2000-certificate\\\/\"]}]},{\"@type\":\"ImageObject\",\"inLanguage\":\"en-US\",\"@id\":\"https:\\\/\\\/ssl.ma\\\/en\\\/product\\\/digicert-document-signing-organization-2000-certificate\\\/#primaryimage\",\"url\":\"https:\\\/\\\/ssl.ma\\\/wp-content\\\/uploads\\\/2022\\\/07\\\/brand-digicert.jpg\",\"contentUrl\":\"https:\\\/\\\/ssl.ma\\\/wp-content\\\/uploads\\\/2022\\\/07\\\/brand-digicert.jpg\",\"width\":1280,\"height\":329,\"caption\":\"SSL Windows Server Maroc - Installez un certificat SSL sur votre serveur Windows pour assurer une connexion s\u00e9curis\u00e9e\"},{\"@type\":\"BreadcrumbList\",\"@id\":\"https:\\\/\\\/ssl.ma\\\/en\\\/product\\\/digicert-document-signing-organization-2000-certificate\\\/#breadcrumb\",\"itemListElement\":[{\"@type\":\"ListItem\",\"position\":1,\"name\":\"Home\",\"item\":\"https:\\\/\\\/ssl.ma\\\/en\\\/\"},{\"@type\":\"ListItem\",\"position\":2,\"name\":\"DigiCert Doc Signing Org 2000\"}]},{\"@type\":\"WebSite\",\"@id\":\"https:\\\/\\\/ssl.ma\\\/#website\",\"url\":\"https:\\\/\\\/ssl.ma\\\/\",\"name\":\"Certificat Ssl Maroc SECTIGO DIGICERT Maroc GEOTRUST Thawt\",\"description\":\"Certificat SSL Maroc  SSL Wildcard pas cher Achat Certificat SSL Maroc Sectigo Wildcard SSL Free SSL\",\"potentialAction\":[{\"@type\":\"SearchAction\",\"target\":{\"@type\":\"EntryPoint\",\"urlTemplate\":\"https:\\\/\\\/ssl.ma\\\/?s={search_term_string}\"},\"query-input\":{\"@type\":\"PropertyValueSpecification\",\"valueRequired\":true,\"valueName\":\"search_term_string\"}}],\"inLanguage\":\"en-US\"}]}<\/script>\n<!-- \/ Yoast SEO plugin. -->","yoast_head_json":{"title":"DigiCert Doc Signing Org 2000 - Certificat Ssl Maroc SECTIGO Maroc GEOTRUST Maroc DIGICERT Maroc","robots":{"index":"index","follow":"follow","max-snippet":"max-snippet:-1","max-image-preview":"max-image-preview:large","max-video-preview":"max-video-preview:-1"},"canonical":"https:\/\/ssl.ma\/en\/product\/digicert-document-signing-organization-2000-certificate\/","og_locale":"en_US","og_type":"article","og_title":"DigiCert Doc Signing Org 2000 - Certificat Ssl Maroc SECTIGO Maroc GEOTRUST Maroc DIGICERT Maroc","og_description":"Optez pour le Certificat DigiCert Document Signing Organization (2000) pour une signature \u00e9lectronique fiable et accessible. \u00c9mis par DigiCert, ce certificat offre une authentification solide, garantit l&#8217;int\u00e9grit\u00e9 des documents, pr\u00e9vient les d\u00e9nis de signature, et permet le chiffrement des donn\u00e9es. Id\u00e9al pour les entreprises, gouvernements, et institutions \u00e9ducatives, il \u00e9quilibre s\u00e9curit\u00e9 et praticit\u00e9. Compatible avec des logiciels populaires, il assure confiance et conformit\u00e9 mondiale. Un choix s\u00fbr pour ceux recherchant une s\u00e9curit\u00e9 renforc\u00e9e sans complexit\u00e9 [&hellip;]","og_url":"https:\/\/ssl.ma\/en\/product\/digicert-document-signing-organization-2000-certificate\/","og_site_name":"Certificat Ssl Maroc SECTIGO Maroc GEOTRUST Maroc DIGICERT Maroc","article_publisher":"https:\/\/web.facebook.com\/HeberDomaine?_rdc=1&_rdr","article_modified_time":"2024-11-21T11:33:22+00:00","og_image":[{"width":1280,"height":329,"url":"https:\/\/ssl.ma\/wp-content\/uploads\/2022\/07\/brand-digicert.jpg","type":"image\/jpeg"}],"twitter_card":"summary_large_image","twitter_site":"@heberdomaine","schema":{"@context":"https:\/\/schema.org","@graph":[{"@type":"WebPage","@id":"https:\/\/ssl.ma\/en\/product\/digicert-document-signing-organization-2000-certificate\/","url":"https:\/\/ssl.ma\/en\/product\/digicert-document-signing-organization-2000-certificate\/","name":"DigiCert Doc Signing Org 2000 - Certificat Ssl Maroc SECTIGO Maroc GEOTRUST Maroc DIGICERT Maroc","isPartOf":{"@id":"https:\/\/ssl.ma\/#website"},"primaryImageOfPage":{"@id":"https:\/\/ssl.ma\/en\/product\/digicert-document-signing-organization-2000-certificate\/#primaryimage"},"image":{"@id":"https:\/\/ssl.ma\/en\/product\/digicert-document-signing-organization-2000-certificate\/#primaryimage"},"thumbnailUrl":"https:\/\/ssl.ma\/wp-content\/uploads\/2022\/07\/brand-digicert.jpg","datePublished":"2024-11-11T10:20:56+00:00","dateModified":"2024-11-21T11:33:22+00:00","breadcrumb":{"@id":"https:\/\/ssl.ma\/en\/product\/digicert-document-signing-organization-2000-certificate\/#breadcrumb"},"inLanguage":"en-US","potentialAction":[{"@type":"ReadAction","target":["https:\/\/ssl.ma\/en\/product\/digicert-document-signing-organization-2000-certificate\/"]}]},{"@type":"ImageObject","inLanguage":"en-US","@id":"https:\/\/ssl.ma\/en\/product\/digicert-document-signing-organization-2000-certificate\/#primaryimage","url":"https:\/\/ssl.ma\/wp-content\/uploads\/2022\/07\/brand-digicert.jpg","contentUrl":"https:\/\/ssl.ma\/wp-content\/uploads\/2022\/07\/brand-digicert.jpg","width":1280,"height":329,"caption":"SSL Windows Server Maroc - Installez un certificat SSL sur votre serveur Windows pour assurer une connexion s\u00e9curis\u00e9e"},{"@type":"BreadcrumbList","@id":"https:\/\/ssl.ma\/en\/product\/digicert-document-signing-organization-2000-certificate\/#breadcrumb","itemListElement":[{"@type":"ListItem","position":1,"name":"Home","item":"https:\/\/ssl.ma\/en\/"},{"@type":"ListItem","position":2,"name":"DigiCert Doc Signing Org 2000"}]},{"@type":"WebSite","@id":"https:\/\/ssl.ma\/#website","url":"https:\/\/ssl.ma\/","name":"Certificat Ssl Maroc SECTIGO DIGICERT Maroc GEOTRUST Thawt","description":"Certificat SSL Maroc  SSL Wildcard pas cher Achat Certificat SSL Maroc Sectigo Wildcard SSL Free SSL","potentialAction":[{"@type":"SearchAction","target":{"@type":"EntryPoint","urlTemplate":"https:\/\/ssl.ma\/?s={search_term_string}"},"query-input":{"@type":"PropertyValueSpecification","valueRequired":true,"valueName":"search_term_string"}}],"inLanguage":"en-US"}]}},"_links":{"self":[{"href":"https:\/\/ssl.ma\/en\/wp-json\/wp\/v2\/product\/7916","targetHints":{"allow":["GET"]}}],"collection":[{"href":"https:\/\/ssl.ma\/en\/wp-json\/wp\/v2\/product"}],"about":[{"href":"https:\/\/ssl.ma\/en\/wp-json\/wp\/v2\/types\/product"}],"version-history":[{"count":2,"href":"https:\/\/ssl.ma\/en\/wp-json\/wp\/v2\/product\/7916\/revisions"}],"predecessor-version":[{"id":9880,"href":"https:\/\/ssl.ma\/en\/wp-json\/wp\/v2\/product\/7916\/revisions\/9880"}],"wp:featuredmedia":[{"embeddable":true,"href":"https:\/\/ssl.ma\/en\/wp-json\/wp\/v2\/media\/6164"}],"wp:attachment":[{"href":"https:\/\/ssl.ma\/en\/wp-json\/wp\/v2\/media?parent=7916"}],"wp:term":[{"taxonomy":"product_brand","embeddable":true,"href":"https:\/\/ssl.ma\/en\/wp-json\/wp\/v2\/product_brand?post=7916"},{"taxonomy":"product_cat","embeddable":true,"href":"https:\/\/ssl.ma\/en\/wp-json\/wp\/v2\/product_cat?post=7916"},{"taxonomy":"product_tag","embeddable":true,"href":"https:\/\/ssl.ma\/en\/wp-json\/wp\/v2\/product_tag?post=7916"}],"curies":[{"name":"wp","href":"https:\/\/api.w.org\/{rel}","templated":true}]}}