{"id":7891,"date":"2024-11-11T11:20:56","date_gmt":"2024-11-11T10:20:56","guid":{"rendered":"https:\/\/ssl.ma\/product\/digicert-document-signing-organization-5000-certificate\/"},"modified":"2024-11-21T12:33:07","modified_gmt":"2024-11-21T11:33:07","slug":"digicert-document-signing-organization-5000-certificate","status":"publish","type":"product","link":"https:\/\/ssl.ma\/en\/product\/digicert-document-signing-organization-5000-certificate\/","title":{"rendered":"DigiCert Document Signing OV (5000)"},"content":{"rendered":"<p>D\u00e9couvrez le Certificat <strong>DigiCert Document Signing Organization (5000)<\/strong> qui vous permet de <strong>signer num\u00e9riquemen<\/strong>t vos documents <strong>Adobe PDF, Microsoft Office, OpenOffice et LibreOffice.<\/strong><br \/>\nEn utilisant ce certificat, vous garantissez aux destinataires que le document \u00e9mane de votre organisation et qu&#8217;il n&#8217;a subi aucune modification ind\u00e9sirable.<br \/>\nAvec la capacit\u00e9 de signer num\u00e9riquement jusqu&#8217;\u00e0 <strong>2 000 documents par an<\/strong>, ce certificat offre une solution robuste pour s\u00e9curiser vos communications \u00e9lectroniques.<br \/>\nGr\u00e2ce \u00e0 cette technologie de <strong>signature num\u00e9rique<\/strong>, vous renforcez la confiance des destinataires en assurant l&#8217;authenticit\u00e9 et l&#8217;int\u00e9grit\u00e9 de vos documents.<br \/>\nProfitez d&#8217;un niveau \u00e9lev\u00e9 de s\u00e9curit\u00e9 et d&#8217;authentification, tout en simplifiant le processus de<strong> signature num\u00e9rique<\/strong> pour un maximum de<strong> 2 000 documents par an.<\/strong><\/p>\n","protected":false},"excerpt":{"rendered":"<p>D\u00e9couvrez le Certificat DigiCert Document Signing Organization (5000) qui vous permet de signer num\u00e9riquement vos documents Adobe PDF, Microsoft Office, OpenOffice et LibreOffice. En utilisant ce certificat, vous garantissez aux destinataires que le document \u00e9mane de votre organisation et qu&#8217;il n&#8217;a subi aucune modification ind\u00e9sirable. Avec la capacit\u00e9 de signer num\u00e9riquement jusqu&#8217;\u00e0 2 000 documents par an, ce certificat offre une solution robuste pour s\u00e9curiser vos communications \u00e9lectroniques. Gr\u00e2ce \u00e0 cette technologie de signature num\u00e9rique, [&hellip;]<\/p>\n","protected":false},"featured_media":6164,"template":"","meta":{"_acf_changed":false},"product_brand":[],"product_cat":[127],"product_tag":[110],"class_list":{"0":"post-7891","1":"product","2":"type-product","3":"status-publish","4":"has-post-thumbnail","6":"product_cat-document-signing-certificate-morocco","7":"product_tag-digicert-certificat-ssl-morocco","9":"first","10":"instock","11":"shipping-taxable","12":"purchasable","13":"product-type-variable","14":"has-default-attributes"},"acf":[],"yoast_head":"<!-- This site is optimized with the Yoast SEO plugin v27.3 - https:\/\/yoast.com\/product\/yoast-seo-wordpress\/ -->\n<title>DigiCert Document Signing OV (5000) - Certificat Ssl Maroc SECTIGO Maroc GEOTRUST Maroc DIGICERT Maroc<\/title>\n<meta name=\"robots\" content=\"index, follow, max-snippet:-1, max-image-preview:large, max-video-preview:-1\" \/>\n<link rel=\"canonical\" href=\"https:\/\/ssl.ma\/en\/product\/digicert-document-signing-organization-5000-certificate\/\" \/>\n<meta property=\"og:locale\" content=\"en_US\" \/>\n<meta property=\"og:type\" content=\"article\" \/>\n<meta property=\"og:title\" content=\"DigiCert Document Signing OV (5000) - Certificat Ssl Maroc SECTIGO Maroc GEOTRUST Maroc DIGICERT Maroc\" \/>\n<meta property=\"og:description\" content=\"D\u00e9couvrez le Certificat DigiCert Document Signing Organization (5000) qui vous permet de signer num\u00e9riquement vos documents Adobe PDF, Microsoft Office, OpenOffice et LibreOffice. En utilisant ce certificat, vous garantissez aux destinataires que le document \u00e9mane de votre organisation et qu&#8217;il n&#8217;a subi aucune modification ind\u00e9sirable. Avec la capacit\u00e9 de signer num\u00e9riquement jusqu&#8217;\u00e0 2 000 documents par an, ce certificat offre une solution robuste pour s\u00e9curiser vos communications \u00e9lectroniques. Gr\u00e2ce \u00e0 cette technologie de signature num\u00e9rique, [&hellip;]\" \/>\n<meta property=\"og:url\" content=\"https:\/\/ssl.ma\/en\/product\/digicert-document-signing-organization-5000-certificate\/\" \/>\n<meta property=\"og:site_name\" content=\"Certificat Ssl Maroc SECTIGO Maroc GEOTRUST Maroc DIGICERT Maroc\" \/>\n<meta property=\"article:publisher\" content=\"https:\/\/web.facebook.com\/HeberDomaine?_rdc=1&amp;_rdr\" \/>\n<meta property=\"article:modified_time\" content=\"2024-11-21T11:33:07+00:00\" \/>\n<meta property=\"og:image\" content=\"https:\/\/ssl.ma\/wp-content\/uploads\/2022\/07\/brand-digicert.jpg\" \/>\n\t<meta property=\"og:image:width\" content=\"1280\" \/>\n\t<meta property=\"og:image:height\" content=\"329\" \/>\n\t<meta property=\"og:image:type\" content=\"image\/jpeg\" \/>\n<meta name=\"twitter:card\" content=\"summary_large_image\" \/>\n<meta name=\"twitter:site\" content=\"@heberdomaine\" \/>\n<meta name=\"twitter:label1\" content=\"Est. reading time\" \/>\n\t<meta name=\"twitter:data1\" content=\"1 minute\" \/>\n<script type=\"application\/ld+json\" class=\"yoast-schema-graph\">{\"@context\":\"https:\\\/\\\/schema.org\",\"@graph\":[{\"@type\":\"WebPage\",\"@id\":\"https:\\\/\\\/ssl.ma\\\/en\\\/product\\\/digicert-document-signing-organization-5000-certificate\\\/\",\"url\":\"https:\\\/\\\/ssl.ma\\\/en\\\/product\\\/digicert-document-signing-organization-5000-certificate\\\/\",\"name\":\"DigiCert Document Signing OV (5000) - Certificat Ssl Maroc SECTIGO Maroc GEOTRUST Maroc DIGICERT Maroc\",\"isPartOf\":{\"@id\":\"https:\\\/\\\/ssl.ma\\\/#website\"},\"primaryImageOfPage\":{\"@id\":\"https:\\\/\\\/ssl.ma\\\/en\\\/product\\\/digicert-document-signing-organization-5000-certificate\\\/#primaryimage\"},\"image\":{\"@id\":\"https:\\\/\\\/ssl.ma\\\/en\\\/product\\\/digicert-document-signing-organization-5000-certificate\\\/#primaryimage\"},\"thumbnailUrl\":\"https:\\\/\\\/ssl.ma\\\/wp-content\\\/uploads\\\/2022\\\/07\\\/brand-digicert.jpg\",\"datePublished\":\"2024-11-11T10:20:56+00:00\",\"dateModified\":\"2024-11-21T11:33:07+00:00\",\"breadcrumb\":{\"@id\":\"https:\\\/\\\/ssl.ma\\\/en\\\/product\\\/digicert-document-signing-organization-5000-certificate\\\/#breadcrumb\"},\"inLanguage\":\"en-US\",\"potentialAction\":[{\"@type\":\"ReadAction\",\"target\":[\"https:\\\/\\\/ssl.ma\\\/en\\\/product\\\/digicert-document-signing-organization-5000-certificate\\\/\"]}]},{\"@type\":\"ImageObject\",\"inLanguage\":\"en-US\",\"@id\":\"https:\\\/\\\/ssl.ma\\\/en\\\/product\\\/digicert-document-signing-organization-5000-certificate\\\/#primaryimage\",\"url\":\"https:\\\/\\\/ssl.ma\\\/wp-content\\\/uploads\\\/2022\\\/07\\\/brand-digicert.jpg\",\"contentUrl\":\"https:\\\/\\\/ssl.ma\\\/wp-content\\\/uploads\\\/2022\\\/07\\\/brand-digicert.jpg\",\"width\":1280,\"height\":329,\"caption\":\"SSL Windows Server Maroc - Installez un certificat SSL sur votre serveur Windows pour assurer une connexion s\u00e9curis\u00e9e\"},{\"@type\":\"BreadcrumbList\",\"@id\":\"https:\\\/\\\/ssl.ma\\\/en\\\/product\\\/digicert-document-signing-organization-5000-certificate\\\/#breadcrumb\",\"itemListElement\":[{\"@type\":\"ListItem\",\"position\":1,\"name\":\"Home\",\"item\":\"https:\\\/\\\/ssl.ma\\\/en\\\/\"},{\"@type\":\"ListItem\",\"position\":2,\"name\":\"DigiCert Document Signing OV (5000)\"}]},{\"@type\":\"WebSite\",\"@id\":\"https:\\\/\\\/ssl.ma\\\/#website\",\"url\":\"https:\\\/\\\/ssl.ma\\\/\",\"name\":\"Certificat Ssl Maroc SECTIGO DIGICERT Maroc GEOTRUST Thawt\",\"description\":\"Certificat SSL Maroc  SSL Wildcard pas cher Achat Certificat SSL Maroc Sectigo Wildcard SSL Free SSL\",\"potentialAction\":[{\"@type\":\"SearchAction\",\"target\":{\"@type\":\"EntryPoint\",\"urlTemplate\":\"https:\\\/\\\/ssl.ma\\\/?s={search_term_string}\"},\"query-input\":{\"@type\":\"PropertyValueSpecification\",\"valueRequired\":true,\"valueName\":\"search_term_string\"}}],\"inLanguage\":\"en-US\"}]}<\/script>\n<!-- \/ Yoast SEO plugin. -->","yoast_head_json":{"title":"DigiCert Document Signing OV (5000) - Certificat Ssl Maroc SECTIGO Maroc GEOTRUST Maroc DIGICERT Maroc","robots":{"index":"index","follow":"follow","max-snippet":"max-snippet:-1","max-image-preview":"max-image-preview:large","max-video-preview":"max-video-preview:-1"},"canonical":"https:\/\/ssl.ma\/en\/product\/digicert-document-signing-organization-5000-certificate\/","og_locale":"en_US","og_type":"article","og_title":"DigiCert Document Signing OV (5000) - Certificat Ssl Maroc SECTIGO Maroc GEOTRUST Maroc DIGICERT Maroc","og_description":"D\u00e9couvrez le Certificat DigiCert Document Signing Organization (5000) qui vous permet de signer num\u00e9riquement vos documents Adobe PDF, Microsoft Office, OpenOffice et LibreOffice. En utilisant ce certificat, vous garantissez aux destinataires que le document \u00e9mane de votre organisation et qu&#8217;il n&#8217;a subi aucune modification ind\u00e9sirable. Avec la capacit\u00e9 de signer num\u00e9riquement jusqu&#8217;\u00e0 2 000 documents par an, ce certificat offre une solution robuste pour s\u00e9curiser vos communications \u00e9lectroniques. Gr\u00e2ce \u00e0 cette technologie de signature num\u00e9rique, [&hellip;]","og_url":"https:\/\/ssl.ma\/en\/product\/digicert-document-signing-organization-5000-certificate\/","og_site_name":"Certificat Ssl Maroc SECTIGO Maroc GEOTRUST Maroc DIGICERT Maroc","article_publisher":"https:\/\/web.facebook.com\/HeberDomaine?_rdc=1&_rdr","article_modified_time":"2024-11-21T11:33:07+00:00","og_image":[{"width":1280,"height":329,"url":"https:\/\/ssl.ma\/wp-content\/uploads\/2022\/07\/brand-digicert.jpg","type":"image\/jpeg"}],"twitter_card":"summary_large_image","twitter_site":"@heberdomaine","twitter_misc":{"Est. reading time":"1 minute"},"schema":{"@context":"https:\/\/schema.org","@graph":[{"@type":"WebPage","@id":"https:\/\/ssl.ma\/en\/product\/digicert-document-signing-organization-5000-certificate\/","url":"https:\/\/ssl.ma\/en\/product\/digicert-document-signing-organization-5000-certificate\/","name":"DigiCert Document Signing OV (5000) - Certificat Ssl Maroc SECTIGO Maroc GEOTRUST Maroc DIGICERT Maroc","isPartOf":{"@id":"https:\/\/ssl.ma\/#website"},"primaryImageOfPage":{"@id":"https:\/\/ssl.ma\/en\/product\/digicert-document-signing-organization-5000-certificate\/#primaryimage"},"image":{"@id":"https:\/\/ssl.ma\/en\/product\/digicert-document-signing-organization-5000-certificate\/#primaryimage"},"thumbnailUrl":"https:\/\/ssl.ma\/wp-content\/uploads\/2022\/07\/brand-digicert.jpg","datePublished":"2024-11-11T10:20:56+00:00","dateModified":"2024-11-21T11:33:07+00:00","breadcrumb":{"@id":"https:\/\/ssl.ma\/en\/product\/digicert-document-signing-organization-5000-certificate\/#breadcrumb"},"inLanguage":"en-US","potentialAction":[{"@type":"ReadAction","target":["https:\/\/ssl.ma\/en\/product\/digicert-document-signing-organization-5000-certificate\/"]}]},{"@type":"ImageObject","inLanguage":"en-US","@id":"https:\/\/ssl.ma\/en\/product\/digicert-document-signing-organization-5000-certificate\/#primaryimage","url":"https:\/\/ssl.ma\/wp-content\/uploads\/2022\/07\/brand-digicert.jpg","contentUrl":"https:\/\/ssl.ma\/wp-content\/uploads\/2022\/07\/brand-digicert.jpg","width":1280,"height":329,"caption":"SSL Windows Server Maroc - Installez un certificat SSL sur votre serveur Windows pour assurer une connexion s\u00e9curis\u00e9e"},{"@type":"BreadcrumbList","@id":"https:\/\/ssl.ma\/en\/product\/digicert-document-signing-organization-5000-certificate\/#breadcrumb","itemListElement":[{"@type":"ListItem","position":1,"name":"Home","item":"https:\/\/ssl.ma\/en\/"},{"@type":"ListItem","position":2,"name":"DigiCert Document Signing OV (5000)"}]},{"@type":"WebSite","@id":"https:\/\/ssl.ma\/#website","url":"https:\/\/ssl.ma\/","name":"Certificat Ssl Maroc SECTIGO DIGICERT Maroc GEOTRUST Thawt","description":"Certificat SSL Maroc  SSL Wildcard pas cher Achat Certificat SSL Maroc Sectigo Wildcard SSL Free SSL","potentialAction":[{"@type":"SearchAction","target":{"@type":"EntryPoint","urlTemplate":"https:\/\/ssl.ma\/?s={search_term_string}"},"query-input":{"@type":"PropertyValueSpecification","valueRequired":true,"valueName":"search_term_string"}}],"inLanguage":"en-US"}]}},"_links":{"self":[{"href":"https:\/\/ssl.ma\/en\/wp-json\/wp\/v2\/product\/7891","targetHints":{"allow":["GET"]}}],"collection":[{"href":"https:\/\/ssl.ma\/en\/wp-json\/wp\/v2\/product"}],"about":[{"href":"https:\/\/ssl.ma\/en\/wp-json\/wp\/v2\/types\/product"}],"version-history":[{"count":4,"href":"https:\/\/ssl.ma\/en\/wp-json\/wp\/v2\/product\/7891\/revisions"}],"predecessor-version":[{"id":9878,"href":"https:\/\/ssl.ma\/en\/wp-json\/wp\/v2\/product\/7891\/revisions\/9878"}],"wp:featuredmedia":[{"embeddable":true,"href":"https:\/\/ssl.ma\/en\/wp-json\/wp\/v2\/media\/6164"}],"wp:attachment":[{"href":"https:\/\/ssl.ma\/en\/wp-json\/wp\/v2\/media?parent=7891"}],"wp:term":[{"taxonomy":"product_brand","embeddable":true,"href":"https:\/\/ssl.ma\/en\/wp-json\/wp\/v2\/product_brand?post=7891"},{"taxonomy":"product_cat","embeddable":true,"href":"https:\/\/ssl.ma\/en\/wp-json\/wp\/v2\/product_cat?post=7891"},{"taxonomy":"product_tag","embeddable":true,"href":"https:\/\/ssl.ma\/en\/wp-json\/wp\/v2\/product_tag?post=7891"}],"curies":[{"name":"wp","href":"https:\/\/api.w.org\/{rel}","templated":true}]}}