{"id":7877,"date":"2024-11-11T11:20:57","date_gmt":"2024-11-11T10:20:57","guid":{"rendered":"https:\/\/ssl.ma\/product\/digicert-secure-site-pro-ev-ssl\/"},"modified":"2024-11-21T12:31:15","modified_gmt":"2024-11-21T11:31:15","slug":"digicert-secure-site-pro-ev-ssl","status":"publish","type":"product","link":"https:\/\/ssl.ma\/en\/product\/digicert-secure-site-pro-ev-ssl\/","title":{"rendered":"DigiCert Secure Site Pro EV"},"content":{"rendered":"<p><span style=\"vertical-align: inherit;\"><span style=\"vertical-align: inherit;\">Ce<strong> SSL EV premium<\/strong> est d\u00e9sormais aliment\u00e9 par <strong>DigiCert<\/strong>.<br \/>\n<\/span><span style=\"vertical-align: inherit;\">Il s&#8217;agit d&#8217;une solution de s\u00e9curit\u00e9 avanc\u00e9e tout-en-un avec le plus haut niveau de validation de marque qui offre un cryptage \u00e0 l&#8217;\u00e9preuve des quantum, une <strong>authentification d&#8217;entreprise<\/strong>, des logiciels malveillants et des vuln\u00e9rabilit\u00e9s.<br \/>\n<\/span><span style=\"vertical-align: inherit;\">num\u00e9risation, surveillance des journaux CT, \u00e9mission instantan\u00e9e, <strong>CertCentral\u00ae<\/strong>, une garantie de 2 millions de dollars, le sceau Norton \u2122 et est compatible <strong>SAN<\/strong>, vous pouvez donc s\u00e9curiser<strong> plusieurs domaines<\/strong> sur un seul certificat.\u00a0<\/span><\/span><\/p>\n","protected":false},"excerpt":{"rendered":"<p>Ce SSL EV premium est d\u00e9sormais aliment\u00e9 par DigiCert. Il s&#8217;agit d&#8217;une solution de s\u00e9curit\u00e9 avanc\u00e9e tout-en-un avec le plus haut niveau de validation de marque qui offre un cryptage \u00e0 l&#8217;\u00e9preuve des quantum, une authentification d&#8217;entreprise, des logiciels malveillants et des vuln\u00e9rabilit\u00e9s. num\u00e9risation, surveillance des journaux CT, \u00e9mission instantan\u00e9e, CertCentral\u00ae, une garantie de 2 millions de dollars, le sceau Norton \u2122 et est compatible SAN, vous pouvez donc s\u00e9curiser plusieurs domaines sur un seul [&hellip;]<\/p>\n","protected":false},"featured_media":6167,"template":"","meta":{"_acf_changed":false},"product_brand":[],"product_cat":[120],"product_tag":[],"class_list":{"0":"post-7877","1":"product","2":"type-product","3":"status-publish","4":"has-post-thumbnail","6":"product_cat-ssl-ev-morocco","8":"first","9":"instock","10":"shipping-taxable","11":"purchasable","12":"product-type-variable","13":"has-default-attributes"},"acf":[],"yoast_head":"<!-- This site is optimized with the Yoast SEO plugin v27.3 - https:\/\/yoast.com\/product\/yoast-seo-wordpress\/ -->\n<title>DigiCert Secure Site Pro EV - Certificat Ssl Maroc SECTIGO Maroc GEOTRUST Maroc DIGICERT Maroc<\/title>\n<meta name=\"robots\" content=\"index, follow, max-snippet:-1, max-image-preview:large, max-video-preview:-1\" \/>\n<link rel=\"canonical\" href=\"https:\/\/ssl.ma\/en\/product\/digicert-secure-site-pro-ev-ssl\/\" \/>\n<meta property=\"og:locale\" content=\"en_US\" \/>\n<meta property=\"og:type\" content=\"article\" \/>\n<meta property=\"og:title\" content=\"DigiCert Secure Site Pro EV - Certificat Ssl Maroc SECTIGO Maroc GEOTRUST Maroc DIGICERT Maroc\" \/>\n<meta property=\"og:description\" content=\"Ce SSL EV premium est d\u00e9sormais aliment\u00e9 par DigiCert. Il s&#8217;agit d&#8217;une solution de s\u00e9curit\u00e9 avanc\u00e9e tout-en-un avec le plus haut niveau de validation de marque qui offre un cryptage \u00e0 l&#8217;\u00e9preuve des quantum, une authentification d&#8217;entreprise, des logiciels malveillants et des vuln\u00e9rabilit\u00e9s. num\u00e9risation, surveillance des journaux CT, \u00e9mission instantan\u00e9e, CertCentral\u00ae, une garantie de 2 millions de dollars, le sceau Norton \u2122 et est compatible SAN, vous pouvez donc s\u00e9curiser plusieurs domaines sur un seul [&hellip;]\" \/>\n<meta property=\"og:url\" content=\"https:\/\/ssl.ma\/en\/product\/digicert-secure-site-pro-ev-ssl\/\" \/>\n<meta property=\"og:site_name\" content=\"Certificat Ssl Maroc SECTIGO Maroc GEOTRUST Maroc DIGICERT Maroc\" \/>\n<meta property=\"article:publisher\" content=\"https:\/\/web.facebook.com\/HeberDomaine?_rdc=1&amp;_rdr\" \/>\n<meta property=\"article:modified_time\" content=\"2024-11-21T11:31:15+00:00\" \/>\n<meta property=\"og:image\" content=\"https:\/\/ssl.ma\/wp-content\/uploads\/2022\/07\/brand-digicert-1.jpg\" \/>\n\t<meta property=\"og:image:width\" content=\"1280\" \/>\n\t<meta property=\"og:image:height\" content=\"329\" \/>\n\t<meta property=\"og:image:type\" content=\"image\/jpeg\" \/>\n<meta name=\"twitter:card\" content=\"summary_large_image\" \/>\n<meta name=\"twitter:site\" content=\"@heberdomaine\" \/>\n<script type=\"application\/ld+json\" class=\"yoast-schema-graph\">{\"@context\":\"https:\\\/\\\/schema.org\",\"@graph\":[{\"@type\":\"WebPage\",\"@id\":\"https:\\\/\\\/ssl.ma\\\/en\\\/product\\\/digicert-secure-site-pro-ev-ssl\\\/\",\"url\":\"https:\\\/\\\/ssl.ma\\\/en\\\/product\\\/digicert-secure-site-pro-ev-ssl\\\/\",\"name\":\"DigiCert Secure Site Pro EV - Certificat Ssl Maroc SECTIGO Maroc GEOTRUST Maroc DIGICERT Maroc\",\"isPartOf\":{\"@id\":\"https:\\\/\\\/ssl.ma\\\/#website\"},\"primaryImageOfPage\":{\"@id\":\"https:\\\/\\\/ssl.ma\\\/en\\\/product\\\/digicert-secure-site-pro-ev-ssl\\\/#primaryimage\"},\"image\":{\"@id\":\"https:\\\/\\\/ssl.ma\\\/en\\\/product\\\/digicert-secure-site-pro-ev-ssl\\\/#primaryimage\"},\"thumbnailUrl\":\"https:\\\/\\\/ssl.ma\\\/wp-content\\\/uploads\\\/2022\\\/07\\\/brand-digicert-1.jpg\",\"datePublished\":\"2024-11-11T10:20:57+00:00\",\"dateModified\":\"2024-11-21T11:31:15+00:00\",\"breadcrumb\":{\"@id\":\"https:\\\/\\\/ssl.ma\\\/en\\\/product\\\/digicert-secure-site-pro-ev-ssl\\\/#breadcrumb\"},\"inLanguage\":\"en-US\",\"potentialAction\":[{\"@type\":\"ReadAction\",\"target\":[\"https:\\\/\\\/ssl.ma\\\/en\\\/product\\\/digicert-secure-site-pro-ev-ssl\\\/\"]}]},{\"@type\":\"ImageObject\",\"inLanguage\":\"en-US\",\"@id\":\"https:\\\/\\\/ssl.ma\\\/en\\\/product\\\/digicert-secure-site-pro-ev-ssl\\\/#primaryimage\",\"url\":\"https:\\\/\\\/ssl.ma\\\/wp-content\\\/uploads\\\/2022\\\/07\\\/brand-digicert-1.jpg\",\"contentUrl\":\"https:\\\/\\\/ssl.ma\\\/wp-content\\\/uploads\\\/2022\\\/07\\\/brand-digicert-1.jpg\",\"width\":1280,\"height\":329,\"caption\":\"Https SSL TLS Maroc - Prot\u00e9gez vos donn\u00e9es en ligne avec un certificat SSL compatible TLS pour une s\u00e9curit\u00e9 maximale\"},{\"@type\":\"BreadcrumbList\",\"@id\":\"https:\\\/\\\/ssl.ma\\\/en\\\/product\\\/digicert-secure-site-pro-ev-ssl\\\/#breadcrumb\",\"itemListElement\":[{\"@type\":\"ListItem\",\"position\":1,\"name\":\"Home\",\"item\":\"https:\\\/\\\/ssl.ma\\\/en\\\/\"},{\"@type\":\"ListItem\",\"position\":2,\"name\":\"DigiCert Secure Site Pro EV\"}]},{\"@type\":\"WebSite\",\"@id\":\"https:\\\/\\\/ssl.ma\\\/#website\",\"url\":\"https:\\\/\\\/ssl.ma\\\/\",\"name\":\"Certificat Ssl Maroc SECTIGO DIGICERT Maroc GEOTRUST Thawt\",\"description\":\"Certificat SSL Maroc  SSL Wildcard pas cher Achat Certificat SSL Maroc Sectigo Wildcard SSL Free SSL\",\"potentialAction\":[{\"@type\":\"SearchAction\",\"target\":{\"@type\":\"EntryPoint\",\"urlTemplate\":\"https:\\\/\\\/ssl.ma\\\/?s={search_term_string}\"},\"query-input\":{\"@type\":\"PropertyValueSpecification\",\"valueRequired\":true,\"valueName\":\"search_term_string\"}}],\"inLanguage\":\"en-US\"}]}<\/script>\n<!-- \/ Yoast SEO plugin. -->","yoast_head_json":{"title":"DigiCert Secure Site Pro EV - Certificat Ssl Maroc SECTIGO Maroc GEOTRUST Maroc DIGICERT Maroc","robots":{"index":"index","follow":"follow","max-snippet":"max-snippet:-1","max-image-preview":"max-image-preview:large","max-video-preview":"max-video-preview:-1"},"canonical":"https:\/\/ssl.ma\/en\/product\/digicert-secure-site-pro-ev-ssl\/","og_locale":"en_US","og_type":"article","og_title":"DigiCert Secure Site Pro EV - Certificat Ssl Maroc SECTIGO Maroc GEOTRUST Maroc DIGICERT Maroc","og_description":"Ce SSL EV premium est d\u00e9sormais aliment\u00e9 par DigiCert. Il s&#8217;agit d&#8217;une solution de s\u00e9curit\u00e9 avanc\u00e9e tout-en-un avec le plus haut niveau de validation de marque qui offre un cryptage \u00e0 l&#8217;\u00e9preuve des quantum, une authentification d&#8217;entreprise, des logiciels malveillants et des vuln\u00e9rabilit\u00e9s. num\u00e9risation, surveillance des journaux CT, \u00e9mission instantan\u00e9e, CertCentral\u00ae, une garantie de 2 millions de dollars, le sceau Norton \u2122 et est compatible SAN, vous pouvez donc s\u00e9curiser plusieurs domaines sur un seul [&hellip;]","og_url":"https:\/\/ssl.ma\/en\/product\/digicert-secure-site-pro-ev-ssl\/","og_site_name":"Certificat Ssl Maroc SECTIGO Maroc GEOTRUST Maroc DIGICERT Maroc","article_publisher":"https:\/\/web.facebook.com\/HeberDomaine?_rdc=1&_rdr","article_modified_time":"2024-11-21T11:31:15+00:00","og_image":[{"width":1280,"height":329,"url":"https:\/\/ssl.ma\/wp-content\/uploads\/2022\/07\/brand-digicert-1.jpg","type":"image\/jpeg"}],"twitter_card":"summary_large_image","twitter_site":"@heberdomaine","schema":{"@context":"https:\/\/schema.org","@graph":[{"@type":"WebPage","@id":"https:\/\/ssl.ma\/en\/product\/digicert-secure-site-pro-ev-ssl\/","url":"https:\/\/ssl.ma\/en\/product\/digicert-secure-site-pro-ev-ssl\/","name":"DigiCert Secure Site Pro EV - Certificat Ssl Maroc SECTIGO Maroc GEOTRUST Maroc DIGICERT Maroc","isPartOf":{"@id":"https:\/\/ssl.ma\/#website"},"primaryImageOfPage":{"@id":"https:\/\/ssl.ma\/en\/product\/digicert-secure-site-pro-ev-ssl\/#primaryimage"},"image":{"@id":"https:\/\/ssl.ma\/en\/product\/digicert-secure-site-pro-ev-ssl\/#primaryimage"},"thumbnailUrl":"https:\/\/ssl.ma\/wp-content\/uploads\/2022\/07\/brand-digicert-1.jpg","datePublished":"2024-11-11T10:20:57+00:00","dateModified":"2024-11-21T11:31:15+00:00","breadcrumb":{"@id":"https:\/\/ssl.ma\/en\/product\/digicert-secure-site-pro-ev-ssl\/#breadcrumb"},"inLanguage":"en-US","potentialAction":[{"@type":"ReadAction","target":["https:\/\/ssl.ma\/en\/product\/digicert-secure-site-pro-ev-ssl\/"]}]},{"@type":"ImageObject","inLanguage":"en-US","@id":"https:\/\/ssl.ma\/en\/product\/digicert-secure-site-pro-ev-ssl\/#primaryimage","url":"https:\/\/ssl.ma\/wp-content\/uploads\/2022\/07\/brand-digicert-1.jpg","contentUrl":"https:\/\/ssl.ma\/wp-content\/uploads\/2022\/07\/brand-digicert-1.jpg","width":1280,"height":329,"caption":"Https SSL TLS Maroc - Prot\u00e9gez vos donn\u00e9es en ligne avec un certificat SSL compatible TLS pour une s\u00e9curit\u00e9 maximale"},{"@type":"BreadcrumbList","@id":"https:\/\/ssl.ma\/en\/product\/digicert-secure-site-pro-ev-ssl\/#breadcrumb","itemListElement":[{"@type":"ListItem","position":1,"name":"Home","item":"https:\/\/ssl.ma\/en\/"},{"@type":"ListItem","position":2,"name":"DigiCert Secure Site Pro EV"}]},{"@type":"WebSite","@id":"https:\/\/ssl.ma\/#website","url":"https:\/\/ssl.ma\/","name":"Certificat Ssl Maroc SECTIGO DIGICERT Maroc GEOTRUST Thawt","description":"Certificat SSL Maroc  SSL Wildcard pas cher Achat Certificat SSL Maroc Sectigo Wildcard SSL Free SSL","potentialAction":[{"@type":"SearchAction","target":{"@type":"EntryPoint","urlTemplate":"https:\/\/ssl.ma\/?s={search_term_string}"},"query-input":{"@type":"PropertyValueSpecification","valueRequired":true,"valueName":"search_term_string"}}],"inLanguage":"en-US"}]}},"_links":{"self":[{"href":"https:\/\/ssl.ma\/en\/wp-json\/wp\/v2\/product\/7877","targetHints":{"allow":["GET"]}}],"collection":[{"href":"https:\/\/ssl.ma\/en\/wp-json\/wp\/v2\/product"}],"about":[{"href":"https:\/\/ssl.ma\/en\/wp-json\/wp\/v2\/types\/product"}],"version-history":[{"count":4,"href":"https:\/\/ssl.ma\/en\/wp-json\/wp\/v2\/product\/7877\/revisions"}],"predecessor-version":[{"id":9876,"href":"https:\/\/ssl.ma\/en\/wp-json\/wp\/v2\/product\/7877\/revisions\/9876"}],"wp:featuredmedia":[{"embeddable":true,"href":"https:\/\/ssl.ma\/en\/wp-json\/wp\/v2\/media\/6167"}],"wp:attachment":[{"href":"https:\/\/ssl.ma\/en\/wp-json\/wp\/v2\/media?parent=7877"}],"wp:term":[{"taxonomy":"product_brand","embeddable":true,"href":"https:\/\/ssl.ma\/en\/wp-json\/wp\/v2\/product_brand?post=7877"},{"taxonomy":"product_cat","embeddable":true,"href":"https:\/\/ssl.ma\/en\/wp-json\/wp\/v2\/product_cat?post=7877"},{"taxonomy":"product_tag","embeddable":true,"href":"https:\/\/ssl.ma\/en\/wp-json\/wp\/v2\/product_tag?post=7877"}],"curies":[{"name":"wp","href":"https:\/\/api.w.org\/{rel}","templated":true}]}}