{"id":7873,"date":"2024-11-11T11:20:57","date_gmt":"2024-11-11T10:20:57","guid":{"rendered":"https:\/\/ssl.ma\/product\/digicert-code-signing-certificate\/"},"modified":"2024-11-21T12:29:35","modified_gmt":"2024-11-21T11:29:35","slug":"digicert-code-signing-certificate","status":"publish","type":"product","link":"https:\/\/ssl.ma\/en\/product\/digicert-code-signing-certificate\/","title":{"rendered":"DigiCert Code Signing"},"content":{"rendered":"<p>Le Certificat de Signature de Code DigiCert va au-del\u00e0 de la simple protection des logiciels et des applications ; il constitue une barri\u00e8re robuste contre toute alt\u00e9ration malveillante du code. Soutenu par l&#8217;une des autorit\u00e9s de certification les plus renomm\u00e9es au monde, DigiCert, ce certificat offre bien plus qu&#8217;une simple v\u00e9rification de l&#8217;authenticit\u00e9 des logiciels. Il renforce la confiance des utilisateurs en \u00e9liminant les avertissements potentiellement dissuasifs lors du processus d&#8217;installation, favorisant ainsi une adoption plus large de vos produits. Gr\u00e2ce \u00e0 l&#8217;utilisation d&#8217;une signature num\u00e9rique encrypt\u00e9e et \u00e0 un processus d&#8217;authentification rigoureux, le Certificat de Signature de Code DigiCert garantit que vos utilisateurs finaux t\u00e9l\u00e9chargent et installent en toute s\u00e9curit\u00e9 des produits int\u00e8gres et s\u00e9curis\u00e9s. Choisissez la confiance, la s\u00e9curit\u00e9 et l&#8217;excellence avec le Certificat de Signature de Code DigiCert, pour une exp\u00e9rience utilisateur optimale.<\/p>\n","protected":false},"excerpt":{"rendered":"<p>Le Certificat de Signature de Code DigiCert va au-del\u00e0 de la simple protection des logiciels et des applications ; il constitue une barri\u00e8re robuste contre toute alt\u00e9ration malveillante du code. Soutenu par l&#8217;une des autorit\u00e9s de certification les plus renomm\u00e9es au monde, DigiCert, ce certificat offre bien plus qu&#8217;une simple v\u00e9rification de l&#8217;authenticit\u00e9 des logiciels. Il renforce la confiance des utilisateurs en \u00e9liminant les avertissements potentiellement dissuasifs lors du processus d&#8217;installation, favorisant ainsi une adoption [&hellip;]<\/p>\n","protected":false},"featured_media":6164,"template":"","meta":{"_acf_changed":false},"product_brand":[],"product_cat":[132],"product_tag":[110],"class_list":{"0":"post-7873","1":"product","2":"type-product","3":"status-publish","4":"has-post-thumbnail","6":"product_cat-code-signing-ssl-morocco","7":"product_tag-digicert-certificat-ssl-morocco","9":"first","10":"instock","11":"shipping-taxable","12":"purchasable","13":"product-type-variable","14":"has-default-attributes"},"acf":[],"yoast_head":"<!-- This site is optimized with the Yoast SEO plugin v27.4 - https:\/\/yoast.com\/product\/yoast-seo-wordpress\/ -->\n<title>DigiCert Code Signing - Certificat Ssl Maroc SECTIGO Maroc GEOTRUST Maroc DIGICERT Maroc<\/title>\n<meta name=\"robots\" content=\"index, follow, max-snippet:-1, max-image-preview:large, max-video-preview:-1\" \/>\n<link rel=\"canonical\" href=\"https:\/\/ssl.ma\/en\/product\/digicert-code-signing-certificate\/\" \/>\n<meta property=\"og:locale\" content=\"en_US\" \/>\n<meta property=\"og:type\" content=\"article\" \/>\n<meta property=\"og:title\" content=\"DigiCert Code Signing - Certificat Ssl Maroc SECTIGO Maroc GEOTRUST Maroc DIGICERT Maroc\" \/>\n<meta property=\"og:description\" content=\"Le Certificat de Signature de Code DigiCert va au-del\u00e0 de la simple protection des logiciels et des applications ; il constitue une barri\u00e8re robuste contre toute alt\u00e9ration malveillante du code. Soutenu par l&#8217;une des autorit\u00e9s de certification les plus renomm\u00e9es au monde, DigiCert, ce certificat offre bien plus qu&#8217;une simple v\u00e9rification de l&#8217;authenticit\u00e9 des logiciels. Il renforce la confiance des utilisateurs en \u00e9liminant les avertissements potentiellement dissuasifs lors du processus d&#8217;installation, favorisant ainsi une adoption [&hellip;]\" \/>\n<meta property=\"og:url\" content=\"https:\/\/ssl.ma\/en\/product\/digicert-code-signing-certificate\/\" \/>\n<meta property=\"og:site_name\" content=\"Certificat Ssl Maroc SECTIGO Maroc GEOTRUST Maroc DIGICERT Maroc\" \/>\n<meta property=\"article:publisher\" content=\"https:\/\/web.facebook.com\/HeberDomaine?_rdc=1&amp;_rdr\" \/>\n<meta property=\"article:modified_time\" content=\"2024-11-21T11:29:35+00:00\" \/>\n<meta property=\"og:image\" content=\"https:\/\/ssl.ma\/wp-content\/uploads\/2022\/07\/brand-digicert.jpg\" \/>\n\t<meta property=\"og:image:width\" content=\"1280\" \/>\n\t<meta property=\"og:image:height\" content=\"329\" \/>\n\t<meta property=\"og:image:type\" content=\"image\/jpeg\" \/>\n<meta name=\"twitter:card\" content=\"summary_large_image\" \/>\n<meta name=\"twitter:site\" content=\"@heberdomaine\" \/>\n<meta name=\"twitter:label1\" content=\"Est. reading time\" \/>\n\t<meta name=\"twitter:data1\" content=\"1 minute\" \/>\n<script type=\"application\/ld+json\" class=\"yoast-schema-graph\">{\"@context\":\"https:\\\/\\\/schema.org\",\"@graph\":[{\"@type\":\"WebPage\",\"@id\":\"https:\\\/\\\/ssl.ma\\\/en\\\/product\\\/digicert-code-signing-certificate\\\/\",\"url\":\"https:\\\/\\\/ssl.ma\\\/en\\\/product\\\/digicert-code-signing-certificate\\\/\",\"name\":\"DigiCert Code Signing - Certificat Ssl Maroc SECTIGO Maroc GEOTRUST Maroc DIGICERT Maroc\",\"isPartOf\":{\"@id\":\"https:\\\/\\\/ssl.ma\\\/#website\"},\"primaryImageOfPage\":{\"@id\":\"https:\\\/\\\/ssl.ma\\\/en\\\/product\\\/digicert-code-signing-certificate\\\/#primaryimage\"},\"image\":{\"@id\":\"https:\\\/\\\/ssl.ma\\\/en\\\/product\\\/digicert-code-signing-certificate\\\/#primaryimage\"},\"thumbnailUrl\":\"https:\\\/\\\/ssl.ma\\\/wp-content\\\/uploads\\\/2022\\\/07\\\/brand-digicert.jpg\",\"datePublished\":\"2024-11-11T10:20:57+00:00\",\"dateModified\":\"2024-11-21T11:29:35+00:00\",\"breadcrumb\":{\"@id\":\"https:\\\/\\\/ssl.ma\\\/en\\\/product\\\/digicert-code-signing-certificate\\\/#breadcrumb\"},\"inLanguage\":\"en-US\",\"potentialAction\":[{\"@type\":\"ReadAction\",\"target\":[\"https:\\\/\\\/ssl.ma\\\/en\\\/product\\\/digicert-code-signing-certificate\\\/\"]}]},{\"@type\":\"ImageObject\",\"inLanguage\":\"en-US\",\"@id\":\"https:\\\/\\\/ssl.ma\\\/en\\\/product\\\/digicert-code-signing-certificate\\\/#primaryimage\",\"url\":\"https:\\\/\\\/ssl.ma\\\/wp-content\\\/uploads\\\/2022\\\/07\\\/brand-digicert.jpg\",\"contentUrl\":\"https:\\\/\\\/ssl.ma\\\/wp-content\\\/uploads\\\/2022\\\/07\\\/brand-digicert.jpg\",\"width\":1280,\"height\":329,\"caption\":\"SSL Windows Server Maroc - Installez un certificat SSL sur votre serveur Windows pour assurer une connexion s\u00e9curis\u00e9e\"},{\"@type\":\"BreadcrumbList\",\"@id\":\"https:\\\/\\\/ssl.ma\\\/en\\\/product\\\/digicert-code-signing-certificate\\\/#breadcrumb\",\"itemListElement\":[{\"@type\":\"ListItem\",\"position\":1,\"name\":\"Home\",\"item\":\"https:\\\/\\\/ssl.ma\\\/en\\\/\"},{\"@type\":\"ListItem\",\"position\":2,\"name\":\"DigiCert Code Signing\"}]},{\"@type\":\"WebSite\",\"@id\":\"https:\\\/\\\/ssl.ma\\\/#website\",\"url\":\"https:\\\/\\\/ssl.ma\\\/\",\"name\":\"Certificat Ssl Maroc SECTIGO DIGICERT Maroc GEOTRUST Thawt\",\"description\":\"Certificat SSL Maroc  SSL Wildcard pas cher Achat Certificat SSL Maroc Sectigo Wildcard SSL Free SSL\",\"potentialAction\":[{\"@type\":\"SearchAction\",\"target\":{\"@type\":\"EntryPoint\",\"urlTemplate\":\"https:\\\/\\\/ssl.ma\\\/?s={search_term_string}\"},\"query-input\":{\"@type\":\"PropertyValueSpecification\",\"valueRequired\":true,\"valueName\":\"search_term_string\"}}],\"inLanguage\":\"en-US\"}]}<\/script>\n<!-- \/ Yoast SEO plugin. -->","yoast_head_json":{"title":"DigiCert Code Signing - Certificat Ssl Maroc SECTIGO Maroc GEOTRUST Maroc DIGICERT Maroc","robots":{"index":"index","follow":"follow","max-snippet":"max-snippet:-1","max-image-preview":"max-image-preview:large","max-video-preview":"max-video-preview:-1"},"canonical":"https:\/\/ssl.ma\/en\/product\/digicert-code-signing-certificate\/","og_locale":"en_US","og_type":"article","og_title":"DigiCert Code Signing - Certificat Ssl Maroc SECTIGO Maroc GEOTRUST Maroc DIGICERT Maroc","og_description":"Le Certificat de Signature de Code DigiCert va au-del\u00e0 de la simple protection des logiciels et des applications ; il constitue une barri\u00e8re robuste contre toute alt\u00e9ration malveillante du code. Soutenu par l&#8217;une des autorit\u00e9s de certification les plus renomm\u00e9es au monde, DigiCert, ce certificat offre bien plus qu&#8217;une simple v\u00e9rification de l&#8217;authenticit\u00e9 des logiciels. Il renforce la confiance des utilisateurs en \u00e9liminant les avertissements potentiellement dissuasifs lors du processus d&#8217;installation, favorisant ainsi une adoption [&hellip;]","og_url":"https:\/\/ssl.ma\/en\/product\/digicert-code-signing-certificate\/","og_site_name":"Certificat Ssl Maroc SECTIGO Maroc GEOTRUST Maroc DIGICERT Maroc","article_publisher":"https:\/\/web.facebook.com\/HeberDomaine?_rdc=1&_rdr","article_modified_time":"2024-11-21T11:29:35+00:00","og_image":[{"width":1280,"height":329,"url":"https:\/\/ssl.ma\/wp-content\/uploads\/2022\/07\/brand-digicert.jpg","type":"image\/jpeg"}],"twitter_card":"summary_large_image","twitter_site":"@heberdomaine","twitter_misc":{"Est. reading time":"1 minute"},"schema":{"@context":"https:\/\/schema.org","@graph":[{"@type":"WebPage","@id":"https:\/\/ssl.ma\/en\/product\/digicert-code-signing-certificate\/","url":"https:\/\/ssl.ma\/en\/product\/digicert-code-signing-certificate\/","name":"DigiCert Code Signing - Certificat Ssl Maroc SECTIGO Maroc GEOTRUST Maroc DIGICERT Maroc","isPartOf":{"@id":"https:\/\/ssl.ma\/#website"},"primaryImageOfPage":{"@id":"https:\/\/ssl.ma\/en\/product\/digicert-code-signing-certificate\/#primaryimage"},"image":{"@id":"https:\/\/ssl.ma\/en\/product\/digicert-code-signing-certificate\/#primaryimage"},"thumbnailUrl":"https:\/\/ssl.ma\/wp-content\/uploads\/2022\/07\/brand-digicert.jpg","datePublished":"2024-11-11T10:20:57+00:00","dateModified":"2024-11-21T11:29:35+00:00","breadcrumb":{"@id":"https:\/\/ssl.ma\/en\/product\/digicert-code-signing-certificate\/#breadcrumb"},"inLanguage":"en-US","potentialAction":[{"@type":"ReadAction","target":["https:\/\/ssl.ma\/en\/product\/digicert-code-signing-certificate\/"]}]},{"@type":"ImageObject","inLanguage":"en-US","@id":"https:\/\/ssl.ma\/en\/product\/digicert-code-signing-certificate\/#primaryimage","url":"https:\/\/ssl.ma\/wp-content\/uploads\/2022\/07\/brand-digicert.jpg","contentUrl":"https:\/\/ssl.ma\/wp-content\/uploads\/2022\/07\/brand-digicert.jpg","width":1280,"height":329,"caption":"SSL Windows Server Maroc - Installez un certificat SSL sur votre serveur Windows pour assurer une connexion s\u00e9curis\u00e9e"},{"@type":"BreadcrumbList","@id":"https:\/\/ssl.ma\/en\/product\/digicert-code-signing-certificate\/#breadcrumb","itemListElement":[{"@type":"ListItem","position":1,"name":"Home","item":"https:\/\/ssl.ma\/en\/"},{"@type":"ListItem","position":2,"name":"DigiCert Code Signing"}]},{"@type":"WebSite","@id":"https:\/\/ssl.ma\/#website","url":"https:\/\/ssl.ma\/","name":"Certificat Ssl Maroc SECTIGO DIGICERT Maroc GEOTRUST Thawt","description":"Certificat SSL Maroc  SSL Wildcard pas cher Achat Certificat SSL Maroc Sectigo Wildcard SSL Free SSL","potentialAction":[{"@type":"SearchAction","target":{"@type":"EntryPoint","urlTemplate":"https:\/\/ssl.ma\/?s={search_term_string}"},"query-input":{"@type":"PropertyValueSpecification","valueRequired":true,"valueName":"search_term_string"}}],"inLanguage":"en-US"}]}},"_links":{"self":[{"href":"https:\/\/ssl.ma\/en\/wp-json\/wp\/v2\/product\/7873","targetHints":{"allow":["GET"]}}],"collection":[{"href":"https:\/\/ssl.ma\/en\/wp-json\/wp\/v2\/product"}],"about":[{"href":"https:\/\/ssl.ma\/en\/wp-json\/wp\/v2\/types\/product"}],"version-history":[{"count":2,"href":"https:\/\/ssl.ma\/en\/wp-json\/wp\/v2\/product\/7873\/revisions"}],"predecessor-version":[{"id":9872,"href":"https:\/\/ssl.ma\/en\/wp-json\/wp\/v2\/product\/7873\/revisions\/9872"}],"wp:featuredmedia":[{"embeddable":true,"href":"https:\/\/ssl.ma\/en\/wp-json\/wp\/v2\/media\/6164"}],"wp:attachment":[{"href":"https:\/\/ssl.ma\/en\/wp-json\/wp\/v2\/media?parent=7873"}],"wp:term":[{"taxonomy":"product_brand","embeddable":true,"href":"https:\/\/ssl.ma\/en\/wp-json\/wp\/v2\/product_brand?post=7873"},{"taxonomy":"product_cat","embeddable":true,"href":"https:\/\/ssl.ma\/en\/wp-json\/wp\/v2\/product_cat?post=7873"},{"taxonomy":"product_tag","embeddable":true,"href":"https:\/\/ssl.ma\/en\/wp-json\/wp\/v2\/product_tag?post=7873"}],"curies":[{"name":"wp","href":"https:\/\/api.w.org\/{rel}","templated":true}]}}