{"id":7217,"date":"2024-11-11T11:21:09","date_gmt":"2024-11-11T10:21:09","guid":{"rendered":"https:\/\/ssl.ma\/product\/digicert-secure-site-ev-multi-domain-ssl\/"},"modified":"2024-11-21T12:28:31","modified_gmt":"2024-11-21T11:28:31","slug":"digicert-secure-site-ev-multi-domain-ssl","status":"publish","type":"product","link":"https:\/\/ssl.ma\/en\/product\/digicert-secure-site-ev-multi-domain-ssl\/","title":{"rendered":"DigiCert Secure Site EV MultiDom"},"content":{"rendered":"<p>Les certificats <strong>DigiCert Secure Site EV Multi-Domain SSL<\/strong> sont une mani\u00e8re rapide et flexible de s\u00e9curiser jusqu&#8217;\u00e0 250 domaines diff\u00e9rents avec une authentification commerciale compl\u00e8te.<br \/>\nL&#8217;identit\u00e9 en ligne de votre entreprise est cruciale pour son succ\u00e8s.<br \/>\nPouvoir offrir une assurance visuelle instantan\u00e9e de votre authenticit\u00e9 et de votre s\u00e9curit\u00e9 est essentiel pour tout site Web.<br \/>\nLes certificats <strong>DigiCert<\/strong> Secure Site <strong>EV Multi-Domain SSL<\/strong> affirment une identit\u00e9 maximale en peuplant les d\u00e9tails de votre certificat avec des informations organisationnelles v\u00e9rifi\u00e9es et en renfor\u00e7ant votre cr\u00e9dibilit\u00e9 avec le <strong>sceau intelligent<\/strong> <strong>DigiCert<\/strong>, montrant \u00e0 tout visiteur que votre organisation est v\u00e9rifi\u00e9e et s\u00fbre pour faire des affaires.<br \/>\nLes certificats <strong>DigiCert<\/strong> Secure Site <strong>EV Multi-Domain SSL<\/strong> sont \u00e9galement livr\u00e9s avec un ensemble complet de fonctionnalit\u00e9s de s\u00e9curit\u00e9 Web et de gestion de certificats, telles qu&#8217;une \u00e9valuation des vuln\u00e9rabilit\u00e9s, une validation et un support prioritaires, ainsi que la plateforme de gestion de certificats <strong>CertCentral\u00ae.<\/strong><br \/>\nIl s&#8217;agit de la solution de gestion la plus simple et rationalis\u00e9e au monde, utilis\u00e9e par certaines des entreprises les plus r\u00e9ussies du monde.<\/p>\n","protected":false},"excerpt":{"rendered":"<p>Les certificats DigiCert Secure Site EV Multi-Domain SSL sont une mani\u00e8re rapide et flexible de s\u00e9curiser jusqu&#8217;\u00e0 250 domaines diff\u00e9rents avec une authentification commerciale compl\u00e8te. L&#8217;identit\u00e9 en ligne de votre entreprise est cruciale pour son succ\u00e8s. Pouvoir offrir une assurance visuelle instantan\u00e9e de votre authenticit\u00e9 et de votre s\u00e9curit\u00e9 est essentiel pour tout site Web. Les certificats DigiCert Secure Site EV Multi-Domain SSL affirment une identit\u00e9 maximale en peuplant les d\u00e9tails de votre certificat avec [&hellip;]<\/p>\n","protected":false},"featured_media":6167,"template":"","meta":{"_acf_changed":false},"product_brand":[],"product_cat":[150,120],"product_tag":[110],"class_list":{"0":"post-7217","1":"product","2":"type-product","3":"status-publish","4":"has-post-thumbnail","6":"product_cat-ssl-multi-domaines-morocco","7":"product_cat-ssl-ev-morocco","8":"product_tag-digicert-certificat-ssl-morocco","10":"first","11":"instock","12":"shipping-taxable","13":"purchasable","14":"product-type-variable","15":"has-default-attributes"},"acf":[],"yoast_head":"<!-- This site is optimized with the Yoast SEO plugin v27.3 - https:\/\/yoast.com\/product\/yoast-seo-wordpress\/ -->\n<title>DigiCert Secure Site EV MultiDom - Certificat Ssl Maroc SECTIGO Maroc GEOTRUST Maroc DIGICERT Maroc<\/title>\n<meta name=\"robots\" content=\"index, follow, max-snippet:-1, max-image-preview:large, max-video-preview:-1\" \/>\n<link rel=\"canonical\" href=\"https:\/\/ssl.ma\/en\/product\/digicert-secure-site-ev-multi-domain-ssl\/\" \/>\n<meta property=\"og:locale\" content=\"en_US\" \/>\n<meta property=\"og:type\" content=\"article\" \/>\n<meta property=\"og:title\" content=\"DigiCert Secure Site EV MultiDom - Certificat Ssl Maroc SECTIGO Maroc GEOTRUST Maroc DIGICERT Maroc\" \/>\n<meta property=\"og:description\" content=\"Les certificats DigiCert Secure Site EV Multi-Domain SSL sont une mani\u00e8re rapide et flexible de s\u00e9curiser jusqu&#8217;\u00e0 250 domaines diff\u00e9rents avec une authentification commerciale compl\u00e8te. L&#8217;identit\u00e9 en ligne de votre entreprise est cruciale pour son succ\u00e8s. Pouvoir offrir une assurance visuelle instantan\u00e9e de votre authenticit\u00e9 et de votre s\u00e9curit\u00e9 est essentiel pour tout site Web. Les certificats DigiCert Secure Site EV Multi-Domain SSL affirment une identit\u00e9 maximale en peuplant les d\u00e9tails de votre certificat avec [&hellip;]\" \/>\n<meta property=\"og:url\" content=\"https:\/\/ssl.ma\/en\/product\/digicert-secure-site-ev-multi-domain-ssl\/\" \/>\n<meta property=\"og:site_name\" content=\"Certificat Ssl Maroc SECTIGO Maroc GEOTRUST Maroc DIGICERT Maroc\" \/>\n<meta property=\"article:publisher\" content=\"https:\/\/web.facebook.com\/HeberDomaine?_rdc=1&amp;_rdr\" \/>\n<meta property=\"article:modified_time\" content=\"2024-11-21T11:28:31+00:00\" \/>\n<meta property=\"og:image\" content=\"https:\/\/ssl.ma\/wp-content\/uploads\/2022\/07\/brand-digicert-1.jpg\" \/>\n\t<meta property=\"og:image:width\" content=\"1280\" \/>\n\t<meta property=\"og:image:height\" content=\"329\" \/>\n\t<meta property=\"og:image:type\" content=\"image\/jpeg\" \/>\n<meta name=\"twitter:card\" content=\"summary_large_image\" \/>\n<meta name=\"twitter:site\" content=\"@heberdomaine\" \/>\n<meta name=\"twitter:label1\" content=\"Est. reading time\" \/>\n\t<meta name=\"twitter:data1\" content=\"1 minute\" \/>\n<script type=\"application\/ld+json\" class=\"yoast-schema-graph\">{\"@context\":\"https:\\\/\\\/schema.org\",\"@graph\":[{\"@type\":\"WebPage\",\"@id\":\"https:\\\/\\\/ssl.ma\\\/en\\\/product\\\/digicert-secure-site-ev-multi-domain-ssl\\\/\",\"url\":\"https:\\\/\\\/ssl.ma\\\/en\\\/product\\\/digicert-secure-site-ev-multi-domain-ssl\\\/\",\"name\":\"DigiCert Secure Site EV MultiDom - Certificat Ssl Maroc SECTIGO Maroc GEOTRUST Maroc DIGICERT Maroc\",\"isPartOf\":{\"@id\":\"https:\\\/\\\/ssl.ma\\\/#website\"},\"primaryImageOfPage\":{\"@id\":\"https:\\\/\\\/ssl.ma\\\/en\\\/product\\\/digicert-secure-site-ev-multi-domain-ssl\\\/#primaryimage\"},\"image\":{\"@id\":\"https:\\\/\\\/ssl.ma\\\/en\\\/product\\\/digicert-secure-site-ev-multi-domain-ssl\\\/#primaryimage\"},\"thumbnailUrl\":\"https:\\\/\\\/ssl.ma\\\/wp-content\\\/uploads\\\/2022\\\/07\\\/brand-digicert-1.jpg\",\"datePublished\":\"2024-11-11T10:21:09+00:00\",\"dateModified\":\"2024-11-21T11:28:31+00:00\",\"breadcrumb\":{\"@id\":\"https:\\\/\\\/ssl.ma\\\/en\\\/product\\\/digicert-secure-site-ev-multi-domain-ssl\\\/#breadcrumb\"},\"inLanguage\":\"en-US\",\"potentialAction\":[{\"@type\":\"ReadAction\",\"target\":[\"https:\\\/\\\/ssl.ma\\\/en\\\/product\\\/digicert-secure-site-ev-multi-domain-ssl\\\/\"]}]},{\"@type\":\"ImageObject\",\"inLanguage\":\"en-US\",\"@id\":\"https:\\\/\\\/ssl.ma\\\/en\\\/product\\\/digicert-secure-site-ev-multi-domain-ssl\\\/#primaryimage\",\"url\":\"https:\\\/\\\/ssl.ma\\\/wp-content\\\/uploads\\\/2022\\\/07\\\/brand-digicert-1.jpg\",\"contentUrl\":\"https:\\\/\\\/ssl.ma\\\/wp-content\\\/uploads\\\/2022\\\/07\\\/brand-digicert-1.jpg\",\"width\":1280,\"height\":329,\"caption\":\"Https SSL TLS Maroc - Prot\u00e9gez vos donn\u00e9es en ligne avec un certificat SSL compatible TLS pour une s\u00e9curit\u00e9 maximale\"},{\"@type\":\"BreadcrumbList\",\"@id\":\"https:\\\/\\\/ssl.ma\\\/en\\\/product\\\/digicert-secure-site-ev-multi-domain-ssl\\\/#breadcrumb\",\"itemListElement\":[{\"@type\":\"ListItem\",\"position\":1,\"name\":\"Home\",\"item\":\"https:\\\/\\\/ssl.ma\\\/en\\\/\"},{\"@type\":\"ListItem\",\"position\":2,\"name\":\"DigiCert Secure Site EV MultiDom\"}]},{\"@type\":\"WebSite\",\"@id\":\"https:\\\/\\\/ssl.ma\\\/#website\",\"url\":\"https:\\\/\\\/ssl.ma\\\/\",\"name\":\"Certificat Ssl Maroc SECTIGO DIGICERT Maroc GEOTRUST Thawt\",\"description\":\"Certificat SSL Maroc  SSL Wildcard pas cher Achat Certificat SSL Maroc Sectigo Wildcard SSL Free SSL\",\"potentialAction\":[{\"@type\":\"SearchAction\",\"target\":{\"@type\":\"EntryPoint\",\"urlTemplate\":\"https:\\\/\\\/ssl.ma\\\/?s={search_term_string}\"},\"query-input\":{\"@type\":\"PropertyValueSpecification\",\"valueRequired\":true,\"valueName\":\"search_term_string\"}}],\"inLanguage\":\"en-US\"}]}<\/script>\n<!-- \/ Yoast SEO plugin. -->","yoast_head_json":{"title":"DigiCert Secure Site EV MultiDom - Certificat Ssl Maroc SECTIGO Maroc GEOTRUST Maroc DIGICERT Maroc","robots":{"index":"index","follow":"follow","max-snippet":"max-snippet:-1","max-image-preview":"max-image-preview:large","max-video-preview":"max-video-preview:-1"},"canonical":"https:\/\/ssl.ma\/en\/product\/digicert-secure-site-ev-multi-domain-ssl\/","og_locale":"en_US","og_type":"article","og_title":"DigiCert Secure Site EV MultiDom - Certificat Ssl Maroc SECTIGO Maroc GEOTRUST Maroc DIGICERT Maroc","og_description":"Les certificats DigiCert Secure Site EV Multi-Domain SSL sont une mani\u00e8re rapide et flexible de s\u00e9curiser jusqu&#8217;\u00e0 250 domaines diff\u00e9rents avec une authentification commerciale compl\u00e8te. L&#8217;identit\u00e9 en ligne de votre entreprise est cruciale pour son succ\u00e8s. Pouvoir offrir une assurance visuelle instantan\u00e9e de votre authenticit\u00e9 et de votre s\u00e9curit\u00e9 est essentiel pour tout site Web. Les certificats DigiCert Secure Site EV Multi-Domain SSL affirment une identit\u00e9 maximale en peuplant les d\u00e9tails de votre certificat avec [&hellip;]","og_url":"https:\/\/ssl.ma\/en\/product\/digicert-secure-site-ev-multi-domain-ssl\/","og_site_name":"Certificat Ssl Maroc SECTIGO Maroc GEOTRUST Maroc DIGICERT Maroc","article_publisher":"https:\/\/web.facebook.com\/HeberDomaine?_rdc=1&_rdr","article_modified_time":"2024-11-21T11:28:31+00:00","og_image":[{"width":1280,"height":329,"url":"https:\/\/ssl.ma\/wp-content\/uploads\/2022\/07\/brand-digicert-1.jpg","type":"image\/jpeg"}],"twitter_card":"summary_large_image","twitter_site":"@heberdomaine","twitter_misc":{"Est. reading time":"1 minute"},"schema":{"@context":"https:\/\/schema.org","@graph":[{"@type":"WebPage","@id":"https:\/\/ssl.ma\/en\/product\/digicert-secure-site-ev-multi-domain-ssl\/","url":"https:\/\/ssl.ma\/en\/product\/digicert-secure-site-ev-multi-domain-ssl\/","name":"DigiCert Secure Site EV MultiDom - Certificat Ssl Maroc SECTIGO Maroc GEOTRUST Maroc DIGICERT Maroc","isPartOf":{"@id":"https:\/\/ssl.ma\/#website"},"primaryImageOfPage":{"@id":"https:\/\/ssl.ma\/en\/product\/digicert-secure-site-ev-multi-domain-ssl\/#primaryimage"},"image":{"@id":"https:\/\/ssl.ma\/en\/product\/digicert-secure-site-ev-multi-domain-ssl\/#primaryimage"},"thumbnailUrl":"https:\/\/ssl.ma\/wp-content\/uploads\/2022\/07\/brand-digicert-1.jpg","datePublished":"2024-11-11T10:21:09+00:00","dateModified":"2024-11-21T11:28:31+00:00","breadcrumb":{"@id":"https:\/\/ssl.ma\/en\/product\/digicert-secure-site-ev-multi-domain-ssl\/#breadcrumb"},"inLanguage":"en-US","potentialAction":[{"@type":"ReadAction","target":["https:\/\/ssl.ma\/en\/product\/digicert-secure-site-ev-multi-domain-ssl\/"]}]},{"@type":"ImageObject","inLanguage":"en-US","@id":"https:\/\/ssl.ma\/en\/product\/digicert-secure-site-ev-multi-domain-ssl\/#primaryimage","url":"https:\/\/ssl.ma\/wp-content\/uploads\/2022\/07\/brand-digicert-1.jpg","contentUrl":"https:\/\/ssl.ma\/wp-content\/uploads\/2022\/07\/brand-digicert-1.jpg","width":1280,"height":329,"caption":"Https SSL TLS Maroc - Prot\u00e9gez vos donn\u00e9es en ligne avec un certificat SSL compatible TLS pour une s\u00e9curit\u00e9 maximale"},{"@type":"BreadcrumbList","@id":"https:\/\/ssl.ma\/en\/product\/digicert-secure-site-ev-multi-domain-ssl\/#breadcrumb","itemListElement":[{"@type":"ListItem","position":1,"name":"Home","item":"https:\/\/ssl.ma\/en\/"},{"@type":"ListItem","position":2,"name":"DigiCert Secure Site EV MultiDom"}]},{"@type":"WebSite","@id":"https:\/\/ssl.ma\/#website","url":"https:\/\/ssl.ma\/","name":"Certificat Ssl Maroc SECTIGO DIGICERT Maroc GEOTRUST Thawt","description":"Certificat SSL Maroc  SSL Wildcard pas cher Achat Certificat SSL Maroc Sectigo Wildcard SSL Free SSL","potentialAction":[{"@type":"SearchAction","target":{"@type":"EntryPoint","urlTemplate":"https:\/\/ssl.ma\/?s={search_term_string}"},"query-input":{"@type":"PropertyValueSpecification","valueRequired":true,"valueName":"search_term_string"}}],"inLanguage":"en-US"}]}},"_links":{"self":[{"href":"https:\/\/ssl.ma\/en\/wp-json\/wp\/v2\/product\/7217","targetHints":{"allow":["GET"]}}],"collection":[{"href":"https:\/\/ssl.ma\/en\/wp-json\/wp\/v2\/product"}],"about":[{"href":"https:\/\/ssl.ma\/en\/wp-json\/wp\/v2\/types\/product"}],"version-history":[{"count":5,"href":"https:\/\/ssl.ma\/en\/wp-json\/wp\/v2\/product\/7217\/revisions"}],"predecessor-version":[{"id":9870,"href":"https:\/\/ssl.ma\/en\/wp-json\/wp\/v2\/product\/7217\/revisions\/9870"}],"wp:featuredmedia":[{"embeddable":true,"href":"https:\/\/ssl.ma\/en\/wp-json\/wp\/v2\/media\/6167"}],"wp:attachment":[{"href":"https:\/\/ssl.ma\/en\/wp-json\/wp\/v2\/media?parent=7217"}],"wp:term":[{"taxonomy":"product_brand","embeddable":true,"href":"https:\/\/ssl.ma\/en\/wp-json\/wp\/v2\/product_brand?post=7217"},{"taxonomy":"product_cat","embeddable":true,"href":"https:\/\/ssl.ma\/en\/wp-json\/wp\/v2\/product_cat?post=7217"},{"taxonomy":"product_tag","embeddable":true,"href":"https:\/\/ssl.ma\/en\/wp-json\/wp\/v2\/product_tag?post=7217"}],"curies":[{"name":"wp","href":"https:\/\/api.w.org\/{rel}","templated":true}]}}