{"id":7201,"date":"2024-11-11T11:21:26","date_gmt":"2024-11-11T10:21:26","guid":{"rendered":"https:\/\/ssl.ma\/product\/digicert-secure-site-ev-ssl\/"},"modified":"2024-11-21T12:26:25","modified_gmt":"2024-11-21T11:26:25","slug":"digicert-secure-site-ev-ssl","status":"publish","type":"product","link":"https:\/\/ssl.ma\/en\/product\/digicert-secure-site-ev-ssl\/","title":{"rendered":"DigiCert Secure Site EV SSL"},"content":{"rendered":"<p>Les certificats<strong> DigiCert Secure Site EV SSL<\/strong> offrent une protection haut de gamme pour l&#8217;actif le plus pr\u00e9cieux de votre organisation : sa marque.<br \/>\nLa validation \u00e9tendue est le niveau le plus \u00e9lev\u00e9 d&#8217;authentification commerciale disponible, peuplant votre certificat avec les d\u00e9tails commerciaux v\u00e9rifi\u00e9s et renfor\u00e7ant la confiance en permettant \u00e0 vos clients de confirmer votre identit\u00e9.<br \/>\nEt gr\u00e2ce \u00e0 la Validation Prioritaire de <strong>DigiCert<\/strong>, toutes les tracasseries ont \u00e9t\u00e9 \u00e9limin\u00e9es.<br \/>\nPas besoin d&#8217;attendre la validation et la d\u00e9livrance de votre certificat, car vous pouvez passer directement au premier plan. Les clients de Secure Site <strong>EV SSL<\/strong> peuvent \u00e9galement d\u00e9ployer le sceau intelligent r\u00e9volutionnaire de <strong>DigiCert<\/strong> pour accro\u00eetre la confiance des utilisateurs et les conversions.<br \/>\nEt pour couronner le tout, vous disposerez de la plateforme de gestion de<strong> certificats CertCentral\u00ae<\/strong> pour g\u00e9rer votre <strong>certificat Secure Site EV SSL<\/strong>, ainsi que tout autre certificat num\u00e9rique que vous pourriez avoir sur votre r\u00e9seau. Les organisations s\u00e9rieuses ont besoin de solutions de s\u00e9curit\u00e9 Web s\u00e9rieuses, et les certificats <strong>DigiCert Secure Site EV SSL<\/strong> offrent cela et bien plus encore.<\/p>\n","protected":false},"excerpt":{"rendered":"<p>Les certificats DigiCert Secure Site EV SSL offrent une protection haut de gamme pour l&#8217;actif le plus pr\u00e9cieux de votre organisation : sa marque. La validation \u00e9tendue est le niveau le plus \u00e9lev\u00e9 d&#8217;authentification commerciale disponible, peuplant votre certificat avec les d\u00e9tails commerciaux v\u00e9rifi\u00e9s et renfor\u00e7ant la confiance en permettant \u00e0 vos clients de confirmer votre identit\u00e9. Et gr\u00e2ce \u00e0 la Validation Prioritaire de DigiCert, toutes les tracasseries ont \u00e9t\u00e9 \u00e9limin\u00e9es. Pas besoin d&#8217;attendre la [&hellip;]<\/p>\n","protected":false},"featured_media":6167,"template":"","meta":{"_acf_changed":false},"product_brand":[],"product_cat":[120],"product_tag":[110],"class_list":{"0":"post-7201","1":"product","2":"type-product","3":"status-publish","4":"has-post-thumbnail","6":"product_cat-ssl-ev-morocco","7":"product_tag-digicert-certificat-ssl-morocco","9":"first","10":"instock","11":"shipping-taxable","12":"purchasable","13":"product-type-variable","14":"has-default-attributes"},"acf":[],"yoast_head":"<!-- This site is optimized with the Yoast SEO plugin v27.3 - https:\/\/yoast.com\/product\/yoast-seo-wordpress\/ -->\n<title>DigiCert Secure Site EV SSL - Certificat Ssl Maroc SECTIGO Maroc GEOTRUST Maroc DIGICERT Maroc<\/title>\n<meta name=\"robots\" content=\"index, follow, max-snippet:-1, max-image-preview:large, max-video-preview:-1\" \/>\n<link rel=\"canonical\" href=\"https:\/\/ssl.ma\/en\/product\/digicert-secure-site-ev-ssl\/\" \/>\n<meta property=\"og:locale\" content=\"en_US\" \/>\n<meta property=\"og:type\" content=\"article\" \/>\n<meta property=\"og:title\" content=\"DigiCert Secure Site EV SSL - Certificat Ssl Maroc SECTIGO Maroc GEOTRUST Maroc DIGICERT Maroc\" \/>\n<meta property=\"og:description\" content=\"Les certificats DigiCert Secure Site EV SSL offrent une protection haut de gamme pour l&#8217;actif le plus pr\u00e9cieux de votre organisation : sa marque. La validation \u00e9tendue est le niveau le plus \u00e9lev\u00e9 d&#8217;authentification commerciale disponible, peuplant votre certificat avec les d\u00e9tails commerciaux v\u00e9rifi\u00e9s et renfor\u00e7ant la confiance en permettant \u00e0 vos clients de confirmer votre identit\u00e9. Et gr\u00e2ce \u00e0 la Validation Prioritaire de DigiCert, toutes les tracasseries ont \u00e9t\u00e9 \u00e9limin\u00e9es. Pas besoin d&#8217;attendre la [&hellip;]\" \/>\n<meta property=\"og:url\" content=\"https:\/\/ssl.ma\/en\/product\/digicert-secure-site-ev-ssl\/\" \/>\n<meta property=\"og:site_name\" content=\"Certificat Ssl Maroc SECTIGO Maroc GEOTRUST Maroc DIGICERT Maroc\" \/>\n<meta property=\"article:publisher\" content=\"https:\/\/web.facebook.com\/HeberDomaine?_rdc=1&amp;_rdr\" \/>\n<meta property=\"article:modified_time\" content=\"2024-11-21T11:26:25+00:00\" \/>\n<meta property=\"og:image\" content=\"https:\/\/ssl.ma\/wp-content\/uploads\/2022\/07\/brand-digicert-1.jpg\" \/>\n\t<meta property=\"og:image:width\" content=\"1280\" \/>\n\t<meta property=\"og:image:height\" content=\"329\" \/>\n\t<meta property=\"og:image:type\" content=\"image\/jpeg\" \/>\n<meta name=\"twitter:card\" content=\"summary_large_image\" \/>\n<meta name=\"twitter:site\" content=\"@heberdomaine\" \/>\n<meta name=\"twitter:label1\" content=\"Est. reading time\" \/>\n\t<meta name=\"twitter:data1\" content=\"1 minute\" \/>\n<script type=\"application\/ld+json\" class=\"yoast-schema-graph\">{\"@context\":\"https:\\\/\\\/schema.org\",\"@graph\":[{\"@type\":\"WebPage\",\"@id\":\"https:\\\/\\\/ssl.ma\\\/en\\\/product\\\/digicert-secure-site-ev-ssl\\\/\",\"url\":\"https:\\\/\\\/ssl.ma\\\/en\\\/product\\\/digicert-secure-site-ev-ssl\\\/\",\"name\":\"DigiCert Secure Site EV SSL - Certificat Ssl Maroc SECTIGO Maroc GEOTRUST Maroc DIGICERT Maroc\",\"isPartOf\":{\"@id\":\"https:\\\/\\\/ssl.ma\\\/#website\"},\"primaryImageOfPage\":{\"@id\":\"https:\\\/\\\/ssl.ma\\\/en\\\/product\\\/digicert-secure-site-ev-ssl\\\/#primaryimage\"},\"image\":{\"@id\":\"https:\\\/\\\/ssl.ma\\\/en\\\/product\\\/digicert-secure-site-ev-ssl\\\/#primaryimage\"},\"thumbnailUrl\":\"https:\\\/\\\/ssl.ma\\\/wp-content\\\/uploads\\\/2022\\\/07\\\/brand-digicert-1.jpg\",\"datePublished\":\"2024-11-11T10:21:26+00:00\",\"dateModified\":\"2024-11-21T11:26:25+00:00\",\"breadcrumb\":{\"@id\":\"https:\\\/\\\/ssl.ma\\\/en\\\/product\\\/digicert-secure-site-ev-ssl\\\/#breadcrumb\"},\"inLanguage\":\"en-US\",\"potentialAction\":[{\"@type\":\"ReadAction\",\"target\":[\"https:\\\/\\\/ssl.ma\\\/en\\\/product\\\/digicert-secure-site-ev-ssl\\\/\"]}]},{\"@type\":\"ImageObject\",\"inLanguage\":\"en-US\",\"@id\":\"https:\\\/\\\/ssl.ma\\\/en\\\/product\\\/digicert-secure-site-ev-ssl\\\/#primaryimage\",\"url\":\"https:\\\/\\\/ssl.ma\\\/wp-content\\\/uploads\\\/2022\\\/07\\\/brand-digicert-1.jpg\",\"contentUrl\":\"https:\\\/\\\/ssl.ma\\\/wp-content\\\/uploads\\\/2022\\\/07\\\/brand-digicert-1.jpg\",\"width\":1280,\"height\":329,\"caption\":\"Https SSL TLS Maroc - Prot\u00e9gez vos donn\u00e9es en ligne avec un certificat SSL compatible TLS pour une s\u00e9curit\u00e9 maximale\"},{\"@type\":\"BreadcrumbList\",\"@id\":\"https:\\\/\\\/ssl.ma\\\/en\\\/product\\\/digicert-secure-site-ev-ssl\\\/#breadcrumb\",\"itemListElement\":[{\"@type\":\"ListItem\",\"position\":1,\"name\":\"Home\",\"item\":\"https:\\\/\\\/ssl.ma\\\/en\\\/\"},{\"@type\":\"ListItem\",\"position\":2,\"name\":\"DigiCert Secure Site EV SSL\"}]},{\"@type\":\"WebSite\",\"@id\":\"https:\\\/\\\/ssl.ma\\\/#website\",\"url\":\"https:\\\/\\\/ssl.ma\\\/\",\"name\":\"Certificat Ssl Maroc SECTIGO DIGICERT Maroc GEOTRUST Thawt\",\"description\":\"Certificat SSL Maroc  SSL Wildcard pas cher Achat Certificat SSL Maroc Sectigo Wildcard SSL Free SSL\",\"potentialAction\":[{\"@type\":\"SearchAction\",\"target\":{\"@type\":\"EntryPoint\",\"urlTemplate\":\"https:\\\/\\\/ssl.ma\\\/?s={search_term_string}\"},\"query-input\":{\"@type\":\"PropertyValueSpecification\",\"valueRequired\":true,\"valueName\":\"search_term_string\"}}],\"inLanguage\":\"en-US\"}]}<\/script>\n<!-- \/ Yoast SEO plugin. -->","yoast_head_json":{"title":"DigiCert Secure Site EV SSL - Certificat Ssl Maroc SECTIGO Maroc GEOTRUST Maroc DIGICERT Maroc","robots":{"index":"index","follow":"follow","max-snippet":"max-snippet:-1","max-image-preview":"max-image-preview:large","max-video-preview":"max-video-preview:-1"},"canonical":"https:\/\/ssl.ma\/en\/product\/digicert-secure-site-ev-ssl\/","og_locale":"en_US","og_type":"article","og_title":"DigiCert Secure Site EV SSL - Certificat Ssl Maroc SECTIGO Maroc GEOTRUST Maroc DIGICERT Maroc","og_description":"Les certificats DigiCert Secure Site EV SSL offrent une protection haut de gamme pour l&#8217;actif le plus pr\u00e9cieux de votre organisation : sa marque. La validation \u00e9tendue est le niveau le plus \u00e9lev\u00e9 d&#8217;authentification commerciale disponible, peuplant votre certificat avec les d\u00e9tails commerciaux v\u00e9rifi\u00e9s et renfor\u00e7ant la confiance en permettant \u00e0 vos clients de confirmer votre identit\u00e9. Et gr\u00e2ce \u00e0 la Validation Prioritaire de DigiCert, toutes les tracasseries ont \u00e9t\u00e9 \u00e9limin\u00e9es. Pas besoin d&#8217;attendre la [&hellip;]","og_url":"https:\/\/ssl.ma\/en\/product\/digicert-secure-site-ev-ssl\/","og_site_name":"Certificat Ssl Maroc SECTIGO Maroc GEOTRUST Maroc DIGICERT Maroc","article_publisher":"https:\/\/web.facebook.com\/HeberDomaine?_rdc=1&_rdr","article_modified_time":"2024-11-21T11:26:25+00:00","og_image":[{"width":1280,"height":329,"url":"https:\/\/ssl.ma\/wp-content\/uploads\/2022\/07\/brand-digicert-1.jpg","type":"image\/jpeg"}],"twitter_card":"summary_large_image","twitter_site":"@heberdomaine","twitter_misc":{"Est. reading time":"1 minute"},"schema":{"@context":"https:\/\/schema.org","@graph":[{"@type":"WebPage","@id":"https:\/\/ssl.ma\/en\/product\/digicert-secure-site-ev-ssl\/","url":"https:\/\/ssl.ma\/en\/product\/digicert-secure-site-ev-ssl\/","name":"DigiCert Secure Site EV SSL - Certificat Ssl Maroc SECTIGO Maroc GEOTRUST Maroc DIGICERT Maroc","isPartOf":{"@id":"https:\/\/ssl.ma\/#website"},"primaryImageOfPage":{"@id":"https:\/\/ssl.ma\/en\/product\/digicert-secure-site-ev-ssl\/#primaryimage"},"image":{"@id":"https:\/\/ssl.ma\/en\/product\/digicert-secure-site-ev-ssl\/#primaryimage"},"thumbnailUrl":"https:\/\/ssl.ma\/wp-content\/uploads\/2022\/07\/brand-digicert-1.jpg","datePublished":"2024-11-11T10:21:26+00:00","dateModified":"2024-11-21T11:26:25+00:00","breadcrumb":{"@id":"https:\/\/ssl.ma\/en\/product\/digicert-secure-site-ev-ssl\/#breadcrumb"},"inLanguage":"en-US","potentialAction":[{"@type":"ReadAction","target":["https:\/\/ssl.ma\/en\/product\/digicert-secure-site-ev-ssl\/"]}]},{"@type":"ImageObject","inLanguage":"en-US","@id":"https:\/\/ssl.ma\/en\/product\/digicert-secure-site-ev-ssl\/#primaryimage","url":"https:\/\/ssl.ma\/wp-content\/uploads\/2022\/07\/brand-digicert-1.jpg","contentUrl":"https:\/\/ssl.ma\/wp-content\/uploads\/2022\/07\/brand-digicert-1.jpg","width":1280,"height":329,"caption":"Https SSL TLS Maroc - Prot\u00e9gez vos donn\u00e9es en ligne avec un certificat SSL compatible TLS pour une s\u00e9curit\u00e9 maximale"},{"@type":"BreadcrumbList","@id":"https:\/\/ssl.ma\/en\/product\/digicert-secure-site-ev-ssl\/#breadcrumb","itemListElement":[{"@type":"ListItem","position":1,"name":"Home","item":"https:\/\/ssl.ma\/en\/"},{"@type":"ListItem","position":2,"name":"DigiCert Secure Site EV SSL"}]},{"@type":"WebSite","@id":"https:\/\/ssl.ma\/#website","url":"https:\/\/ssl.ma\/","name":"Certificat Ssl Maroc SECTIGO DIGICERT Maroc GEOTRUST Thawt","description":"Certificat SSL Maroc  SSL Wildcard pas cher Achat Certificat SSL Maroc Sectigo Wildcard SSL Free SSL","potentialAction":[{"@type":"SearchAction","target":{"@type":"EntryPoint","urlTemplate":"https:\/\/ssl.ma\/?s={search_term_string}"},"query-input":{"@type":"PropertyValueSpecification","valueRequired":true,"valueName":"search_term_string"}}],"inLanguage":"en-US"}]}},"_links":{"self":[{"href":"https:\/\/ssl.ma\/en\/wp-json\/wp\/v2\/product\/7201","targetHints":{"allow":["GET"]}}],"collection":[{"href":"https:\/\/ssl.ma\/en\/wp-json\/wp\/v2\/product"}],"about":[{"href":"https:\/\/ssl.ma\/en\/wp-json\/wp\/v2\/types\/product"}],"version-history":[{"count":3,"href":"https:\/\/ssl.ma\/en\/wp-json\/wp\/v2\/product\/7201\/revisions"}],"predecessor-version":[{"id":9866,"href":"https:\/\/ssl.ma\/en\/wp-json\/wp\/v2\/product\/7201\/revisions\/9866"}],"wp:featuredmedia":[{"embeddable":true,"href":"https:\/\/ssl.ma\/en\/wp-json\/wp\/v2\/media\/6167"}],"wp:attachment":[{"href":"https:\/\/ssl.ma\/en\/wp-json\/wp\/v2\/media?parent=7201"}],"wp:term":[{"taxonomy":"product_brand","embeddable":true,"href":"https:\/\/ssl.ma\/en\/wp-json\/wp\/v2\/product_brand?post=7201"},{"taxonomy":"product_cat","embeddable":true,"href":"https:\/\/ssl.ma\/en\/wp-json\/wp\/v2\/product_cat?post=7201"},{"taxonomy":"product_tag","embeddable":true,"href":"https:\/\/ssl.ma\/en\/wp-json\/wp\/v2\/product_tag?post=7201"}],"curies":[{"name":"wp","href":"https:\/\/api.w.org\/{rel}","templated":true}]}}