{"id":7172,"date":"2024-11-11T11:21:27","date_gmt":"2024-11-11T10:21:27","guid":{"rendered":"https:\/\/ssl.ma\/product\/digicert-secure-site-wildcard-ssl\/"},"modified":"2024-11-21T12:25:33","modified_gmt":"2024-11-21T11:25:33","slug":"digicert-secure-site-wildcard-ssl","status":"publish","type":"product","link":"https:\/\/ssl.ma\/en\/product\/digicert-secure-site-wildcard-ssl\/","title":{"rendered":"DigiCert Secure Site Wildcard"},"content":{"rendered":"<p>Les certificats <strong>DigiCert Secure Site Wildcard SSL<\/strong> simplifient et acc\u00e9l\u00e8rent la s\u00e9curisation des sous-domaines de votre organisation. Il s&#8217;agit du plus haut niveau d&#8217;authentification commerciale disponible avec un<strong> certificat Wildcard SSL<\/strong>.<br \/>\nChaque sous-domaine que vous s\u00e9curisez avec votre certificat DigiCert Secure Site Wildcard affichera des informations organisationnelles v\u00e9rifi\u00e9es dans le champ de sujet des d\u00e9tails de votre certificat.<br \/>\nVous \u00e9tablirez \u00e9galement une reconnaissance instantan\u00e9e et une confiance avec le <strong>DigiCert Smart Seal<\/strong>, un s<strong>ceau de confiance dynamique<\/strong> montrant aux utilisateurs que votre site Web est digne de confiance.<br \/>\nLa gestion de votre certificat <strong>Secure Site Wildcard SSL<\/strong> n&#8217;a jamais \u00e9t\u00e9 aussi facile.<br \/>\n<strong>DigiCert CertCentral<\/strong>\u00ae Certificate Management Platform est le choix des grandes entreprises du monde entier.<br \/>\nC&#8217;est facile \u00e0 configurer, facile \u00e0 comprendre et facile \u00e0 utiliser.<br \/>\nArr\u00eatez de compliquer inutilement les certificats SSL. Le certificat <strong>DigiCert Secure Site Wildcard SSL<\/strong> rend la s\u00e9curisation de votre site Web et de ses <strong>sous-domaines<\/strong> simple.<\/p>\n","protected":false},"excerpt":{"rendered":"<p>Les certificats DigiCert Secure Site Wildcard SSL simplifient et acc\u00e9l\u00e8rent la s\u00e9curisation des sous-domaines de votre organisation. Il s&#8217;agit du plus haut niveau d&#8217;authentification commerciale disponible avec un certificat Wildcard SSL. Chaque sous-domaine que vous s\u00e9curisez avec votre certificat DigiCert Secure Site Wildcard affichera des informations organisationnelles v\u00e9rifi\u00e9es dans le champ de sujet des d\u00e9tails de votre certificat. Vous \u00e9tablirez \u00e9galement une reconnaissance instantan\u00e9e et une confiance avec le DigiCert Smart Seal, un sceau de [&hellip;]<\/p>\n","protected":false},"featured_media":6167,"template":"","meta":{"_acf_changed":false},"product_brand":[],"product_cat":[121,122],"product_tag":[110],"class_list":{"0":"post-7172","1":"product","2":"type-product","3":"status-publish","4":"has-post-thumbnail","6":"product_cat-ssl-ov-morocco","7":"product_cat-ssl-wildcard-morocco","8":"product_tag-digicert-certificat-ssl-morocco","10":"first","11":"instock","12":"shipping-taxable","13":"purchasable","14":"product-type-variable","15":"has-default-attributes"},"acf":[],"yoast_head":"<!-- This site is optimized with the Yoast SEO plugin v27.3 - https:\/\/yoast.com\/product\/yoast-seo-wordpress\/ -->\n<title>DigiCert Secure Site Wildcard - Certificat Ssl Maroc SECTIGO Maroc GEOTRUST Maroc DIGICERT Maroc<\/title>\n<meta name=\"robots\" content=\"index, follow, max-snippet:-1, max-image-preview:large, max-video-preview:-1\" \/>\n<link rel=\"canonical\" href=\"https:\/\/ssl.ma\/en\/product\/digicert-secure-site-wildcard-ssl\/\" \/>\n<meta property=\"og:locale\" content=\"en_US\" \/>\n<meta property=\"og:type\" content=\"article\" \/>\n<meta property=\"og:title\" content=\"DigiCert Secure Site Wildcard - Certificat Ssl Maroc SECTIGO Maroc GEOTRUST Maroc DIGICERT Maroc\" \/>\n<meta property=\"og:description\" content=\"Les certificats DigiCert Secure Site Wildcard SSL simplifient et acc\u00e9l\u00e8rent la s\u00e9curisation des sous-domaines de votre organisation. Il s&#8217;agit du plus haut niveau d&#8217;authentification commerciale disponible avec un certificat Wildcard SSL. Chaque sous-domaine que vous s\u00e9curisez avec votre certificat DigiCert Secure Site Wildcard affichera des informations organisationnelles v\u00e9rifi\u00e9es dans le champ de sujet des d\u00e9tails de votre certificat. Vous \u00e9tablirez \u00e9galement une reconnaissance instantan\u00e9e et une confiance avec le DigiCert Smart Seal, un sceau de [&hellip;]\" \/>\n<meta property=\"og:url\" content=\"https:\/\/ssl.ma\/en\/product\/digicert-secure-site-wildcard-ssl\/\" \/>\n<meta property=\"og:site_name\" content=\"Certificat Ssl Maroc SECTIGO Maroc GEOTRUST Maroc DIGICERT Maroc\" \/>\n<meta property=\"article:publisher\" content=\"https:\/\/web.facebook.com\/HeberDomaine?_rdc=1&amp;_rdr\" \/>\n<meta property=\"article:modified_time\" content=\"2024-11-21T11:25:33+00:00\" \/>\n<meta property=\"og:image\" content=\"https:\/\/ssl.ma\/wp-content\/uploads\/2022\/07\/brand-digicert-1.jpg\" \/>\n\t<meta property=\"og:image:width\" content=\"1280\" \/>\n\t<meta property=\"og:image:height\" content=\"329\" \/>\n\t<meta property=\"og:image:type\" content=\"image\/jpeg\" \/>\n<meta name=\"twitter:card\" content=\"summary_large_image\" \/>\n<meta name=\"twitter:site\" content=\"@heberdomaine\" \/>\n<meta name=\"twitter:label1\" content=\"Est. reading time\" \/>\n\t<meta name=\"twitter:data1\" content=\"1 minute\" \/>\n<script type=\"application\/ld+json\" class=\"yoast-schema-graph\">{\"@context\":\"https:\\\/\\\/schema.org\",\"@graph\":[{\"@type\":\"WebPage\",\"@id\":\"https:\\\/\\\/ssl.ma\\\/en\\\/product\\\/digicert-secure-site-wildcard-ssl\\\/\",\"url\":\"https:\\\/\\\/ssl.ma\\\/en\\\/product\\\/digicert-secure-site-wildcard-ssl\\\/\",\"name\":\"DigiCert Secure Site Wildcard - Certificat Ssl Maroc SECTIGO Maroc GEOTRUST Maroc DIGICERT Maroc\",\"isPartOf\":{\"@id\":\"https:\\\/\\\/ssl.ma\\\/#website\"},\"primaryImageOfPage\":{\"@id\":\"https:\\\/\\\/ssl.ma\\\/en\\\/product\\\/digicert-secure-site-wildcard-ssl\\\/#primaryimage\"},\"image\":{\"@id\":\"https:\\\/\\\/ssl.ma\\\/en\\\/product\\\/digicert-secure-site-wildcard-ssl\\\/#primaryimage\"},\"thumbnailUrl\":\"https:\\\/\\\/ssl.ma\\\/wp-content\\\/uploads\\\/2022\\\/07\\\/brand-digicert-1.jpg\",\"datePublished\":\"2024-11-11T10:21:27+00:00\",\"dateModified\":\"2024-11-21T11:25:33+00:00\",\"breadcrumb\":{\"@id\":\"https:\\\/\\\/ssl.ma\\\/en\\\/product\\\/digicert-secure-site-wildcard-ssl\\\/#breadcrumb\"},\"inLanguage\":\"en-US\",\"potentialAction\":[{\"@type\":\"ReadAction\",\"target\":[\"https:\\\/\\\/ssl.ma\\\/en\\\/product\\\/digicert-secure-site-wildcard-ssl\\\/\"]}]},{\"@type\":\"ImageObject\",\"inLanguage\":\"en-US\",\"@id\":\"https:\\\/\\\/ssl.ma\\\/en\\\/product\\\/digicert-secure-site-wildcard-ssl\\\/#primaryimage\",\"url\":\"https:\\\/\\\/ssl.ma\\\/wp-content\\\/uploads\\\/2022\\\/07\\\/brand-digicert-1.jpg\",\"contentUrl\":\"https:\\\/\\\/ssl.ma\\\/wp-content\\\/uploads\\\/2022\\\/07\\\/brand-digicert-1.jpg\",\"width\":1280,\"height\":329,\"caption\":\"Https SSL TLS Maroc - Prot\u00e9gez vos donn\u00e9es en ligne avec un certificat SSL compatible TLS pour une s\u00e9curit\u00e9 maximale\"},{\"@type\":\"BreadcrumbList\",\"@id\":\"https:\\\/\\\/ssl.ma\\\/en\\\/product\\\/digicert-secure-site-wildcard-ssl\\\/#breadcrumb\",\"itemListElement\":[{\"@type\":\"ListItem\",\"position\":1,\"name\":\"Home\",\"item\":\"https:\\\/\\\/ssl.ma\\\/en\\\/\"},{\"@type\":\"ListItem\",\"position\":2,\"name\":\"DigiCert Secure Site Wildcard\"}]},{\"@type\":\"WebSite\",\"@id\":\"https:\\\/\\\/ssl.ma\\\/#website\",\"url\":\"https:\\\/\\\/ssl.ma\\\/\",\"name\":\"Certificat Ssl Maroc SECTIGO DIGICERT Maroc GEOTRUST Thawt\",\"description\":\"Certificat SSL Maroc  SSL Wildcard pas cher Achat Certificat SSL Maroc Sectigo Wildcard SSL Free SSL\",\"potentialAction\":[{\"@type\":\"SearchAction\",\"target\":{\"@type\":\"EntryPoint\",\"urlTemplate\":\"https:\\\/\\\/ssl.ma\\\/?s={search_term_string}\"},\"query-input\":{\"@type\":\"PropertyValueSpecification\",\"valueRequired\":true,\"valueName\":\"search_term_string\"}}],\"inLanguage\":\"en-US\"}]}<\/script>\n<!-- \/ Yoast SEO plugin. -->","yoast_head_json":{"title":"DigiCert Secure Site Wildcard - Certificat Ssl Maroc SECTIGO Maroc GEOTRUST Maroc DIGICERT Maroc","robots":{"index":"index","follow":"follow","max-snippet":"max-snippet:-1","max-image-preview":"max-image-preview:large","max-video-preview":"max-video-preview:-1"},"canonical":"https:\/\/ssl.ma\/en\/product\/digicert-secure-site-wildcard-ssl\/","og_locale":"en_US","og_type":"article","og_title":"DigiCert Secure Site Wildcard - Certificat Ssl Maroc SECTIGO Maroc GEOTRUST Maroc DIGICERT Maroc","og_description":"Les certificats DigiCert Secure Site Wildcard SSL simplifient et acc\u00e9l\u00e8rent la s\u00e9curisation des sous-domaines de votre organisation. Il s&#8217;agit du plus haut niveau d&#8217;authentification commerciale disponible avec un certificat Wildcard SSL. Chaque sous-domaine que vous s\u00e9curisez avec votre certificat DigiCert Secure Site Wildcard affichera des informations organisationnelles v\u00e9rifi\u00e9es dans le champ de sujet des d\u00e9tails de votre certificat. Vous \u00e9tablirez \u00e9galement une reconnaissance instantan\u00e9e et une confiance avec le DigiCert Smart Seal, un sceau de [&hellip;]","og_url":"https:\/\/ssl.ma\/en\/product\/digicert-secure-site-wildcard-ssl\/","og_site_name":"Certificat Ssl Maroc SECTIGO Maroc GEOTRUST Maroc DIGICERT Maroc","article_publisher":"https:\/\/web.facebook.com\/HeberDomaine?_rdc=1&_rdr","article_modified_time":"2024-11-21T11:25:33+00:00","og_image":[{"width":1280,"height":329,"url":"https:\/\/ssl.ma\/wp-content\/uploads\/2022\/07\/brand-digicert-1.jpg","type":"image\/jpeg"}],"twitter_card":"summary_large_image","twitter_site":"@heberdomaine","twitter_misc":{"Est. reading time":"1 minute"},"schema":{"@context":"https:\/\/schema.org","@graph":[{"@type":"WebPage","@id":"https:\/\/ssl.ma\/en\/product\/digicert-secure-site-wildcard-ssl\/","url":"https:\/\/ssl.ma\/en\/product\/digicert-secure-site-wildcard-ssl\/","name":"DigiCert Secure Site Wildcard - Certificat Ssl Maroc SECTIGO Maroc GEOTRUST Maroc DIGICERT Maroc","isPartOf":{"@id":"https:\/\/ssl.ma\/#website"},"primaryImageOfPage":{"@id":"https:\/\/ssl.ma\/en\/product\/digicert-secure-site-wildcard-ssl\/#primaryimage"},"image":{"@id":"https:\/\/ssl.ma\/en\/product\/digicert-secure-site-wildcard-ssl\/#primaryimage"},"thumbnailUrl":"https:\/\/ssl.ma\/wp-content\/uploads\/2022\/07\/brand-digicert-1.jpg","datePublished":"2024-11-11T10:21:27+00:00","dateModified":"2024-11-21T11:25:33+00:00","breadcrumb":{"@id":"https:\/\/ssl.ma\/en\/product\/digicert-secure-site-wildcard-ssl\/#breadcrumb"},"inLanguage":"en-US","potentialAction":[{"@type":"ReadAction","target":["https:\/\/ssl.ma\/en\/product\/digicert-secure-site-wildcard-ssl\/"]}]},{"@type":"ImageObject","inLanguage":"en-US","@id":"https:\/\/ssl.ma\/en\/product\/digicert-secure-site-wildcard-ssl\/#primaryimage","url":"https:\/\/ssl.ma\/wp-content\/uploads\/2022\/07\/brand-digicert-1.jpg","contentUrl":"https:\/\/ssl.ma\/wp-content\/uploads\/2022\/07\/brand-digicert-1.jpg","width":1280,"height":329,"caption":"Https SSL TLS Maroc - Prot\u00e9gez vos donn\u00e9es en ligne avec un certificat SSL compatible TLS pour une s\u00e9curit\u00e9 maximale"},{"@type":"BreadcrumbList","@id":"https:\/\/ssl.ma\/en\/product\/digicert-secure-site-wildcard-ssl\/#breadcrumb","itemListElement":[{"@type":"ListItem","position":1,"name":"Home","item":"https:\/\/ssl.ma\/en\/"},{"@type":"ListItem","position":2,"name":"DigiCert Secure Site Wildcard"}]},{"@type":"WebSite","@id":"https:\/\/ssl.ma\/#website","url":"https:\/\/ssl.ma\/","name":"Certificat Ssl Maroc SECTIGO DIGICERT Maroc GEOTRUST Thawt","description":"Certificat SSL Maroc  SSL Wildcard pas cher Achat Certificat SSL Maroc Sectigo Wildcard SSL Free SSL","potentialAction":[{"@type":"SearchAction","target":{"@type":"EntryPoint","urlTemplate":"https:\/\/ssl.ma\/?s={search_term_string}"},"query-input":{"@type":"PropertyValueSpecification","valueRequired":true,"valueName":"search_term_string"}}],"inLanguage":"en-US"}]}},"_links":{"self":[{"href":"https:\/\/ssl.ma\/en\/wp-json\/wp\/v2\/product\/7172","targetHints":{"allow":["GET"]}}],"collection":[{"href":"https:\/\/ssl.ma\/en\/wp-json\/wp\/v2\/product"}],"about":[{"href":"https:\/\/ssl.ma\/en\/wp-json\/wp\/v2\/types\/product"}],"version-history":[{"count":4,"href":"https:\/\/ssl.ma\/en\/wp-json\/wp\/v2\/product\/7172\/revisions"}],"predecessor-version":[{"id":9865,"href":"https:\/\/ssl.ma\/en\/wp-json\/wp\/v2\/product\/7172\/revisions\/9865"}],"wp:featuredmedia":[{"embeddable":true,"href":"https:\/\/ssl.ma\/en\/wp-json\/wp\/v2\/media\/6167"}],"wp:attachment":[{"href":"https:\/\/ssl.ma\/en\/wp-json\/wp\/v2\/media?parent=7172"}],"wp:term":[{"taxonomy":"product_brand","embeddable":true,"href":"https:\/\/ssl.ma\/en\/wp-json\/wp\/v2\/product_brand?post=7172"},{"taxonomy":"product_cat","embeddable":true,"href":"https:\/\/ssl.ma\/en\/wp-json\/wp\/v2\/product_cat?post=7172"},{"taxonomy":"product_tag","embeddable":true,"href":"https:\/\/ssl.ma\/en\/wp-json\/wp\/v2\/product_tag?post=7172"}],"curies":[{"name":"wp","href":"https:\/\/api.w.org\/{rel}","templated":true}]}}