{"id":7129,"date":"2024-11-11T11:21:43","date_gmt":"2024-11-11T10:21:43","guid":{"rendered":"https:\/\/ssl.ma\/product\/digicert-wildcard-ssl\/"},"modified":"2024-11-21T12:44:32","modified_gmt":"2024-11-21T11:44:32","slug":"digicert-wildcard-ssl","status":"publish","type":"product","link":"https:\/\/ssl.ma\/en\/product\/digicert-wildcard-ssl\/","title":{"rendered":"DigiCert Wildcard SSL"},"content":{"rendered":"<p>Le certificat <strong>DigiCert OV Wildcard SSL<\/strong> est une solution SSL rapide, abordable et flexible pour les sous-domaines, propos\u00e9e par le leader mondial de l&#8217;infrastructure \u00e0 cl\u00e9 publique, <strong>DigiCert<\/strong>.<br \/>\nLa s\u00e9curisation de votre site Web et de ses sous-domaines n&#8217;a jamais \u00e9t\u00e9 aussi rapide ni aussi simple qu&#8217;avec le certificat <strong>OV Wildcard SSL<\/strong>. Aliment\u00e9 par les racines <strong>universellement<\/strong> reconnues de <strong>DigiCert<\/strong> et par une cryptographie de pointe, ce certificat <strong>Wildcard SSL<\/strong> peut s\u00e9curiser un domaine et un nombre illimit\u00e9 de sous-domaines au niveau d\u00e9sign\u00e9. Et il \u00e9voluera avec vous. Si vous avez besoin d&#8217;ajouter un sous-domaine \u00e0 votre site Web, votre certificat <strong>Wildcard SSL<\/strong> le s\u00e9curisera automatiquement, sans tracas.<br \/>\nLe <strong>Wildcard SSL<\/strong> est livr\u00e9 avec le sceau de confiance s\u00e9curis\u00e9 de DigiCert, qui offre une reconnaissance instantan\u00e9e de vos garanties de <strong>s\u00e9curit\u00e9<\/strong>.<br \/>\nCes certificats sont \u00e9galement couverts par une garantie de protection NetSure\u2122 de <strong>1 000 000 $<\/strong> et une garantie de <strong>remboursement de 30 jours<\/strong>. Si vous avez besoin de <strong>SSL pour des sous-domaines<\/strong>, obtenez-le aupr\u00e8s du nouveau CA le plus fiable de l&#8217;industrie.<\/p>\n","protected":false},"excerpt":{"rendered":"<p>Le certificat DigiCert OV Wildcard SSL est une solution SSL rapide, abordable et flexible pour les sous-domaines, propos\u00e9e par le leader mondial de l&#8217;infrastructure \u00e0 cl\u00e9 publique, DigiCert. La s\u00e9curisation de votre site Web et de ses sous-domaines n&#8217;a jamais \u00e9t\u00e9 aussi rapide ni aussi simple qu&#8217;avec le certificat OV Wildcard SSL. Aliment\u00e9 par les racines universellement reconnues de DigiCert et par une cryptographie de pointe, ce certificat Wildcard SSL peut s\u00e9curiser un domaine et [&hellip;]<\/p>\n","protected":false},"featured_media":6167,"template":"","meta":{"_acf_changed":false},"product_brand":[],"product_cat":[121,122],"product_tag":[110],"class_list":{"0":"post-7129","1":"product","2":"type-product","3":"status-publish","4":"has-post-thumbnail","6":"product_cat-ssl-ov-morocco","7":"product_cat-ssl-wildcard-morocco","8":"product_tag-digicert-certificat-ssl-morocco","10":"first","11":"instock","12":"shipping-taxable","13":"purchasable","14":"product-type-variable","15":"has-default-attributes"},"acf":[],"yoast_head":"<!-- This site is optimized with the Yoast SEO plugin v27.3 - https:\/\/yoast.com\/product\/yoast-seo-wordpress\/ -->\n<title>DigiCert Wildcard SSL - Certificat Ssl Maroc SECTIGO Maroc GEOTRUST Maroc DIGICERT Maroc<\/title>\n<meta name=\"robots\" content=\"index, follow, max-snippet:-1, max-image-preview:large, max-video-preview:-1\" \/>\n<link rel=\"canonical\" href=\"https:\/\/ssl.ma\/en\/product\/digicert-wildcard-ssl\/\" \/>\n<meta property=\"og:locale\" content=\"en_US\" \/>\n<meta property=\"og:type\" content=\"article\" \/>\n<meta property=\"og:title\" content=\"DigiCert Wildcard SSL - Certificat Ssl Maroc SECTIGO Maroc GEOTRUST Maroc DIGICERT Maroc\" \/>\n<meta property=\"og:description\" content=\"Le certificat DigiCert OV Wildcard SSL est une solution SSL rapide, abordable et flexible pour les sous-domaines, propos\u00e9e par le leader mondial de l&#8217;infrastructure \u00e0 cl\u00e9 publique, DigiCert. La s\u00e9curisation de votre site Web et de ses sous-domaines n&#8217;a jamais \u00e9t\u00e9 aussi rapide ni aussi simple qu&#8217;avec le certificat OV Wildcard SSL. Aliment\u00e9 par les racines universellement reconnues de DigiCert et par une cryptographie de pointe, ce certificat Wildcard SSL peut s\u00e9curiser un domaine et [&hellip;]\" \/>\n<meta property=\"og:url\" content=\"https:\/\/ssl.ma\/en\/product\/digicert-wildcard-ssl\/\" \/>\n<meta property=\"og:site_name\" content=\"Certificat Ssl Maroc SECTIGO Maroc GEOTRUST Maroc DIGICERT Maroc\" \/>\n<meta property=\"article:publisher\" content=\"https:\/\/web.facebook.com\/HeberDomaine?_rdc=1&amp;_rdr\" \/>\n<meta property=\"article:modified_time\" content=\"2024-11-21T11:44:32+00:00\" \/>\n<meta property=\"og:image\" content=\"https:\/\/ssl.ma\/wp-content\/uploads\/2022\/07\/brand-digicert-1.jpg\" \/>\n\t<meta property=\"og:image:width\" content=\"1280\" \/>\n\t<meta property=\"og:image:height\" content=\"329\" \/>\n\t<meta property=\"og:image:type\" content=\"image\/jpeg\" \/>\n<meta name=\"twitter:card\" content=\"summary_large_image\" \/>\n<meta name=\"twitter:site\" content=\"@heberdomaine\" \/>\n<meta name=\"twitter:label1\" content=\"Est. reading time\" \/>\n\t<meta name=\"twitter:data1\" content=\"1 minute\" \/>\n<script type=\"application\/ld+json\" class=\"yoast-schema-graph\">{\"@context\":\"https:\\\/\\\/schema.org\",\"@graph\":[{\"@type\":\"WebPage\",\"@id\":\"https:\\\/\\\/ssl.ma\\\/en\\\/product\\\/digicert-wildcard-ssl\\\/\",\"url\":\"https:\\\/\\\/ssl.ma\\\/en\\\/product\\\/digicert-wildcard-ssl\\\/\",\"name\":\"DigiCert Wildcard SSL - Certificat Ssl Maroc SECTIGO Maroc GEOTRUST Maroc DIGICERT Maroc\",\"isPartOf\":{\"@id\":\"https:\\\/\\\/ssl.ma\\\/#website\"},\"primaryImageOfPage\":{\"@id\":\"https:\\\/\\\/ssl.ma\\\/en\\\/product\\\/digicert-wildcard-ssl\\\/#primaryimage\"},\"image\":{\"@id\":\"https:\\\/\\\/ssl.ma\\\/en\\\/product\\\/digicert-wildcard-ssl\\\/#primaryimage\"},\"thumbnailUrl\":\"https:\\\/\\\/ssl.ma\\\/wp-content\\\/uploads\\\/2022\\\/07\\\/brand-digicert-1.jpg\",\"datePublished\":\"2024-11-11T10:21:43+00:00\",\"dateModified\":\"2024-11-21T11:44:32+00:00\",\"breadcrumb\":{\"@id\":\"https:\\\/\\\/ssl.ma\\\/en\\\/product\\\/digicert-wildcard-ssl\\\/#breadcrumb\"},\"inLanguage\":\"en-US\",\"potentialAction\":[{\"@type\":\"ReadAction\",\"target\":[\"https:\\\/\\\/ssl.ma\\\/en\\\/product\\\/digicert-wildcard-ssl\\\/\"]}]},{\"@type\":\"ImageObject\",\"inLanguage\":\"en-US\",\"@id\":\"https:\\\/\\\/ssl.ma\\\/en\\\/product\\\/digicert-wildcard-ssl\\\/#primaryimage\",\"url\":\"https:\\\/\\\/ssl.ma\\\/wp-content\\\/uploads\\\/2022\\\/07\\\/brand-digicert-1.jpg\",\"contentUrl\":\"https:\\\/\\\/ssl.ma\\\/wp-content\\\/uploads\\\/2022\\\/07\\\/brand-digicert-1.jpg\",\"width\":1280,\"height\":329,\"caption\":\"Https SSL TLS Maroc - Prot\u00e9gez vos donn\u00e9es en ligne avec un certificat SSL compatible TLS pour une s\u00e9curit\u00e9 maximale\"},{\"@type\":\"BreadcrumbList\",\"@id\":\"https:\\\/\\\/ssl.ma\\\/en\\\/product\\\/digicert-wildcard-ssl\\\/#breadcrumb\",\"itemListElement\":[{\"@type\":\"ListItem\",\"position\":1,\"name\":\"Home\",\"item\":\"https:\\\/\\\/ssl.ma\\\/en\\\/\"},{\"@type\":\"ListItem\",\"position\":2,\"name\":\"DigiCert Wildcard SSL\"}]},{\"@type\":\"WebSite\",\"@id\":\"https:\\\/\\\/ssl.ma\\\/#website\",\"url\":\"https:\\\/\\\/ssl.ma\\\/\",\"name\":\"Certificat Ssl Maroc SECTIGO DIGICERT Maroc GEOTRUST Thawt\",\"description\":\"Certificat SSL Maroc  SSL Wildcard pas cher Achat Certificat SSL Maroc Sectigo Wildcard SSL Free SSL\",\"potentialAction\":[{\"@type\":\"SearchAction\",\"target\":{\"@type\":\"EntryPoint\",\"urlTemplate\":\"https:\\\/\\\/ssl.ma\\\/?s={search_term_string}\"},\"query-input\":{\"@type\":\"PropertyValueSpecification\",\"valueRequired\":true,\"valueName\":\"search_term_string\"}}],\"inLanguage\":\"en-US\"}]}<\/script>\n<!-- \/ Yoast SEO plugin. -->","yoast_head_json":{"title":"DigiCert Wildcard SSL - Certificat Ssl Maroc SECTIGO Maroc GEOTRUST Maroc DIGICERT Maroc","robots":{"index":"index","follow":"follow","max-snippet":"max-snippet:-1","max-image-preview":"max-image-preview:large","max-video-preview":"max-video-preview:-1"},"canonical":"https:\/\/ssl.ma\/en\/product\/digicert-wildcard-ssl\/","og_locale":"en_US","og_type":"article","og_title":"DigiCert Wildcard SSL - Certificat Ssl Maroc SECTIGO Maroc GEOTRUST Maroc DIGICERT Maroc","og_description":"Le certificat DigiCert OV Wildcard SSL est une solution SSL rapide, abordable et flexible pour les sous-domaines, propos\u00e9e par le leader mondial de l&#8217;infrastructure \u00e0 cl\u00e9 publique, DigiCert. La s\u00e9curisation de votre site Web et de ses sous-domaines n&#8217;a jamais \u00e9t\u00e9 aussi rapide ni aussi simple qu&#8217;avec le certificat OV Wildcard SSL. Aliment\u00e9 par les racines universellement reconnues de DigiCert et par une cryptographie de pointe, ce certificat Wildcard SSL peut s\u00e9curiser un domaine et [&hellip;]","og_url":"https:\/\/ssl.ma\/en\/product\/digicert-wildcard-ssl\/","og_site_name":"Certificat Ssl Maroc SECTIGO Maroc GEOTRUST Maroc DIGICERT Maroc","article_publisher":"https:\/\/web.facebook.com\/HeberDomaine?_rdc=1&_rdr","article_modified_time":"2024-11-21T11:44:32+00:00","og_image":[{"width":1280,"height":329,"url":"https:\/\/ssl.ma\/wp-content\/uploads\/2022\/07\/brand-digicert-1.jpg","type":"image\/jpeg"}],"twitter_card":"summary_large_image","twitter_site":"@heberdomaine","twitter_misc":{"Est. reading time":"1 minute"},"schema":{"@context":"https:\/\/schema.org","@graph":[{"@type":"WebPage","@id":"https:\/\/ssl.ma\/en\/product\/digicert-wildcard-ssl\/","url":"https:\/\/ssl.ma\/en\/product\/digicert-wildcard-ssl\/","name":"DigiCert Wildcard SSL - Certificat Ssl Maroc SECTIGO Maroc GEOTRUST Maroc DIGICERT Maroc","isPartOf":{"@id":"https:\/\/ssl.ma\/#website"},"primaryImageOfPage":{"@id":"https:\/\/ssl.ma\/en\/product\/digicert-wildcard-ssl\/#primaryimage"},"image":{"@id":"https:\/\/ssl.ma\/en\/product\/digicert-wildcard-ssl\/#primaryimage"},"thumbnailUrl":"https:\/\/ssl.ma\/wp-content\/uploads\/2022\/07\/brand-digicert-1.jpg","datePublished":"2024-11-11T10:21:43+00:00","dateModified":"2024-11-21T11:44:32+00:00","breadcrumb":{"@id":"https:\/\/ssl.ma\/en\/product\/digicert-wildcard-ssl\/#breadcrumb"},"inLanguage":"en-US","potentialAction":[{"@type":"ReadAction","target":["https:\/\/ssl.ma\/en\/product\/digicert-wildcard-ssl\/"]}]},{"@type":"ImageObject","inLanguage":"en-US","@id":"https:\/\/ssl.ma\/en\/product\/digicert-wildcard-ssl\/#primaryimage","url":"https:\/\/ssl.ma\/wp-content\/uploads\/2022\/07\/brand-digicert-1.jpg","contentUrl":"https:\/\/ssl.ma\/wp-content\/uploads\/2022\/07\/brand-digicert-1.jpg","width":1280,"height":329,"caption":"Https SSL TLS Maroc - Prot\u00e9gez vos donn\u00e9es en ligne avec un certificat SSL compatible TLS pour une s\u00e9curit\u00e9 maximale"},{"@type":"BreadcrumbList","@id":"https:\/\/ssl.ma\/en\/product\/digicert-wildcard-ssl\/#breadcrumb","itemListElement":[{"@type":"ListItem","position":1,"name":"Home","item":"https:\/\/ssl.ma\/en\/"},{"@type":"ListItem","position":2,"name":"DigiCert Wildcard SSL"}]},{"@type":"WebSite","@id":"https:\/\/ssl.ma\/#website","url":"https:\/\/ssl.ma\/","name":"Certificat Ssl Maroc SECTIGO DIGICERT Maroc GEOTRUST Thawt","description":"Certificat SSL Maroc  SSL Wildcard pas cher Achat Certificat SSL Maroc Sectigo Wildcard SSL Free SSL","potentialAction":[{"@type":"SearchAction","target":{"@type":"EntryPoint","urlTemplate":"https:\/\/ssl.ma\/?s={search_term_string}"},"query-input":{"@type":"PropertyValueSpecification","valueRequired":true,"valueName":"search_term_string"}}],"inLanguage":"en-US"}]}},"_links":{"self":[{"href":"https:\/\/ssl.ma\/en\/wp-json\/wp\/v2\/product\/7129","targetHints":{"allow":["GET"]}}],"collection":[{"href":"https:\/\/ssl.ma\/en\/wp-json\/wp\/v2\/product"}],"about":[{"href":"https:\/\/ssl.ma\/en\/wp-json\/wp\/v2\/types\/product"}],"version-history":[{"count":3,"href":"https:\/\/ssl.ma\/en\/wp-json\/wp\/v2\/product\/7129\/revisions"}],"predecessor-version":[{"id":9900,"href":"https:\/\/ssl.ma\/en\/wp-json\/wp\/v2\/product\/7129\/revisions\/9900"}],"wp:featuredmedia":[{"embeddable":true,"href":"https:\/\/ssl.ma\/en\/wp-json\/wp\/v2\/media\/6167"}],"wp:attachment":[{"href":"https:\/\/ssl.ma\/en\/wp-json\/wp\/v2\/media?parent=7129"}],"wp:term":[{"taxonomy":"product_brand","embeddable":true,"href":"https:\/\/ssl.ma\/en\/wp-json\/wp\/v2\/product_brand?post=7129"},{"taxonomy":"product_cat","embeddable":true,"href":"https:\/\/ssl.ma\/en\/wp-json\/wp\/v2\/product_cat?post=7129"},{"taxonomy":"product_tag","embeddable":true,"href":"https:\/\/ssl.ma\/en\/wp-json\/wp\/v2\/product_tag?post=7129"}],"curies":[{"name":"wp","href":"https:\/\/api.w.org\/{rel}","templated":true}]}}