{"id":7107,"date":"2024-11-11T11:21:45","date_gmt":"2024-11-11T10:21:45","guid":{"rendered":"https:\/\/ssl.ma\/product\/digicert-ev-multi-domain-ssl\/"},"modified":"2024-11-21T12:44:00","modified_gmt":"2024-11-21T11:44:00","slug":"digicert-ev-multi-domain-ssl","status":"publish","type":"product","link":"https:\/\/ssl.ma\/en\/product\/digicert-ev-multi-domain-ssl\/","title":{"rendered":"DigiCert EV Multi-Domain"},"content":{"rendered":"<p>Le certificat <strong>DigiCert EV Multi-Domain SSL<\/strong> offre une authentification compl\u00e8te de l&#8217;entreprise pour jusqu&#8217;\u00e0 250 domaines diff\u00e9rents, le tout sur un seul certificat.<br \/>\nCe certificat<strong> EV Multi-Domain<\/strong> est l&#8217;un des moyens les plus rapides et les plus abordables pour crypter et authentifier votre pr\u00e9sence sur le web avec un seul certificat. Vous pouvez<strong> s\u00e9curiser des domaines, des sous-domaines<\/strong>, voire l&#8217;ensemble d&#8217;un environnement serveur, le tout en une seule fois.<br \/>\nCela serait excessivement co\u00fbteux avec des certificats EV pour chaque domaine, mais c&#8217;est incroyablement abordable avec le certificat <strong>EV Multi-Domain SSL<\/strong>. Et gr\u00e2ce \u00e0 l&#8217;appareil de validation de classe mondiale de DigiCert, vous n&#8217;aurez pas \u00e0 attendre une semaine comme avec d&#8217;autres autorit\u00e9s de certification.<br \/>\nAvec DigiCert, la validation est rapide, et ce, une seule fois.<br \/>\nEnsuite, \u00e9mettez des certificats <strong>EV instantan\u00e9ment pendant les 13 prochains mois<\/strong>.<br \/>\nSoutenu par une garantie de 1 000 000 $ et le sceau de confiance s\u00e9curis\u00e9 de <strong>DigiCert<\/strong>, il s&#8217;agit d&#8217;une solution SSL\/TLS robuste et authentifi\u00e9e pour tout site web.<\/p>\n","protected":false},"excerpt":{"rendered":"<p>Le certificat DigiCert EV Multi-Domain SSL offre une authentification compl\u00e8te de l&#8217;entreprise pour jusqu&#8217;\u00e0 250 domaines diff\u00e9rents, le tout sur un seul certificat. Ce certificat EV Multi-Domain est l&#8217;un des moyens les plus rapides et les plus abordables pour crypter et authentifier votre pr\u00e9sence sur le web avec un seul certificat. Vous pouvez s\u00e9curiser des domaines, des sous-domaines, voire l&#8217;ensemble d&#8217;un environnement serveur, le tout en une seule fois. Cela serait excessivement co\u00fbteux avec des [&hellip;]<\/p>\n","protected":false},"featured_media":6164,"template":"","meta":{"_acf_changed":false},"product_brand":[],"product_cat":[150,120],"product_tag":[110],"class_list":{"0":"post-7107","1":"product","2":"type-product","3":"status-publish","4":"has-post-thumbnail","6":"product_cat-ssl-multi-domaines-morocco","7":"product_cat-ssl-ev-morocco","8":"product_tag-digicert-certificat-ssl-morocco","10":"first","11":"instock","12":"shipping-taxable","13":"purchasable","14":"product-type-variable","15":"has-default-attributes"},"acf":[],"yoast_head":"<!-- This site is optimized with the Yoast SEO plugin v27.4 - https:\/\/yoast.com\/product\/yoast-seo-wordpress\/ -->\n<title>DigiCert EV Multi-Domain - Certificat Ssl Maroc SECTIGO Maroc GEOTRUST Maroc DIGICERT Maroc<\/title>\n<meta name=\"robots\" content=\"index, follow, max-snippet:-1, max-image-preview:large, max-video-preview:-1\" \/>\n<link rel=\"canonical\" href=\"https:\/\/ssl.ma\/en\/product\/digicert-ev-multi-domain-ssl\/\" \/>\n<meta property=\"og:locale\" content=\"en_US\" \/>\n<meta property=\"og:type\" content=\"article\" \/>\n<meta property=\"og:title\" content=\"DigiCert EV Multi-Domain - Certificat Ssl Maroc SECTIGO Maroc GEOTRUST Maroc DIGICERT Maroc\" \/>\n<meta property=\"og:description\" content=\"Le certificat DigiCert EV Multi-Domain SSL offre une authentification compl\u00e8te de l&#8217;entreprise pour jusqu&#8217;\u00e0 250 domaines diff\u00e9rents, le tout sur un seul certificat. Ce certificat EV Multi-Domain est l&#8217;un des moyens les plus rapides et les plus abordables pour crypter et authentifier votre pr\u00e9sence sur le web avec un seul certificat. Vous pouvez s\u00e9curiser des domaines, des sous-domaines, voire l&#8217;ensemble d&#8217;un environnement serveur, le tout en une seule fois. Cela serait excessivement co\u00fbteux avec des [&hellip;]\" \/>\n<meta property=\"og:url\" content=\"https:\/\/ssl.ma\/en\/product\/digicert-ev-multi-domain-ssl\/\" \/>\n<meta property=\"og:site_name\" content=\"Certificat Ssl Maroc SECTIGO Maroc GEOTRUST Maroc DIGICERT Maroc\" \/>\n<meta property=\"article:publisher\" content=\"https:\/\/web.facebook.com\/HeberDomaine?_rdc=1&amp;_rdr\" \/>\n<meta property=\"article:modified_time\" content=\"2024-11-21T11:44:00+00:00\" \/>\n<meta property=\"og:image\" content=\"https:\/\/ssl.ma\/wp-content\/uploads\/2022\/07\/brand-digicert.jpg\" \/>\n\t<meta property=\"og:image:width\" content=\"1280\" \/>\n\t<meta property=\"og:image:height\" content=\"329\" \/>\n\t<meta property=\"og:image:type\" content=\"image\/jpeg\" \/>\n<meta name=\"twitter:card\" content=\"summary_large_image\" \/>\n<meta name=\"twitter:site\" content=\"@heberdomaine\" \/>\n<meta name=\"twitter:label1\" content=\"Est. reading time\" \/>\n\t<meta name=\"twitter:data1\" content=\"1 minute\" \/>\n<script type=\"application\/ld+json\" class=\"yoast-schema-graph\">{\"@context\":\"https:\\\/\\\/schema.org\",\"@graph\":[{\"@type\":\"WebPage\",\"@id\":\"https:\\\/\\\/ssl.ma\\\/en\\\/product\\\/digicert-ev-multi-domain-ssl\\\/\",\"url\":\"https:\\\/\\\/ssl.ma\\\/en\\\/product\\\/digicert-ev-multi-domain-ssl\\\/\",\"name\":\"DigiCert EV Multi-Domain - Certificat Ssl Maroc SECTIGO Maroc GEOTRUST Maroc DIGICERT Maroc\",\"isPartOf\":{\"@id\":\"https:\\\/\\\/ssl.ma\\\/#website\"},\"primaryImageOfPage\":{\"@id\":\"https:\\\/\\\/ssl.ma\\\/en\\\/product\\\/digicert-ev-multi-domain-ssl\\\/#primaryimage\"},\"image\":{\"@id\":\"https:\\\/\\\/ssl.ma\\\/en\\\/product\\\/digicert-ev-multi-domain-ssl\\\/#primaryimage\"},\"thumbnailUrl\":\"https:\\\/\\\/ssl.ma\\\/wp-content\\\/uploads\\\/2022\\\/07\\\/brand-digicert.jpg\",\"datePublished\":\"2024-11-11T10:21:45+00:00\",\"dateModified\":\"2024-11-21T11:44:00+00:00\",\"breadcrumb\":{\"@id\":\"https:\\\/\\\/ssl.ma\\\/en\\\/product\\\/digicert-ev-multi-domain-ssl\\\/#breadcrumb\"},\"inLanguage\":\"en-US\",\"potentialAction\":[{\"@type\":\"ReadAction\",\"target\":[\"https:\\\/\\\/ssl.ma\\\/en\\\/product\\\/digicert-ev-multi-domain-ssl\\\/\"]}]},{\"@type\":\"ImageObject\",\"inLanguage\":\"en-US\",\"@id\":\"https:\\\/\\\/ssl.ma\\\/en\\\/product\\\/digicert-ev-multi-domain-ssl\\\/#primaryimage\",\"url\":\"https:\\\/\\\/ssl.ma\\\/wp-content\\\/uploads\\\/2022\\\/07\\\/brand-digicert.jpg\",\"contentUrl\":\"https:\\\/\\\/ssl.ma\\\/wp-content\\\/uploads\\\/2022\\\/07\\\/brand-digicert.jpg\",\"width\":1280,\"height\":329,\"caption\":\"SSL Windows Server Maroc - Installez un certificat SSL sur votre serveur Windows pour assurer une connexion s\u00e9curis\u00e9e\"},{\"@type\":\"BreadcrumbList\",\"@id\":\"https:\\\/\\\/ssl.ma\\\/en\\\/product\\\/digicert-ev-multi-domain-ssl\\\/#breadcrumb\",\"itemListElement\":[{\"@type\":\"ListItem\",\"position\":1,\"name\":\"Home\",\"item\":\"https:\\\/\\\/ssl.ma\\\/en\\\/\"},{\"@type\":\"ListItem\",\"position\":2,\"name\":\"DigiCert EV Multi-Domain\"}]},{\"@type\":\"WebSite\",\"@id\":\"https:\\\/\\\/ssl.ma\\\/#website\",\"url\":\"https:\\\/\\\/ssl.ma\\\/\",\"name\":\"Certificat Ssl Maroc SECTIGO DIGICERT Maroc GEOTRUST Thawt\",\"description\":\"Certificat SSL Maroc  SSL Wildcard pas cher Achat Certificat SSL Maroc Sectigo Wildcard SSL Free SSL\",\"potentialAction\":[{\"@type\":\"SearchAction\",\"target\":{\"@type\":\"EntryPoint\",\"urlTemplate\":\"https:\\\/\\\/ssl.ma\\\/?s={search_term_string}\"},\"query-input\":{\"@type\":\"PropertyValueSpecification\",\"valueRequired\":true,\"valueName\":\"search_term_string\"}}],\"inLanguage\":\"en-US\"}]}<\/script>\n<!-- \/ Yoast SEO plugin. -->","yoast_head_json":{"title":"DigiCert EV Multi-Domain - Certificat Ssl Maroc SECTIGO Maroc GEOTRUST Maroc DIGICERT Maroc","robots":{"index":"index","follow":"follow","max-snippet":"max-snippet:-1","max-image-preview":"max-image-preview:large","max-video-preview":"max-video-preview:-1"},"canonical":"https:\/\/ssl.ma\/en\/product\/digicert-ev-multi-domain-ssl\/","og_locale":"en_US","og_type":"article","og_title":"DigiCert EV Multi-Domain - Certificat Ssl Maroc SECTIGO Maroc GEOTRUST Maroc DIGICERT Maroc","og_description":"Le certificat DigiCert EV Multi-Domain SSL offre une authentification compl\u00e8te de l&#8217;entreprise pour jusqu&#8217;\u00e0 250 domaines diff\u00e9rents, le tout sur un seul certificat. Ce certificat EV Multi-Domain est l&#8217;un des moyens les plus rapides et les plus abordables pour crypter et authentifier votre pr\u00e9sence sur le web avec un seul certificat. Vous pouvez s\u00e9curiser des domaines, des sous-domaines, voire l&#8217;ensemble d&#8217;un environnement serveur, le tout en une seule fois. Cela serait excessivement co\u00fbteux avec des [&hellip;]","og_url":"https:\/\/ssl.ma\/en\/product\/digicert-ev-multi-domain-ssl\/","og_site_name":"Certificat Ssl Maroc SECTIGO Maroc GEOTRUST Maroc DIGICERT Maroc","article_publisher":"https:\/\/web.facebook.com\/HeberDomaine?_rdc=1&_rdr","article_modified_time":"2024-11-21T11:44:00+00:00","og_image":[{"width":1280,"height":329,"url":"https:\/\/ssl.ma\/wp-content\/uploads\/2022\/07\/brand-digicert.jpg","type":"image\/jpeg"}],"twitter_card":"summary_large_image","twitter_site":"@heberdomaine","twitter_misc":{"Est. reading time":"1 minute"},"schema":{"@context":"https:\/\/schema.org","@graph":[{"@type":"WebPage","@id":"https:\/\/ssl.ma\/en\/product\/digicert-ev-multi-domain-ssl\/","url":"https:\/\/ssl.ma\/en\/product\/digicert-ev-multi-domain-ssl\/","name":"DigiCert EV Multi-Domain - Certificat Ssl Maroc SECTIGO Maroc GEOTRUST Maroc DIGICERT Maroc","isPartOf":{"@id":"https:\/\/ssl.ma\/#website"},"primaryImageOfPage":{"@id":"https:\/\/ssl.ma\/en\/product\/digicert-ev-multi-domain-ssl\/#primaryimage"},"image":{"@id":"https:\/\/ssl.ma\/en\/product\/digicert-ev-multi-domain-ssl\/#primaryimage"},"thumbnailUrl":"https:\/\/ssl.ma\/wp-content\/uploads\/2022\/07\/brand-digicert.jpg","datePublished":"2024-11-11T10:21:45+00:00","dateModified":"2024-11-21T11:44:00+00:00","breadcrumb":{"@id":"https:\/\/ssl.ma\/en\/product\/digicert-ev-multi-domain-ssl\/#breadcrumb"},"inLanguage":"en-US","potentialAction":[{"@type":"ReadAction","target":["https:\/\/ssl.ma\/en\/product\/digicert-ev-multi-domain-ssl\/"]}]},{"@type":"ImageObject","inLanguage":"en-US","@id":"https:\/\/ssl.ma\/en\/product\/digicert-ev-multi-domain-ssl\/#primaryimage","url":"https:\/\/ssl.ma\/wp-content\/uploads\/2022\/07\/brand-digicert.jpg","contentUrl":"https:\/\/ssl.ma\/wp-content\/uploads\/2022\/07\/brand-digicert.jpg","width":1280,"height":329,"caption":"SSL Windows Server Maroc - Installez un certificat SSL sur votre serveur Windows pour assurer une connexion s\u00e9curis\u00e9e"},{"@type":"BreadcrumbList","@id":"https:\/\/ssl.ma\/en\/product\/digicert-ev-multi-domain-ssl\/#breadcrumb","itemListElement":[{"@type":"ListItem","position":1,"name":"Home","item":"https:\/\/ssl.ma\/en\/"},{"@type":"ListItem","position":2,"name":"DigiCert EV Multi-Domain"}]},{"@type":"WebSite","@id":"https:\/\/ssl.ma\/#website","url":"https:\/\/ssl.ma\/","name":"Certificat Ssl Maroc SECTIGO DIGICERT Maroc GEOTRUST Thawt","description":"Certificat SSL Maroc  SSL Wildcard pas cher Achat Certificat SSL Maroc Sectigo Wildcard SSL Free SSL","potentialAction":[{"@type":"SearchAction","target":{"@type":"EntryPoint","urlTemplate":"https:\/\/ssl.ma\/?s={search_term_string}"},"query-input":{"@type":"PropertyValueSpecification","valueRequired":true,"valueName":"search_term_string"}}],"inLanguage":"en-US"}]}},"_links":{"self":[{"href":"https:\/\/ssl.ma\/en\/wp-json\/wp\/v2\/product\/7107","targetHints":{"allow":["GET"]}}],"collection":[{"href":"https:\/\/ssl.ma\/en\/wp-json\/wp\/v2\/product"}],"about":[{"href":"https:\/\/ssl.ma\/en\/wp-json\/wp\/v2\/types\/product"}],"version-history":[{"count":3,"href":"https:\/\/ssl.ma\/en\/wp-json\/wp\/v2\/product\/7107\/revisions"}],"predecessor-version":[{"id":9895,"href":"https:\/\/ssl.ma\/en\/wp-json\/wp\/v2\/product\/7107\/revisions\/9895"}],"wp:featuredmedia":[{"embeddable":true,"href":"https:\/\/ssl.ma\/en\/wp-json\/wp\/v2\/media\/6164"}],"wp:attachment":[{"href":"https:\/\/ssl.ma\/en\/wp-json\/wp\/v2\/media?parent=7107"}],"wp:term":[{"taxonomy":"product_brand","embeddable":true,"href":"https:\/\/ssl.ma\/en\/wp-json\/wp\/v2\/product_brand?post=7107"},{"taxonomy":"product_cat","embeddable":true,"href":"https:\/\/ssl.ma\/en\/wp-json\/wp\/v2\/product_cat?post=7107"},{"taxonomy":"product_tag","embeddable":true,"href":"https:\/\/ssl.ma\/en\/wp-json\/wp\/v2\/product_tag?post=7107"}],"curies":[{"name":"wp","href":"https:\/\/api.w.org\/{rel}","templated":true}]}}