{"id":7096,"date":"2024-11-11T11:21:52","date_gmt":"2024-11-11T10:21:52","guid":{"rendered":"https:\/\/ssl.ma\/product\/digicert-multi-domain-ssl\/"},"modified":"2024-11-21T12:43:03","modified_gmt":"2024-11-21T11:43:03","slug":"digicert-multi-domain-ssl","status":"publish","type":"product","link":"https:\/\/ssl.ma\/en\/product\/digicert-multi-domain-ssl\/","title":{"rendered":"DigiCert Multi-Domain SSL"},"content":{"rendered":"<p>Le certificat <strong>Multi-Domain SSL<\/strong> offre une solution OV SSL rapide et abordable pour jusqu&#8217;\u00e0<strong> 250 domaines<\/strong>.<br \/>\nCe certificat SSL Multi-Domain offre la flexibilit\u00e9 de crypter jusqu&#8217;\u00e0 250 domaines, <strong>sous-domaines ou adresses IP diff\u00e9rentes<\/strong>, voire de s\u00e9curiser l&#8217;ensemble d&#8217;un environnement, le tout sur un seul certificat SSL.<br \/>\nLe meilleur de tout, vous avez la possibilit\u00e9 d&#8217;ajouter, de modifier ou de supprimer des <strong>SAN (Subject Alternative Names) \u00e0<\/strong> la vol\u00e9e, de sorte que votre protection refl\u00e8te toujours vos besoins actuels.<br \/>\nLes certificats SSL de <strong>DigiCert<\/strong> respectent des normes <strong>cryptographiques \u00e9lev\u00e9es<\/strong> qui r\u00e9pondent ou d\u00e9passent toutes les normes de l&#8217;industrie en mati\u00e8re de force de chiffrement.<br \/>\nCe certificat<strong> SSL Multi-Domain<\/strong> est accompagn\u00e9 d&#8217;une g\u00e9n\u00e9reuse garantie de <strong>1 000 000 $<\/strong>.<br \/>\nLe plus important, chaque site web que vous s\u00e9curisez avec votre certificat SSL Multi-Domain affichera les d\u00e9tails de votre organisation v\u00e9rifi\u00e9e, y compris dans votre <strong>DigiCert Secure Trust Seal,<\/strong> ce qui est particuli\u00e8rement utile pour les grandes entreprises cherchant \u00e0 respecter les normes de s\u00e9curit\u00e9 internes.<\/p>\n<p>&nbsp;<\/p>\n","protected":false},"excerpt":{"rendered":"<p>Le certificat Multi-Domain SSL offre une solution OV SSL rapide et abordable pour jusqu&#8217;\u00e0 250 domaines. Ce certificat SSL Multi-Domain offre la flexibilit\u00e9 de crypter jusqu&#8217;\u00e0 250 domaines, sous-domaines ou adresses IP diff\u00e9rentes, voire de s\u00e9curiser l&#8217;ensemble d&#8217;un environnement, le tout sur un seul certificat SSL. Le meilleur de tout, vous avez la possibilit\u00e9 d&#8217;ajouter, de modifier ou de supprimer des SAN (Subject Alternative Names) \u00e0 la vol\u00e9e, de sorte que votre protection refl\u00e8te toujours [&hellip;]<\/p>\n","protected":false},"featured_media":6164,"template":"","meta":{"_acf_changed":false},"product_brand":[],"product_cat":[150],"product_tag":[110],"class_list":{"0":"post-7096","1":"product","2":"type-product","3":"status-publish","4":"has-post-thumbnail","6":"product_cat-ssl-multi-domaines-morocco","7":"product_tag-digicert-certificat-ssl-morocco","9":"first","10":"instock","11":"shipping-taxable","12":"purchasable","13":"product-type-variable","14":"has-default-attributes"},"acf":[],"yoast_head":"<!-- This site is optimized with the Yoast SEO plugin v27.4 - https:\/\/yoast.com\/product\/yoast-seo-wordpress\/ -->\n<title>DigiCert Multi-Domain SSL - Certificat Ssl Maroc SECTIGO Maroc GEOTRUST Maroc DIGICERT Maroc<\/title>\n<meta name=\"robots\" content=\"index, follow, max-snippet:-1, max-image-preview:large, max-video-preview:-1\" \/>\n<link rel=\"canonical\" href=\"https:\/\/ssl.ma\/en\/product\/digicert-multi-domain-ssl\/\" \/>\n<meta property=\"og:locale\" content=\"en_US\" \/>\n<meta property=\"og:type\" content=\"article\" \/>\n<meta property=\"og:title\" content=\"DigiCert Multi-Domain SSL - Certificat Ssl Maroc SECTIGO Maroc GEOTRUST Maroc DIGICERT Maroc\" \/>\n<meta property=\"og:description\" content=\"Le certificat Multi-Domain SSL offre une solution OV SSL rapide et abordable pour jusqu&#8217;\u00e0 250 domaines. Ce certificat SSL Multi-Domain offre la flexibilit\u00e9 de crypter jusqu&#8217;\u00e0 250 domaines, sous-domaines ou adresses IP diff\u00e9rentes, voire de s\u00e9curiser l&#8217;ensemble d&#8217;un environnement, le tout sur un seul certificat SSL. Le meilleur de tout, vous avez la possibilit\u00e9 d&#8217;ajouter, de modifier ou de supprimer des SAN (Subject Alternative Names) \u00e0 la vol\u00e9e, de sorte que votre protection refl\u00e8te toujours [&hellip;]\" \/>\n<meta property=\"og:url\" content=\"https:\/\/ssl.ma\/en\/product\/digicert-multi-domain-ssl\/\" \/>\n<meta property=\"og:site_name\" content=\"Certificat Ssl Maroc SECTIGO Maroc GEOTRUST Maroc DIGICERT Maroc\" \/>\n<meta property=\"article:publisher\" content=\"https:\/\/web.facebook.com\/HeberDomaine?_rdc=1&amp;_rdr\" \/>\n<meta property=\"article:modified_time\" content=\"2024-11-21T11:43:03+00:00\" \/>\n<meta property=\"og:image\" content=\"https:\/\/ssl.ma\/wp-content\/uploads\/2022\/07\/brand-digicert.jpg\" \/>\n\t<meta property=\"og:image:width\" content=\"1280\" \/>\n\t<meta property=\"og:image:height\" content=\"329\" \/>\n\t<meta property=\"og:image:type\" content=\"image\/jpeg\" \/>\n<meta name=\"twitter:card\" content=\"summary_large_image\" \/>\n<meta name=\"twitter:site\" content=\"@heberdomaine\" \/>\n<meta name=\"twitter:label1\" content=\"Est. reading time\" \/>\n\t<meta name=\"twitter:data1\" content=\"1 minute\" \/>\n<script type=\"application\/ld+json\" class=\"yoast-schema-graph\">{\"@context\":\"https:\\\/\\\/schema.org\",\"@graph\":[{\"@type\":\"WebPage\",\"@id\":\"https:\\\/\\\/ssl.ma\\\/en\\\/product\\\/digicert-multi-domain-ssl\\\/\",\"url\":\"https:\\\/\\\/ssl.ma\\\/en\\\/product\\\/digicert-multi-domain-ssl\\\/\",\"name\":\"DigiCert Multi-Domain SSL - Certificat Ssl Maroc SECTIGO Maroc GEOTRUST Maroc DIGICERT Maroc\",\"isPartOf\":{\"@id\":\"https:\\\/\\\/ssl.ma\\\/#website\"},\"primaryImageOfPage\":{\"@id\":\"https:\\\/\\\/ssl.ma\\\/en\\\/product\\\/digicert-multi-domain-ssl\\\/#primaryimage\"},\"image\":{\"@id\":\"https:\\\/\\\/ssl.ma\\\/en\\\/product\\\/digicert-multi-domain-ssl\\\/#primaryimage\"},\"thumbnailUrl\":\"https:\\\/\\\/ssl.ma\\\/wp-content\\\/uploads\\\/2022\\\/07\\\/brand-digicert.jpg\",\"datePublished\":\"2024-11-11T10:21:52+00:00\",\"dateModified\":\"2024-11-21T11:43:03+00:00\",\"breadcrumb\":{\"@id\":\"https:\\\/\\\/ssl.ma\\\/en\\\/product\\\/digicert-multi-domain-ssl\\\/#breadcrumb\"},\"inLanguage\":\"en-US\",\"potentialAction\":[{\"@type\":\"ReadAction\",\"target\":[\"https:\\\/\\\/ssl.ma\\\/en\\\/product\\\/digicert-multi-domain-ssl\\\/\"]}]},{\"@type\":\"ImageObject\",\"inLanguage\":\"en-US\",\"@id\":\"https:\\\/\\\/ssl.ma\\\/en\\\/product\\\/digicert-multi-domain-ssl\\\/#primaryimage\",\"url\":\"https:\\\/\\\/ssl.ma\\\/wp-content\\\/uploads\\\/2022\\\/07\\\/brand-digicert.jpg\",\"contentUrl\":\"https:\\\/\\\/ssl.ma\\\/wp-content\\\/uploads\\\/2022\\\/07\\\/brand-digicert.jpg\",\"width\":1280,\"height\":329,\"caption\":\"SSL Windows Server Maroc - Installez un certificat SSL sur votre serveur Windows pour assurer une connexion s\u00e9curis\u00e9e\"},{\"@type\":\"BreadcrumbList\",\"@id\":\"https:\\\/\\\/ssl.ma\\\/en\\\/product\\\/digicert-multi-domain-ssl\\\/#breadcrumb\",\"itemListElement\":[{\"@type\":\"ListItem\",\"position\":1,\"name\":\"Home\",\"item\":\"https:\\\/\\\/ssl.ma\\\/en\\\/\"},{\"@type\":\"ListItem\",\"position\":2,\"name\":\"DigiCert Multi-Domain SSL\"}]},{\"@type\":\"WebSite\",\"@id\":\"https:\\\/\\\/ssl.ma\\\/#website\",\"url\":\"https:\\\/\\\/ssl.ma\\\/\",\"name\":\"Certificat Ssl Maroc SECTIGO DIGICERT Maroc GEOTRUST Thawt\",\"description\":\"Certificat SSL Maroc  SSL Wildcard pas cher Achat Certificat SSL Maroc Sectigo Wildcard SSL Free SSL\",\"potentialAction\":[{\"@type\":\"SearchAction\",\"target\":{\"@type\":\"EntryPoint\",\"urlTemplate\":\"https:\\\/\\\/ssl.ma\\\/?s={search_term_string}\"},\"query-input\":{\"@type\":\"PropertyValueSpecification\",\"valueRequired\":true,\"valueName\":\"search_term_string\"}}],\"inLanguage\":\"en-US\"}]}<\/script>\n<!-- \/ Yoast SEO plugin. -->","yoast_head_json":{"title":"DigiCert Multi-Domain SSL - Certificat Ssl Maroc SECTIGO Maroc GEOTRUST Maroc DIGICERT Maroc","robots":{"index":"index","follow":"follow","max-snippet":"max-snippet:-1","max-image-preview":"max-image-preview:large","max-video-preview":"max-video-preview:-1"},"canonical":"https:\/\/ssl.ma\/en\/product\/digicert-multi-domain-ssl\/","og_locale":"en_US","og_type":"article","og_title":"DigiCert Multi-Domain SSL - Certificat Ssl Maroc SECTIGO Maroc GEOTRUST Maroc DIGICERT Maroc","og_description":"Le certificat Multi-Domain SSL offre une solution OV SSL rapide et abordable pour jusqu&#8217;\u00e0 250 domaines. Ce certificat SSL Multi-Domain offre la flexibilit\u00e9 de crypter jusqu&#8217;\u00e0 250 domaines, sous-domaines ou adresses IP diff\u00e9rentes, voire de s\u00e9curiser l&#8217;ensemble d&#8217;un environnement, le tout sur un seul certificat SSL. Le meilleur de tout, vous avez la possibilit\u00e9 d&#8217;ajouter, de modifier ou de supprimer des SAN (Subject Alternative Names) \u00e0 la vol\u00e9e, de sorte que votre protection refl\u00e8te toujours [&hellip;]","og_url":"https:\/\/ssl.ma\/en\/product\/digicert-multi-domain-ssl\/","og_site_name":"Certificat Ssl Maroc SECTIGO Maroc GEOTRUST Maroc DIGICERT Maroc","article_publisher":"https:\/\/web.facebook.com\/HeberDomaine?_rdc=1&_rdr","article_modified_time":"2024-11-21T11:43:03+00:00","og_image":[{"width":1280,"height":329,"url":"https:\/\/ssl.ma\/wp-content\/uploads\/2022\/07\/brand-digicert.jpg","type":"image\/jpeg"}],"twitter_card":"summary_large_image","twitter_site":"@heberdomaine","twitter_misc":{"Est. reading time":"1 minute"},"schema":{"@context":"https:\/\/schema.org","@graph":[{"@type":"WebPage","@id":"https:\/\/ssl.ma\/en\/product\/digicert-multi-domain-ssl\/","url":"https:\/\/ssl.ma\/en\/product\/digicert-multi-domain-ssl\/","name":"DigiCert Multi-Domain SSL - Certificat Ssl Maroc SECTIGO Maroc GEOTRUST Maroc DIGICERT Maroc","isPartOf":{"@id":"https:\/\/ssl.ma\/#website"},"primaryImageOfPage":{"@id":"https:\/\/ssl.ma\/en\/product\/digicert-multi-domain-ssl\/#primaryimage"},"image":{"@id":"https:\/\/ssl.ma\/en\/product\/digicert-multi-domain-ssl\/#primaryimage"},"thumbnailUrl":"https:\/\/ssl.ma\/wp-content\/uploads\/2022\/07\/brand-digicert.jpg","datePublished":"2024-11-11T10:21:52+00:00","dateModified":"2024-11-21T11:43:03+00:00","breadcrumb":{"@id":"https:\/\/ssl.ma\/en\/product\/digicert-multi-domain-ssl\/#breadcrumb"},"inLanguage":"en-US","potentialAction":[{"@type":"ReadAction","target":["https:\/\/ssl.ma\/en\/product\/digicert-multi-domain-ssl\/"]}]},{"@type":"ImageObject","inLanguage":"en-US","@id":"https:\/\/ssl.ma\/en\/product\/digicert-multi-domain-ssl\/#primaryimage","url":"https:\/\/ssl.ma\/wp-content\/uploads\/2022\/07\/brand-digicert.jpg","contentUrl":"https:\/\/ssl.ma\/wp-content\/uploads\/2022\/07\/brand-digicert.jpg","width":1280,"height":329,"caption":"SSL Windows Server Maroc - Installez un certificat SSL sur votre serveur Windows pour assurer une connexion s\u00e9curis\u00e9e"},{"@type":"BreadcrumbList","@id":"https:\/\/ssl.ma\/en\/product\/digicert-multi-domain-ssl\/#breadcrumb","itemListElement":[{"@type":"ListItem","position":1,"name":"Home","item":"https:\/\/ssl.ma\/en\/"},{"@type":"ListItem","position":2,"name":"DigiCert Multi-Domain SSL"}]},{"@type":"WebSite","@id":"https:\/\/ssl.ma\/#website","url":"https:\/\/ssl.ma\/","name":"Certificat Ssl Maroc SECTIGO DIGICERT Maroc GEOTRUST Thawt","description":"Certificat SSL Maroc  SSL Wildcard pas cher Achat Certificat SSL Maroc Sectigo Wildcard SSL Free SSL","potentialAction":[{"@type":"SearchAction","target":{"@type":"EntryPoint","urlTemplate":"https:\/\/ssl.ma\/?s={search_term_string}"},"query-input":{"@type":"PropertyValueSpecification","valueRequired":true,"valueName":"search_term_string"}}],"inLanguage":"en-US"}]}},"_links":{"self":[{"href":"https:\/\/ssl.ma\/en\/wp-json\/wp\/v2\/product\/7096","targetHints":{"allow":["GET"]}}],"collection":[{"href":"https:\/\/ssl.ma\/en\/wp-json\/wp\/v2\/product"}],"about":[{"href":"https:\/\/ssl.ma\/en\/wp-json\/wp\/v2\/types\/product"}],"version-history":[{"count":3,"href":"https:\/\/ssl.ma\/en\/wp-json\/wp\/v2\/product\/7096\/revisions"}],"predecessor-version":[{"id":9894,"href":"https:\/\/ssl.ma\/en\/wp-json\/wp\/v2\/product\/7096\/revisions\/9894"}],"wp:featuredmedia":[{"embeddable":true,"href":"https:\/\/ssl.ma\/en\/wp-json\/wp\/v2\/media\/6164"}],"wp:attachment":[{"href":"https:\/\/ssl.ma\/en\/wp-json\/wp\/v2\/media?parent=7096"}],"wp:term":[{"taxonomy":"product_brand","embeddable":true,"href":"https:\/\/ssl.ma\/en\/wp-json\/wp\/v2\/product_brand?post=7096"},{"taxonomy":"product_cat","embeddable":true,"href":"https:\/\/ssl.ma\/en\/wp-json\/wp\/v2\/product_cat?post=7096"},{"taxonomy":"product_tag","embeddable":true,"href":"https:\/\/ssl.ma\/en\/wp-json\/wp\/v2\/product_tag?post=7096"}],"curies":[{"name":"wp","href":"https:\/\/api.w.org\/{rel}","templated":true}]}}