{"id":7092,"date":"2024-11-11T11:22:00","date_gmt":"2024-11-11T10:22:00","guid":{"rendered":"https:\/\/ssl.ma\/product\/digicert-secure-site-ssl\/"},"modified":"2024-11-21T12:42:08","modified_gmt":"2024-11-21T11:42:08","slug":"digicert-secure-site-ssl","status":"publish","type":"product","link":"https:\/\/ssl.ma\/en\/product\/digicert-secure-site-ssl\/","title":{"rendered":"DigiCert Secure Site SSL"},"content":{"rendered":"<p>Le <strong>certificat SSL Secure Site de DigiCert<\/strong> est utilis\u00e9 et approuv\u00e9 par certaines des entreprises les plus prosp\u00e8res du monde.<br \/>\nEt maintenant, il est aliment\u00e9 par les racines de confiance de <strong>DigiCert<\/strong>.<br \/>\nCette solution<strong> SSL\/TLS<\/strong> est dot\u00e9e de fonctionnalit\u00e9s suppl\u00e9mentaires pour renforcer la confiance et la s\u00e9curit\u00e9 des visiteurs, notamment le DigiCert Smart Seal de pointe.<br \/>\nLes clients du <strong>certificat SSL Secure Site<\/strong> b\u00e9n\u00e9ficient \u00e9galement d&#8217;une validation et d&#8217;une assistance prioritaires, ainsi que d&#8217;une \u00e9mission instantan\u00e9e, vous n&#8217;aurez donc jamais \u00e0 attendre vos certificats.<br \/>\n<strong>Le DigiCert CertCentral\u00ae<\/strong> Certificate Management Platform simplifie l&#8217;ensemble du processus de gestion.<br \/>\nTous les certificats SSL ne sont pas \u00e9gaux. Les certificats SSL Secure Site de <strong>DigiCert<\/strong> sont tout simplement sup\u00e9rieurs.<\/p>\n","protected":false},"excerpt":{"rendered":"<p>Le certificat SSL Secure Site de DigiCert est utilis\u00e9 et approuv\u00e9 par certaines des entreprises les plus prosp\u00e8res du monde. Et maintenant, il est aliment\u00e9 par les racines de confiance de DigiCert. Cette solution SSL\/TLS est dot\u00e9e de fonctionnalit\u00e9s suppl\u00e9mentaires pour renforcer la confiance et la s\u00e9curit\u00e9 des visiteurs, notamment le DigiCert Smart Seal de pointe. Les clients du certificat SSL Secure Site b\u00e9n\u00e9ficient \u00e9galement d&#8217;une validation et d&#8217;une assistance prioritaires, ainsi que d&#8217;une \u00e9mission [&hellip;]<\/p>\n","protected":false},"featured_media":6167,"template":"","meta":{"_acf_changed":false},"product_brand":[],"product_cat":[121],"product_tag":[110],"class_list":{"0":"post-7092","1":"product","2":"type-product","3":"status-publish","4":"has-post-thumbnail","6":"product_cat-ssl-ov-morocco","7":"product_tag-digicert-certificat-ssl-morocco","9":"first","10":"instock","11":"shipping-taxable","12":"purchasable","13":"product-type-variable","14":"has-default-attributes"},"acf":[],"yoast_head":"<!-- This site is optimized with the Yoast SEO plugin v27.3 - https:\/\/yoast.com\/product\/yoast-seo-wordpress\/ -->\n<title>DigiCert Secure Site SSL - Certificat Ssl Maroc SECTIGO Maroc GEOTRUST Maroc DIGICERT Maroc<\/title>\n<meta name=\"robots\" content=\"index, follow, max-snippet:-1, max-image-preview:large, max-video-preview:-1\" \/>\n<link rel=\"canonical\" href=\"https:\/\/ssl.ma\/en\/product\/digicert-secure-site-ssl\/\" \/>\n<meta property=\"og:locale\" content=\"en_US\" \/>\n<meta property=\"og:type\" content=\"article\" \/>\n<meta property=\"og:title\" content=\"DigiCert Secure Site SSL - Certificat Ssl Maroc SECTIGO Maroc GEOTRUST Maroc DIGICERT Maroc\" \/>\n<meta property=\"og:description\" content=\"Le certificat SSL Secure Site de DigiCert est utilis\u00e9 et approuv\u00e9 par certaines des entreprises les plus prosp\u00e8res du monde. Et maintenant, il est aliment\u00e9 par les racines de confiance de DigiCert. Cette solution SSL\/TLS est dot\u00e9e de fonctionnalit\u00e9s suppl\u00e9mentaires pour renforcer la confiance et la s\u00e9curit\u00e9 des visiteurs, notamment le DigiCert Smart Seal de pointe. Les clients du certificat SSL Secure Site b\u00e9n\u00e9ficient \u00e9galement d&#8217;une validation et d&#8217;une assistance prioritaires, ainsi que d&#8217;une \u00e9mission [&hellip;]\" \/>\n<meta property=\"og:url\" content=\"https:\/\/ssl.ma\/en\/product\/digicert-secure-site-ssl\/\" \/>\n<meta property=\"og:site_name\" content=\"Certificat Ssl Maroc SECTIGO Maroc GEOTRUST Maroc DIGICERT Maroc\" \/>\n<meta property=\"article:publisher\" content=\"https:\/\/web.facebook.com\/HeberDomaine?_rdc=1&amp;_rdr\" \/>\n<meta property=\"article:modified_time\" content=\"2024-11-21T11:42:08+00:00\" \/>\n<meta property=\"og:image\" content=\"https:\/\/ssl.ma\/wp-content\/uploads\/2022\/07\/brand-digicert-1.jpg\" \/>\n\t<meta property=\"og:image:width\" content=\"1280\" \/>\n\t<meta property=\"og:image:height\" content=\"329\" \/>\n\t<meta property=\"og:image:type\" content=\"image\/jpeg\" \/>\n<meta name=\"twitter:card\" content=\"summary_large_image\" \/>\n<meta name=\"twitter:site\" content=\"@heberdomaine\" \/>\n<meta name=\"twitter:label1\" content=\"Est. reading time\" \/>\n\t<meta name=\"twitter:data1\" content=\"1 minute\" \/>\n<script type=\"application\/ld+json\" class=\"yoast-schema-graph\">{\"@context\":\"https:\\\/\\\/schema.org\",\"@graph\":[{\"@type\":\"WebPage\",\"@id\":\"https:\\\/\\\/ssl.ma\\\/en\\\/product\\\/digicert-secure-site-ssl\\\/\",\"url\":\"https:\\\/\\\/ssl.ma\\\/en\\\/product\\\/digicert-secure-site-ssl\\\/\",\"name\":\"DigiCert Secure Site SSL - Certificat Ssl Maroc SECTIGO Maroc GEOTRUST Maroc DIGICERT Maroc\",\"isPartOf\":{\"@id\":\"https:\\\/\\\/ssl.ma\\\/#website\"},\"primaryImageOfPage\":{\"@id\":\"https:\\\/\\\/ssl.ma\\\/en\\\/product\\\/digicert-secure-site-ssl\\\/#primaryimage\"},\"image\":{\"@id\":\"https:\\\/\\\/ssl.ma\\\/en\\\/product\\\/digicert-secure-site-ssl\\\/#primaryimage\"},\"thumbnailUrl\":\"https:\\\/\\\/ssl.ma\\\/wp-content\\\/uploads\\\/2022\\\/07\\\/brand-digicert-1.jpg\",\"datePublished\":\"2024-11-11T10:22:00+00:00\",\"dateModified\":\"2024-11-21T11:42:08+00:00\",\"breadcrumb\":{\"@id\":\"https:\\\/\\\/ssl.ma\\\/en\\\/product\\\/digicert-secure-site-ssl\\\/#breadcrumb\"},\"inLanguage\":\"en-US\",\"potentialAction\":[{\"@type\":\"ReadAction\",\"target\":[\"https:\\\/\\\/ssl.ma\\\/en\\\/product\\\/digicert-secure-site-ssl\\\/\"]}]},{\"@type\":\"ImageObject\",\"inLanguage\":\"en-US\",\"@id\":\"https:\\\/\\\/ssl.ma\\\/en\\\/product\\\/digicert-secure-site-ssl\\\/#primaryimage\",\"url\":\"https:\\\/\\\/ssl.ma\\\/wp-content\\\/uploads\\\/2022\\\/07\\\/brand-digicert-1.jpg\",\"contentUrl\":\"https:\\\/\\\/ssl.ma\\\/wp-content\\\/uploads\\\/2022\\\/07\\\/brand-digicert-1.jpg\",\"width\":1280,\"height\":329,\"caption\":\"Https SSL TLS Maroc - Prot\u00e9gez vos donn\u00e9es en ligne avec un certificat SSL compatible TLS pour une s\u00e9curit\u00e9 maximale\"},{\"@type\":\"BreadcrumbList\",\"@id\":\"https:\\\/\\\/ssl.ma\\\/en\\\/product\\\/digicert-secure-site-ssl\\\/#breadcrumb\",\"itemListElement\":[{\"@type\":\"ListItem\",\"position\":1,\"name\":\"Home\",\"item\":\"https:\\\/\\\/ssl.ma\\\/en\\\/\"},{\"@type\":\"ListItem\",\"position\":2,\"name\":\"DigiCert Secure Site SSL\"}]},{\"@type\":\"WebSite\",\"@id\":\"https:\\\/\\\/ssl.ma\\\/#website\",\"url\":\"https:\\\/\\\/ssl.ma\\\/\",\"name\":\"Certificat Ssl Maroc SECTIGO DIGICERT Maroc GEOTRUST Thawt\",\"description\":\"Certificat SSL Maroc  SSL Wildcard pas cher Achat Certificat SSL Maroc Sectigo Wildcard SSL Free SSL\",\"potentialAction\":[{\"@type\":\"SearchAction\",\"target\":{\"@type\":\"EntryPoint\",\"urlTemplate\":\"https:\\\/\\\/ssl.ma\\\/?s={search_term_string}\"},\"query-input\":{\"@type\":\"PropertyValueSpecification\",\"valueRequired\":true,\"valueName\":\"search_term_string\"}}],\"inLanguage\":\"en-US\"}]}<\/script>\n<!-- \/ Yoast SEO plugin. -->","yoast_head_json":{"title":"DigiCert Secure Site SSL - Certificat Ssl Maroc SECTIGO Maroc GEOTRUST Maroc DIGICERT Maroc","robots":{"index":"index","follow":"follow","max-snippet":"max-snippet:-1","max-image-preview":"max-image-preview:large","max-video-preview":"max-video-preview:-1"},"canonical":"https:\/\/ssl.ma\/en\/product\/digicert-secure-site-ssl\/","og_locale":"en_US","og_type":"article","og_title":"DigiCert Secure Site SSL - Certificat Ssl Maroc SECTIGO Maroc GEOTRUST Maroc DIGICERT Maroc","og_description":"Le certificat SSL Secure Site de DigiCert est utilis\u00e9 et approuv\u00e9 par certaines des entreprises les plus prosp\u00e8res du monde. Et maintenant, il est aliment\u00e9 par les racines de confiance de DigiCert. Cette solution SSL\/TLS est dot\u00e9e de fonctionnalit\u00e9s suppl\u00e9mentaires pour renforcer la confiance et la s\u00e9curit\u00e9 des visiteurs, notamment le DigiCert Smart Seal de pointe. Les clients du certificat SSL Secure Site b\u00e9n\u00e9ficient \u00e9galement d&#8217;une validation et d&#8217;une assistance prioritaires, ainsi que d&#8217;une \u00e9mission [&hellip;]","og_url":"https:\/\/ssl.ma\/en\/product\/digicert-secure-site-ssl\/","og_site_name":"Certificat Ssl Maroc SECTIGO Maroc GEOTRUST Maroc DIGICERT Maroc","article_publisher":"https:\/\/web.facebook.com\/HeberDomaine?_rdc=1&_rdr","article_modified_time":"2024-11-21T11:42:08+00:00","og_image":[{"width":1280,"height":329,"url":"https:\/\/ssl.ma\/wp-content\/uploads\/2022\/07\/brand-digicert-1.jpg","type":"image\/jpeg"}],"twitter_card":"summary_large_image","twitter_site":"@heberdomaine","twitter_misc":{"Est. reading time":"1 minute"},"schema":{"@context":"https:\/\/schema.org","@graph":[{"@type":"WebPage","@id":"https:\/\/ssl.ma\/en\/product\/digicert-secure-site-ssl\/","url":"https:\/\/ssl.ma\/en\/product\/digicert-secure-site-ssl\/","name":"DigiCert Secure Site SSL - Certificat Ssl Maroc SECTIGO Maroc GEOTRUST Maroc DIGICERT Maroc","isPartOf":{"@id":"https:\/\/ssl.ma\/#website"},"primaryImageOfPage":{"@id":"https:\/\/ssl.ma\/en\/product\/digicert-secure-site-ssl\/#primaryimage"},"image":{"@id":"https:\/\/ssl.ma\/en\/product\/digicert-secure-site-ssl\/#primaryimage"},"thumbnailUrl":"https:\/\/ssl.ma\/wp-content\/uploads\/2022\/07\/brand-digicert-1.jpg","datePublished":"2024-11-11T10:22:00+00:00","dateModified":"2024-11-21T11:42:08+00:00","breadcrumb":{"@id":"https:\/\/ssl.ma\/en\/product\/digicert-secure-site-ssl\/#breadcrumb"},"inLanguage":"en-US","potentialAction":[{"@type":"ReadAction","target":["https:\/\/ssl.ma\/en\/product\/digicert-secure-site-ssl\/"]}]},{"@type":"ImageObject","inLanguage":"en-US","@id":"https:\/\/ssl.ma\/en\/product\/digicert-secure-site-ssl\/#primaryimage","url":"https:\/\/ssl.ma\/wp-content\/uploads\/2022\/07\/brand-digicert-1.jpg","contentUrl":"https:\/\/ssl.ma\/wp-content\/uploads\/2022\/07\/brand-digicert-1.jpg","width":1280,"height":329,"caption":"Https SSL TLS Maroc - Prot\u00e9gez vos donn\u00e9es en ligne avec un certificat SSL compatible TLS pour une s\u00e9curit\u00e9 maximale"},{"@type":"BreadcrumbList","@id":"https:\/\/ssl.ma\/en\/product\/digicert-secure-site-ssl\/#breadcrumb","itemListElement":[{"@type":"ListItem","position":1,"name":"Home","item":"https:\/\/ssl.ma\/en\/"},{"@type":"ListItem","position":2,"name":"DigiCert Secure Site SSL"}]},{"@type":"WebSite","@id":"https:\/\/ssl.ma\/#website","url":"https:\/\/ssl.ma\/","name":"Certificat Ssl Maroc SECTIGO DIGICERT Maroc GEOTRUST Thawt","description":"Certificat SSL Maroc  SSL Wildcard pas cher Achat Certificat SSL Maroc Sectigo Wildcard SSL Free SSL","potentialAction":[{"@type":"SearchAction","target":{"@type":"EntryPoint","urlTemplate":"https:\/\/ssl.ma\/?s={search_term_string}"},"query-input":{"@type":"PropertyValueSpecification","valueRequired":true,"valueName":"search_term_string"}}],"inLanguage":"en-US"}]}},"_links":{"self":[{"href":"https:\/\/ssl.ma\/en\/wp-json\/wp\/v2\/product\/7092","targetHints":{"allow":["GET"]}}],"collection":[{"href":"https:\/\/ssl.ma\/en\/wp-json\/wp\/v2\/product"}],"about":[{"href":"https:\/\/ssl.ma\/en\/wp-json\/wp\/v2\/types\/product"}],"version-history":[{"count":2,"href":"https:\/\/ssl.ma\/en\/wp-json\/wp\/v2\/product\/7092\/revisions"}],"predecessor-version":[{"id":9892,"href":"https:\/\/ssl.ma\/en\/wp-json\/wp\/v2\/product\/7092\/revisions\/9892"}],"wp:featuredmedia":[{"embeddable":true,"href":"https:\/\/ssl.ma\/en\/wp-json\/wp\/v2\/media\/6167"}],"wp:attachment":[{"href":"https:\/\/ssl.ma\/en\/wp-json\/wp\/v2\/media?parent=7092"}],"wp:term":[{"taxonomy":"product_brand","embeddable":true,"href":"https:\/\/ssl.ma\/en\/wp-json\/wp\/v2\/product_brand?post=7092"},{"taxonomy":"product_cat","embeddable":true,"href":"https:\/\/ssl.ma\/en\/wp-json\/wp\/v2\/product_cat?post=7092"},{"taxonomy":"product_tag","embeddable":true,"href":"https:\/\/ssl.ma\/en\/wp-json\/wp\/v2\/product_tag?post=7092"}],"curies":[{"name":"wp","href":"https:\/\/api.w.org\/{rel}","templated":true}]}}