{"id":7088,"date":"2024-11-11T11:22:00","date_gmt":"2024-11-11T10:22:00","guid":{"rendered":"https:\/\/ssl.ma\/product\/digicert-document-signing-individual-2000-certificate\/"},"modified":"2024-11-21T12:41:24","modified_gmt":"2024-11-21T11:41:24","slug":"digicert-document-signing-individual-2000-certificate","status":"publish","type":"product","link":"https:\/\/ssl.ma\/en\/product\/digicert-document-signing-individual-2000-certificate\/","title":{"rendered":"DigiCert Doc Signing Indiv 2000"},"content":{"rendered":"<p>Le<strong> Certificat DigiCert Document Signing Individual (2000)<\/strong> offre une solution s\u00e9curis\u00e9e, <strong>fiable<\/strong> et abordable pour la signature \u00e9lectronique des documents.<br \/>\nId\u00e9al pour les professionnels, <strong>freelances<\/strong> et entrepreneurs, ce certificat garantit l&#8217;authenticit\u00e9 de votre identit\u00e9, assure l&#8217;int\u00e9grit\u00e9 des documents sign\u00e9s, et pr\u00e9vient toute contestation de <strong>signature<\/strong>.<br \/>\nSa facilit\u00e9 d&#8217;obtention et sa <strong>compatibilit\u00e9<\/strong> avec les applications populaires en font un choix pratique pour ceux qui recherchent une solution de <strong>s\u00e9curit\u00e9<\/strong> mod\u00e9r\u00e9e sans compromettre <strong>l&#8217;efficacit\u00e9<\/strong>.<\/p>\n","protected":false},"excerpt":{"rendered":"<p>Le Certificat DigiCert Document Signing Individual (2000) offre une solution s\u00e9curis\u00e9e, fiable et abordable pour la signature \u00e9lectronique des documents. Id\u00e9al pour les professionnels, freelances et entrepreneurs, ce certificat garantit l&#8217;authenticit\u00e9 de votre identit\u00e9, assure l&#8217;int\u00e9grit\u00e9 des documents sign\u00e9s, et pr\u00e9vient toute contestation de signature. Sa facilit\u00e9 d&#8217;obtention et sa compatibilit\u00e9 avec les applications populaires en font un choix pratique pour ceux qui recherchent une solution de s\u00e9curit\u00e9 mod\u00e9r\u00e9e sans compromettre l&#8217;efficacit\u00e9.<\/p>\n","protected":false},"featured_media":6164,"template":"","meta":{"_acf_changed":false},"product_brand":[],"product_cat":[127],"product_tag":[110],"class_list":{"0":"post-7088","1":"product","2":"type-product","3":"status-publish","4":"has-post-thumbnail","6":"product_cat-document-signing-certificate-morocco","7":"product_tag-digicert-certificat-ssl-morocco","9":"first","10":"instock","11":"shipping-taxable","12":"purchasable","13":"product-type-variable","14":"has-default-attributes"},"acf":[],"yoast_head":"<!-- This site is optimized with the Yoast SEO plugin v27.4 - https:\/\/yoast.com\/product\/yoast-seo-wordpress\/ -->\n<title>DigiCert Doc Signing Indiv 2000 - Certificat Ssl Maroc SECTIGO Maroc GEOTRUST Maroc DIGICERT Maroc<\/title>\n<meta name=\"robots\" content=\"index, follow, max-snippet:-1, max-image-preview:large, max-video-preview:-1\" \/>\n<link rel=\"canonical\" href=\"https:\/\/ssl.ma\/en\/product\/digicert-document-signing-individual-2000-certificate\/\" \/>\n<meta property=\"og:locale\" content=\"en_US\" \/>\n<meta property=\"og:type\" content=\"article\" \/>\n<meta property=\"og:title\" content=\"DigiCert Doc Signing Indiv 2000 - Certificat Ssl Maroc SECTIGO Maroc GEOTRUST Maroc DIGICERT Maroc\" \/>\n<meta property=\"og:description\" content=\"Le Certificat DigiCert Document Signing Individual (2000) offre une solution s\u00e9curis\u00e9e, fiable et abordable pour la signature \u00e9lectronique des documents. Id\u00e9al pour les professionnels, freelances et entrepreneurs, ce certificat garantit l&#8217;authenticit\u00e9 de votre identit\u00e9, assure l&#8217;int\u00e9grit\u00e9 des documents sign\u00e9s, et pr\u00e9vient toute contestation de signature. Sa facilit\u00e9 d&#8217;obtention et sa compatibilit\u00e9 avec les applications populaires en font un choix pratique pour ceux qui recherchent une solution de s\u00e9curit\u00e9 mod\u00e9r\u00e9e sans compromettre l&#8217;efficacit\u00e9.\" \/>\n<meta property=\"og:url\" content=\"https:\/\/ssl.ma\/en\/product\/digicert-document-signing-individual-2000-certificate\/\" \/>\n<meta property=\"og:site_name\" content=\"Certificat Ssl Maroc SECTIGO Maroc GEOTRUST Maroc DIGICERT Maroc\" \/>\n<meta property=\"article:publisher\" content=\"https:\/\/web.facebook.com\/HeberDomaine?_rdc=1&amp;_rdr\" \/>\n<meta property=\"article:modified_time\" content=\"2024-11-21T11:41:24+00:00\" \/>\n<meta property=\"og:image\" content=\"https:\/\/ssl.ma\/wp-content\/uploads\/2022\/07\/brand-digicert.jpg\" \/>\n\t<meta property=\"og:image:width\" content=\"1280\" \/>\n\t<meta property=\"og:image:height\" content=\"329\" \/>\n\t<meta property=\"og:image:type\" content=\"image\/jpeg\" \/>\n<meta name=\"twitter:card\" content=\"summary_large_image\" \/>\n<meta name=\"twitter:site\" content=\"@heberdomaine\" \/>\n<script type=\"application\/ld+json\" class=\"yoast-schema-graph\">{\"@context\":\"https:\\\/\\\/schema.org\",\"@graph\":[{\"@type\":\"WebPage\",\"@id\":\"https:\\\/\\\/ssl.ma\\\/en\\\/product\\\/digicert-document-signing-individual-2000-certificate\\\/\",\"url\":\"https:\\\/\\\/ssl.ma\\\/en\\\/product\\\/digicert-document-signing-individual-2000-certificate\\\/\",\"name\":\"DigiCert Doc Signing Indiv 2000 - Certificat Ssl Maroc SECTIGO Maroc GEOTRUST Maroc DIGICERT Maroc\",\"isPartOf\":{\"@id\":\"https:\\\/\\\/ssl.ma\\\/#website\"},\"primaryImageOfPage\":{\"@id\":\"https:\\\/\\\/ssl.ma\\\/en\\\/product\\\/digicert-document-signing-individual-2000-certificate\\\/#primaryimage\"},\"image\":{\"@id\":\"https:\\\/\\\/ssl.ma\\\/en\\\/product\\\/digicert-document-signing-individual-2000-certificate\\\/#primaryimage\"},\"thumbnailUrl\":\"https:\\\/\\\/ssl.ma\\\/wp-content\\\/uploads\\\/2022\\\/07\\\/brand-digicert.jpg\",\"datePublished\":\"2024-11-11T10:22:00+00:00\",\"dateModified\":\"2024-11-21T11:41:24+00:00\",\"breadcrumb\":{\"@id\":\"https:\\\/\\\/ssl.ma\\\/en\\\/product\\\/digicert-document-signing-individual-2000-certificate\\\/#breadcrumb\"},\"inLanguage\":\"en-US\",\"potentialAction\":[{\"@type\":\"ReadAction\",\"target\":[\"https:\\\/\\\/ssl.ma\\\/en\\\/product\\\/digicert-document-signing-individual-2000-certificate\\\/\"]}]},{\"@type\":\"ImageObject\",\"inLanguage\":\"en-US\",\"@id\":\"https:\\\/\\\/ssl.ma\\\/en\\\/product\\\/digicert-document-signing-individual-2000-certificate\\\/#primaryimage\",\"url\":\"https:\\\/\\\/ssl.ma\\\/wp-content\\\/uploads\\\/2022\\\/07\\\/brand-digicert.jpg\",\"contentUrl\":\"https:\\\/\\\/ssl.ma\\\/wp-content\\\/uploads\\\/2022\\\/07\\\/brand-digicert.jpg\",\"width\":1280,\"height\":329,\"caption\":\"SSL Windows Server Maroc - Installez un certificat SSL sur votre serveur Windows pour assurer une connexion s\u00e9curis\u00e9e\"},{\"@type\":\"BreadcrumbList\",\"@id\":\"https:\\\/\\\/ssl.ma\\\/en\\\/product\\\/digicert-document-signing-individual-2000-certificate\\\/#breadcrumb\",\"itemListElement\":[{\"@type\":\"ListItem\",\"position\":1,\"name\":\"Home\",\"item\":\"https:\\\/\\\/ssl.ma\\\/en\\\/\"},{\"@type\":\"ListItem\",\"position\":2,\"name\":\"DigiCert Doc Signing Indiv 2000\"}]},{\"@type\":\"WebSite\",\"@id\":\"https:\\\/\\\/ssl.ma\\\/#website\",\"url\":\"https:\\\/\\\/ssl.ma\\\/\",\"name\":\"Certificat Ssl Maroc SECTIGO DIGICERT Maroc GEOTRUST Thawt\",\"description\":\"Certificat SSL Maroc  SSL Wildcard pas cher Achat Certificat SSL Maroc Sectigo Wildcard SSL Free SSL\",\"potentialAction\":[{\"@type\":\"SearchAction\",\"target\":{\"@type\":\"EntryPoint\",\"urlTemplate\":\"https:\\\/\\\/ssl.ma\\\/?s={search_term_string}\"},\"query-input\":{\"@type\":\"PropertyValueSpecification\",\"valueRequired\":true,\"valueName\":\"search_term_string\"}}],\"inLanguage\":\"en-US\"}]}<\/script>\n<!-- \/ Yoast SEO plugin. -->","yoast_head_json":{"title":"DigiCert Doc Signing Indiv 2000 - Certificat Ssl Maroc SECTIGO Maroc GEOTRUST Maroc DIGICERT Maroc","robots":{"index":"index","follow":"follow","max-snippet":"max-snippet:-1","max-image-preview":"max-image-preview:large","max-video-preview":"max-video-preview:-1"},"canonical":"https:\/\/ssl.ma\/en\/product\/digicert-document-signing-individual-2000-certificate\/","og_locale":"en_US","og_type":"article","og_title":"DigiCert Doc Signing Indiv 2000 - Certificat Ssl Maroc SECTIGO Maroc GEOTRUST Maroc DIGICERT Maroc","og_description":"Le Certificat DigiCert Document Signing Individual (2000) offre une solution s\u00e9curis\u00e9e, fiable et abordable pour la signature \u00e9lectronique des documents. Id\u00e9al pour les professionnels, freelances et entrepreneurs, ce certificat garantit l&#8217;authenticit\u00e9 de votre identit\u00e9, assure l&#8217;int\u00e9grit\u00e9 des documents sign\u00e9s, et pr\u00e9vient toute contestation de signature. Sa facilit\u00e9 d&#8217;obtention et sa compatibilit\u00e9 avec les applications populaires en font un choix pratique pour ceux qui recherchent une solution de s\u00e9curit\u00e9 mod\u00e9r\u00e9e sans compromettre l&#8217;efficacit\u00e9.","og_url":"https:\/\/ssl.ma\/en\/product\/digicert-document-signing-individual-2000-certificate\/","og_site_name":"Certificat Ssl Maroc SECTIGO Maroc GEOTRUST Maroc DIGICERT Maroc","article_publisher":"https:\/\/web.facebook.com\/HeberDomaine?_rdc=1&_rdr","article_modified_time":"2024-11-21T11:41:24+00:00","og_image":[{"width":1280,"height":329,"url":"https:\/\/ssl.ma\/wp-content\/uploads\/2022\/07\/brand-digicert.jpg","type":"image\/jpeg"}],"twitter_card":"summary_large_image","twitter_site":"@heberdomaine","schema":{"@context":"https:\/\/schema.org","@graph":[{"@type":"WebPage","@id":"https:\/\/ssl.ma\/en\/product\/digicert-document-signing-individual-2000-certificate\/","url":"https:\/\/ssl.ma\/en\/product\/digicert-document-signing-individual-2000-certificate\/","name":"DigiCert Doc Signing Indiv 2000 - Certificat Ssl Maroc SECTIGO Maroc GEOTRUST Maroc DIGICERT Maroc","isPartOf":{"@id":"https:\/\/ssl.ma\/#website"},"primaryImageOfPage":{"@id":"https:\/\/ssl.ma\/en\/product\/digicert-document-signing-individual-2000-certificate\/#primaryimage"},"image":{"@id":"https:\/\/ssl.ma\/en\/product\/digicert-document-signing-individual-2000-certificate\/#primaryimage"},"thumbnailUrl":"https:\/\/ssl.ma\/wp-content\/uploads\/2022\/07\/brand-digicert.jpg","datePublished":"2024-11-11T10:22:00+00:00","dateModified":"2024-11-21T11:41:24+00:00","breadcrumb":{"@id":"https:\/\/ssl.ma\/en\/product\/digicert-document-signing-individual-2000-certificate\/#breadcrumb"},"inLanguage":"en-US","potentialAction":[{"@type":"ReadAction","target":["https:\/\/ssl.ma\/en\/product\/digicert-document-signing-individual-2000-certificate\/"]}]},{"@type":"ImageObject","inLanguage":"en-US","@id":"https:\/\/ssl.ma\/en\/product\/digicert-document-signing-individual-2000-certificate\/#primaryimage","url":"https:\/\/ssl.ma\/wp-content\/uploads\/2022\/07\/brand-digicert.jpg","contentUrl":"https:\/\/ssl.ma\/wp-content\/uploads\/2022\/07\/brand-digicert.jpg","width":1280,"height":329,"caption":"SSL Windows Server Maroc - Installez un certificat SSL sur votre serveur Windows pour assurer une connexion s\u00e9curis\u00e9e"},{"@type":"BreadcrumbList","@id":"https:\/\/ssl.ma\/en\/product\/digicert-document-signing-individual-2000-certificate\/#breadcrumb","itemListElement":[{"@type":"ListItem","position":1,"name":"Home","item":"https:\/\/ssl.ma\/en\/"},{"@type":"ListItem","position":2,"name":"DigiCert Doc Signing Indiv 2000"}]},{"@type":"WebSite","@id":"https:\/\/ssl.ma\/#website","url":"https:\/\/ssl.ma\/","name":"Certificat Ssl Maroc SECTIGO DIGICERT Maroc GEOTRUST Thawt","description":"Certificat SSL Maroc  SSL Wildcard pas cher Achat Certificat SSL Maroc Sectigo Wildcard SSL Free SSL","potentialAction":[{"@type":"SearchAction","target":{"@type":"EntryPoint","urlTemplate":"https:\/\/ssl.ma\/?s={search_term_string}"},"query-input":{"@type":"PropertyValueSpecification","valueRequired":true,"valueName":"search_term_string"}}],"inLanguage":"en-US"}]}},"_links":{"self":[{"href":"https:\/\/ssl.ma\/en\/wp-json\/wp\/v2\/product\/7088","targetHints":{"allow":["GET"]}}],"collection":[{"href":"https:\/\/ssl.ma\/en\/wp-json\/wp\/v2\/product"}],"about":[{"href":"https:\/\/ssl.ma\/en\/wp-json\/wp\/v2\/types\/product"}],"version-history":[{"count":2,"href":"https:\/\/ssl.ma\/en\/wp-json\/wp\/v2\/product\/7088\/revisions"}],"predecessor-version":[{"id":9891,"href":"https:\/\/ssl.ma\/en\/wp-json\/wp\/v2\/product\/7088\/revisions\/9891"}],"wp:featuredmedia":[{"embeddable":true,"href":"https:\/\/ssl.ma\/en\/wp-json\/wp\/v2\/media\/6164"}],"wp:attachment":[{"href":"https:\/\/ssl.ma\/en\/wp-json\/wp\/v2\/media?parent=7088"}],"wp:term":[{"taxonomy":"product_brand","embeddable":true,"href":"https:\/\/ssl.ma\/en\/wp-json\/wp\/v2\/product_brand?post=7088"},{"taxonomy":"product_cat","embeddable":true,"href":"https:\/\/ssl.ma\/en\/wp-json\/wp\/v2\/product_cat?post=7088"},{"taxonomy":"product_tag","embeddable":true,"href":"https:\/\/ssl.ma\/en\/wp-json\/wp\/v2\/product_tag?post=7088"}],"curies":[{"name":"wp","href":"https:\/\/api.w.org\/{rel}","templated":true}]}}