{"id":7084,"date":"2024-11-11T11:22:00","date_gmt":"2024-11-11T10:22:00","guid":{"rendered":"https:\/\/ssl.ma\/product\/digicert-extended-validation-ssl\/"},"modified":"2024-11-21T12:39:33","modified_gmt":"2024-11-21T11:39:33","slug":"digicert-extended-validation-ssl","status":"publish","type":"product","link":"https:\/\/ssl.ma\/en\/product\/digicert-extended-validation-ssl\/","title":{"rendered":"DigiCert EV SSL"},"content":{"rendered":"<p>L&#8217;<strong>Extended Validation SSL<\/strong> est l&#8217;option id\u00e9ale pour une authentification compl\u00e8te de l&#8217;entreprise r\u00e9alis\u00e9e rapidement.<br \/>\nLes consommateurs d&#8217;aujourd&#8217;hui exigent toutes les informations avant de donner leur accord.<br \/>\nSeuls les certificats <strong>Extended Validation SSL<\/strong> peuvent fournir cela.<br \/>\nLe certificat Extended Validation SSL de DigiCert peut \u00eatre d\u00e9livr\u00e9 plus rapidement que tout autre certificat Extended Validation dans l&#8217;industrie du <strong>SSL<\/strong>.<br \/>\nCela est possible parce que <strong>DigiCert<\/strong> a perfectionn\u00e9 le processus de validation, le simplifiant consid\u00e9rablement par rapport \u00e0 d&#8217;autres autorit\u00e9s de certification.<br \/>\nEn seulement quelques heures, vous pouvez s\u00e9curiser votre site web avec un chiffrement puissant et ajouter une authentification maximale.<br \/>\nRien ne rassure plus les consommateurs que de pouvoir voir les informations v\u00e9rifi\u00e9es de votre entreprise dans les d\u00e9tails de votre certificat ou en cliquant sur votre <strong>DigiCert Secure Trust Seal<\/strong>.<br \/>\nL&#8217;<strong>EV<\/strong> indique que vous avez investi dans la s\u00e9curit\u00e9.<br \/>\nC&#8217;est une d\u00e9claration. Une d\u00e9claration que <strong>DigiCert<\/strong> peut vous aider \u00e0 faire rapidement et \u00e0 moindre co\u00fbt.<\/p>\n","protected":false},"excerpt":{"rendered":"<p>L&#8217;Extended Validation SSL est l&#8217;option id\u00e9ale pour une authentification compl\u00e8te de l&#8217;entreprise r\u00e9alis\u00e9e rapidement. Les consommateurs d&#8217;aujourd&#8217;hui exigent toutes les informations avant de donner leur accord. Seuls les certificats Extended Validation SSL peuvent fournir cela. Le certificat Extended Validation SSL de DigiCert peut \u00eatre d\u00e9livr\u00e9 plus rapidement que tout autre certificat Extended Validation dans l&#8217;industrie du SSL. Cela est possible parce que DigiCert a perfectionn\u00e9 le processus de validation, le simplifiant consid\u00e9rablement par rapport \u00e0 [&hellip;]<\/p>\n","protected":false},"featured_media":6164,"template":"","meta":{"_acf_changed":false},"product_brand":[],"product_cat":[120],"product_tag":[110],"class_list":{"0":"post-7084","1":"product","2":"type-product","3":"status-publish","4":"has-post-thumbnail","6":"product_cat-ssl-ev-morocco","7":"product_tag-digicert-certificat-ssl-morocco","9":"first","10":"instock","11":"shipping-taxable","12":"purchasable","13":"product-type-variable","14":"has-default-attributes"},"acf":[],"yoast_head":"<!-- This site is optimized with the Yoast SEO plugin v27.4 - https:\/\/yoast.com\/product\/yoast-seo-wordpress\/ -->\n<title>DigiCert EV SSL - Certificat Ssl Maroc SECTIGO Maroc GEOTRUST Maroc DIGICERT Maroc<\/title>\n<meta name=\"robots\" content=\"index, follow, max-snippet:-1, max-image-preview:large, max-video-preview:-1\" \/>\n<link rel=\"canonical\" href=\"https:\/\/ssl.ma\/en\/product\/digicert-extended-validation-ssl\/\" \/>\n<meta property=\"og:locale\" content=\"en_US\" \/>\n<meta property=\"og:type\" content=\"article\" \/>\n<meta property=\"og:title\" content=\"DigiCert EV SSL - Certificat Ssl Maroc SECTIGO Maroc GEOTRUST Maroc DIGICERT Maroc\" \/>\n<meta property=\"og:description\" content=\"L&#8217;Extended Validation SSL est l&#8217;option id\u00e9ale pour une authentification compl\u00e8te de l&#8217;entreprise r\u00e9alis\u00e9e rapidement. Les consommateurs d&#8217;aujourd&#8217;hui exigent toutes les informations avant de donner leur accord. Seuls les certificats Extended Validation SSL peuvent fournir cela. Le certificat Extended Validation SSL de DigiCert peut \u00eatre d\u00e9livr\u00e9 plus rapidement que tout autre certificat Extended Validation dans l&#8217;industrie du SSL. Cela est possible parce que DigiCert a perfectionn\u00e9 le processus de validation, le simplifiant consid\u00e9rablement par rapport \u00e0 [&hellip;]\" \/>\n<meta property=\"og:url\" content=\"https:\/\/ssl.ma\/en\/product\/digicert-extended-validation-ssl\/\" \/>\n<meta property=\"og:site_name\" content=\"Certificat Ssl Maroc SECTIGO Maroc GEOTRUST Maroc DIGICERT Maroc\" \/>\n<meta property=\"article:publisher\" content=\"https:\/\/web.facebook.com\/HeberDomaine?_rdc=1&amp;_rdr\" \/>\n<meta property=\"article:modified_time\" content=\"2024-11-21T11:39:33+00:00\" \/>\n<meta property=\"og:image\" content=\"https:\/\/ssl.ma\/wp-content\/uploads\/2022\/07\/brand-digicert.jpg\" \/>\n\t<meta property=\"og:image:width\" content=\"1280\" \/>\n\t<meta property=\"og:image:height\" content=\"329\" \/>\n\t<meta property=\"og:image:type\" content=\"image\/jpeg\" \/>\n<meta name=\"twitter:card\" content=\"summary_large_image\" \/>\n<meta name=\"twitter:site\" content=\"@heberdomaine\" \/>\n<meta name=\"twitter:label1\" content=\"Est. reading time\" \/>\n\t<meta name=\"twitter:data1\" content=\"1 minute\" \/>\n<script type=\"application\/ld+json\" class=\"yoast-schema-graph\">{\"@context\":\"https:\\\/\\\/schema.org\",\"@graph\":[{\"@type\":\"WebPage\",\"@id\":\"https:\\\/\\\/ssl.ma\\\/en\\\/product\\\/digicert-extended-validation-ssl\\\/\",\"url\":\"https:\\\/\\\/ssl.ma\\\/en\\\/product\\\/digicert-extended-validation-ssl\\\/\",\"name\":\"DigiCert EV SSL - Certificat Ssl Maroc SECTIGO Maroc GEOTRUST Maroc DIGICERT Maroc\",\"isPartOf\":{\"@id\":\"https:\\\/\\\/ssl.ma\\\/#website\"},\"primaryImageOfPage\":{\"@id\":\"https:\\\/\\\/ssl.ma\\\/en\\\/product\\\/digicert-extended-validation-ssl\\\/#primaryimage\"},\"image\":{\"@id\":\"https:\\\/\\\/ssl.ma\\\/en\\\/product\\\/digicert-extended-validation-ssl\\\/#primaryimage\"},\"thumbnailUrl\":\"https:\\\/\\\/ssl.ma\\\/wp-content\\\/uploads\\\/2022\\\/07\\\/brand-digicert.jpg\",\"datePublished\":\"2024-11-11T10:22:00+00:00\",\"dateModified\":\"2024-11-21T11:39:33+00:00\",\"breadcrumb\":{\"@id\":\"https:\\\/\\\/ssl.ma\\\/en\\\/product\\\/digicert-extended-validation-ssl\\\/#breadcrumb\"},\"inLanguage\":\"en-US\",\"potentialAction\":[{\"@type\":\"ReadAction\",\"target\":[\"https:\\\/\\\/ssl.ma\\\/en\\\/product\\\/digicert-extended-validation-ssl\\\/\"]}]},{\"@type\":\"ImageObject\",\"inLanguage\":\"en-US\",\"@id\":\"https:\\\/\\\/ssl.ma\\\/en\\\/product\\\/digicert-extended-validation-ssl\\\/#primaryimage\",\"url\":\"https:\\\/\\\/ssl.ma\\\/wp-content\\\/uploads\\\/2022\\\/07\\\/brand-digicert.jpg\",\"contentUrl\":\"https:\\\/\\\/ssl.ma\\\/wp-content\\\/uploads\\\/2022\\\/07\\\/brand-digicert.jpg\",\"width\":1280,\"height\":329,\"caption\":\"SSL Windows Server Maroc - Installez un certificat SSL sur votre serveur Windows pour assurer une connexion s\u00e9curis\u00e9e\"},{\"@type\":\"BreadcrumbList\",\"@id\":\"https:\\\/\\\/ssl.ma\\\/en\\\/product\\\/digicert-extended-validation-ssl\\\/#breadcrumb\",\"itemListElement\":[{\"@type\":\"ListItem\",\"position\":1,\"name\":\"Home\",\"item\":\"https:\\\/\\\/ssl.ma\\\/en\\\/\"},{\"@type\":\"ListItem\",\"position\":2,\"name\":\"DigiCert EV SSL\"}]},{\"@type\":\"WebSite\",\"@id\":\"https:\\\/\\\/ssl.ma\\\/#website\",\"url\":\"https:\\\/\\\/ssl.ma\\\/\",\"name\":\"Certificat Ssl Maroc SECTIGO DIGICERT Maroc GEOTRUST Thawt\",\"description\":\"Certificat SSL Maroc  SSL Wildcard pas cher Achat Certificat SSL Maroc Sectigo Wildcard SSL Free SSL\",\"potentialAction\":[{\"@type\":\"SearchAction\",\"target\":{\"@type\":\"EntryPoint\",\"urlTemplate\":\"https:\\\/\\\/ssl.ma\\\/?s={search_term_string}\"},\"query-input\":{\"@type\":\"PropertyValueSpecification\",\"valueRequired\":true,\"valueName\":\"search_term_string\"}}],\"inLanguage\":\"en-US\"}]}<\/script>\n<!-- \/ Yoast SEO plugin. -->","yoast_head_json":{"title":"DigiCert EV SSL - Certificat Ssl Maroc SECTIGO Maroc GEOTRUST Maroc DIGICERT Maroc","robots":{"index":"index","follow":"follow","max-snippet":"max-snippet:-1","max-image-preview":"max-image-preview:large","max-video-preview":"max-video-preview:-1"},"canonical":"https:\/\/ssl.ma\/en\/product\/digicert-extended-validation-ssl\/","og_locale":"en_US","og_type":"article","og_title":"DigiCert EV SSL - Certificat Ssl Maroc SECTIGO Maroc GEOTRUST Maroc DIGICERT Maroc","og_description":"L&#8217;Extended Validation SSL est l&#8217;option id\u00e9ale pour une authentification compl\u00e8te de l&#8217;entreprise r\u00e9alis\u00e9e rapidement. Les consommateurs d&#8217;aujourd&#8217;hui exigent toutes les informations avant de donner leur accord. Seuls les certificats Extended Validation SSL peuvent fournir cela. Le certificat Extended Validation SSL de DigiCert peut \u00eatre d\u00e9livr\u00e9 plus rapidement que tout autre certificat Extended Validation dans l&#8217;industrie du SSL. Cela est possible parce que DigiCert a perfectionn\u00e9 le processus de validation, le simplifiant consid\u00e9rablement par rapport \u00e0 [&hellip;]","og_url":"https:\/\/ssl.ma\/en\/product\/digicert-extended-validation-ssl\/","og_site_name":"Certificat Ssl Maroc SECTIGO Maroc GEOTRUST Maroc DIGICERT Maroc","article_publisher":"https:\/\/web.facebook.com\/HeberDomaine?_rdc=1&_rdr","article_modified_time":"2024-11-21T11:39:33+00:00","og_image":[{"width":1280,"height":329,"url":"https:\/\/ssl.ma\/wp-content\/uploads\/2022\/07\/brand-digicert.jpg","type":"image\/jpeg"}],"twitter_card":"summary_large_image","twitter_site":"@heberdomaine","twitter_misc":{"Est. reading time":"1 minute"},"schema":{"@context":"https:\/\/schema.org","@graph":[{"@type":"WebPage","@id":"https:\/\/ssl.ma\/en\/product\/digicert-extended-validation-ssl\/","url":"https:\/\/ssl.ma\/en\/product\/digicert-extended-validation-ssl\/","name":"DigiCert EV SSL - Certificat Ssl Maroc SECTIGO Maroc GEOTRUST Maroc DIGICERT Maroc","isPartOf":{"@id":"https:\/\/ssl.ma\/#website"},"primaryImageOfPage":{"@id":"https:\/\/ssl.ma\/en\/product\/digicert-extended-validation-ssl\/#primaryimage"},"image":{"@id":"https:\/\/ssl.ma\/en\/product\/digicert-extended-validation-ssl\/#primaryimage"},"thumbnailUrl":"https:\/\/ssl.ma\/wp-content\/uploads\/2022\/07\/brand-digicert.jpg","datePublished":"2024-11-11T10:22:00+00:00","dateModified":"2024-11-21T11:39:33+00:00","breadcrumb":{"@id":"https:\/\/ssl.ma\/en\/product\/digicert-extended-validation-ssl\/#breadcrumb"},"inLanguage":"en-US","potentialAction":[{"@type":"ReadAction","target":["https:\/\/ssl.ma\/en\/product\/digicert-extended-validation-ssl\/"]}]},{"@type":"ImageObject","inLanguage":"en-US","@id":"https:\/\/ssl.ma\/en\/product\/digicert-extended-validation-ssl\/#primaryimage","url":"https:\/\/ssl.ma\/wp-content\/uploads\/2022\/07\/brand-digicert.jpg","contentUrl":"https:\/\/ssl.ma\/wp-content\/uploads\/2022\/07\/brand-digicert.jpg","width":1280,"height":329,"caption":"SSL Windows Server Maroc - Installez un certificat SSL sur votre serveur Windows pour assurer une connexion s\u00e9curis\u00e9e"},{"@type":"BreadcrumbList","@id":"https:\/\/ssl.ma\/en\/product\/digicert-extended-validation-ssl\/#breadcrumb","itemListElement":[{"@type":"ListItem","position":1,"name":"Home","item":"https:\/\/ssl.ma\/en\/"},{"@type":"ListItem","position":2,"name":"DigiCert EV SSL"}]},{"@type":"WebSite","@id":"https:\/\/ssl.ma\/#website","url":"https:\/\/ssl.ma\/","name":"Certificat Ssl Maroc SECTIGO DIGICERT Maroc GEOTRUST Thawt","description":"Certificat SSL Maroc  SSL Wildcard pas cher Achat Certificat SSL Maroc Sectigo Wildcard SSL Free SSL","potentialAction":[{"@type":"SearchAction","target":{"@type":"EntryPoint","urlTemplate":"https:\/\/ssl.ma\/?s={search_term_string}"},"query-input":{"@type":"PropertyValueSpecification","valueRequired":true,"valueName":"search_term_string"}}],"inLanguage":"en-US"}]}},"_links":{"self":[{"href":"https:\/\/ssl.ma\/en\/wp-json\/wp\/v2\/product\/7084","targetHints":{"allow":["GET"]}}],"collection":[{"href":"https:\/\/ssl.ma\/en\/wp-json\/wp\/v2\/product"}],"about":[{"href":"https:\/\/ssl.ma\/en\/wp-json\/wp\/v2\/types\/product"}],"version-history":[{"count":5,"href":"https:\/\/ssl.ma\/en\/wp-json\/wp\/v2\/product\/7084\/revisions"}],"predecessor-version":[{"id":9889,"href":"https:\/\/ssl.ma\/en\/wp-json\/wp\/v2\/product\/7084\/revisions\/9889"}],"wp:featuredmedia":[{"embeddable":true,"href":"https:\/\/ssl.ma\/en\/wp-json\/wp\/v2\/media\/6164"}],"wp:attachment":[{"href":"https:\/\/ssl.ma\/en\/wp-json\/wp\/v2\/media?parent=7084"}],"wp:term":[{"taxonomy":"product_brand","embeddable":true,"href":"https:\/\/ssl.ma\/en\/wp-json\/wp\/v2\/product_brand?post=7084"},{"taxonomy":"product_cat","embeddable":true,"href":"https:\/\/ssl.ma\/en\/wp-json\/wp\/v2\/product_cat?post=7084"},{"taxonomy":"product_tag","embeddable":true,"href":"https:\/\/ssl.ma\/en\/wp-json\/wp\/v2\/product_tag?post=7084"}],"curies":[{"name":"wp","href":"https:\/\/api.w.org\/{rel}","templated":true}]}}