{"id":7079,"date":"2024-11-11T11:22:01","date_gmt":"2024-11-11T10:22:01","guid":{"rendered":"https:\/\/ssl.ma\/product\/digicert-standard-ssl\/"},"modified":"2024-11-21T12:37:46","modified_gmt":"2024-11-21T11:37:46","slug":"digicert-standard-ssl","status":"publish","type":"product","link":"https:\/\/ssl.ma\/en\/product\/digicert-standard-ssl\/","title":{"rendered":"DigiCert Standard SSL"},"content":{"rendered":"<p><strong>DigiCert<\/strong> Standard SSL<strong> OV<\/strong>\u00a0combin\u00e9e \u00e0 une \u00e9mission rapide, r\u00e9alis\u00e9e en quelques<strong> minutes seulement.<\/strong><br \/>\n<strong>DigiCert<\/strong> a r\u00e9volutionn\u00e9 le processus d&#8217;\u00e9mission au point de pouvoir d\u00e9livrer un certificat SSL de validation d&#8217;organisation en quelques minutes apr\u00e8s l&#8217;achat.<br \/>\nD\u00e9sormais, lorsque vos clients consultent les d\u00e9tails de votre <strong>certificat<\/strong> ou cliquent sur votre <strong>DigiCert Secure Trust Seal<\/strong>, ils peuvent voir les informations organisationnelles v\u00e9rifi\u00e9es.<br \/>\nVos clients appr\u00e9cieront \u00e9galement que leurs <strong>communications<\/strong> avec vous soient s\u00e9curis\u00e9es par une puissante encryption sym\u00e9trique de <strong>256 bits<\/strong>. Ajoutez \u00e0 cela la garantie d&#8217;un million de dollars, et il est \u00e9vident pourquoi la gamme de certificats SSL legacy de <strong>DigiCert<\/strong> est si populaire.<\/p>\n","protected":false},"excerpt":{"rendered":"<p>DigiCert Standard SSL OV\u00a0combin\u00e9e \u00e0 une \u00e9mission rapide, r\u00e9alis\u00e9e en quelques minutes seulement. DigiCert a r\u00e9volutionn\u00e9 le processus d&#8217;\u00e9mission au point de pouvoir d\u00e9livrer un certificat SSL de validation d&#8217;organisation en quelques minutes apr\u00e8s l&#8217;achat. D\u00e9sormais, lorsque vos clients consultent les d\u00e9tails de votre certificat ou cliquent sur votre DigiCert Secure Trust Seal, ils peuvent voir les informations organisationnelles v\u00e9rifi\u00e9es. Vos clients appr\u00e9cieront \u00e9galement que leurs communications avec vous soient s\u00e9curis\u00e9es par une puissante encryption [&hellip;]<\/p>\n","protected":false},"featured_media":6167,"template":"","meta":{"_acf_changed":false},"product_brand":[],"product_cat":[121],"product_tag":[110],"class_list":{"0":"post-7079","1":"product","2":"type-product","3":"status-publish","4":"has-post-thumbnail","6":"product_cat-ssl-ov-morocco","7":"product_tag-digicert-certificat-ssl-morocco","9":"first","10":"instock","11":"shipping-taxable","12":"purchasable","13":"product-type-variable","14":"has-default-attributes"},"acf":[],"yoast_head":"<!-- This site is optimized with the Yoast SEO plugin v27.3 - https:\/\/yoast.com\/product\/yoast-seo-wordpress\/ -->\n<title>DigiCert Standard SSL - Certificat Ssl Maroc SECTIGO Maroc GEOTRUST Maroc DIGICERT Maroc<\/title>\n<meta name=\"robots\" content=\"index, follow, max-snippet:-1, max-image-preview:large, max-video-preview:-1\" \/>\n<link rel=\"canonical\" href=\"https:\/\/ssl.ma\/en\/product\/digicert-standard-ssl\/\" \/>\n<meta property=\"og:locale\" content=\"en_US\" \/>\n<meta property=\"og:type\" content=\"article\" \/>\n<meta property=\"og:title\" content=\"DigiCert Standard SSL - Certificat Ssl Maroc SECTIGO Maroc GEOTRUST Maroc DIGICERT Maroc\" \/>\n<meta property=\"og:description\" content=\"DigiCert Standard SSL OV\u00a0combin\u00e9e \u00e0 une \u00e9mission rapide, r\u00e9alis\u00e9e en quelques minutes seulement. DigiCert a r\u00e9volutionn\u00e9 le processus d&#8217;\u00e9mission au point de pouvoir d\u00e9livrer un certificat SSL de validation d&#8217;organisation en quelques minutes apr\u00e8s l&#8217;achat. D\u00e9sormais, lorsque vos clients consultent les d\u00e9tails de votre certificat ou cliquent sur votre DigiCert Secure Trust Seal, ils peuvent voir les informations organisationnelles v\u00e9rifi\u00e9es. Vos clients appr\u00e9cieront \u00e9galement que leurs communications avec vous soient s\u00e9curis\u00e9es par une puissante encryption [&hellip;]\" \/>\n<meta property=\"og:url\" content=\"https:\/\/ssl.ma\/en\/product\/digicert-standard-ssl\/\" \/>\n<meta property=\"og:site_name\" content=\"Certificat Ssl Maroc SECTIGO Maroc GEOTRUST Maroc DIGICERT Maroc\" \/>\n<meta property=\"article:publisher\" content=\"https:\/\/web.facebook.com\/HeberDomaine?_rdc=1&amp;_rdr\" \/>\n<meta property=\"article:modified_time\" content=\"2024-11-21T11:37:46+00:00\" \/>\n<meta property=\"og:image\" content=\"https:\/\/ssl.ma\/wp-content\/uploads\/2022\/07\/brand-digicert-1.jpg\" \/>\n\t<meta property=\"og:image:width\" content=\"1280\" \/>\n\t<meta property=\"og:image:height\" content=\"329\" \/>\n\t<meta property=\"og:image:type\" content=\"image\/jpeg\" \/>\n<meta name=\"twitter:card\" content=\"summary_large_image\" \/>\n<meta name=\"twitter:site\" content=\"@heberdomaine\" \/>\n<meta name=\"twitter:label1\" content=\"Est. reading time\" \/>\n\t<meta name=\"twitter:data1\" content=\"1 minute\" \/>\n<script type=\"application\/ld+json\" class=\"yoast-schema-graph\">{\"@context\":\"https:\\\/\\\/schema.org\",\"@graph\":[{\"@type\":\"WebPage\",\"@id\":\"https:\\\/\\\/ssl.ma\\\/en\\\/product\\\/digicert-standard-ssl\\\/\",\"url\":\"https:\\\/\\\/ssl.ma\\\/en\\\/product\\\/digicert-standard-ssl\\\/\",\"name\":\"DigiCert Standard SSL - Certificat Ssl Maroc SECTIGO Maroc GEOTRUST Maroc DIGICERT Maroc\",\"isPartOf\":{\"@id\":\"https:\\\/\\\/ssl.ma\\\/#website\"},\"primaryImageOfPage\":{\"@id\":\"https:\\\/\\\/ssl.ma\\\/en\\\/product\\\/digicert-standard-ssl\\\/#primaryimage\"},\"image\":{\"@id\":\"https:\\\/\\\/ssl.ma\\\/en\\\/product\\\/digicert-standard-ssl\\\/#primaryimage\"},\"thumbnailUrl\":\"https:\\\/\\\/ssl.ma\\\/wp-content\\\/uploads\\\/2022\\\/07\\\/brand-digicert-1.jpg\",\"datePublished\":\"2024-11-11T10:22:01+00:00\",\"dateModified\":\"2024-11-21T11:37:46+00:00\",\"breadcrumb\":{\"@id\":\"https:\\\/\\\/ssl.ma\\\/en\\\/product\\\/digicert-standard-ssl\\\/#breadcrumb\"},\"inLanguage\":\"en-US\",\"potentialAction\":[{\"@type\":\"ReadAction\",\"target\":[\"https:\\\/\\\/ssl.ma\\\/en\\\/product\\\/digicert-standard-ssl\\\/\"]}]},{\"@type\":\"ImageObject\",\"inLanguage\":\"en-US\",\"@id\":\"https:\\\/\\\/ssl.ma\\\/en\\\/product\\\/digicert-standard-ssl\\\/#primaryimage\",\"url\":\"https:\\\/\\\/ssl.ma\\\/wp-content\\\/uploads\\\/2022\\\/07\\\/brand-digicert-1.jpg\",\"contentUrl\":\"https:\\\/\\\/ssl.ma\\\/wp-content\\\/uploads\\\/2022\\\/07\\\/brand-digicert-1.jpg\",\"width\":1280,\"height\":329,\"caption\":\"Https SSL TLS Maroc - Prot\u00e9gez vos donn\u00e9es en ligne avec un certificat SSL compatible TLS pour une s\u00e9curit\u00e9 maximale\"},{\"@type\":\"BreadcrumbList\",\"@id\":\"https:\\\/\\\/ssl.ma\\\/en\\\/product\\\/digicert-standard-ssl\\\/#breadcrumb\",\"itemListElement\":[{\"@type\":\"ListItem\",\"position\":1,\"name\":\"Home\",\"item\":\"https:\\\/\\\/ssl.ma\\\/en\\\/\"},{\"@type\":\"ListItem\",\"position\":2,\"name\":\"DigiCert Standard SSL\"}]},{\"@type\":\"WebSite\",\"@id\":\"https:\\\/\\\/ssl.ma\\\/#website\",\"url\":\"https:\\\/\\\/ssl.ma\\\/\",\"name\":\"Certificat Ssl Maroc SECTIGO DIGICERT Maroc GEOTRUST Thawt\",\"description\":\"Certificat SSL Maroc  SSL Wildcard pas cher Achat Certificat SSL Maroc Sectigo Wildcard SSL Free SSL\",\"potentialAction\":[{\"@type\":\"SearchAction\",\"target\":{\"@type\":\"EntryPoint\",\"urlTemplate\":\"https:\\\/\\\/ssl.ma\\\/?s={search_term_string}\"},\"query-input\":{\"@type\":\"PropertyValueSpecification\",\"valueRequired\":true,\"valueName\":\"search_term_string\"}}],\"inLanguage\":\"en-US\"}]}<\/script>\n<!-- \/ Yoast SEO plugin. -->","yoast_head_json":{"title":"DigiCert Standard SSL - Certificat Ssl Maroc SECTIGO Maroc GEOTRUST Maroc DIGICERT Maroc","robots":{"index":"index","follow":"follow","max-snippet":"max-snippet:-1","max-image-preview":"max-image-preview:large","max-video-preview":"max-video-preview:-1"},"canonical":"https:\/\/ssl.ma\/en\/product\/digicert-standard-ssl\/","og_locale":"en_US","og_type":"article","og_title":"DigiCert Standard SSL - Certificat Ssl Maroc SECTIGO Maroc GEOTRUST Maroc DIGICERT Maroc","og_description":"DigiCert Standard SSL OV\u00a0combin\u00e9e \u00e0 une \u00e9mission rapide, r\u00e9alis\u00e9e en quelques minutes seulement. DigiCert a r\u00e9volutionn\u00e9 le processus d&#8217;\u00e9mission au point de pouvoir d\u00e9livrer un certificat SSL de validation d&#8217;organisation en quelques minutes apr\u00e8s l&#8217;achat. D\u00e9sormais, lorsque vos clients consultent les d\u00e9tails de votre certificat ou cliquent sur votre DigiCert Secure Trust Seal, ils peuvent voir les informations organisationnelles v\u00e9rifi\u00e9es. Vos clients appr\u00e9cieront \u00e9galement que leurs communications avec vous soient s\u00e9curis\u00e9es par une puissante encryption [&hellip;]","og_url":"https:\/\/ssl.ma\/en\/product\/digicert-standard-ssl\/","og_site_name":"Certificat Ssl Maroc SECTIGO Maroc GEOTRUST Maroc DIGICERT Maroc","article_publisher":"https:\/\/web.facebook.com\/HeberDomaine?_rdc=1&_rdr","article_modified_time":"2024-11-21T11:37:46+00:00","og_image":[{"width":1280,"height":329,"url":"https:\/\/ssl.ma\/wp-content\/uploads\/2022\/07\/brand-digicert-1.jpg","type":"image\/jpeg"}],"twitter_card":"summary_large_image","twitter_site":"@heberdomaine","twitter_misc":{"Est. reading time":"1 minute"},"schema":{"@context":"https:\/\/schema.org","@graph":[{"@type":"WebPage","@id":"https:\/\/ssl.ma\/en\/product\/digicert-standard-ssl\/","url":"https:\/\/ssl.ma\/en\/product\/digicert-standard-ssl\/","name":"DigiCert Standard SSL - Certificat Ssl Maroc SECTIGO Maroc GEOTRUST Maroc DIGICERT Maroc","isPartOf":{"@id":"https:\/\/ssl.ma\/#website"},"primaryImageOfPage":{"@id":"https:\/\/ssl.ma\/en\/product\/digicert-standard-ssl\/#primaryimage"},"image":{"@id":"https:\/\/ssl.ma\/en\/product\/digicert-standard-ssl\/#primaryimage"},"thumbnailUrl":"https:\/\/ssl.ma\/wp-content\/uploads\/2022\/07\/brand-digicert-1.jpg","datePublished":"2024-11-11T10:22:01+00:00","dateModified":"2024-11-21T11:37:46+00:00","breadcrumb":{"@id":"https:\/\/ssl.ma\/en\/product\/digicert-standard-ssl\/#breadcrumb"},"inLanguage":"en-US","potentialAction":[{"@type":"ReadAction","target":["https:\/\/ssl.ma\/en\/product\/digicert-standard-ssl\/"]}]},{"@type":"ImageObject","inLanguage":"en-US","@id":"https:\/\/ssl.ma\/en\/product\/digicert-standard-ssl\/#primaryimage","url":"https:\/\/ssl.ma\/wp-content\/uploads\/2022\/07\/brand-digicert-1.jpg","contentUrl":"https:\/\/ssl.ma\/wp-content\/uploads\/2022\/07\/brand-digicert-1.jpg","width":1280,"height":329,"caption":"Https SSL TLS Maroc - Prot\u00e9gez vos donn\u00e9es en ligne avec un certificat SSL compatible TLS pour une s\u00e9curit\u00e9 maximale"},{"@type":"BreadcrumbList","@id":"https:\/\/ssl.ma\/en\/product\/digicert-standard-ssl\/#breadcrumb","itemListElement":[{"@type":"ListItem","position":1,"name":"Home","item":"https:\/\/ssl.ma\/en\/"},{"@type":"ListItem","position":2,"name":"DigiCert Standard SSL"}]},{"@type":"WebSite","@id":"https:\/\/ssl.ma\/#website","url":"https:\/\/ssl.ma\/","name":"Certificat Ssl Maroc SECTIGO DIGICERT Maroc GEOTRUST Thawt","description":"Certificat SSL Maroc  SSL Wildcard pas cher Achat Certificat SSL Maroc Sectigo Wildcard SSL Free SSL","potentialAction":[{"@type":"SearchAction","target":{"@type":"EntryPoint","urlTemplate":"https:\/\/ssl.ma\/?s={search_term_string}"},"query-input":{"@type":"PropertyValueSpecification","valueRequired":true,"valueName":"search_term_string"}}],"inLanguage":"en-US"}]}},"_links":{"self":[{"href":"https:\/\/ssl.ma\/en\/wp-json\/wp\/v2\/product\/7079","targetHints":{"allow":["GET"]}}],"collection":[{"href":"https:\/\/ssl.ma\/en\/wp-json\/wp\/v2\/product"}],"about":[{"href":"https:\/\/ssl.ma\/en\/wp-json\/wp\/v2\/types\/product"}],"version-history":[{"count":4,"href":"https:\/\/ssl.ma\/en\/wp-json\/wp\/v2\/product\/7079\/revisions"}],"predecessor-version":[{"id":10204,"href":"https:\/\/ssl.ma\/en\/wp-json\/wp\/v2\/product\/7079\/revisions\/10204"}],"wp:featuredmedia":[{"embeddable":true,"href":"https:\/\/ssl.ma\/en\/wp-json\/wp\/v2\/media\/6167"}],"wp:attachment":[{"href":"https:\/\/ssl.ma\/en\/wp-json\/wp\/v2\/media?parent=7079"}],"wp:term":[{"taxonomy":"product_brand","embeddable":true,"href":"https:\/\/ssl.ma\/en\/wp-json\/wp\/v2\/product_brand?post=7079"},{"taxonomy":"product_cat","embeddable":true,"href":"https:\/\/ssl.ma\/en\/wp-json\/wp\/v2\/product_cat?post=7079"},{"taxonomy":"product_tag","embeddable":true,"href":"https:\/\/ssl.ma\/en\/wp-json\/wp\/v2\/product_tag?post=7079"}],"curies":[{"name":"wp","href":"https:\/\/api.w.org\/{rel}","templated":true}]}}