{"id":10643,"date":"2024-10-31T12:17:01","date_gmt":"2024-10-31T11:17:01","guid":{"rendered":"https:\/\/ssl.ma\/product\/gogetssl-secure-domain-ssl-flex\/"},"modified":"2024-10-31T12:17:01","modified_gmt":"2024-10-31T11:17:01","slug":"gogetssl-secure-domain-ssl-flex","status":"publish","type":"product","link":"https:\/\/ssl.ma\/en\/product\/gogetssl-secure-domain-ssl-flex\/","title":{"rendered":"GlobalSign Secure Domain SSL"},"content":{"rendered":"<p>Secure Domain <strong>SSL (Flex)<\/strong> is one of the most powerful <strong>DV SSL certificates<\/strong> that we sell. It comes with two new features, the Flex SSL allowing to protect single and Wildcard domains, as well as <strong>TrulyTrust<\/strong> Vulnerability scanner to determine any possible issues with your websites. Secure Domain SSL comes with the complete support of both <strong>RSA and ECC hash algorithms<\/strong> for the same price.<\/p>\n<p>Our <strong>SSL<\/strong> comes with a green lock that appears at the address bar of all known browsers and mobile devices. It is suitable for small and medium websites, mail servers, start-ups or any other online projects.<br \/>\nThe validation process is <strong>fast and easy<\/strong> as all you need is to confirm domain ownership via one of the available methods.<br \/>\n<strong>We guarantee 30-day money back for any reason.<\/strong><\/p>\n<p><a href=\"https:\/\/ssl.ma\/store\/order\/main\/packages\/GoGetSSL-certificat-SSL-maroc\/?group_id=7\"><br \/>\nPour plus de d\u00e9tails<br \/>\n<\/a><\/p>\n","protected":false},"excerpt":{"rendered":"<p data-start=\"33\" data-end=\"551\"><span style=\"color: #333333;\">Le <strong data-start=\"36\" data-end=\"70\">Secure Domain SSL (Flex) Maroc<\/strong> est une solution puissante pour <a style=\"color: #333333;\" href=\"https:\/\/ssl.ma\/etiquette-produit\/gogetssl-certificat-maroc\/\"><strong data-start=\"103\" data-end=\"135\">s\u00e9curiser mon site web https<\/strong><\/a> avec le support des algorithmes <strong data-start=\"168\" data-end=\"182\">RSA et ECC<\/strong>. Il prot\u00e8ge les domaines simples et <a style=\"color: #333333;\" href=\"https:\/\/heberdomaine.com\/cart\/ssl-wildcard\/\"><strong data-start=\"219\" data-end=\"241\">Wildcard SSL Maroc<\/strong><\/a>, tout en int\u00e9grant le scanner <strong data-start=\"272\" data-end=\"300\">TrulyTrust Vulnerability<\/strong>. Id\u00e9al pour <strong data-start=\"313\" data-end=\"359\">les sites web, serveurs mail et e-commerce<\/strong>, il garantit une <strong data-start=\"377\" data-end=\"408\">s\u00e9curit\u00e9 site web SSL Maroc<\/strong> renforc\u00e9e et une validation rapide. Compatible avec <strong data-start=\"461\" data-end=\"540\">Digicert SSL Maroc, Sectigo SSL Maroc, Geotrust SSL Maroc, COMODO SSL Maroc<\/strong> et plus.<\/span><\/p>\n","protected":false},"featured_media":10625,"template":"","meta":{"_acf_changed":false},"product_brand":[],"product_cat":[119],"product_tag":[114],"class_list":{"0":"post-10643","1":"product","2":"type-product","3":"status-publish","4":"has-post-thumbnail","6":"product_cat-ssl-dv-morocco-certificat","7":"product_tag-globalsign-morocco-certificate","9":"first","10":"instock","11":"shipping-taxable","12":"purchasable","13":"product-type-variable","14":"has-default-attributes"},"acf":[],"yoast_head":"<!-- This site is optimized with the Yoast SEO plugin v27.3 - https:\/\/yoast.com\/product\/yoast-seo-wordpress\/ -->\n<title>GlobalSign Secure Domain SSL - Certificat Ssl Maroc SECTIGO Maroc GEOTRUST Maroc DIGICERT Maroc<\/title>\n<meta name=\"robots\" content=\"index, follow, max-snippet:-1, max-image-preview:large, max-video-preview:-1\" \/>\n<link rel=\"canonical\" href=\"https:\/\/ssl.ma\/en\/product\/gogetssl-secure-domain-ssl-flex\/\" \/>\n<meta property=\"og:locale\" content=\"en_US\" \/>\n<meta property=\"og:type\" content=\"article\" \/>\n<meta property=\"og:title\" content=\"GlobalSign Secure Domain SSL - Certificat Ssl Maroc SECTIGO Maroc GEOTRUST Maroc DIGICERT Maroc\" \/>\n<meta property=\"og:description\" content=\"Le Secure Domain SSL (Flex) Maroc est une solution puissante pour s\u00e9curiser mon site web https avec le support des algorithmes RSA et ECC. Il prot\u00e8ge les domaines simples et Wildcard SSL Maroc, tout en int\u00e9grant le scanner TrulyTrust Vulnerability. Id\u00e9al pour les sites web, serveurs mail et e-commerce, il garantit une s\u00e9curit\u00e9 site web SSL Maroc renforc\u00e9e et une validation rapide. Compatible avec Digicert SSL Maroc, Sectigo SSL Maroc, Geotrust SSL Maroc, COMODO SSL Maroc et plus.\" \/>\n<meta property=\"og:url\" content=\"https:\/\/ssl.ma\/en\/product\/gogetssl-secure-domain-ssl-flex\/\" \/>\n<meta property=\"og:site_name\" content=\"Certificat Ssl Maroc SECTIGO Maroc GEOTRUST Maroc DIGICERT Maroc\" \/>\n<meta property=\"article:publisher\" content=\"https:\/\/web.facebook.com\/HeberDomaine?_rdc=1&amp;_rdr\" \/>\n<meta name=\"twitter:card\" content=\"summary_large_image\" \/>\n<meta name=\"twitter:site\" content=\"@heberdomaine\" \/>\n<meta name=\"twitter:label1\" content=\"Est. reading time\" \/>\n\t<meta name=\"twitter:data1\" content=\"1 minute\" \/>\n<script type=\"application\/ld+json\" class=\"yoast-schema-graph\">{\"@context\":\"https:\\\/\\\/schema.org\",\"@graph\":[{\"@type\":\"WebPage\",\"@id\":\"https:\\\/\\\/ssl.ma\\\/en\\\/product\\\/gogetssl-secure-domain-ssl-flex\\\/\",\"url\":\"https:\\\/\\\/ssl.ma\\\/en\\\/product\\\/gogetssl-secure-domain-ssl-flex\\\/\",\"name\":\"GlobalSign Secure Domain SSL - Certificat Ssl Maroc SECTIGO Maroc GEOTRUST Maroc DIGICERT Maroc\",\"isPartOf\":{\"@id\":\"https:\\\/\\\/ssl.ma\\\/#website\"},\"primaryImageOfPage\":{\"@id\":\"https:\\\/\\\/ssl.ma\\\/en\\\/product\\\/gogetssl-secure-domain-ssl-flex\\\/#primaryimage\"},\"image\":{\"@id\":\"https:\\\/\\\/ssl.ma\\\/en\\\/product\\\/gogetssl-secure-domain-ssl-flex\\\/#primaryimage\"},\"thumbnailUrl\":\"https:\\\/\\\/ssl.ma\\\/wp-content\\\/uploads\\\/2025\\\/07\\\/globalsign-SSL-maroc-1.svg\",\"datePublished\":\"2024-10-31T11:17:01+00:00\",\"breadcrumb\":{\"@id\":\"https:\\\/\\\/ssl.ma\\\/en\\\/product\\\/gogetssl-secure-domain-ssl-flex\\\/#breadcrumb\"},\"inLanguage\":\"en-US\",\"potentialAction\":[{\"@type\":\"ReadAction\",\"target\":[\"https:\\\/\\\/ssl.ma\\\/en\\\/product\\\/gogetssl-secure-domain-ssl-flex\\\/\"]}]},{\"@type\":\"ImageObject\",\"inLanguage\":\"en-US\",\"@id\":\"https:\\\/\\\/ssl.ma\\\/en\\\/product\\\/gogetssl-secure-domain-ssl-flex\\\/#primaryimage\",\"url\":\"https:\\\/\\\/ssl.ma\\\/wp-content\\\/uploads\\\/2025\\\/07\\\/globalsign-SSL-maroc-1.svg\",\"contentUrl\":\"https:\\\/\\\/ssl.ma\\\/wp-content\\\/uploads\\\/2025\\\/07\\\/globalsign-SSL-maroc-1.svg\"},{\"@type\":\"BreadcrumbList\",\"@id\":\"https:\\\/\\\/ssl.ma\\\/en\\\/product\\\/gogetssl-secure-domain-ssl-flex\\\/#breadcrumb\",\"itemListElement\":[{\"@type\":\"ListItem\",\"position\":1,\"name\":\"Home\",\"item\":\"https:\\\/\\\/ssl.ma\\\/en\\\/\"},{\"@type\":\"ListItem\",\"position\":2,\"name\":\"GlobalSign Secure Domain SSL\"}]},{\"@type\":\"WebSite\",\"@id\":\"https:\\\/\\\/ssl.ma\\\/#website\",\"url\":\"https:\\\/\\\/ssl.ma\\\/\",\"name\":\"Certificat Ssl Maroc SECTIGO DIGICERT Maroc GEOTRUST Thawt\",\"description\":\"Certificat SSL Maroc  SSL Wildcard pas cher Achat Certificat SSL Maroc Sectigo Wildcard SSL Free SSL\",\"potentialAction\":[{\"@type\":\"SearchAction\",\"target\":{\"@type\":\"EntryPoint\",\"urlTemplate\":\"https:\\\/\\\/ssl.ma\\\/?s={search_term_string}\"},\"query-input\":{\"@type\":\"PropertyValueSpecification\",\"valueRequired\":true,\"valueName\":\"search_term_string\"}}],\"inLanguage\":\"en-US\"}]}<\/script>\n<!-- \/ Yoast SEO plugin. -->","yoast_head_json":{"title":"GlobalSign Secure Domain SSL - Certificat Ssl Maroc SECTIGO Maroc GEOTRUST Maroc DIGICERT Maroc","robots":{"index":"index","follow":"follow","max-snippet":"max-snippet:-1","max-image-preview":"max-image-preview:large","max-video-preview":"max-video-preview:-1"},"canonical":"https:\/\/ssl.ma\/en\/product\/gogetssl-secure-domain-ssl-flex\/","og_locale":"en_US","og_type":"article","og_title":"GlobalSign Secure Domain SSL - Certificat Ssl Maroc SECTIGO Maroc GEOTRUST Maroc DIGICERT Maroc","og_description":"Le Secure Domain SSL (Flex) Maroc est une solution puissante pour s\u00e9curiser mon site web https avec le support des algorithmes RSA et ECC. Il prot\u00e8ge les domaines simples et Wildcard SSL Maroc, tout en int\u00e9grant le scanner TrulyTrust Vulnerability. Id\u00e9al pour les sites web, serveurs mail et e-commerce, il garantit une s\u00e9curit\u00e9 site web SSL Maroc renforc\u00e9e et une validation rapide. Compatible avec Digicert SSL Maroc, Sectigo SSL Maroc, Geotrust SSL Maroc, COMODO SSL Maroc et plus.","og_url":"https:\/\/ssl.ma\/en\/product\/gogetssl-secure-domain-ssl-flex\/","og_site_name":"Certificat Ssl Maroc SECTIGO Maroc GEOTRUST Maroc DIGICERT Maroc","article_publisher":"https:\/\/web.facebook.com\/HeberDomaine?_rdc=1&_rdr","twitter_card":"summary_large_image","twitter_site":"@heberdomaine","twitter_misc":{"Est. reading time":"1 minute"},"schema":{"@context":"https:\/\/schema.org","@graph":[{"@type":"WebPage","@id":"https:\/\/ssl.ma\/en\/product\/gogetssl-secure-domain-ssl-flex\/","url":"https:\/\/ssl.ma\/en\/product\/gogetssl-secure-domain-ssl-flex\/","name":"GlobalSign Secure Domain SSL - Certificat Ssl Maroc SECTIGO Maroc GEOTRUST Maroc DIGICERT Maroc","isPartOf":{"@id":"https:\/\/ssl.ma\/#website"},"primaryImageOfPage":{"@id":"https:\/\/ssl.ma\/en\/product\/gogetssl-secure-domain-ssl-flex\/#primaryimage"},"image":{"@id":"https:\/\/ssl.ma\/en\/product\/gogetssl-secure-domain-ssl-flex\/#primaryimage"},"thumbnailUrl":"https:\/\/ssl.ma\/wp-content\/uploads\/2025\/07\/globalsign-SSL-maroc-1.svg","datePublished":"2024-10-31T11:17:01+00:00","breadcrumb":{"@id":"https:\/\/ssl.ma\/en\/product\/gogetssl-secure-domain-ssl-flex\/#breadcrumb"},"inLanguage":"en-US","potentialAction":[{"@type":"ReadAction","target":["https:\/\/ssl.ma\/en\/product\/gogetssl-secure-domain-ssl-flex\/"]}]},{"@type":"ImageObject","inLanguage":"en-US","@id":"https:\/\/ssl.ma\/en\/product\/gogetssl-secure-domain-ssl-flex\/#primaryimage","url":"https:\/\/ssl.ma\/wp-content\/uploads\/2025\/07\/globalsign-SSL-maroc-1.svg","contentUrl":"https:\/\/ssl.ma\/wp-content\/uploads\/2025\/07\/globalsign-SSL-maroc-1.svg"},{"@type":"BreadcrumbList","@id":"https:\/\/ssl.ma\/en\/product\/gogetssl-secure-domain-ssl-flex\/#breadcrumb","itemListElement":[{"@type":"ListItem","position":1,"name":"Home","item":"https:\/\/ssl.ma\/en\/"},{"@type":"ListItem","position":2,"name":"GlobalSign Secure Domain SSL"}]},{"@type":"WebSite","@id":"https:\/\/ssl.ma\/#website","url":"https:\/\/ssl.ma\/","name":"Certificat Ssl Maroc SECTIGO DIGICERT Maroc GEOTRUST Thawt","description":"Certificat SSL Maroc  SSL Wildcard pas cher Achat Certificat SSL Maroc Sectigo Wildcard SSL Free SSL","potentialAction":[{"@type":"SearchAction","target":{"@type":"EntryPoint","urlTemplate":"https:\/\/ssl.ma\/?s={search_term_string}"},"query-input":{"@type":"PropertyValueSpecification","valueRequired":true,"valueName":"search_term_string"}}],"inLanguage":"en-US"}]}},"_links":{"self":[{"href":"https:\/\/ssl.ma\/en\/wp-json\/wp\/v2\/product\/10643","targetHints":{"allow":["GET"]}}],"collection":[{"href":"https:\/\/ssl.ma\/en\/wp-json\/wp\/v2\/product"}],"about":[{"href":"https:\/\/ssl.ma\/en\/wp-json\/wp\/v2\/types\/product"}],"version-history":[{"count":0,"href":"https:\/\/ssl.ma\/en\/wp-json\/wp\/v2\/product\/10643\/revisions"}],"wp:featuredmedia":[{"embeddable":true,"href":"https:\/\/ssl.ma\/en\/wp-json\/wp\/v2\/media\/10625"}],"wp:attachment":[{"href":"https:\/\/ssl.ma\/en\/wp-json\/wp\/v2\/media?parent=10643"}],"wp:term":[{"taxonomy":"product_brand","embeddable":true,"href":"https:\/\/ssl.ma\/en\/wp-json\/wp\/v2\/product_brand?post=10643"},{"taxonomy":"product_cat","embeddable":true,"href":"https:\/\/ssl.ma\/en\/wp-json\/wp\/v2\/product_cat?post=10643"},{"taxonomy":"product_tag","embeddable":true,"href":"https:\/\/ssl.ma\/en\/wp-json\/wp\/v2\/product_tag?post=10643"}],"curies":[{"name":"wp","href":"https:\/\/api.w.org\/{rel}","templated":true}]}}