{"id":10212,"date":"2024-12-03T15:43:43","date_gmt":"2024-12-03T14:43:43","guid":{"rendered":"https:\/\/ssl.ma\/product\/sitelock-by-sectigo\/"},"modified":"2025-03-21T12:47:43","modified_gmt":"2025-03-21T12:47:43","slug":"sitelock-by-sectigo-certificat-ssl","status":"publish","type":"product","link":"https:\/\/ssl.ma\/en\/product\/sitelock-by-sectigo-certificat-ssl\/","title":{"rendered":"SiteLock Pro"},"content":{"rendered":"<p data-start=\"212\" data-end=\"395\"><span style=\"color: #333333;\">SiteLock SSL Pro prot\u00e8ge votre site web en profondeur. Il effectue des scans quotidiens pour d\u00e9tecter les menaces et vous alerte en temps r\u00e9el d\u00e8s qu&#8217;une vuln\u00e9rabilit\u00e9 est identifi\u00e9e.<\/span><\/p>\n<p data-start=\"397\" data-end=\"638\"><span style=\"color: #333333;\">Le service \u00e9limine automatiquement les malwares et applique des correctifs aux vuln\u00e9rabilit\u00e9s de votre CMS, assurant une s\u00e9curit\u00e9 continue. D\u00e8s qu&#8217;un probl\u00e8me est d\u00e9tect\u00e9, vous recevez une notification instantan\u00e9e pour intervenir rapidement.<\/span><\/p>\n<p data-start=\"640\" data-end=\"866\"><span style=\"color: #333333;\">SiteLock SSL Pro int\u00e8gre \u00e9galement un pare-feu d\u2019application web pour bloquer le trafic malveillant avant qu\u2019il n&#8217;atteigne votre site. Son CDN am\u00e9liore la vitesse de votre site, ce qui booste \u00e9galement votre r\u00e9f\u00e9rencement SEO.<\/span><\/p>\n<p data-start=\"868\" data-end=\"1036\"><span style=\"color: #333333;\">Pour les sites eCommerce, SiteLock Pro fournit un rapport de conformit\u00e9 PCI, ce qui vous aide \u00e0 respecter les normes bancaires et \u00e0 s\u00e9curiser les transactions en ligne.<\/span><\/p>\n<p data-start=\"1038\" data-end=\"1287\"><span style=\"color: #333333;\">En choisissant <a style=\"color: #333333;\" href=\"https:\/\/ssl.ma\/en\/pourquoi-ssl\/\">SiteLock SSL Pro<\/a>, vous b\u00e9n\u00e9ficiez \u00e9galement d&#8217;une assistance en direct, disponible 24\/7, pendant toute la dur\u00e9e de vie de votre <a style=\"color: #333333;\" href=\"https:\/\/heberdomaine.com\/cart\/certificat-ssl\/\">certificat SSL<\/a>. Vous pouvez ainsi obtenir de l\u2019aide pour toute question technique ou probl\u00e8me de s\u00e9curit\u00e9.<\/span><\/p>\n<p data-start=\"1038\" data-end=\"1287\"><span style=\"color: #333333;\"> Le certificat <strong data-start=\"324\" data-end=\"348\">Sectigo SSL Wildcard<\/strong> offre une s\u00e9curit\u00e9 compl\u00e8te pour un domaine principal et ses sous-domaines. Id\u00e9al pour les infrastructures complexes, il inclut une garantie g\u00e9n\u00e9reuse et un remboursement de 30 jours. De plus, il b\u00e9n\u00e9ficie du sceau <strong data-start=\"564\" data-end=\"582\" data-is-only-node=\"\">Sectigo Secure<\/strong> et du support client en direct 24\/7 via <strong data-start=\"623\" data-end=\"640\">The SSL Store<\/strong>.<\/span><\/p>\n","protected":false},"excerpt":{"rendered":"<p data-start=\"33\" data-end=\"369\">Le certificat <strong data-start=\"47\" data-end=\"67\">SiteLock Pro SSL<\/strong> assure la <strong data-start=\"78\" data-end=\"118\">s\u00e9curit\u00e9 de votre site web SSL Maroc<\/strong> gr\u00e2ce \u00e0 des scans quotidiens d\u00e9tectant les menaces, une suppression automatique des malwares, un pare-feu applicatif et un <strong data-start=\"242\" data-end=\"275\">CDN pour optimiser la vitesse<\/strong>. Id\u00e9al pour les sites e-commerce, il aide \u00e0 la <strong data-start=\"323\" data-end=\"341\">conformit\u00e9 PCI<\/strong> des transactions bancaires.<\/p>\n","protected":false},"featured_media":9811,"template":"","meta":{"_acf_changed":false},"product_brand":[],"product_cat":[118],"product_tag":[116],"class_list":{"0":"post-10212","1":"product","2":"type-product","3":"status-publish","4":"has-post-thumbnail","6":"product_cat-ssl","7":"product_tag-sitelock-ssl-maroc-en","9":"first","10":"instock","11":"shipping-taxable","12":"purchasable","13":"product-type-variable"},"acf":[],"yoast_head":"<!-- This site is optimized with the Yoast SEO plugin v27.4 - https:\/\/yoast.com\/product\/yoast-seo-wordpress\/ -->\n<title>SiteLock Pro - Certificat Ssl Maroc SECTIGO Maroc GEOTRUST Maroc DIGICERT Maroc<\/title>\n<meta name=\"robots\" content=\"index, follow, max-snippet:-1, max-image-preview:large, max-video-preview:-1\" \/>\n<link rel=\"canonical\" href=\"https:\/\/ssl.ma\/en\/product\/sitelock-by-sectigo-certificat-ssl\/\" \/>\n<meta property=\"og:locale\" content=\"en_US\" \/>\n<meta property=\"og:type\" content=\"article\" \/>\n<meta property=\"og:title\" content=\"SiteLock Pro - Certificat Ssl Maroc SECTIGO Maroc GEOTRUST Maroc DIGICERT Maroc\" \/>\n<meta property=\"og:description\" content=\"Le certificat SiteLock Pro SSL assure la s\u00e9curit\u00e9 de votre site web SSL Maroc gr\u00e2ce \u00e0 des scans quotidiens d\u00e9tectant les menaces, une suppression automatique des malwares, un pare-feu applicatif et un CDN pour optimiser la vitesse. Id\u00e9al pour les sites e-commerce, il aide \u00e0 la conformit\u00e9 PCI des transactions bancaires.\" \/>\n<meta property=\"og:url\" content=\"https:\/\/ssl.ma\/en\/product\/sitelock-by-sectigo-certificat-ssl\/\" \/>\n<meta property=\"og:site_name\" content=\"Certificat Ssl Maroc SECTIGO Maroc GEOTRUST Maroc DIGICERT Maroc\" \/>\n<meta property=\"article:publisher\" content=\"https:\/\/web.facebook.com\/HeberDomaine?_rdc=1&amp;_rdr\" \/>\n<meta property=\"article:modified_time\" content=\"2025-03-21T12:47:43+00:00\" \/>\n<meta name=\"twitter:card\" content=\"summary_large_image\" \/>\n<meta name=\"twitter:site\" content=\"@heberdomaine\" \/>\n<meta name=\"twitter:label1\" content=\"Est. reading time\" \/>\n\t<meta name=\"twitter:data1\" content=\"1 minute\" \/>\n<script type=\"application\/ld+json\" class=\"yoast-schema-graph\">{\"@context\":\"https:\\\/\\\/schema.org\",\"@graph\":[{\"@type\":\"WebPage\",\"@id\":\"https:\\\/\\\/ssl.ma\\\/en\\\/product\\\/sitelock-by-sectigo-certificat-ssl\\\/\",\"url\":\"https:\\\/\\\/ssl.ma\\\/en\\\/product\\\/sitelock-by-sectigo-certificat-ssl\\\/\",\"name\":\"SiteLock Pro - Certificat Ssl Maroc SECTIGO Maroc GEOTRUST Maroc DIGICERT Maroc\",\"isPartOf\":{\"@id\":\"https:\\\/\\\/ssl.ma\\\/#website\"},\"primaryImageOfPage\":{\"@id\":\"https:\\\/\\\/ssl.ma\\\/en\\\/product\\\/sitelock-by-sectigo-certificat-ssl\\\/#primaryimage\"},\"image\":{\"@id\":\"https:\\\/\\\/ssl.ma\\\/en\\\/product\\\/sitelock-by-sectigo-certificat-ssl\\\/#primaryimage\"},\"thumbnailUrl\":\"https:\\\/\\\/ssl.ma\\\/wp-content\\\/uploads\\\/2024\\\/11\\\/sitelock-logo-1.svg\",\"datePublished\":\"2024-12-03T14:43:43+00:00\",\"dateModified\":\"2025-03-21T12:47:43+00:00\",\"breadcrumb\":{\"@id\":\"https:\\\/\\\/ssl.ma\\\/en\\\/product\\\/sitelock-by-sectigo-certificat-ssl\\\/#breadcrumb\"},\"inLanguage\":\"en-US\",\"potentialAction\":[{\"@type\":\"ReadAction\",\"target\":[\"https:\\\/\\\/ssl.ma\\\/en\\\/product\\\/sitelock-by-sectigo-certificat-ssl\\\/\"]}]},{\"@type\":\"ImageObject\",\"inLanguage\":\"en-US\",\"@id\":\"https:\\\/\\\/ssl.ma\\\/en\\\/product\\\/sitelock-by-sectigo-certificat-ssl\\\/#primaryimage\",\"url\":\"https:\\\/\\\/ssl.ma\\\/wp-content\\\/uploads\\\/2024\\\/11\\\/sitelock-logo-1.svg\",\"contentUrl\":\"https:\\\/\\\/ssl.ma\\\/wp-content\\\/uploads\\\/2024\\\/11\\\/sitelock-logo-1.svg\",\"caption\":\"Certificat de S\u00e9curit\u00e9 maroc SiteLock\"},{\"@type\":\"BreadcrumbList\",\"@id\":\"https:\\\/\\\/ssl.ma\\\/en\\\/product\\\/sitelock-by-sectigo-certificat-ssl\\\/#breadcrumb\",\"itemListElement\":[{\"@type\":\"ListItem\",\"position\":1,\"name\":\"Home\",\"item\":\"https:\\\/\\\/ssl.ma\\\/en\\\/\"},{\"@type\":\"ListItem\",\"position\":2,\"name\":\"SiteLock Pro\"}]},{\"@type\":\"WebSite\",\"@id\":\"https:\\\/\\\/ssl.ma\\\/#website\",\"url\":\"https:\\\/\\\/ssl.ma\\\/\",\"name\":\"Certificat Ssl Maroc SECTIGO DIGICERT Maroc GEOTRUST Thawt\",\"description\":\"Certificat SSL Maroc  SSL Wildcard pas cher Achat Certificat SSL Maroc Sectigo Wildcard SSL Free SSL\",\"potentialAction\":[{\"@type\":\"SearchAction\",\"target\":{\"@type\":\"EntryPoint\",\"urlTemplate\":\"https:\\\/\\\/ssl.ma\\\/?s={search_term_string}\"},\"query-input\":{\"@type\":\"PropertyValueSpecification\",\"valueRequired\":true,\"valueName\":\"search_term_string\"}}],\"inLanguage\":\"en-US\"}]}<\/script>\n<!-- \/ Yoast SEO plugin. -->","yoast_head_json":{"title":"SiteLock Pro - Certificat Ssl Maroc SECTIGO Maroc GEOTRUST Maroc DIGICERT Maroc","robots":{"index":"index","follow":"follow","max-snippet":"max-snippet:-1","max-image-preview":"max-image-preview:large","max-video-preview":"max-video-preview:-1"},"canonical":"https:\/\/ssl.ma\/en\/product\/sitelock-by-sectigo-certificat-ssl\/","og_locale":"en_US","og_type":"article","og_title":"SiteLock Pro - Certificat Ssl Maroc SECTIGO Maroc GEOTRUST Maroc DIGICERT Maroc","og_description":"Le certificat SiteLock Pro SSL assure la s\u00e9curit\u00e9 de votre site web SSL Maroc gr\u00e2ce \u00e0 des scans quotidiens d\u00e9tectant les menaces, une suppression automatique des malwares, un pare-feu applicatif et un CDN pour optimiser la vitesse. Id\u00e9al pour les sites e-commerce, il aide \u00e0 la conformit\u00e9 PCI des transactions bancaires.","og_url":"https:\/\/ssl.ma\/en\/product\/sitelock-by-sectigo-certificat-ssl\/","og_site_name":"Certificat Ssl Maroc SECTIGO Maroc GEOTRUST Maroc DIGICERT Maroc","article_publisher":"https:\/\/web.facebook.com\/HeberDomaine?_rdc=1&_rdr","article_modified_time":"2025-03-21T12:47:43+00:00","twitter_card":"summary_large_image","twitter_site":"@heberdomaine","twitter_misc":{"Est. reading time":"1 minute"},"schema":{"@context":"https:\/\/schema.org","@graph":[{"@type":"WebPage","@id":"https:\/\/ssl.ma\/en\/product\/sitelock-by-sectigo-certificat-ssl\/","url":"https:\/\/ssl.ma\/en\/product\/sitelock-by-sectigo-certificat-ssl\/","name":"SiteLock Pro - Certificat Ssl Maroc SECTIGO Maroc GEOTRUST Maroc DIGICERT Maroc","isPartOf":{"@id":"https:\/\/ssl.ma\/#website"},"primaryImageOfPage":{"@id":"https:\/\/ssl.ma\/en\/product\/sitelock-by-sectigo-certificat-ssl\/#primaryimage"},"image":{"@id":"https:\/\/ssl.ma\/en\/product\/sitelock-by-sectigo-certificat-ssl\/#primaryimage"},"thumbnailUrl":"https:\/\/ssl.ma\/wp-content\/uploads\/2024\/11\/sitelock-logo-1.svg","datePublished":"2024-12-03T14:43:43+00:00","dateModified":"2025-03-21T12:47:43+00:00","breadcrumb":{"@id":"https:\/\/ssl.ma\/en\/product\/sitelock-by-sectigo-certificat-ssl\/#breadcrumb"},"inLanguage":"en-US","potentialAction":[{"@type":"ReadAction","target":["https:\/\/ssl.ma\/en\/product\/sitelock-by-sectigo-certificat-ssl\/"]}]},{"@type":"ImageObject","inLanguage":"en-US","@id":"https:\/\/ssl.ma\/en\/product\/sitelock-by-sectigo-certificat-ssl\/#primaryimage","url":"https:\/\/ssl.ma\/wp-content\/uploads\/2024\/11\/sitelock-logo-1.svg","contentUrl":"https:\/\/ssl.ma\/wp-content\/uploads\/2024\/11\/sitelock-logo-1.svg","caption":"Certificat de S\u00e9curit\u00e9 maroc SiteLock"},{"@type":"BreadcrumbList","@id":"https:\/\/ssl.ma\/en\/product\/sitelock-by-sectigo-certificat-ssl\/#breadcrumb","itemListElement":[{"@type":"ListItem","position":1,"name":"Home","item":"https:\/\/ssl.ma\/en\/"},{"@type":"ListItem","position":2,"name":"SiteLock Pro"}]},{"@type":"WebSite","@id":"https:\/\/ssl.ma\/#website","url":"https:\/\/ssl.ma\/","name":"Certificat Ssl Maroc SECTIGO DIGICERT Maroc GEOTRUST Thawt","description":"Certificat SSL Maroc  SSL Wildcard pas cher Achat Certificat SSL Maroc Sectigo Wildcard SSL Free SSL","potentialAction":[{"@type":"SearchAction","target":{"@type":"EntryPoint","urlTemplate":"https:\/\/ssl.ma\/?s={search_term_string}"},"query-input":{"@type":"PropertyValueSpecification","valueRequired":true,"valueName":"search_term_string"}}],"inLanguage":"en-US"}]}},"_links":{"self":[{"href":"https:\/\/ssl.ma\/en\/wp-json\/wp\/v2\/product\/10212","targetHints":{"allow":["GET"]}}],"collection":[{"href":"https:\/\/ssl.ma\/en\/wp-json\/wp\/v2\/product"}],"about":[{"href":"https:\/\/ssl.ma\/en\/wp-json\/wp\/v2\/types\/product"}],"version-history":[{"count":7,"href":"https:\/\/ssl.ma\/en\/wp-json\/wp\/v2\/product\/10212\/revisions"}],"predecessor-version":[{"id":10582,"href":"https:\/\/ssl.ma\/en\/wp-json\/wp\/v2\/product\/10212\/revisions\/10582"}],"wp:featuredmedia":[{"embeddable":true,"href":"https:\/\/ssl.ma\/en\/wp-json\/wp\/v2\/media\/9811"}],"wp:attachment":[{"href":"https:\/\/ssl.ma\/en\/wp-json\/wp\/v2\/media?parent=10212"}],"wp:term":[{"taxonomy":"product_brand","embeddable":true,"href":"https:\/\/ssl.ma\/en\/wp-json\/wp\/v2\/product_brand?post=10212"},{"taxonomy":"product_cat","embeddable":true,"href":"https:\/\/ssl.ma\/en\/wp-json\/wp\/v2\/product_cat?post=10212"},{"taxonomy":"product_tag","embeddable":true,"href":"https:\/\/ssl.ma\/en\/wp-json\/wp\/v2\/product_tag?post=10212"}],"curies":[{"name":"wp","href":"https:\/\/api.w.org\/{rel}","templated":true}]}}