{"id":10170,"date":"2024-12-03T10:22:39","date_gmt":"2024-12-03T09:22:39","guid":{"rendered":"https:\/\/ssl.ma\/contact\/"},"modified":"2026-01-20T10:06:09","modified_gmt":"2026-01-20T09:06:09","slug":"contact-certificat-ssl-maroc","status":"publish","type":"page","link":"https:\/\/ssl.ma\/en\/contact-certificat-ssl-maroc\/","title":{"rendered":"Contact"},"content":{"rendered":"\t\t<div data-elementor-type=\"wp-page\" data-elementor-id=\"10170\" class=\"elementor elementor-10170 elementor-10154\" data-elementor-post-type=\"page\">\n\t\t\t\t<div class=\"elementor-element elementor-element-77c2465 e-flex e-con-boxed e-con e-parent\" data-id=\"77c2465\" data-element_type=\"container\" data-e-type=\"container\">\n\t\t\t\t\t<div class=\"e-con-inner\">\n\t\t\t\t<div class=\"elementor-element elementor-element-68e39f4 elementor-widget elementor-widget-text-editor\" data-id=\"68e39f4\" data-element_type=\"widget\" data-e-type=\"widget\" data-widget_type=\"text-editor.default\">\n\t\t\t\t<div class=\"elementor-widget-container\">\n\t\t\t\t\t\t\t\t\t<p><span style=\"color: #333333;\">Contactez <a style=\"color: #333333;\" href=\"https:\/\/ssl.ma\/pourquoi-ssl\/\">SSL.ma<\/a> pour s\u00e9curiser votre site avec un <strong>certificat SSL\/TLS au Maroc<\/strong>. Prot\u00e9gez vos donn\u00e9es et transactions avec nos <a style=\"color: #333333;\" href=\"https:\/\/heberdomaine.com\/cart\/ssl-dv-multi-domains-certificates\/\">solutions de s\u00e9curit\u00e9 web<\/a> DigiCert, Sectigo, GeoTrust et COMODO SSL les meilleurs fournisseurs des certificat SSL au Maroc. <br \/>\ud83d\udce9 Besoin d\u2019aide ? \u00c9crivez-nous !<\/span><\/p>\t\t\t\t\t\t\t\t<\/div>\n\t\t\t\t<\/div>\n\t\t\t\t\t<\/div>\n\t\t\t\t<\/div>\n\t\t<div class=\"elementor-element elementor-element-66c89f9 e-flex e-con-boxed e-con e-parent\" data-id=\"66c89f9\" data-element_type=\"container\" data-e-type=\"container\">\n\t\t\t\t\t<div class=\"e-con-inner\">\n\t\t<div class=\"elementor-element elementor-element-8756f0a e-con-full e-flex e-con e-child\" data-id=\"8756f0a\" data-element_type=\"container\" data-e-type=\"container\">\n\t\t<div class=\"elementor-element elementor-element-02d1454 e-grid e-con-full e-con e-child\" data-id=\"02d1454\" data-element_type=\"container\" data-e-type=\"container\">\n\t\t\t\t<div class=\"elementor-element elementor-element-bb74a49 elementor-widget elementor-widget-html\" data-id=\"bb74a49\" data-element_type=\"widget\" data-e-type=\"widget\" data-widget_type=\"html.default\">\n\t\t\t\t<div class=\"elementor-widget-container\">\n\t\t\t\t\t<style>\n    .contact-address {\n        max-width: 100%;\n        background: #ffffff;\n        padding: 30px;\n        border-radius: 10px;\n        box-shadow: 0 6px 18px rgba(0, 0, 0, 0.08);\n    }\n\n    .contact-address h3 {\n        margin-bottom: 25px;\n        font-size: 22px;\n        color: #111;\n    }\n\n    .address-item {\n        display: flex;\n        align-items: flex-start;\n        margin-bottom: 25px;\n    }\n\n    .location-icon {\n        width: 20px;\n        height: 20px;\n        margin-right: 14px;\n        margin-top: 6px;\n        flex-shrink: 0;\n        color: #973694;\n    }\n\n    .location-icon::before {\n        content: \"\ud83d\udccd\";\n        font-size: 20px;\n        line-height: 1;\n    }\n\n    .address-item strong {\n        display: block;\n        font-size: 16px;\n        margin-bottom: 6px;\n        color: #000;\n    }\n\n    .address-item p {\n        margin: 0;\n        line-height: 1.7;\n        color: #444;\n    }\n<\/style>\n\n<div class=\"contact-address\">\n    <h3>Nos adresses<\/h3>\n\n    <div class=\"address-item\">\n        <span class=\"location-icon\"><\/span>\n        <p>\n            <strong>Casablanca<\/strong>\n            Im. Yacout, Rond-point La Victoire<br>\n            Av. Lalla Yacout et Rahal Meskini<br>\n            Porte \u201cC\u201d \u2013 Bureau N\u00b0 24\n        <\/p>\n    <\/div>\n\n    <div class=\"address-item\">\n        <span class=\"location-icon\"><\/span>\n        <p>\n            <strong>Agadir<\/strong>\n            Technopole 2, BB304<br>\n            Agadir Bay Founty<br>\n            Maroc\n        <\/p>\n    <\/div>\n<\/div>\n\t\t\t\t<\/div>\n\t\t\t\t<\/div>\n\t\t\t\t<div class=\"elementor-element elementor-element-4f67eac elementor-widget elementor-widget-shortcode\" data-id=\"4f67eac\" data-element_type=\"widget\" data-e-type=\"widget\" data-widget_type=\"shortcode.default\">\n\t\t\t\t<div class=\"elementor-widget-container\">\n\t\t\t\t\t\t\t<div class=\"elementor-shortcode\">\n<div class=\"wpcf7 no-js\" id=\"wpcf7-f10383-o1\" lang=\"fr-FR\" dir=\"ltr\" data-wpcf7-id=\"10383\">\n<div class=\"screen-reader-response\"><p role=\"status\" aria-live=\"polite\" aria-atomic=\"true\"><\/p> <ul><\/ul><\/div>\n<form action=\"\/en\/wp-json\/wp\/v2\/pages\/10170#wpcf7-f10383-o1\" method=\"post\" class=\"wpcf7-form init\" aria-label=\"Formulaire de contact\" novalidate=\"novalidate\" data-status=\"init\">\n<fieldset class=\"hidden-fields-container\"><input type=\"hidden\" name=\"_wpcf7\" value=\"10383\" \/><input type=\"hidden\" name=\"_wpcf7_version\" value=\"6.1\" \/><input type=\"hidden\" name=\"_wpcf7_locale\" value=\"fr_FR\" \/><input type=\"hidden\" name=\"_wpcf7_unit_tag\" value=\"wpcf7-f10383-o1\" \/><input type=\"hidden\" name=\"_wpcf7_container_post\" value=\"0\" \/><input type=\"hidden\" name=\"_wpcf7_posted_data_hash\" value=\"\" \/><input type=\"hidden\" name=\"_wpcf7_recaptcha_response\" value=\"\" \/>\n<\/fieldset>\n<p><span class=\"wpcf7-form-control-wrap\" data-name=\"your-name\"><input size=\"40\" maxlength=\"400\" class=\"wpcf7-form-control wpcf7-text wpcf7-validates-as-required my-custom-input\" aria-required=\"true\" aria-invalid=\"false\" placeholder=\"Votre nom\" value=\"\" type=\"text\" name=\"your-name\" \/><\/span><br \/>\n<span class=\"wpcf7-form-control-wrap\" data-name=\"tel\"><input size=\"40\" maxlength=\"400\" class=\"wpcf7-form-control wpcf7-tel wpcf7-text wpcf7-validates-as-tel my-custom-input\" aria-invalid=\"false\" placeholder=\"Votre t\u00e9l\u00e9phone\" value=\"\" type=\"tel\" name=\"tel\" \/><\/span><br \/>\n<span class=\"wpcf7-form-control-wrap\" data-name=\"your-email\"><input size=\"40\" maxlength=\"400\" class=\"wpcf7-form-control wpcf7-email wpcf7-validates-as-required wpcf7-text wpcf7-validates-as-email my-custom-input\" aria-required=\"true\" aria-invalid=\"false\" placeholder=\"Votre email\" value=\"\" type=\"email\" name=\"your-email\" \/><\/span><br \/>\n<span class=\"wpcf7-form-control-wrap\" data-name=\"your-subject\"><input size=\"40\" maxlength=\"400\" class=\"wpcf7-form-control wpcf7-text wpcf7-validates-as-required my-custom-input\" aria-required=\"true\" aria-invalid=\"false\" placeholder=\"Sujet\" value=\"\" type=\"text\" name=\"your-subject\" \/><\/span><br \/>\n<span class=\"wpcf7-form-control-wrap\" data-name=\"your-message\"><textarea cols=\"40\" rows=\"10\" maxlength=\"2000\" class=\"wpcf7-form-control wpcf7-textarea wpcf7-validates-as-required my-custom-textarea\" aria-required=\"true\" aria-invalid=\"false\" placeholder=\"Votre message\" name=\"your-message\"><\/textarea><\/span><br \/>\n<input class=\"wpcf7-form-control wpcf7-submit has-spinner\" type=\"submit\" value=\"Envoyer\" \/>\n<\/p><div class=\"wpcf7-response-output\" aria-hidden=\"true\"><\/div>\n<\/form>\n<\/div>\n<\/div>\n\t\t\t\t\t\t<\/div>\n\t\t\t\t<\/div>\n\t\t\t\t<\/div>\n\t\t\t\t<\/div>\n\t\t\t\t\t<\/div>\n\t\t\t\t<\/div>\n\t\t\t\t<\/div>\n\t\t","protected":false},"excerpt":{"rendered":"<p>Contactez SSL.ma pour s\u00e9curiser votre site avec un certificat SSL\/TLS au Maroc. Prot\u00e9gez vos donn\u00e9es et transactions avec nos solutions de s\u00e9curit\u00e9 web DigiCert, Sectigo, GeoTrust et COMODO SSL les meilleurs fournisseurs des certificat SSL au Maroc. \ud83d\udce9 Besoin d\u2019aide ? \u00c9crivez-nous ! Nos adresses Casablanca Im. Yacout, Rond-point La Victoire Av. Lalla Yacout et Rahal Meskini Porte \u201cC\u201d \u2013 Bureau N\u00b0 24 Agadir Technopole 2, BB304 Agadir Bay Founty Maroc<\/p>\n","protected":false},"author":1,"featured_media":0,"parent":0,"menu_order":0,"comment_status":"closed","ping_status":"closed","template":"","meta":{"_acf_changed":false,"footnotes":""},"class_list":["post-10170","page","type-page","status-publish","hentry"],"acf":[],"yoast_head":"<!-- This site is optimized with the Yoast SEO plugin v27.3 - https:\/\/yoast.com\/product\/yoast-seo-wordpress\/ -->\n<title>Acheter certificat https SSL Maroc Digicert Comodo Geotrust<\/title>\n<meta name=\"description\" content=\"Achetez DigiCert SSL Maroc, Sectigo SSL, Geotrust SSL, COMODO SSL. S\u00e9curisez mon site avec HTTPS SSL Maroc, Certificat SSL au meilleur prix !\" \/>\n<meta name=\"robots\" content=\"index, follow, max-snippet:-1, max-image-preview:large, max-video-preview:-1\" \/>\n<link rel=\"canonical\" href=\"https:\/\/ssl.ma\/en\/contact-certificat-ssl-maroc\/\" \/>\n<meta property=\"og:locale\" content=\"en_US\" \/>\n<meta property=\"og:type\" content=\"article\" \/>\n<meta property=\"og:title\" content=\"Acheter certificat https SSL Maroc Digicert Comodo Geotrust\" \/>\n<meta property=\"og:description\" content=\"Achetez DigiCert SSL Maroc, Sectigo SSL, Geotrust SSL, COMODO SSL. S\u00e9curisez mon site avec HTTPS SSL Maroc, Certificat SSL au meilleur prix !\" \/>\n<meta property=\"og:url\" content=\"https:\/\/ssl.ma\/en\/contact-certificat-ssl-maroc\/\" \/>\n<meta property=\"og:site_name\" content=\"Certificat Ssl Maroc SECTIGO Maroc GEOTRUST Maroc DIGICERT Maroc\" \/>\n<meta property=\"article:publisher\" content=\"https:\/\/web.facebook.com\/HeberDomaine?_rdc=1&amp;_rdr\" \/>\n<meta property=\"article:modified_time\" content=\"2026-01-20T09:06:09+00:00\" \/>\n<meta name=\"twitter:card\" content=\"summary_large_image\" \/>\n<meta name=\"twitter:site\" content=\"@heberdomaine\" \/>\n<meta name=\"twitter:label1\" content=\"Est. reading time\" \/>\n\t<meta name=\"twitter:data1\" content=\"1 minute\" \/>\n<script type=\"application\/ld+json\" class=\"yoast-schema-graph\">{\"@context\":\"https:\\\/\\\/schema.org\",\"@graph\":[{\"@type\":\"WebPage\",\"@id\":\"https:\\\/\\\/ssl.ma\\\/en\\\/contact-certificat-ssl-maroc\\\/\",\"url\":\"https:\\\/\\\/ssl.ma\\\/en\\\/contact-certificat-ssl-maroc\\\/\",\"name\":\"Acheter certificat https SSL Maroc Digicert Comodo Geotrust\",\"isPartOf\":{\"@id\":\"https:\\\/\\\/ssl.ma\\\/#website\"},\"datePublished\":\"2024-12-03T09:22:39+00:00\",\"dateModified\":\"2026-01-20T09:06:09+00:00\",\"description\":\"Achetez DigiCert SSL Maroc, Sectigo SSL, Geotrust SSL, COMODO SSL. S\u00e9curisez mon site avec HTTPS SSL Maroc, Certificat SSL au meilleur prix !\",\"breadcrumb\":{\"@id\":\"https:\\\/\\\/ssl.ma\\\/en\\\/contact-certificat-ssl-maroc\\\/#breadcrumb\"},\"inLanguage\":\"en-US\",\"potentialAction\":[{\"@type\":\"ReadAction\",\"target\":[\"https:\\\/\\\/ssl.ma\\\/en\\\/contact-certificat-ssl-maroc\\\/\"]}]},{\"@type\":\"BreadcrumbList\",\"@id\":\"https:\\\/\\\/ssl.ma\\\/en\\\/contact-certificat-ssl-maroc\\\/#breadcrumb\",\"itemListElement\":[{\"@type\":\"ListItem\",\"position\":1,\"name\":\"Home\",\"item\":\"https:\\\/\\\/ssl.ma\\\/en\\\/\"},{\"@type\":\"ListItem\",\"position\":2,\"name\":\"Contact\"}]},{\"@type\":\"WebSite\",\"@id\":\"https:\\\/\\\/ssl.ma\\\/#website\",\"url\":\"https:\\\/\\\/ssl.ma\\\/\",\"name\":\"Certificat Ssl Maroc SECTIGO DIGICERT Maroc GEOTRUST Thawt\",\"description\":\"Certificat SSL Maroc  SSL Wildcard pas cher Achat Certificat SSL Maroc Sectigo Wildcard SSL Free SSL\",\"potentialAction\":[{\"@type\":\"SearchAction\",\"target\":{\"@type\":\"EntryPoint\",\"urlTemplate\":\"https:\\\/\\\/ssl.ma\\\/?s={search_term_string}\"},\"query-input\":{\"@type\":\"PropertyValueSpecification\",\"valueRequired\":true,\"valueName\":\"search_term_string\"}}],\"inLanguage\":\"en-US\"}]}<\/script>\n<!-- \/ Yoast SEO plugin. -->","yoast_head_json":{"title":"Acheter certificat https SSL Maroc Digicert Comodo Geotrust","description":"Achetez DigiCert SSL Maroc, Sectigo SSL, Geotrust SSL, COMODO SSL. S\u00e9curisez mon site avec HTTPS SSL Maroc, Certificat SSL au meilleur prix !","robots":{"index":"index","follow":"follow","max-snippet":"max-snippet:-1","max-image-preview":"max-image-preview:large","max-video-preview":"max-video-preview:-1"},"canonical":"https:\/\/ssl.ma\/en\/contact-certificat-ssl-maroc\/","og_locale":"en_US","og_type":"article","og_title":"Acheter certificat https SSL Maroc Digicert Comodo Geotrust","og_description":"Achetez DigiCert SSL Maroc, Sectigo SSL, Geotrust SSL, COMODO SSL. S\u00e9curisez mon site avec HTTPS SSL Maroc, Certificat SSL au meilleur prix !","og_url":"https:\/\/ssl.ma\/en\/contact-certificat-ssl-maroc\/","og_site_name":"Certificat Ssl Maroc SECTIGO Maroc GEOTRUST Maroc DIGICERT Maroc","article_publisher":"https:\/\/web.facebook.com\/HeberDomaine?_rdc=1&_rdr","article_modified_time":"2026-01-20T09:06:09+00:00","twitter_card":"summary_large_image","twitter_site":"@heberdomaine","twitter_misc":{"Est. reading time":"1 minute"},"schema":{"@context":"https:\/\/schema.org","@graph":[{"@type":"WebPage","@id":"https:\/\/ssl.ma\/en\/contact-certificat-ssl-maroc\/","url":"https:\/\/ssl.ma\/en\/contact-certificat-ssl-maroc\/","name":"Acheter certificat https SSL Maroc Digicert Comodo Geotrust","isPartOf":{"@id":"https:\/\/ssl.ma\/#website"},"datePublished":"2024-12-03T09:22:39+00:00","dateModified":"2026-01-20T09:06:09+00:00","description":"Achetez DigiCert SSL Maroc, Sectigo SSL, Geotrust SSL, COMODO SSL. S\u00e9curisez mon site avec HTTPS SSL Maroc, Certificat SSL au meilleur prix !","breadcrumb":{"@id":"https:\/\/ssl.ma\/en\/contact-certificat-ssl-maroc\/#breadcrumb"},"inLanguage":"en-US","potentialAction":[{"@type":"ReadAction","target":["https:\/\/ssl.ma\/en\/contact-certificat-ssl-maroc\/"]}]},{"@type":"BreadcrumbList","@id":"https:\/\/ssl.ma\/en\/contact-certificat-ssl-maroc\/#breadcrumb","itemListElement":[{"@type":"ListItem","position":1,"name":"Home","item":"https:\/\/ssl.ma\/en\/"},{"@type":"ListItem","position":2,"name":"Contact"}]},{"@type":"WebSite","@id":"https:\/\/ssl.ma\/#website","url":"https:\/\/ssl.ma\/","name":"Certificat Ssl Maroc SECTIGO DIGICERT Maroc GEOTRUST Thawt","description":"Certificat SSL Maroc  SSL Wildcard pas cher Achat Certificat SSL Maroc Sectigo Wildcard SSL Free SSL","potentialAction":[{"@type":"SearchAction","target":{"@type":"EntryPoint","urlTemplate":"https:\/\/ssl.ma\/?s={search_term_string}"},"query-input":{"@type":"PropertyValueSpecification","valueRequired":true,"valueName":"search_term_string"}}],"inLanguage":"en-US"}]}},"_links":{"self":[{"href":"https:\/\/ssl.ma\/en\/wp-json\/wp\/v2\/pages\/10170","targetHints":{"allow":["GET"]}}],"collection":[{"href":"https:\/\/ssl.ma\/en\/wp-json\/wp\/v2\/pages"}],"about":[{"href":"https:\/\/ssl.ma\/en\/wp-json\/wp\/v2\/types\/page"}],"author":[{"embeddable":true,"href":"https:\/\/ssl.ma\/en\/wp-json\/wp\/v2\/users\/1"}],"replies":[{"embeddable":true,"href":"https:\/\/ssl.ma\/en\/wp-json\/wp\/v2\/comments?post=10170"}],"version-history":[{"count":37,"href":"https:\/\/ssl.ma\/en\/wp-json\/wp\/v2\/pages\/10170\/revisions"}],"predecessor-version":[{"id":10687,"href":"https:\/\/ssl.ma\/en\/wp-json\/wp\/v2\/pages\/10170\/revisions\/10687"}],"wp:attachment":[{"href":"https:\/\/ssl.ma\/en\/wp-json\/wp\/v2\/media?parent=10170"}],"curies":[{"name":"wp","href":"https:\/\/api.w.org\/{rel}","templated":true}]}}